{"id":4672,"date":"2019-04-19T02:49:24","date_gmt":"2019-04-19T02:49:24","guid":{"rendered":"https:\/\/www.stvvalves.com\/?post_type=product&#038;p=4672"},"modified":"2025-02-17T18:28:56","modified_gmt":"2025-02-17T10:28:56","slug":"hexagon-cap-bspp-stainless-steel-316","status":"publish","type":"product","link":"https:\/\/www.stvvalves.com\/pt\/products\/hexagon-cap-bspp-stainless-steel-316\/","title":{"rendered":"Tampa hexagonal BSPP em a\u00e7o inoxid\u00e1vel 316"},"content":{"rendered":"<p>Tampa hexagonal BSPP em a\u00e7o inoxid\u00e1vel 316<\/p>\n<table width=\"457\">\n<tbody>\n<tr>\n<td style=\"font-weight: 400;\" width=\"194\">Padr\u00f5es de produto<\/td>\n<td style=\"font-weight: 400;\" width=\"263\">ISO4144\u3001EN10241\u3001SP114\u3001JIS<\/td>\n<\/tr>\n<tr>\n<td style=\"font-weight: 400;\" width=\"194\">Processo de produ\u00e7\u00e3o<\/td>\n<td style=\"font-weight: 400;\" width=\"263\">Fundi\u00e7\u00e3o de precis\u00e3o em a\u00e7o inoxid\u00e1vel<\/td>\n<\/tr>\n<tr>\n<td style=\"font-weight: 400;\" width=\"194\">Padr\u00f5es de processo<\/td>\n<td style=\"font-weight: 400;\" width=\"263\">ASTM A351<\/td>\n<\/tr>\n<tr>\n<td style=\"font-weight: 400;\" width=\"194\">Tecnologia de processamento<\/td>\n<td style=\"font-weight: 400;\" width=\"263\">Torno CNC<\/td>\n<\/tr>\n<tr>\n<td style=\"font-weight: 400;\" rowspan=\"2\" width=\"194\">M\u00e9dio<\/td>\n<td style=\"font-weight: 400;\" width=\"263\">Ar, vapor, querosene, \u00e1gua,<\/td>\n<\/tr>\n<tr>\n<td style=\"font-weight: 400;\" width=\"263\">\u00f3leo e outros fluidos<\/td>\n<\/tr>\n<tr>\n<td style=\"font-weight: 400;\" width=\"194\">mat\u00e9ria<\/td>\n<td style=\"font-weight: 400;\" width=\"263\">304.304L,316.316L<\/td>\n<\/tr>\n<tr>\n<td style=\"font-weight: 400;\" width=\"194\">Especifica\u00e7\u00f5es<\/td>\n<td style=\"font-weight: 400;\" width=\"263\">1\/8\u2033-4\u2033<\/td>\n<\/tr>\n<tr>\n<td style=\"font-weight: 400;\" rowspan=\"2\" width=\"194\">Padr\u00e3o de rosca<\/td>\n<td style=\"font-weight: 400;\" width=\"263\">ISO7\/1(BSP\/DIN2999)<\/td>\n<\/tr>\n<tr>\n<td style=\"font-weight: 400;\" width=\"263\">TNP(B1.20.1)<\/td>\n<\/tr>\n<tr>\n<td style=\"font-weight: 400;\" width=\"194\">press\u00e3o no trabalho<\/td>\n<td style=\"font-weight: 400;\" width=\"263\">150 libras<\/td>\n<\/tr>\n<tr>\n<td style=\"font-weight: 400;\" width=\"194\">Temperatura de trabalho<\/td>\n<td style=\"font-weight: 400;\" width=\"263\">\ufe6320\u2103\ufe62220\u2103<\/td>\n<\/tr>\n<tr>\n<td style=\"font-weight: 400;\" width=\"194\">Inspe\u00e7\u00e3o padr\u00e3o<\/td>\n<td style=\"font-weight: 400;\" width=\"263\">ISO7-2\u3001ISO4990\u3001ISO4991<\/td>\n<\/tr>\n<tr>\n<td style=\"font-weight: 400;\" width=\"194\">M\u00e9todo de embalagem<\/td>\n<td style=\"font-weight: 400;\" width=\"263\">Saco pl\u00e1stico \uff06 caixa \uff06 contraplacado tra<\/td>\n<\/tr>\n<\/tbody>\n<\/table>\n<div id=\"attachment_4678\" style=\"width: 1559px\" class=\"wp-caption alignleft\"><img loading=\"lazy\" decoding=\"async\" aria-describedby=\"caption-attachment-4678\" class=\"size-full wp-image-4678\" src=\"https:\/\/www.stvvalves.com\/wp-content\/uploads\/2019\/04\/hexagon-plug-bspt-stainless-steel-316-catalog-1.jpg\" alt=\"\" width=\"1549\" height=\"346\" srcset=\"https:\/\/www.stvvalves.com\/wp-content\/uploads\/2019\/04\/hexagon-plug-bspt-stainless-steel-316-catalog-1.jpg 1549w, https:\/\/www.stvvalves.com\/wp-content\/uploads\/2019\/04\/hexagon-plug-bspt-stainless-steel-316-catalog-1-600x134.jpg 600w, https:\/\/www.stvvalves.com\/wp-content\/uploads\/2019\/04\/hexagon-plug-bspt-stainless-steel-316-catalog-1-300x67.jpg 300w, https:\/\/www.stvvalves.com\/wp-content\/uploads\/2019\/04\/hexagon-plug-bspt-stainless-steel-316-catalog-1-768x172.jpg 768w, https:\/\/www.stvvalves.com\/wp-content\/uploads\/2019\/04\/hexagon-plug-bspt-stainless-steel-316-catalog-1-1030x230.jpg 1030w, https:\/\/www.stvvalves.com\/wp-content\/uploads\/2019\/04\/hexagon-plug-bspt-stainless-steel-316-catalog-1-1500x335.jpg 1500w, https:\/\/www.stvvalves.com\/wp-content\/uploads\/2019\/04\/hexagon-plug-bspt-stainless-steel-316-catalog-1-705x157.jpg 705w\" sizes=\"auto, (max-width: 1549px) 100vw, 1549px\" \/><p id=\"caption-attachment-4678\" class=\"wp-caption-text\">tampa hexagonal de a\u00e7o inoxid\u00e1vel, tampa hexagonal f\u00eamea, tampa hexagonal bspt, acess\u00f3rios roscados 150LB Fabricante<\/p><\/div>","protected":false},"excerpt":{"rendered":"<p>Fabricado de acordo com ISO 4144.<br \/>\nPress\u00e3o m\u00e1xima de trabalho 300psi (20 bar).<br \/>\nNPT rosqueado para ANSI B2.1.<br \/>\nAplica\u00e7\u00f5es adequadas: \u00c1gua quente e fria, \u00f3leo, g\u00e1s e outros meios<\/p>\n<p>STV Valve Technology Group Co., Ltd \u00e9 um l\u00edder profissional China tampa hexagonal de a\u00e7o inoxid\u00e1vel, tampa hexagonal f\u00eamea, tampa hexagonal bspt, fabricante de acess\u00f3rios roscados 150LB com alta qualidade e pre\u00e7o competitivo.<\/p>","protected":false},"featured_media":4680,"template":"","meta":[],"product_brand":[],"product_cat":[968,966],"product_tag":[758,759,757],"class_list":{"0":"post-4672","1":"product","2":"type-product","3":"status-publish","4":"has-post-thumbnail","6":"product_cat-150lb-threaded-pipe-fitting","7":"product_cat-pipe-fitting","8":"product_tag-316-hexagon-cap","9":"product_tag-npt-hexagon-cap","10":"product_tag-stainless-steel-hexagon-cap","12":"first","13":"instock","14":"shipping-taxable","15":"product-type-simple"},"_links":{"self":[{"href":"https:\/\/www.stvvalves.com\/pt\/wp-json\/wp\/v2\/product\/4672","targetHints":{"allow":["GET"]}}],"collection":[{"href":"https:\/\/www.stvvalves.com\/pt\/wp-json\/wp\/v2\/product"}],"about":[{"href":"https:\/\/www.stvvalves.com\/pt\/wp-json\/wp\/v2\/types\/product"}],"wp:featuredmedia":[{"embeddable":true,"href":"https:\/\/www.stvvalves.com\/pt\/wp-json\/wp\/v2\/media\/4680"}],"wp:attachment":[{"href":"https:\/\/www.stvvalves.com\/pt\/wp-json\/wp\/v2\/media?parent=4672"}],"wp:term":[{"taxonomy":"product_brand","embeddable":true,"href":"https:\/\/www.stvvalves.com\/pt\/wp-json\/wp\/v2\/product_brand?post=4672"},{"taxonomy":"product_cat","embeddable":true,"href":"https:\/\/www.stvvalves.com\/pt\/wp-json\/wp\/v2\/product_cat?post=4672"},{"taxonomy":"product_tag","embeddable":true,"href":"https:\/\/www.stvvalves.com\/pt\/wp-json\/wp\/v2\/product_tag?post=4672"}],"curies":[{"name":"wp","href":"https:\/\/api.w.org\/{rel}","templated":true}]}}