{"id":4694,"date":"2019-04-19T05:06:50","date_gmt":"2019-04-19T05:06:50","guid":{"rendered":"https:\/\/www.stvvalves.com\/?post_type=product&#038;p=4694"},"modified":"2025-02-17T18:28:54","modified_gmt":"2025-02-17T10:28:54","slug":"hexagon-nipple-npt-stainless-steel","status":"publish","type":"product","link":"https:\/\/www.stvvalves.com\/pt\/products\/hexagon-nipple-npt-stainless-steel\/","title":{"rendered":"BICO HEX\u00c1GONO NPT A\u00c7O INOXID\u00c1VEL"},"content":{"rendered":"<p>BICO HEX\u00c1GONO NPT A\u00c7O INOXID\u00c1VEL<\/p>\n<table width=\"457\">\n<tbody>\n<tr>\n<td style=\"font-weight: 400;\" width=\"194\">Padr\u00f5es de produto<\/td>\n<td style=\"font-weight: 400;\" width=\"263\">ISO4144\u3001EN10241\u3001SP114\u3001JIS<\/td>\n<\/tr>\n<tr>\n<td style=\"font-weight: 400;\" width=\"194\">Processo de produ\u00e7\u00e3o<\/td>\n<td style=\"font-weight: 400;\" width=\"263\">Fundi\u00e7\u00e3o de precis\u00e3o em a\u00e7o inoxid\u00e1vel<\/td>\n<\/tr>\n<tr>\n<td style=\"font-weight: 400;\" width=\"194\">Padr\u00f5es de processo<\/td>\n<td style=\"font-weight: 400;\" width=\"263\">ASTM A351<\/td>\n<\/tr>\n<tr>\n<td style=\"font-weight: 400;\" width=\"194\">Tecnologia de processamento<\/td>\n<td style=\"font-weight: 400;\" width=\"263\">Torno CNC<\/td>\n<\/tr>\n<tr>\n<td style=\"font-weight: 400;\" rowspan=\"2\" width=\"194\">M\u00e9dio<\/td>\n<td style=\"font-weight: 400;\" width=\"263\">Ar, vapor, querosene, \u00e1gua,<\/td>\n<\/tr>\n<tr>\n<td style=\"font-weight: 400;\" width=\"263\">\u00f3leo e outros fluidos<\/td>\n<\/tr>\n<tr>\n<td style=\"font-weight: 400;\" width=\"194\">mat\u00e9ria<\/td>\n<td style=\"font-weight: 400;\" width=\"263\">304.304L,316.316L<\/td>\n<\/tr>\n<tr>\n<td style=\"font-weight: 400;\" width=\"194\">Especifica\u00e7\u00f5es<\/td>\n<td style=\"font-weight: 400;\" width=\"263\">1\/8\u2033-4\u2033<\/td>\n<\/tr>\n<tr>\n<td style=\"font-weight: 400;\" rowspan=\"2\" width=\"194\">Padr\u00e3o de rosca<\/td>\n<td style=\"font-weight: 400;\" width=\"263\">ISO7\/1(BSP\/DIN2999)<\/td>\n<\/tr>\n<tr>\n<td style=\"font-weight: 400;\" width=\"263\">TNP(B1.20.1)<\/td>\n<\/tr>\n<tr>\n<td style=\"font-weight: 400;\" width=\"194\">press\u00e3o no trabalho<\/td>\n<td style=\"font-weight: 400;\" width=\"263\">150 libras<\/td>\n<\/tr>\n<tr>\n<td style=\"font-weight: 400;\" width=\"194\">Temperatura de trabalho<\/td>\n<td style=\"font-weight: 400;\" width=\"263\">\ufe6320\u2103\ufe62220\u2103<\/td>\n<\/tr>\n<tr>\n<td style=\"font-weight: 400;\" width=\"194\">Inspe\u00e7\u00e3o padr\u00e3o<\/td>\n<td style=\"font-weight: 400;\" width=\"263\">ISO7-2\u3001ISO4990\u3001ISO4991<\/td>\n<\/tr>\n<tr>\n<td style=\"font-weight: 400;\" width=\"194\">M\u00e9todo de embalagem<\/td>\n<td style=\"font-weight: 400;\" width=\"263\">Saco pl\u00e1stico \uff06 caixa \uff06 contraplacado tra<\/td>\n<\/tr>\n<\/tbody>\n<\/table>\n<div id=\"attachment_4696\" style=\"width: 981px\" class=\"wp-caption alignleft\"><img loading=\"lazy\" decoding=\"async\" aria-describedby=\"caption-attachment-4696\" class=\"size-full wp-image-4696\" src=\"https:\/\/www.stvvalves.com\/wp-content\/uploads\/2019\/04\/hexagon-nipple-npt-stainless-steel-catalog.jpg\" alt=\"\" width=\"971\" height=\"212\" srcset=\"https:\/\/www.stvvalves.com\/wp-content\/uploads\/2019\/04\/hexagon-nipple-npt-stainless-steel-catalog.jpg 971w, https:\/\/www.stvvalves.com\/wp-content\/uploads\/2019\/04\/hexagon-nipple-npt-stainless-steel-catalog-600x131.jpg 600w, https:\/\/www.stvvalves.com\/wp-content\/uploads\/2019\/04\/hexagon-nipple-npt-stainless-steel-catalog-300x65.jpg 300w, https:\/\/www.stvvalves.com\/wp-content\/uploads\/2019\/04\/hexagon-nipple-npt-stainless-steel-catalog-768x168.jpg 768w, https:\/\/www.stvvalves.com\/wp-content\/uploads\/2019\/04\/hexagon-nipple-npt-stainless-steel-catalog-705x154.jpg 705w\" sizes=\"auto, (max-width: 971px) 100vw, 971px\" \/><p id=\"caption-attachment-4696\" class=\"wp-caption-text\">China HEXAGON NIPPLE NPT, bico hexagonal de a\u00e7o inoxid\u00e1vel, bico hexagonal 316 Fabricante<\/p><\/div>","protected":false},"excerpt":{"rendered":"<p>Fabricado de acordo com ISO 4144.<br \/>\nPress\u00e3o m\u00e1xima de trabalho 300psi (20 bar).<br \/>\nNPT rosqueado para ANSI B2.1.<br \/>\nAplica\u00e7\u00f5es adequadas: \u00c1gua quente e fria, \u00f3leo, g\u00e1s e outros meios<\/p>\n<p>STV Valve Technology Group Co., Ltd \u00e9 um l\u00edder profissional China HEXAGON NIPPLE NPT, bico hexagonal de a\u00e7o inoxid\u00e1vel, fabricante de bico hexagonal 316 com alta qualidade e pre\u00e7o competitivo.<\/p>","protected":false},"featured_media":4695,"template":"","meta":[],"product_brand":[],"product_cat":[968,966],"product_tag":[764,765],"class_list":{"0":"post-4694","1":"product","2":"type-product","3":"status-publish","4":"has-post-thumbnail","6":"product_cat-150lb-threaded-pipe-fitting","7":"product_cat-pipe-fitting","8":"product_tag-hexagon-nipple-npt","9":"product_tag-stainless-steel-hexgon-nipple","11":"first","12":"instock","13":"shipping-taxable","14":"product-type-simple"},"_links":{"self":[{"href":"https:\/\/www.stvvalves.com\/pt\/wp-json\/wp\/v2\/product\/4694","targetHints":{"allow":["GET"]}}],"collection":[{"href":"https:\/\/www.stvvalves.com\/pt\/wp-json\/wp\/v2\/product"}],"about":[{"href":"https:\/\/www.stvvalves.com\/pt\/wp-json\/wp\/v2\/types\/product"}],"wp:featuredmedia":[{"embeddable":true,"href":"https:\/\/www.stvvalves.com\/pt\/wp-json\/wp\/v2\/media\/4695"}],"wp:attachment":[{"href":"https:\/\/www.stvvalves.com\/pt\/wp-json\/wp\/v2\/media?parent=4694"}],"wp:term":[{"taxonomy":"product_brand","embeddable":true,"href":"https:\/\/www.stvvalves.com\/pt\/wp-json\/wp\/v2\/product_brand?post=4694"},{"taxonomy":"product_cat","embeddable":true,"href":"https:\/\/www.stvvalves.com\/pt\/wp-json\/wp\/v2\/product_cat?post=4694"},{"taxonomy":"product_tag","embeddable":true,"href":"https:\/\/www.stvvalves.com\/pt\/wp-json\/wp\/v2\/product_tag?post=4694"}],"curies":[{"name":"wp","href":"https:\/\/api.w.org\/{rel}","templated":true}]}}