{"id":4733,"date":"2019-04-22T02:14:41","date_gmt":"2019-04-22T02:14:41","guid":{"rendered":"https:\/\/www.stvvalves.com\/?post_type=product&#038;p=4733"},"modified":"2025-02-17T18:26:43","modified_gmt":"2025-02-17T10:26:43","slug":"hexagon-plug-npt-3000lb-stainless-steel-316","status":"publish","type":"product","link":"https:\/\/www.stvvalves.com\/pt\/products\/hexagon-plug-npt-3000lb-stainless-steel-316\/","title":{"rendered":"Plugue hexagonal NPT 3000LB A\u00e7o inoxid\u00e1vel 316"},"content":{"rendered":"<p>Plugue hexagonal NPT 3000LB A\u00e7o inoxid\u00e1vel 316<\/p>\n<p>\u3010Tamanho\u3011:1\/8\u2033-4\u2033<br \/>\n\u3010Classifica\u00e7\u00e3o da Classe\u3011\uff1a<br \/>\nAcess\u00f3rios de rosca-2000\/3000\/6000\/9000LB<br \/>\nAcess\u00f3rios de soldagem de soquete-3000\/6000\/9000LB<br \/>\nAcess\u00f3rios para soldagem de topo-SCH40\/SCH80\/SCH160\/XXS<br \/>\n\u3010Padr\u00e3o\u3011:ASME B16.11\u3001GB\/T 7306\u300112716\u300114383\u3001MSS SP-79, 83, 95, 97 JIS B0203\u3001B2316.<br \/>\n\u3010Material\u3011:<br \/>\nA.A\u00e7o inoxid\u00e1vel: F304,F316L,F310S,F317L,F321,F347<br \/>\nB.A\u00e7o carbono:A105,A106,A53,A234 WPB<br \/>\nC.Liga de a\u00e7o: LF2,F5,F9,F11,F22<br \/>\nD.A\u00e7o Duplex: F44,F51,F53,F55,F60<br \/>\nE. A\u00e7o Especial: 904L,N04400,N08810,N08020,N08825,N06625,N06600<\/p>","protected":false},"excerpt":{"rendered":"<div class=\"woocommerce-product-details__short-description\">\n<div class=\"woocommerce-product-details__short-description\">\n<p>Classifica\u00e7\u00e3o de press\u00e3o de 3000LB<br \/>\nASTM A182 316\/L A\u00e7o Inoxid\u00e1vel<br \/>\nBSPT rosqueado para ISO 7-1<br \/>\nDimens\u00f5es conforme ANSI B16.11\/BS3799<\/p>\n<p>STV Valve Technology Group Co., Ltd \u00e9 um l\u00edder profissional China Plugue hexagonal 3000LB, Plugue hexagonal de alta press\u00e3o, Plugue hexagonal NPT, Fabricante de plugue hexagonal de a\u00e7o inoxid\u00e1vel com alta qualidade e pre\u00e7o competitivo.<\/p>\n<\/div>\n<form class=\"cart\" action=\"https:\/\/www.stvvalves.com\/pt\/product\/hexagon-nipple-npt-stainless-steel\/\" enctype=\"multipart\/form-data\" method=\"post\" data-trp-original-action=\"https:\/\/www.stvvalves.com\/product\/hexagon-nipple-npt-stainless-steel\/\">\n<div class=\"quantity\"><\/div>\n<input type=\"hidden\" name=\"trp-form-language\" value=\"pt\"\/><\/form>\n<\/div>","protected":false},"featured_media":4734,"template":"","meta":[],"product_brand":[],"product_cat":[967,966],"product_tag":[793,794,795,755],"class_list":{"0":"post-4733","1":"product","2":"type-product","3":"status-publish","4":"has-post-thumbnail","6":"product_cat-high-pressure-3000lb6000lb-pipe-fitting","7":"product_cat-pipe-fitting","8":"product_tag-3000lb-hexagon-plug","9":"product_tag-high-pressure-hexagon-plug","10":"product_tag-npt-hexagon-plug","11":"product_tag-stainless-steel-hexagon-plug","13":"first","14":"instock","15":"shipping-taxable","16":"product-type-simple"},"_links":{"self":[{"href":"https:\/\/www.stvvalves.com\/pt\/wp-json\/wp\/v2\/product\/4733","targetHints":{"allow":["GET"]}}],"collection":[{"href":"https:\/\/www.stvvalves.com\/pt\/wp-json\/wp\/v2\/product"}],"about":[{"href":"https:\/\/www.stvvalves.com\/pt\/wp-json\/wp\/v2\/types\/product"}],"wp:featuredmedia":[{"embeddable":true,"href":"https:\/\/www.stvvalves.com\/pt\/wp-json\/wp\/v2\/media\/4734"}],"wp:attachment":[{"href":"https:\/\/www.stvvalves.com\/pt\/wp-json\/wp\/v2\/media?parent=4733"}],"wp:term":[{"taxonomy":"product_brand","embeddable":true,"href":"https:\/\/www.stvvalves.com\/pt\/wp-json\/wp\/v2\/product_brand?post=4733"},{"taxonomy":"product_cat","embeddable":true,"href":"https:\/\/www.stvvalves.com\/pt\/wp-json\/wp\/v2\/product_cat?post=4733"},{"taxonomy":"product_tag","embeddable":true,"href":"https:\/\/www.stvvalves.com\/pt\/wp-json\/wp\/v2\/product_tag?post=4733"}],"curies":[{"name":"wp","href":"https:\/\/api.w.org\/{rel}","templated":true}]}}