{"id":4763,"date":"2019-04-22T07:23:22","date_gmt":"2019-04-22T07:23:22","guid":{"rendered":"https:\/\/www.stvvalves.com\/?post_type=product&#038;p=4763"},"modified":"2025-02-17T18:30:50","modified_gmt":"2025-02-17T10:30:50","slug":"stainless-steel-sanitary-welded-end-y-type-tee","status":"publish","type":"product","link":"https:\/\/www.stvvalves.com\/pt\/products\/stainless-steel-sanitary-welded-end-y-type-tee\/","title":{"rendered":"T tipo Y com extremidade soldada sanit\u00e1ria de a\u00e7o inoxid\u00e1vel"},"content":{"rendered":"<p>T tipo Y com extremidade soldada sanit\u00e1ria de a\u00e7o inoxid\u00e1vel<\/p>\n<p>Extremidade da conex\u00e3o: soldada, fixada, rosqueada, tipo uni\u00e3o,<br \/>\nPadr\u00e3o: DIN, SMS, ISO, 3A, BPE, IDF, AS, BS<br \/>\nTamanho: DN10-300, 1\/2\u201d-6\u201d<br \/>\nMaterial: SS304,SS304L,SS316,SS316L<br \/>\nFeito de tubo soldado ou tubo sem costura conforme a necessidade<br \/>\nAcabamento de superf\u00edcie: Espelho, tipo mate conforme a necessidade<br \/>\nDentro de Ra 0,4, Fora do lado Ra 0,8<br \/>\nRedondeza e igualdade de espessura para atender aos padr\u00f5es internacionais de qualidade alimentar<br \/>\nAplica\u00e7\u00e3o: Ind\u00fastrias de alimentos, bebidas, latic\u00ednios, farm\u00e1cia, qu\u00edmica ou qualquer ind\u00fastria de processamento de alimentos<\/p>\n<div id=\"attachment_4764\" style=\"width: 861px\" class=\"wp-caption alignleft\"><img loading=\"lazy\" decoding=\"async\" aria-describedby=\"caption-attachment-4764\" class=\"size-full wp-image-4764\" src=\"https:\/\/www.stvvalves.com\/wp-content\/uploads\/2019\/04\/stainless-steel-sanitary-welded-end-y-type-tee-catalog.jpg\" alt=\"\" width=\"851\" height=\"257\" srcset=\"https:\/\/www.stvvalves.com\/wp-content\/uploads\/2019\/04\/stainless-steel-sanitary-welded-end-y-type-tee-catalog.jpg 851w, https:\/\/www.stvvalves.com\/wp-content\/uploads\/2019\/04\/stainless-steel-sanitary-welded-end-y-type-tee-catalog-600x181.jpg 600w, https:\/\/www.stvvalves.com\/wp-content\/uploads\/2019\/04\/stainless-steel-sanitary-welded-end-y-type-tee-catalog-300x91.jpg 300w, https:\/\/www.stvvalves.com\/wp-content\/uploads\/2019\/04\/stainless-steel-sanitary-welded-end-y-type-tee-catalog-768x232.jpg 768w, https:\/\/www.stvvalves.com\/wp-content\/uploads\/2019\/04\/stainless-steel-sanitary-welded-end-y-type-tee-catalog-705x213.jpg 705w\" sizes=\"auto, (max-width: 851px) 100vw, 851px\" \/><p id=\"caption-attachment-4764\" class=\"wp-caption-text\">T\u00ea de extremidade soldada de a\u00e7o inoxid\u00e1vel da China, T de extremidade soldada sanit\u00e1ria, T de a\u00e7o inoxid\u00e1vel tipo Y, T tipo Y, Tee de a\u00e7o inoxid\u00e1vel sanit\u00e1rio Fabricante<\/p><\/div>","protected":false},"excerpt":{"rendered":"<div class=\"woocommerce-product-details__short-description\">\n<div class=\"woocommerce-product-details__short-description\">\n<p><!--StartFragment --><\/p>\n<div>T\u00eas de solda sanit\u00e1ria de a\u00e7o inoxid\u00e1vel s\u00e3o usados em instala\u00e7\u00f5es permanentes onde a tubula\u00e7\u00e3o e o equipamento do processo podem ser limpos no local (CIP) e a remo\u00e7\u00e3o do sistema n\u00e3o \u00e9 necess\u00e1ria. Shaw<br \/>\nTipos: Adaptadores \u2013 Tampas \u2013 Cruzes \u2013 Cotovelos \u2013 Laterais \u2013 Redutores \u2013 Extremidades de topo \u2013 Tees \u2013 True Wyes \u2013 Curvas em U<br \/>\n\u00c9 aplicado ao sistema de tubula\u00e7\u00e3o de a\u00e7o inoxid\u00e1vel, que \u00e9 usado para leite, alimentos, sucos, cerveja, framcy, etc.<br \/>\nOs acess\u00f3rios do tanque s\u00e3o f\u00e1ceis de instalar.<br \/>\nSoldagem e montagem sem problemas e maior resist\u00eancia poss\u00edvel.<br \/>\nRequisitos de Soldagem:consciente das demandas cada vez maiores por qualidade de soldagem. De acordo com essas demandas, todas as nossas soldas e acess\u00f3rios atendem aos mais altos padr\u00f5es. Os redutores possuem extremidades de soldagem cil\u00edndricas e est\u00e3o dispon\u00edveis para todas as combina\u00e7\u00f5es de tubos, garantindo o di\u00e2metro e espessura de parede corretos para o seu processo.<\/p>\n<\/div>\n<p>STV Valve Technology Group Co., Ltd \u00e9 um l\u00edder profissional China Tee de extremidade soldada de a\u00e7o inoxid\u00e1vel, Tee de extremidade soldada sanit\u00e1ria, Tee de a\u00e7o inoxid\u00e1vel tipo Y, Tee tipo Y, Fabricante de Tee de a\u00e7o inoxid\u00e1vel sanit\u00e1rio com alta qualidade e pre\u00e7o competitivo.<\/p>\n<\/div>\n<\/div>","protected":false},"featured_media":4766,"template":"","meta":[],"product_brand":[],"product_cat":[966,969],"product_tag":[823,822,824,825],"class_list":{"0":"post-4763","1":"product","2":"type-product","3":"status-publish","4":"has-post-thumbnail","6":"product_cat-pipe-fitting","7":"product_cat-sanitary-pipe-fitting-and-valves","8":"product_tag-sanitary-welded-end-tee","9":"product_tag-stainless-steel-welded-end-tee","10":"product_tag-stainless-steel-y-type-tee","11":"product_tag-y-type-tee","13":"first","14":"instock","15":"shipping-taxable","16":"product-type-simple"},"_links":{"self":[{"href":"https:\/\/www.stvvalves.com\/pt\/wp-json\/wp\/v2\/product\/4763","targetHints":{"allow":["GET"]}}],"collection":[{"href":"https:\/\/www.stvvalves.com\/pt\/wp-json\/wp\/v2\/product"}],"about":[{"href":"https:\/\/www.stvvalves.com\/pt\/wp-json\/wp\/v2\/types\/product"}],"wp:featuredmedia":[{"embeddable":true,"href":"https:\/\/www.stvvalves.com\/pt\/wp-json\/wp\/v2\/media\/4766"}],"wp:attachment":[{"href":"https:\/\/www.stvvalves.com\/pt\/wp-json\/wp\/v2\/media?parent=4763"}],"wp:term":[{"taxonomy":"product_brand","embeddable":true,"href":"https:\/\/www.stvvalves.com\/pt\/wp-json\/wp\/v2\/product_brand?post=4763"},{"taxonomy":"product_cat","embeddable":true,"href":"https:\/\/www.stvvalves.com\/pt\/wp-json\/wp\/v2\/product_cat?post=4763"},{"taxonomy":"product_tag","embeddable":true,"href":"https:\/\/www.stvvalves.com\/pt\/wp-json\/wp\/v2\/product_tag?post=4763"}],"curies":[{"name":"wp","href":"https:\/\/api.w.org\/{rel}","templated":true}]}}