{"id":4767,"date":"2019-04-22T07:39:31","date_gmt":"2019-04-22T07:39:31","guid":{"rendered":"https:\/\/www.stvvalves.com\/?post_type=product&#038;p=4767"},"modified":"2025-02-17T18:30:35","modified_gmt":"2025-02-17T10:30:35","slug":"hygienic-stainless-steel-forged-welded-end-tube-tee","status":"publish","type":"product","link":"https:\/\/www.stvvalves.com\/pt\/products\/hygienic-stainless-steel-forged-welded-end-tube-tee\/","title":{"rendered":"T de tubo de extremidade soldada forjada de a\u00e7o inoxid\u00e1vel higi\u00eanico"},"content":{"rendered":"<p>T tipo Y com extremidade soldada sanit\u00e1ria de a\u00e7o inoxid\u00e1vel<\/p>\n<p>Extremidade da conex\u00e3o: soldada, fixada, rosqueada, tipo uni\u00e3o,<br \/>\nPadr\u00e3o: DIN, SMS, ISO, 3A, BPE, IDF, AS, BS<br \/>\nTamanho: DN15-150, 1\/2\u201d-6\u201d<br \/>\nMaterial: SS304,SS304L,SS316,SS316L<br \/>\nFeito de tubo soldado ou tubo sem costura conforme a necessidade<br \/>\nAcabamento de superf\u00edcie: Espelho, tipo mate conforme a necessidade<br \/>\nDentro de Ra 0,4, Fora do lado Ra 0,8<br \/>\nRedondeza e igualdade de espessura para atender aos padr\u00f5es internacionais de qualidade alimentar<br \/>\nAplica\u00e7\u00e3o: Ind\u00fastrias de alimentos, bebidas, latic\u00ednios, farm\u00e1cia, qu\u00edmica ou qualquer ind\u00fastria de processamento de alimentos<\/p>\n<div id=\"attachment_4768\" style=\"width: 872px\" class=\"wp-caption alignleft\"><img loading=\"lazy\" decoding=\"async\" aria-describedby=\"caption-attachment-4768\" class=\"size-full wp-image-4768\" src=\"https:\/\/www.stvvalves.com\/wp-content\/uploads\/2019\/04\/hygienic-stainless-steel-forged-welded-end-tube-tee-catalog.jpg\" alt=\"\" width=\"862\" height=\"508\" srcset=\"https:\/\/www.stvvalves.com\/wp-content\/uploads\/2019\/04\/hygienic-stainless-steel-forged-welded-end-tube-tee-catalog.jpg 862w, https:\/\/www.stvvalves.com\/wp-content\/uploads\/2019\/04\/hygienic-stainless-steel-forged-welded-end-tube-tee-catalog-600x354.jpg 600w, https:\/\/www.stvvalves.com\/wp-content\/uploads\/2019\/04\/hygienic-stainless-steel-forged-welded-end-tube-tee-catalog-300x177.jpg 300w, https:\/\/www.stvvalves.com\/wp-content\/uploads\/2019\/04\/hygienic-stainless-steel-forged-welded-end-tube-tee-catalog-768x453.jpg 768w, https:\/\/www.stvvalves.com\/wp-content\/uploads\/2019\/04\/hygienic-stainless-steel-forged-welded-end-tube-tee-catalog-705x415.jpg 705w\" sizes=\"auto, (max-width: 862px) 100vw, 862px\" \/><p id=\"caption-attachment-4768\" class=\"wp-caption-text\">China T de tubo de extremidade soldada forjada de a\u00e7o inoxid\u00e1vel higi\u00eanico, T soldado de a\u00e7o inoxid\u00e1vel, T de tubo soldado, T tipo Y, T higi\u00eanico, T de a\u00e7o inoxid\u00e1vel, Tee soldado forjado higi\u00eanico Fabricante<\/p><\/div>","protected":false},"excerpt":{"rendered":"<div>T de tubo de extremidade soldada forjada de a\u00e7o inoxid\u00e1vel higi\u00eanico<br \/>\n\u00c9 aplicado ao sistema de tubula\u00e7\u00e3o de a\u00e7o inoxid\u00e1vel, que \u00e9 usado para leite, alimentos, sucos, cerveja, framcy, etc.<br \/>\nSTV Valve Technology Group Co., Ltd \u00e9 um l\u00edder profissional China Tee de tubo de extremidade soldada forjada de a\u00e7o inoxid\u00e1vel higi\u00eanico, Tee soldado de a\u00e7o inoxid\u00e1vel, Tee de tubo soldado, Tee tipo Y, Tee higi\u00eanico, Tee de a\u00e7o inoxid\u00e1vel, Fabricante de Tee soldado forjado higi\u00eanico com alta qualidade e pre\u00e7o competitivo.<\/div>","protected":false},"featured_media":4769,"template":"","meta":[],"product_brand":[],"product_cat":[966,969],"product_tag":[827,830,826,829,785,828],"class_list":{"0":"post-4767","1":"product","2":"type-product","3":"status-publish","4":"has-post-thumbnail","6":"product_cat-pipe-fitting","7":"product_cat-sanitary-pipe-fitting-and-valves","8":"product_tag-china-stainless-steel-welded-tee","9":"product_tag-hygienic-forged-welded-tee","10":"product_tag-hygienic-stainless-steel-forged-welded-end-tube-tee","11":"product_tag-hygienic-tee","12":"product_tag-stainless-steel-tee","13":"product_tag-welded-tube-tee","15":"first","16":"instock","17":"shipping-taxable","18":"product-type-simple"},"_links":{"self":[{"href":"https:\/\/www.stvvalves.com\/pt\/wp-json\/wp\/v2\/product\/4767","targetHints":{"allow":["GET"]}}],"collection":[{"href":"https:\/\/www.stvvalves.com\/pt\/wp-json\/wp\/v2\/product"}],"about":[{"href":"https:\/\/www.stvvalves.com\/pt\/wp-json\/wp\/v2\/types\/product"}],"wp:featuredmedia":[{"embeddable":true,"href":"https:\/\/www.stvvalves.com\/pt\/wp-json\/wp\/v2\/media\/4769"}],"wp:attachment":[{"href":"https:\/\/www.stvvalves.com\/pt\/wp-json\/wp\/v2\/media?parent=4767"}],"wp:term":[{"taxonomy":"product_brand","embeddable":true,"href":"https:\/\/www.stvvalves.com\/pt\/wp-json\/wp\/v2\/product_brand?post=4767"},{"taxonomy":"product_cat","embeddable":true,"href":"https:\/\/www.stvvalves.com\/pt\/wp-json\/wp\/v2\/product_cat?post=4767"},{"taxonomy":"product_tag","embeddable":true,"href":"https:\/\/www.stvvalves.com\/pt\/wp-json\/wp\/v2\/product_tag?post=4767"}],"curies":[{"name":"wp","href":"https:\/\/api.w.org\/{rel}","templated":true}]}}