{"id":4770,"date":"2019-04-23T05:35:56","date_gmt":"2019-04-23T05:35:56","guid":{"rendered":"https:\/\/www.stvvalves.com\/?post_type=product&#038;p=4770"},"modified":"2025-02-17T18:30:34","modified_gmt":"2025-02-17T10:30:34","slug":"sanitary-stainless-steel-clamp-end-equal-tee","status":"publish","type":"product","link":"https:\/\/www.stvvalves.com\/pt\/products\/sanitary-stainless-steel-clamp-end-equal-tee\/","title":{"rendered":"Tee igual de extremidade de bra\u00e7adeira de a\u00e7o inoxid\u00e1vel sanit\u00e1rio"},"content":{"rendered":"<p>Tee igual de extremidade de bra\u00e7adeira de a\u00e7o inoxid\u00e1vel sanit\u00e1rio<\/p>\n<p>Extremidade da conex\u00e3o: soldada, fixada, rosqueada, tipo uni\u00e3o,<br \/>\nPadr\u00e3o: DIN, SMS, ISO, 3A, BPE, IDF, AS, BS<br \/>\nTamanho: DN10-300, 1\/2\u201d-6\u201d<br \/>\nMaterial: SS304,SS304L,SS316,SS316L<br \/>\nFeito de tubo soldado ou tubo sem costura conforme a necessidade<br \/>\nAcabamento de superf\u00edcie: Espelho, tipo mate conforme a necessidade<br \/>\nDentro de Ra 0,4, Fora do lado Ra 0,8<br \/>\nRedondeza e igualdade de espessura para atender aos padr\u00f5es internacionais de qualidade alimentar<br \/>\nAplica\u00e7\u00e3o: Ind\u00fastrias de alimentos, bebidas, latic\u00ednios, farm\u00e1cia, qu\u00edmica ou qualquer ind\u00fastria de processamento de alimentos<\/p>\n<div id=\"attachment_4780\" style=\"width: 866px\" class=\"wp-caption alignleft\"><img loading=\"lazy\" decoding=\"async\" aria-describedby=\"caption-attachment-4780\" class=\"size-full wp-image-4780\" src=\"https:\/\/www.stvvalves.com\/wp-content\/uploads\/2019\/04\/sanitary-stainless-steel-clamp-end-equal-tee-catalog.jpg\" alt=\"\" width=\"856\" height=\"689\" srcset=\"https:\/\/www.stvvalves.com\/wp-content\/uploads\/2019\/04\/sanitary-stainless-steel-clamp-end-equal-tee-catalog.jpg 856w, https:\/\/www.stvvalves.com\/wp-content\/uploads\/2019\/04\/sanitary-stainless-steel-clamp-end-equal-tee-catalog-600x483.jpg 600w, https:\/\/www.stvvalves.com\/wp-content\/uploads\/2019\/04\/sanitary-stainless-steel-clamp-end-equal-tee-catalog-300x241.jpg 300w, https:\/\/www.stvvalves.com\/wp-content\/uploads\/2019\/04\/sanitary-stainless-steel-clamp-end-equal-tee-catalog-768x618.jpg 768w, https:\/\/www.stvvalves.com\/wp-content\/uploads\/2019\/04\/sanitary-stainless-steel-clamp-end-equal-tee-catalog-705x567.jpg 705w\" sizes=\"auto, (max-width: 856px) 100vw, 856px\" \/><p id=\"caption-attachment-4780\" class=\"wp-caption-text\">China Sanitary Stainless Steel Clamp End Equal Tee, Stainless Steel Clamp End Tee, Sanitary Clamp End Tee,Clamp End Equal Tee,Sanitary Tee,Sanitary Stainless Steel Tee Manufacturer<\/p><\/div>","protected":false},"excerpt":{"rendered":"<div class=\"woocommerce-product-details__short-description\">\n<div class=\"woocommerce-product-details__short-description\">\n<div class=\"woocommerce-product-details__short-description\">\n<div>\u00c9 aplicado ao sistema de tubula\u00e7\u00e3o de a\u00e7o inoxid\u00e1vel, que \u00e9 usado para leite, alimentos, sucos, cerveja, framcy, etc.<br \/>\nOs acess\u00f3rios do tanque s\u00e3o f\u00e1ceis de instalar.<br \/>\nSoldagem e montagem sem problemas e maior resist\u00eancia poss\u00edvel.<br \/>\nRequisitos de Soldagem:consciente das demandas cada vez maiores por qualidade de soldagem. De acordo com essas demandas, todas as nossas soldas e acess\u00f3rios atendem aos mais altos padr\u00f5es. Os redutores possuem extremidades de soldagem cil\u00edndricas e est\u00e3o dispon\u00edveis para todas as combina\u00e7\u00f5es de tubos, garantindo o di\u00e2metro e espessura de parede corretos para o seu processo.<\/div>\n<p>STV Valve Technology Group Co., Ltd is a professional leader China Sanitary Stainless Steel Clamp End Equal Tee, Stainless Steel Clamp End Tee, Sanitary Clamp End Tee,Clamp End Equal Tee,Sanitary Tee,Sanitary Stainless Steel Tee Manufacturer with high quality and competitive price.<\/p>\n<\/div>\n<\/div>\n<\/div>\n<form class=\"cart\" action=\"https:\/\/www.stvvalves.com\/pt\/product\/stainless-steel-sanitary-welded-end-y-type-tee\/\" enctype=\"multipart\/form-data\" method=\"post\" data-trp-original-action=\"https:\/\/www.stvvalves.com\/product\/stainless-steel-sanitary-welded-end-y-type-tee\/\">\n<div class=\"wcpa_form_outer\"><\/div>\n<div class=\"quantity\"><\/div>\n<div class=\"addquotelistlink\">\n<div class=\"quotelistadd_prodpage\"><\/div>\n<\/div>\n<input type=\"hidden\" name=\"trp-form-language\" value=\"pt\"\/><\/form>","protected":false},"featured_media":4781,"template":"","meta":[],"product_brand":[],"product_cat":[966,969],"product_tag":[834,832,831,836,835,833],"class_list":{"0":"post-4770","1":"product","2":"type-product","3":"status-publish","4":"has-post-thumbnail","6":"product_cat-pipe-fitting","7":"product_cat-sanitary-pipe-fitting-and-valves","8":"product_tag-clamp-end-equal-tee","9":"product_tag-sanitary-clamp-end-tee","10":"product_tag-sanitary-stainless-steel-clamp-end-equal-tee","11":"product_tag-sanitary-stainless-steel-tee-manufacturers","12":"product_tag-sanitary-tee","13":"product_tag-stainless-steel-clamp-end-tee","15":"first","16":"instock","17":"shipping-taxable","18":"product-type-simple"},"_links":{"self":[{"href":"https:\/\/www.stvvalves.com\/pt\/wp-json\/wp\/v2\/product\/4770","targetHints":{"allow":["GET"]}}],"collection":[{"href":"https:\/\/www.stvvalves.com\/pt\/wp-json\/wp\/v2\/product"}],"about":[{"href":"https:\/\/www.stvvalves.com\/pt\/wp-json\/wp\/v2\/types\/product"}],"wp:featuredmedia":[{"embeddable":true,"href":"https:\/\/www.stvvalves.com\/pt\/wp-json\/wp\/v2\/media\/4781"}],"wp:attachment":[{"href":"https:\/\/www.stvvalves.com\/pt\/wp-json\/wp\/v2\/media?parent=4770"}],"wp:term":[{"taxonomy":"product_brand","embeddable":true,"href":"https:\/\/www.stvvalves.com\/pt\/wp-json\/wp\/v2\/product_brand?post=4770"},{"taxonomy":"product_cat","embeddable":true,"href":"https:\/\/www.stvvalves.com\/pt\/wp-json\/wp\/v2\/product_cat?post=4770"},{"taxonomy":"product_tag","embeddable":true,"href":"https:\/\/www.stvvalves.com\/pt\/wp-json\/wp\/v2\/product_tag?post=4770"}],"curies":[{"name":"wp","href":"https:\/\/api.w.org\/{rel}","templated":true}]}}