{"id":4785,"date":"2019-04-23T06:17:50","date_gmt":"2019-04-23T06:17:50","guid":{"rendered":"https:\/\/www.stvvalves.com\/?post_type=product&#038;p=4785"},"modified":"2025-02-17T18:30:31","modified_gmt":"2025-02-17T10:30:31","slug":"ss304-ss316l-hygienic-sanitary-stainless-steel-thread-butterfly-valve","status":"publish","type":"product","link":"https:\/\/www.stvvalves.com\/pt\/products\/ss304-ss316l-hygienic-sanitary-stainless-steel-thread-butterfly-valve\/","title":{"rendered":"V\u00e1lvula borboleta de a\u00e7o inoxid\u00e1vel sanit\u00e1ria higi\u00eanica da linha de SS304 SS316L"},"content":{"rendered":"<p>V\u00e1lvula borboleta de a\u00e7o inoxid\u00e1vel sanit\u00e1ria higi\u00eanica da linha de SS304 SS316L<\/p>\n<p>Caracter\u00edsticas:<br \/>\nMelhor prova de \u00e1cido, prova de \u00e1lcalis e alta temperatura<br \/>\nTemperatura: -10 graus ~ ~ 120 graus<br \/>\nMais de trinta mil testes de seguran\u00e7a<br \/>\nAcabamento da superf\u00edcie externa: Ra 1.2<br \/>\nDesign de junta especial, fluido livre de res\u00edduos<br \/>\nO disco da v\u00e1lvula \u00e9 feito de forjamento.<br \/>\nO corpo da v\u00e1lvula \u00e9 feito de forjamento.<br \/>\nAl\u00e7a manual: al\u00e7a de puxar, al\u00e7a de pl\u00e1stico ou al\u00e7a de a\u00e7o inoxid\u00e1vel<br \/>\nJunta: EPDM, silicone ou Viton<br \/>\nTodas as juntas s\u00e3o aprovadas pela FDA<br \/>\nM\u00e1x. Press\u00e3o: 16BAR para conex\u00f5es de soldagem; 10BAR para outras conex\u00f5es<br \/>\nMin. Press\u00e3o: 0,2 BAR<br \/>\nDesign compacto, f\u00e1cil manuten\u00e7\u00e3o e alto torque<\/p>\n<p>Extremidade da conex\u00e3o: Solda, tri-grampo, uni\u00e3o, flange, rosca macho, rosca f\u00eamea<br \/>\nPadr\u00e3o: DIN, SMS, ISO, 3A, IDF<br \/>\nMaterial: SS304, SS316L<br \/>\nAcabamento de superf\u00edcie interna: Ra0.4<br \/>\nTamanho: DN20-DN300, 3\/4\u2033-10\u2033<br \/>\nPadr\u00e3o: puxe a al\u00e7a normalmente com 3 posi\u00e7\u00f5es (4 posi\u00e7\u00f5es podem ser personalizadas)<br \/>\nAl\u00e7a da pin\u00e7a normalmente com 13 posi\u00e7\u00f5es.<\/p>\n<p>Aplica\u00e7\u00e3o: Ind\u00fastrias de alimentos, bebidas, latic\u00ednios, farm\u00e1cia, qu\u00edmica ou qualquer ind\u00fastria de processamento de alimentos<\/p>\n<div id=\"attachment_4788\" style=\"width: 852px\" class=\"wp-caption alignleft\"><img loading=\"lazy\" decoding=\"async\" aria-describedby=\"caption-attachment-4788\" class=\"size-full wp-image-4788\" src=\"https:\/\/www.stvvalves.com\/wp-content\/uploads\/2019\/04\/ss304-ss316l-hygienic-sanitary-stainless-steel-thread-butterfly-valve-catalog.jpg\" alt=\"\" width=\"842\" height=\"632\" srcset=\"https:\/\/www.stvvalves.com\/wp-content\/uploads\/2019\/04\/ss304-ss316l-hygienic-sanitary-stainless-steel-thread-butterfly-valve-catalog.jpg 842w, https:\/\/www.stvvalves.com\/wp-content\/uploads\/2019\/04\/ss304-ss316l-hygienic-sanitary-stainless-steel-thread-butterfly-valve-catalog-600x450.jpg 600w, https:\/\/www.stvvalves.com\/wp-content\/uploads\/2019\/04\/ss304-ss316l-hygienic-sanitary-stainless-steel-thread-butterfly-valve-catalog-300x225.jpg 300w, https:\/\/www.stvvalves.com\/wp-content\/uploads\/2019\/04\/ss304-ss316l-hygienic-sanitary-stainless-steel-thread-butterfly-valve-catalog-768x576.jpg 768w, https:\/\/www.stvvalves.com\/wp-content\/uploads\/2019\/04\/ss304-ss316l-hygienic-sanitary-stainless-steel-thread-butterfly-valve-catalog-705x529.jpg 705w\" sizes=\"auto, (max-width: 842px) 100vw, 842px\" \/><p id=\"caption-attachment-4788\" class=\"wp-caption-text\">China V\u00e1lvula borboleta de rosca de solda sanit\u00e1ria, V\u00e1lvula borboleta de rosca de qualidade alimentar, V\u00e1lvula borboleta de solda sanit\u00e1ria, V\u00e1lvula borboleta com al\u00e7a de tra\u00e7\u00e3o, V\u00e1lvula borboleta SS304 Fabricantes<\/p><\/div>","protected":false},"excerpt":{"rendered":"<p>STV Valve Technology Group Co., Ltd \u00e9 um l\u00edder profissional China V\u00e1lvula borboleta de rosca de solda sanit\u00e1ria, V\u00e1lvula borboleta de rosca de qualidade alimentar, V\u00e1lvula borboleta de solda sanit\u00e1ria, V\u00e1lvula borboleta com al\u00e7a de tra\u00e7\u00e3o, Fabricantes de v\u00e1lvula borboleta SS304 com alta qualidade e pre\u00e7o competitivo.<\/p>\n<p>Nosso corpo de v\u00e1lvula borboleta pode ser oferecido com extremidade soldada, extremidade macho, extremidade f\u00eamea e extremidade de fixa\u00e7\u00e3o. Nossas v\u00e1lvulas borboleta podem ser instaladas com diferentes tipos de al\u00e7as, como al\u00e7a de tra\u00e7\u00e3o de 4 posi\u00e7\u00f5es, al\u00e7a de pin\u00e7a de 12 posi\u00e7\u00f5es e mais 10 outros tipos, ou instaladas com atuador para controle autom\u00e1tico para seu uso amplo.<br \/>\nO corpo e o disco da v\u00e1lvula borboleta s\u00e3o todos feitos de polimento totalmente usinado em CNC e de alto n\u00edvel.<br \/>\nTodos os produtos foram testados 100 vezes na imprensa antes do envio.<br \/>\n\u00c9 necess\u00e1rio que voc\u00ea especifique no momento da realiza\u00e7\u00e3o do pedido se s\u00e3o necess\u00e1rios n\u00fameros de bateria e MTRs.<br \/>\nAssentos de EPDM, Sil\u00edcio e Viton est\u00e3o dispon\u00edveis para instala\u00e7\u00e3o em nossas v\u00e1lvulas borboleta, que s\u00e3o adequadas para muitas aplica\u00e7\u00f5es, como alimentos, latic\u00ednios, bebidas, processamento de carne, produtos qu\u00edmicos e muitas outras ind\u00fastrias.<\/p>","protected":false},"featured_media":4787,"template":"","meta":[],"product_brand":[],"product_cat":[966,969],"product_tag":[845,843,844,842,846],"class_list":{"0":"post-4785","1":"product","2":"type-product","3":"status-publish","4":"has-post-thumbnail","6":"product_cat-pipe-fitting","7":"product_cat-sanitary-pipe-fitting-and-valves","8":"product_tag-butterfly-valve-with-pull-handle","9":"product_tag-food-grade-thread-butterfly-valve","10":"product_tag-sanitary-weld-butterfly-valve","11":"product_tag-sanitary-weld-thread-butterfly-valve","12":"product_tag-ss304-butterfly-valve-manufacturers","14":"first","15":"instock","16":"shipping-taxable","17":"product-type-simple"},"_links":{"self":[{"href":"https:\/\/www.stvvalves.com\/pt\/wp-json\/wp\/v2\/product\/4785","targetHints":{"allow":["GET"]}}],"collection":[{"href":"https:\/\/www.stvvalves.com\/pt\/wp-json\/wp\/v2\/product"}],"about":[{"href":"https:\/\/www.stvvalves.com\/pt\/wp-json\/wp\/v2\/types\/product"}],"wp:featuredmedia":[{"embeddable":true,"href":"https:\/\/www.stvvalves.com\/pt\/wp-json\/wp\/v2\/media\/4787"}],"wp:attachment":[{"href":"https:\/\/www.stvvalves.com\/pt\/wp-json\/wp\/v2\/media?parent=4785"}],"wp:term":[{"taxonomy":"product_brand","embeddable":true,"href":"https:\/\/www.stvvalves.com\/pt\/wp-json\/wp\/v2\/product_brand?post=4785"},{"taxonomy":"product_cat","embeddable":true,"href":"https:\/\/www.stvvalves.com\/pt\/wp-json\/wp\/v2\/product_cat?post=4785"},{"taxonomy":"product_tag","embeddable":true,"href":"https:\/\/www.stvvalves.com\/pt\/wp-json\/wp\/v2\/product_tag?post=4785"}],"curies":[{"name":"wp","href":"https:\/\/api.w.org\/{rel}","templated":true}]}}