{"id":4812,"date":"2019-04-26T01:42:15","date_gmt":"2019-04-26T01:42:15","guid":{"rendered":"https:\/\/www.stvvalves.com\/?post_type=product&#038;p=4812"},"modified":"2025-02-17T18:29:44","modified_gmt":"2025-02-17T10:29:44","slug":"forged-steel-bellow-gate-valve-800lb-dn20-sw-end","status":"publish","type":"product","link":"https:\/\/www.stvvalves.com\/pt\/products\/forged-steel-bellow-gate-valve-800lb-dn20-sw-end\/","title":{"rendered":"V\u00e1lvula de gaveta de fole de a\u00e7o forjado, 800LB, DN20, extremidade SW"},"content":{"rendered":"<p>V\u00e1lvula de gaveta de fole de a\u00e7o forjado, 800LB, DN20, extremidade SW<\/p>\n<p>V\u00e1lvula de gaveta selada com fole\/recurso:<br \/>\nHaste com fole,<br \/>\nDuas camadas de fole<br \/>\nVeda\u00e7\u00e3o secund\u00e1ria, gaxeta<br \/>\nVolante sem subida<br \/>\nBloqueio anti-rota\u00e7\u00e3o da haste<br \/>\nNPS e classe:<br \/>\nNPS 1\/2 ~\u201d 2\u2033 Classe150LB~2500LB<\/p>\n<p>Par\u00e2metros principais:<br \/>\nProjeto e fabrica\u00e7\u00e3o: API 602, ASME B16.34, BS 5352<br \/>\nDimens\u00e3o face a face: ASME B16.10, EN558 (extremidades rosqueadas e extremidades soldadas por soquete conforme especifica\u00e7\u00e3o do fabricante)<br \/>\nDimens\u00e3o da conex\u00e3o do flange: ASME B16.5<br \/>\nDimens\u00e3o da conex\u00e3o BW: ASME B16.25<br \/>\nDimens\u00e3o das extremidades roscadas: ASME B1.20.1<br \/>\nDimens\u00e3o das extremidades soldadas por soquete: ASME B16.11<br \/>\nClassifica\u00e7\u00f5es de press\u00e3o-temperatura: ASME B16.34<br \/>\nTeste e inspe\u00e7\u00e3o: API 598<br \/>\nMateriais principais: A105, LF2, F5, F9, F11, F22, F304, F304L, F316, F321, F51<br \/>\nMateriais abaixo:SS304,SS316L,SS321,Hastelloy C276<\/p>\n<table>\n<tbody>\n<tr>\n<td width=\"200\"><strong>Nome do Produto<\/strong><\/td>\n<td width=\"481\">V\u00e1lvula de gaveta de fole de a\u00e7o forjado, 800LB, DN20, extremidade SW<\/td>\n<\/tr>\n<tr>\n<td width=\"200\">1. Materiais<\/td>\n<td width=\"481\">A105N<\/td>\n<\/tr>\n<tr>\n<td width=\"200\">2. Tamanho<\/td>\n<td width=\"481\">3\/4\u201d<\/td>\n<\/tr>\n<tr>\n<td width=\"200\">4. Porto<\/td>\n<td width=\"481\">Porto completo<\/td>\n<\/tr>\n<tr>\n<td width=\"200\">5. Press\u00e3o de Trabalho<\/td>\n<td width=\"481\">800 libras<\/td>\n<\/tr>\n<tr>\n<td width=\"200\">6. Fim da conex\u00e3o<\/td>\n<td width=\"481\">SO<\/td>\n<\/tr>\n<tr>\n<td width=\"200\">7. Temperatura de trabalho.<\/td>\n<td width=\"481\">-29~425\u00baC,<\/td>\n<\/tr>\n<tr>\n<td width=\"200\">8. Meio Adequado<\/td>\n<td width=\"481\">\u00c1gua, G\u00e1s Natural, Petr\u00f3leo e algum l\u00edquido corrosivo<\/td>\n<\/tr>\n<tr>\n<td width=\"200\">9. Operado<\/td>\n<td width=\"481\">Volante<\/td>\n<\/tr>\n<tr>\n<td width=\"200\">10. Inspe\u00e7\u00e3o e Teste<\/td>\n<td width=\"481\">De acordo com API598<\/td>\n<\/tr>\n<tr>\n<td width=\"200\"><strong>envio<\/strong><\/td>\n<td width=\"481\"><\/td>\n<\/tr>\n<tr>\n<td width=\"200\">Prazo de entrega<\/td>\n<td width=\"481\">30 dias<\/td>\n<\/tr>\n<tr>\n<td width=\"200\">Pacote<\/td>\n<td width=\"481\">Caixa de madeira compensada de exporta\u00e7\u00e3o padr\u00e3o<\/td>\n<\/tr>\n<tr>\n<td width=\"200\">Porto de embarque<\/td>\n<td width=\"481\">Ningbo\/Xangai, China<\/td>\n<\/tr>\n<tr>\n<td width=\"200\">Termos de envio<\/td>\n<td width=\"481\">Exw, FOB, CFR, CIF, etc.<\/td>\n<\/tr>\n<tr>\n<td width=\"200\">Termos de pagamento<\/td>\n<td width=\"481\">T\/T, Western Union, PayPal, etc.<\/td>\n<\/tr>\n<tr>\n<td width=\"200\"><\/td>\n<td width=\"481\">Pr\u00e9-pagamento 30%, saldo 70% pago antes do envio<\/td>\n<\/tr>\n<tr>\n<td width=\"200\">Pa\u00eds de origem<\/td>\n<td width=\"481\">Cidade de Wenzhou, China<\/td>\n<\/tr>\n<tr>\n<td width=\"200\">Capacidade de produ\u00e7\u00e3o<\/td>\n<td width=\"481\">6.000 toneladas\/ano<\/td>\n<\/tr>\n<tr>\n<td width=\"200\">Quantidade m\u00ednima<\/td>\n<td width=\"481\">1 pe\u00e7a\/tamanho<\/td>\n<\/tr>\n<\/tbody>\n<\/table>","protected":false},"excerpt":{"rendered":"<div class=\"woocommerce-product-details__short-description\">\n<p>Modelo:STV-PZ61-1500LB-DN50-A105N<\/p>\n<p>A v\u00e1lvula de fole de a\u00e7o forjado est\u00e1 aberta, o fole \u00e9 comprimido, o par de veda\u00e7\u00e3o adverso da haste da v\u00e1lvula e da tampa da v\u00e1lvula limita o curso da haste da v\u00e1lvula para evitar que a deforma\u00e7\u00e3o do fole exceda seus pr\u00f3prios limites e cause danos. 3. A haste da v\u00e1lvula da v\u00e1lvula gaveta de fole adota uma estrutura de veda\u00e7\u00e3o dupla de fole e enchimento para garantir nenhuma veda\u00e7\u00e3o de vazamento na haste da v\u00e1lvula. 4. A v\u00e1lvula \u00e9 particularmente aplic\u00e1vel a tubula\u00e7\u00f5es industriais para inflam\u00e1veis, explosivos, t\u00f3xicos, forte penetrabilidade, radia\u00e7\u00e3o nuclear, projetos de energia nuclear e espa\u00e7os confinados de navios e outras condi\u00e7\u00f5es especiais m\u00e9dias e severas.<\/p>\n<p>STV Valve Technology Group Co., Ltd \u00e9 um l\u00edder profissional China V\u00e1lvula de fole de a\u00e7o forjado, V\u00e1lvula de veda\u00e7\u00e3o de fole de a\u00e7o forjado, V\u00e1lvula de veda\u00e7\u00e3o de fole, V\u00e1lvula de gaveta de a\u00e7o forjado para API 602, Fabricante de v\u00e1lvula de gaveta selada de fole de a\u00e7o forjado API602 com alta qualidade e pre\u00e7o competitivo.<\/p>\n<p>Entre em contato com nosso sales@stvvalve.com para outros materiais e detalhes.<\/p>\n<p>Folha de data:<a href=\"https:\/\/www.stvvalves.com\/wp-content\/uploads\/2019\/04\/forged-steel-bellow-gate-valve-800lb-dn20-sw-end-catalog.pdf\">V\u00e1lvula de gaveta de fole de a\u00e7o forjado, 800LB, DN20, extremidade SW<\/a><\/p>\n<\/div>\n<form class=\"cart\" action=\"https:\/\/www.stvvalves.com\/pt\/product\/1500lb-seal-bonnet-gate-valve-api-602-a105n-body-dn50-sw-end\/\" enctype=\"multipart\/form-data\" method=\"post\" data-trp-original-action=\"https:\/\/www.stvvalves.com\/product\/1500lb-seal-bonnet-gate-valve-api-602-a105n-body-dn50-sw-end\/\">\n<div class=\"wcpa_form_outer\"><\/div>\n<div class=\"quantity\"><\/div>\n<div class=\"addquotelistlink\">\n<div class=\"quotelistadd_prodpage\"><\/div>\n<\/div>\n<input type=\"hidden\" name=\"trp-form-language\" value=\"pt\"\/><\/form>","protected":false},"featured_media":4814,"template":"","meta":[],"product_brand":[],"product_cat":[82,44],"product_tag":[857,360,359,856],"class_list":{"0":"post-4812","1":"product","2":"type-product","3":"status-publish","4":"has-post-thumbnail","6":"product_cat-bellow-seal-gate-valve","7":"product_cat-gate-valve","8":"product_tag-api602-forged-steel-bellows-sealed-gate-valve","9":"product_tag-bellows-seal-gate-valve","10":"product_tag-forged-steel-bellows-seal-gate-valve","11":"product_tag-forged-steel-bellows-valve","13":"first","14":"instock","15":"shipping-taxable","16":"product-type-simple"},"_links":{"self":[{"href":"https:\/\/www.stvvalves.com\/pt\/wp-json\/wp\/v2\/product\/4812","targetHints":{"allow":["GET"]}}],"collection":[{"href":"https:\/\/www.stvvalves.com\/pt\/wp-json\/wp\/v2\/product"}],"about":[{"href":"https:\/\/www.stvvalves.com\/pt\/wp-json\/wp\/v2\/types\/product"}],"wp:featuredmedia":[{"embeddable":true,"href":"https:\/\/www.stvvalves.com\/pt\/wp-json\/wp\/v2\/media\/4814"}],"wp:attachment":[{"href":"https:\/\/www.stvvalves.com\/pt\/wp-json\/wp\/v2\/media?parent=4812"}],"wp:term":[{"taxonomy":"product_brand","embeddable":true,"href":"https:\/\/www.stvvalves.com\/pt\/wp-json\/wp\/v2\/product_brand?post=4812"},{"taxonomy":"product_cat","embeddable":true,"href":"https:\/\/www.stvvalves.com\/pt\/wp-json\/wp\/v2\/product_cat?post=4812"},{"taxonomy":"product_tag","embeddable":true,"href":"https:\/\/www.stvvalves.com\/pt\/wp-json\/wp\/v2\/product_tag?post=4812"}],"curies":[{"name":"wp","href":"https:\/\/api.w.org\/{rel}","templated":true}]}}