{"id":4852,"date":"2019-05-07T03:22:03","date_gmt":"2019-05-07T03:22:03","guid":{"rendered":"https:\/\/www.stvvalves.com\/?post_type=product&#038;p=4852"},"modified":"2025-02-17T18:32:01","modified_gmt":"2025-02-17T10:32:01","slug":"forged-steel-flange-y-strainer-pn40-a105n-body-dn50","status":"publish","type":"product","link":"https:\/\/www.stvvalves.com\/pt\/products\/forged-steel-flange-y-strainer-pn40-a105n-body-dn50\/","title":{"rendered":"Filtro de flange em Y de a\u00e7o forjado, PN40, corpo A105N, DN50"},"content":{"rendered":"<p>Filtro tipo Y de a\u00e7o forjado, classe Ansi 800LBS, SW, NPT, extremidades BW, castelo aparafusado, castelo soldado, a\u00e7o carbono, a\u00e7o inoxid\u00e1vel, a\u00e7o duplex, fornecedor e fabricante de filtros tipo Y forjados de liga de a\u00e7o. Especifica\u00e7\u00f5es para filtro tipo Y forjado 800LBS<br \/>\n1. Tamanhos: 1\/2\u2033 -2\u2033<br \/>\n2. Classifica\u00e7\u00e3o de press\u00e3o: ANSI 800Lbs-2500LB<br \/>\n3. Meio adequado: \u00c1gua, g\u00e1s, \u00f3leo, vapor, etc.<br \/>\n4. Material do corpo: A105, LF2, SS304, SS316, SS304L, SS316L, F51, F53, Liga 20 etc.<br \/>\n5. Tela: A\u00e7o inoxid\u00e1vel (304SS, 316SS)<br \/>\n6. Conex\u00e3o final: Flange, BW, SW, NPT (rosqueado, parafusado)<br \/>\n7. Outros a pedido<\/p>\n<div id=\"attachment_4853\" style=\"width: 2525px\" class=\"wp-caption alignleft\"><img loading=\"lazy\" decoding=\"async\" aria-describedby=\"caption-attachment-4853\" class=\"size-full wp-image-4853\" src=\"https:\/\/www.stvvalves.com\/wp-content\/uploads\/2019\/05\/forged-steel-flange-y-strainer-pn40-a105n-body-dn50-catalog.jpg\" alt=\"\" width=\"2515\" height=\"1718\" srcset=\"https:\/\/www.stvvalves.com\/wp-content\/uploads\/2019\/05\/forged-steel-flange-y-strainer-pn40-a105n-body-dn50-catalog.jpg 2515w, https:\/\/www.stvvalves.com\/wp-content\/uploads\/2019\/05\/forged-steel-flange-y-strainer-pn40-a105n-body-dn50-catalog-600x410.jpg 600w, https:\/\/www.stvvalves.com\/wp-content\/uploads\/2019\/05\/forged-steel-flange-y-strainer-pn40-a105n-body-dn50-catalog-300x205.jpg 300w, https:\/\/www.stvvalves.com\/wp-content\/uploads\/2019\/05\/forged-steel-flange-y-strainer-pn40-a105n-body-dn50-catalog-768x525.jpg 768w, https:\/\/www.stvvalves.com\/wp-content\/uploads\/2019\/05\/forged-steel-flange-y-strainer-pn40-a105n-body-dn50-catalog-1030x704.jpg 1030w, https:\/\/www.stvvalves.com\/wp-content\/uploads\/2019\/05\/forged-steel-flange-y-strainer-pn40-a105n-body-dn50-catalog-1500x1025.jpg 1500w, https:\/\/www.stvvalves.com\/wp-content\/uploads\/2019\/05\/forged-steel-flange-y-strainer-pn40-a105n-body-dn50-catalog-705x482.jpg 705w\" sizes=\"auto, (max-width: 2515px) 100vw, 2515px\" \/><p id=\"caption-attachment-4853\" class=\"wp-caption-text\">Filtro tipo Y de a\u00e7o forjado da China, filtro tipo Y de a\u00e7o fundido. Filtro Y de extremidade flangeada API, filtro Y de extremidade flangeada PN40, filtro tipo DN50 Y, fabricante de filtro tipo Y de corpo A105N<\/p><\/div>","protected":false},"excerpt":{"rendered":"<p>Modelo: STV-GL41H-PN40-DN50<\/p>\n<p>Nosso filtro de flange em Y de a\u00e7o forjado usa m\u00e9todos de forjamento para produzir uma variedade de pe\u00e7as forjadas e forjadas. A qualidade das pe\u00e7as de a\u00e7o forjado \u00e9 superior \u00e0 das pe\u00e7as fundidas de a\u00e7o, pode suportar grandes for\u00e7as de impacto e alta temperatura e alta press\u00e3o, e sua plasticidade, tenacidade e outras propriedades mec\u00e2nicas tamb\u00e9m s\u00e3o superiores \u00e0s dos filtros do tipo \u00fd de a\u00e7o fundido, portanto, algumas m\u00e1quinas importantes e equipamento \u00c9 melhor usar um filtro tipo \u00fd de a\u00e7o forjado como dispositivo de filtragem em condi\u00e7\u00f5es de trabalho importantes e complicadas. Este produto n\u00e3o ter\u00e1 vazamento externo causado pelo manuseio de colis\u00f5es e vazamentos de areia.<\/p>\n<p>O filtro tipo y forjado (filtro y forjado) \u00e9 projetado para tamanhos de furo de 1\/2 polegada a 2 polegadas, tanto para extremidades de solda de soquete quanto para extremidades roscadas; os materiais s\u00e3o em a\u00e7o carbono forjado e a\u00e7o inoxid\u00e1vel; faixa de press\u00e3o de 150LBS a 2500LBS.<\/p>\n<div class=\"woocommerce-product-details__short-description\">\n<p>STV Valve Technology Group Co., Ltd \u00e9 um l\u00edder profissional China Forged<em>\u00a0A\u00e7o<\/em> Filtro tipo Y, filtro tipo Y de a\u00e7o fundido. Filtro API com extremidade flangeada em Y, filtro Y com extremidade flangeada PN40, filtro tipo DN50 Y, filtro tipo Y com corpo A105N Fabricante com alta qualidade e pre\u00e7o competitivo.<\/p>\n<p>Entre em contato com nosso sales@stvvalve.com para outros materiais e detalhes.<\/p>\n<p>Folha de data:<a href=\"https:\/\/www.stvvalves.com\/wp-content\/uploads\/2019\/05\/forged-steel-flange-y-strainer-pn40-a105n-body-dn50-catalog.jpg\">Filtro de flange em Y de a\u00e7o forjado, PN40, corpo A105N, DN50<\/a><\/p>\n<\/div>","protected":false},"featured_media":4854,"template":"","meta":[],"product_brand":[],"product_cat":[964,48],"product_tag":[891,888,233,890,284,889],"class_list":{"0":"post-4852","1":"product","2":"type-product","3":"status-publish","4":"has-post-thumbnail","6":"product_cat-forged-steel-y-type-strainer","7":"product_cat-y-strainer","8":"product_tag-a105n-body-y-type-strainer","9":"product_tag-api-flanged-end-y-strainer","10":"product_tag-cast-steel-y-type-strainer","11":"product_tag-dn50-y-type-strainer","12":"product_tag-forged-steel-y-type-strainer","13":"product_tag-pn40-flanged-end-y-strainer","15":"first","16":"instock","17":"shipping-taxable","18":"product-type-simple"},"_links":{"self":[{"href":"https:\/\/www.stvvalves.com\/pt\/wp-json\/wp\/v2\/product\/4852","targetHints":{"allow":["GET"]}}],"collection":[{"href":"https:\/\/www.stvvalves.com\/pt\/wp-json\/wp\/v2\/product"}],"about":[{"href":"https:\/\/www.stvvalves.com\/pt\/wp-json\/wp\/v2\/types\/product"}],"wp:featuredmedia":[{"embeddable":true,"href":"https:\/\/www.stvvalves.com\/pt\/wp-json\/wp\/v2\/media\/4854"}],"wp:attachment":[{"href":"https:\/\/www.stvvalves.com\/pt\/wp-json\/wp\/v2\/media?parent=4852"}],"wp:term":[{"taxonomy":"product_brand","embeddable":true,"href":"https:\/\/www.stvvalves.com\/pt\/wp-json\/wp\/v2\/product_brand?post=4852"},{"taxonomy":"product_cat","embeddable":true,"href":"https:\/\/www.stvvalves.com\/pt\/wp-json\/wp\/v2\/product_cat?post=4852"},{"taxonomy":"product_tag","embeddable":true,"href":"https:\/\/www.stvvalves.com\/pt\/wp-json\/wp\/v2\/product_tag?post=4852"}],"curies":[{"name":"wp","href":"https:\/\/api.w.org\/{rel}","templated":true}]}}