{"id":4859,"date":"2019-05-07T07:16:40","date_gmt":"2019-05-07T07:16:40","guid":{"rendered":"https:\/\/www.stvvalves.com\/?post_type=product&#038;p=4859"},"modified":"2025-02-17T18:32:00","modified_gmt":"2025-02-17T10:32:00","slug":"3pc-forged-steel-ball-valve-f316l-body-and-trim-peek-seat-1500lb","status":"publish","type":"product","link":"https:\/\/www.stvvalves.com\/pt\/products\/3pc-forged-steel-ball-valve-f316l-body-and-trim-peek-seat-1500lb\/","title":{"rendered":"V\u00e1lvula de esfera de a\u00e7o forjado 3PC, corpo e guarni\u00e7\u00e3o F316L, assento PEEK, 1500LB"},"content":{"rendered":"<p>1. Tamanho: 1\/2~2\u201d (DN15~DN50)<\/p>\n<p>2. Classifica\u00e7\u00e3o: 150~2500LB(PN16~PN420)<\/p>\n<p>3. Material do corpo: A105, F304, F316;LF2;304L;316L;F347;F321<\/p>\n<p>4. Assento: PTFE, RPTFE<\/p>\n<p>5. Para furo e redu\u00e7\u00e3o de furo.<\/p>\n<p>6. Haste \u00e0 prova de explos\u00e3o<\/p>\n<p>7. Almofada de montagem ISO5211<\/p>\n<p>8. N\u00edvel, engrenagem helicoidal, atuador<\/p>\n<p>O projeto confirma: BS 5352 ou API 602<\/p>\n<p>Extremidades soldadas por soquete:ANSI B16.11;<\/p>\n<p>Extremidades dos parafusos: ANSI B 1.20.1;<\/p>\n<p>Extremidades soldadas:ANSI B16.25;<\/p>\n<p>Extremidades flangeadas: ANSI B 16.5;<\/p>\n<p>Teste e inspe\u00e7\u00e3o confirmam:API598;<\/p>\n<table>\n<tbody>\n<tr>\n<td width=\"200\"><strong>Nome do Produto<\/strong><\/td>\n<td width=\"481\">V\u00e1lvula de esfera de a\u00e7o forjado 3PC, corpo e guarni\u00e7\u00e3o F316L, assento PEEK, 1500LB<\/td>\n<\/tr>\n<tr>\n<td width=\"200\">1. Materiais<\/td>\n<td width=\"481\">F316L<\/td>\n<\/tr>\n<tr>\n<td width=\"200\">2. Tamanho<\/td>\n<td width=\"481\">2\u201d<\/td>\n<\/tr>\n<tr>\n<td width=\"200\">4. Porto<\/td>\n<td width=\"481\">Porto completo<\/td>\n<\/tr>\n<tr>\n<td width=\"200\">5. Press\u00e3o de Trabalho<\/td>\n<td width=\"481\">1.500 libras<\/td>\n<\/tr>\n<tr>\n<td width=\"200\">6. Fim da conex\u00e3o<\/td>\n<td width=\"481\">RF<\/td>\n<\/tr>\n<tr>\n<td width=\"200\">7. Temperatura de trabalho.<\/td>\n<td width=\"481\">-29~120\u00baC,<\/td>\n<\/tr>\n<tr>\n<td width=\"200\">8. Meio Adequado<\/td>\n<td width=\"481\">\u00c1gua, G\u00e1s Natural, Petr\u00f3leo e algum l\u00edquido corrosivo<\/td>\n<\/tr>\n<tr>\n<td width=\"200\">9. Operado<\/td>\n<td width=\"481\">VOLANTE<\/td>\n<\/tr>\n<tr>\n<td width=\"200\">10. Inspe\u00e7\u00e3o e Teste<\/td>\n<td width=\"481\">De acordo com API 598<\/td>\n<\/tr>\n<tr>\n<td width=\"200\"><strong>envio<\/strong><\/td>\n<td width=\"481\"><\/td>\n<\/tr>\n<tr>\n<td width=\"200\">Prazo de entrega<\/td>\n<td width=\"481\">30 dias<\/td>\n<\/tr>\n<tr>\n<td width=\"200\">Pacote<\/td>\n<td width=\"481\">Caixa de madeira compensada de exporta\u00e7\u00e3o padr\u00e3o<\/td>\n<\/tr>\n<tr>\n<td width=\"200\">Porto de embarque<\/td>\n<td width=\"481\">Ningbo\/Xangai, China<\/td>\n<\/tr>\n<tr>\n<td width=\"200\">Termos de envio<\/td>\n<td width=\"481\">Exw, FOB, CFR, CIF, etc.<\/td>\n<\/tr>\n<tr>\n<td width=\"200\">Termos de pagamento<\/td>\n<td width=\"481\">T\/T, Western Union, PayPal, etc.<\/td>\n<\/tr>\n<tr>\n<td width=\"200\"><\/td>\n<td width=\"481\">Pr\u00e9-pagamento 30%, saldo 70% pago antes do envio<\/td>\n<\/tr>\n<tr>\n<td width=\"200\">Pa\u00eds de origem<\/td>\n<td width=\"481\">Cidade de Wenzhou, China<\/td>\n<\/tr>\n<tr>\n<td width=\"200\">Capacidade de produ\u00e7\u00e3o<\/td>\n<td width=\"481\">6.000 toneladas\/ano<\/td>\n<\/tr>\n<tr>\n<td width=\"200\">Quantidade m\u00ednima<\/td>\n<td width=\"481\">1 pe\u00e7a\/tamanho<\/td>\n<\/tr>\n<\/tbody>\n<\/table>","protected":false},"excerpt":{"rendered":"<p>Modelo:STV-Q41F-1500LB-DN50-F316L<\/p>\n<p>STV Valve Technology Group Co., Ltd \u00e9 um l\u00edder profissional China V\u00e1lvula de esfera flutuante de a\u00e7o forjado de 3 PC, V\u00e1lvula de esfera flutuante forjada, V\u00e1lvula de esfera A105, V\u00e1lvula de esfera de a\u00e7o forjado de alta press\u00e3o, V\u00e1lvula de esfera flangeada 3PC, V\u00e1lvulas de esfera de 3 pc, 1500LB forjado V\u00e1lvula esf\u00e9rica de a\u00e7o, fabricante de v\u00e1lvula esf\u00e9rica Peek Seat com alta qualidade e pre\u00e7o competitivo.<\/p>\n<p>Entre em contato com nosso sales@stvvalve.com para outros materiais e detalhes.<\/p>\n<p>Folha de datas: V\u00e1lvula de esfera de a\u00e7o forjado 3PC, corpo e acabamento F316L, assento PEEK, 1500LB<\/p>","protected":false},"featured_media":4860,"template":"","meta":[],"product_brand":[],"product_cat":[43,80,55,53],"product_tag":[894,892,594,893],"class_list":{"0":"post-4859","1":"product","2":"type-product","3":"status-publish","4":"has-post-thumbnail","6":"product_cat-ball-valve","7":"product_cat-flange-ball-valve","8":"product_cat-forged-steel-ball-valve","9":"product_cat-stainless-steel-ball-valve","10":"product_tag-3-pc-ball-valves","11":"product_tag-3-pc-forged-steel-floating-ball-valve","12":"product_tag-3pc-flanged-ball-valve","13":"product_tag-forged-floating-ball-valvec","15":"first","16":"instock","17":"shipping-taxable","18":"product-type-simple"},"_links":{"self":[{"href":"https:\/\/www.stvvalves.com\/pt\/wp-json\/wp\/v2\/product\/4859","targetHints":{"allow":["GET"]}}],"collection":[{"href":"https:\/\/www.stvvalves.com\/pt\/wp-json\/wp\/v2\/product"}],"about":[{"href":"https:\/\/www.stvvalves.com\/pt\/wp-json\/wp\/v2\/types\/product"}],"wp:featuredmedia":[{"embeddable":true,"href":"https:\/\/www.stvvalves.com\/pt\/wp-json\/wp\/v2\/media\/4860"}],"wp:attachment":[{"href":"https:\/\/www.stvvalves.com\/pt\/wp-json\/wp\/v2\/media?parent=4859"}],"wp:term":[{"taxonomy":"product_brand","embeddable":true,"href":"https:\/\/www.stvvalves.com\/pt\/wp-json\/wp\/v2\/product_brand?post=4859"},{"taxonomy":"product_cat","embeddable":true,"href":"https:\/\/www.stvvalves.com\/pt\/wp-json\/wp\/v2\/product_cat?post=4859"},{"taxonomy":"product_tag","embeddable":true,"href":"https:\/\/www.stvvalves.com\/pt\/wp-json\/wp\/v2\/product_tag?post=4859"}],"curies":[{"name":"wp","href":"https:\/\/api.w.org\/{rel}","templated":true}]}}