{"id":4898,"date":"2019-05-26T15:16:36","date_gmt":"2019-05-26T15:16:36","guid":{"rendered":"https:\/\/www.stvvalves.com\/?post_type=product&#038;p=4898"},"modified":"2025-02-17T18:31:54","modified_gmt":"2025-02-17T10:31:54","slug":"din-bellows-seal-globe-valves-gg25-body-pn16-dn250","status":"publish","type":"product","link":"https:\/\/www.stvvalves.com\/pt\/products\/din-bellows-seal-globe-valves-gg25-body-pn16-dn250\/","title":{"rendered":"V\u00e1lvulas globo de veda\u00e7\u00e3o de fole DIN, corpo GG25, PN16, DN250"},"content":{"rendered":"<p class=\"p0\">Caracter\u00edsticas das v\u00e1lvulas de veda\u00e7\u00e3o de fole:<br \/>\n\u25cfSelo de fole de parede dupla como padr\u00e3o.<br \/>\n\u25cfPlugue com sede marginal<br \/>\n\u25cfSelo de fole soldado ao castelo<br \/>\n\u25cfAssento soldado<br \/>\n\u25cf O fole veda 10.000 ciclos de carga<br \/>\n\u25cf Rosca externa da haste<br \/>\n\u25cfVeda\u00e7\u00e3o secund\u00e1ria: gaxeta (com ponte)<br \/>\n\u25cf Veda\u00e7\u00e3o traseira da haste<br \/>\n\u25cf Junta do garfo, c\u00e2mara dupla<br \/>\n\u25cf Haste com rosca endurecida por rolo<br \/>\nEspecifica\u00e7\u00e3o t\u00e9cnica<br \/>\nPadr\u00e3o de projeto: DIN 3356<br \/>\nDimens\u00e3o face a face: DIN 3202<br \/>\nExtremidades do flange: DIN 2543-2545<br \/>\nTeste e inspe\u00e7\u00e3o: DIN 3230<\/p>\n<p>Aplica\u00e7\u00e3o: Sistema de \u00f3leo quente, sistema de vapor, sistema de \u00e1gua quente e fria, etc.<br \/>\nM\u00e9dio:Vapor, gases, \u00e1gua quente, \u00f3leo t\u00e9rmico, am\u00f4nia etc.<br \/>\nMateriais: GG25(EN-GJL-250),GGG40,1.0619+N(GS-C25),1.4308(CF8), 1.4408(CF8M)<br \/>\nMateriais de fole: SS304, SS316, SS316L, SS 310S, Hastelly C<br \/>\nFaixa de tamanho: DN15-DN400<br \/>\nPress\u00e3o: PN16-PN40<br \/>\nTemperatura: \u2264600 \u2103<\/p>\n<table>\n<tbody>\n<tr>\n<td width=\"200\"><strong>Nome do Produto<\/strong><\/td>\n<td width=\"481\">V\u00e1lvulas globo de veda\u00e7\u00e3o de fole DIN, corpo GG25, PN16, DN250<\/td>\n<\/tr>\n<tr>\n<td width=\"200\">1. Materiais<\/td>\n<td width=\"481\">GG25<\/td>\n<\/tr>\n<tr>\n<td width=\"200\">2. Tamanho<\/td>\n<td width=\"481\">10\u201d<\/td>\n<\/tr>\n<tr>\n<td width=\"200\">4. Porto<\/td>\n<td width=\"481\">Porto completo<\/td>\n<\/tr>\n<tr>\n<td width=\"200\">5. Press\u00e3o de Trabalho<\/td>\n<td width=\"481\">PN16<\/td>\n<\/tr>\n<tr>\n<td width=\"200\">6. Fim da conex\u00e3o<\/td>\n<td width=\"481\">RF<\/td>\n<\/tr>\n<tr>\n<td width=\"200\">7. Temperatura de trabalho.<\/td>\n<td width=\"481\">-29~425\u00baC,<\/td>\n<\/tr>\n<tr>\n<td width=\"200\">8. Meio Adequado<\/td>\n<td width=\"481\">\u00c1gua, G\u00e1s Natural, Petr\u00f3leo e algum l\u00edquido corrosivo<\/td>\n<\/tr>\n<tr>\n<td width=\"200\">9. Operado<\/td>\n<td width=\"481\">Volante<\/td>\n<\/tr>\n<tr>\n<td width=\"200\">10. Inspe\u00e7\u00e3o e Teste<\/td>\n<td width=\"481\">De acordo com DIN 3230<\/td>\n<\/tr>\n<tr>\n<td width=\"200\"><strong>envio<\/strong><\/td>\n<td width=\"481\"><\/td>\n<\/tr>\n<tr>\n<td width=\"200\">Prazo de entrega<\/td>\n<td width=\"481\">30 dias<\/td>\n<\/tr>\n<tr>\n<td width=\"200\">Pacote<\/td>\n<td width=\"481\">Caixa de madeira compensada de exporta\u00e7\u00e3o padr\u00e3o<\/td>\n<\/tr>\n<tr>\n<td width=\"200\">Porto de embarque<\/td>\n<td width=\"481\">Ningbo\/Xangai, China<\/td>\n<\/tr>\n<tr>\n<td width=\"200\">Termos de envio<\/td>\n<td width=\"481\">Exw, FOB, CFR, CIF, etc.<\/td>\n<\/tr>\n<tr>\n<td width=\"200\">Termos de pagamento<\/td>\n<td width=\"481\">T\/T, Western Union, PayPal, etc.<\/td>\n<\/tr>\n<tr>\n<td width=\"200\"><\/td>\n<td width=\"481\">Pr\u00e9-pagamento 30%, saldo 70% pago antes do envio<\/td>\n<\/tr>\n<tr>\n<td width=\"200\">Pa\u00eds de origem<\/td>\n<td width=\"481\">Cidade de Wenzhou, China<\/td>\n<\/tr>\n<tr>\n<td width=\"200\">Capacidade de produ\u00e7\u00e3o<\/td>\n<td width=\"481\">6.000 toneladas\/ano<\/td>\n<\/tr>\n<tr>\n<td width=\"200\">Quantidade m\u00ednima<\/td>\n<td width=\"481\">1 pe\u00e7a\/tamanho<\/td>\n<\/tr>\n<\/tbody>\n<\/table>","protected":false},"excerpt":{"rendered":"<p>Modelo:STV-WJ41Y-PN40-WCB-DN100<\/p>\n<p>A v\u00e1lvula globo de veda\u00e7\u00e3o de fole DIN para DIN EN \u00e9 aplic\u00e1vel ao corte e conex\u00e3o de tubula\u00e7\u00f5es m\u00e9dias que s\u00e3o usadas em diversas ind\u00fastrias, como ind\u00fastria qu\u00edmica de petr\u00f3leo, farm\u00e1cia, fertilizantes qu\u00edmicos, ind\u00fastria de energia el\u00e9trica, etc., sob press\u00e3o nominal de PN1.6-16MPa e funcionando temperatura de -29\u00b0C \u2013 350\u00b0C<\/p>\n<div class=\"woocommerce-product-details__short-description\">\n<p>STV Valve Technology Group Co., Ltd \u00e9 um l\u00edder profissional China V\u00e1lvula globo de veda\u00e7\u00e3o de fole, V\u00e1lvula globo de veda\u00e7\u00e3o de fole padr\u00e3o DIN, V\u00e1lvula globo de fole GG25, V\u00e1lvula de parada de fole DIN, V\u00e1lvula globo selada de fole Ansi 150LB com alta qualidade e pre\u00e7o competitivo.<\/p>\n<p>Entre em contato com nosso sales@stvvalve.com para outros materiais e detalhes.<\/p>\n<p>Folha de data:<a href=\"https:\/\/www.stvvalves.com\/wp-content\/uploads\/2019\/05\/DIN-Bellows-Seal-Globe-Valves-GG25-Body-PN16-DN250-drawing.pdf\">V\u00e1lvulas globo de veda\u00e7\u00e3o de fole DIN, corpo GG25, PN16, DN250<\/a><\/p>\n<\/div>\n<form class=\"cart\" action=\"https:\/\/www.stvvalves.com\/pt\/product\/1500lb-forged-steel-weld-bonnet-gate-valvea105n-bodydn50socket-weld-end\/\" enctype=\"multipart\/form-data\" method=\"post\" data-trp-original-action=\"https:\/\/www.stvvalves.com\/product\/1500lb-forged-steel-weld-bonnet-gate-valvea105n-bodydn50socket-weld-end\/\">\n<div class=\"wcpa_form_outer\"><\/div>\n<div class=\"quantity\"><\/div>\n<div class=\"addquotelistlink\">\n<div class=\"quotelistadd_prodpage\"><\/div>\n<\/div>\n<input type=\"hidden\" name=\"trp-form-language\" value=\"pt\"\/><\/form>","protected":false},"featured_media":4901,"template":"","meta":[],"product_brand":[],"product_cat":[65,45],"product_tag":[1011,915,1010,914,916],"class_list":{"0":"post-4898","1":"product","2":"type-product","3":"status-publish","4":"has-post-thumbnail","6":"product_cat-bellow-seal-globe-valve","7":"product_cat-globe-valve","8":"product_tag-ansi-150lb-bellow-sealed-globe-valve","9":"product_tag-bellows-seal-globe-valve","10":"product_tag-din-bellow-stop-valve","11":"product_tag-din-standard-bellows-seal-globe-valve","12":"product_tag-gg25-bellow-globe-valve","14":"first","15":"instock","16":"shipping-taxable","17":"product-type-simple"},"_links":{"self":[{"href":"https:\/\/www.stvvalves.com\/pt\/wp-json\/wp\/v2\/product\/4898","targetHints":{"allow":["GET"]}}],"collection":[{"href":"https:\/\/www.stvvalves.com\/pt\/wp-json\/wp\/v2\/product"}],"about":[{"href":"https:\/\/www.stvvalves.com\/pt\/wp-json\/wp\/v2\/types\/product"}],"wp:featuredmedia":[{"embeddable":true,"href":"https:\/\/www.stvvalves.com\/pt\/wp-json\/wp\/v2\/media\/4901"}],"wp:attachment":[{"href":"https:\/\/www.stvvalves.com\/pt\/wp-json\/wp\/v2\/media?parent=4898"}],"wp:term":[{"taxonomy":"product_brand","embeddable":true,"href":"https:\/\/www.stvvalves.com\/pt\/wp-json\/wp\/v2\/product_brand?post=4898"},{"taxonomy":"product_cat","embeddable":true,"href":"https:\/\/www.stvvalves.com\/pt\/wp-json\/wp\/v2\/product_cat?post=4898"},{"taxonomy":"product_tag","embeddable":true,"href":"https:\/\/www.stvvalves.com\/pt\/wp-json\/wp\/v2\/product_tag?post=4898"}],"curies":[{"name":"wp","href":"https:\/\/api.w.org\/{rel}","templated":true}]}}