{"id":4919,"date":"2019-06-06T03:25:50","date_gmt":"2019-06-06T03:25:50","guid":{"rendered":"https:\/\/www.stvvalves.com\/?post_type=product&#038;p=4919"},"modified":"2025-02-17T18:31:51","modified_gmt":"2025-02-17T10:31:51","slug":"api-603-300lb-swing-check-valve-cf8-body-18-inch-flange-end","status":"publish","type":"product","link":"https:\/\/www.stvvalves.com\/pt\/products\/api-603-300lb-swing-check-valve-cf8-body-18-inch-flange-end\/","title":{"rendered":"V\u00e1lvula de reten\u00e7\u00e3o girat\u00f3ria API 603 300LB, corpo CF8, 18 polegadas, extremidade do flange"},"content":{"rendered":"<p><!--StartFragment --><\/p>\n<div>V\u00e1lvula de reten\u00e7\u00e3o girat\u00f3ria API 603 300LB, corpo CF8, 18 polegadas, extremidade do flange<\/div>\n<div>V\u00c1LVULA DE RETEN\u00c7\u00c3O DE SWING CLASSE 150~1500 Tampa aparafusada, disco tipo swing<br \/>\nAnel de sede rosqueado ou soldado<br \/>\nASTM A216 WCB, A217 WC6, A351CF8, A351CF8M,<br \/>\nA351 CF3, A351 CF3M, A351 CN7M<br \/>\nConformidade com padr\u00f5es<br \/>\nProjeto e Fabrica\u00e7\u00e3o: ANSIB16.34,API6D,BS11868<br \/>\nCara a cara (ponta a ponta): ANSIB16.10,API6D<br \/>\nConex\u00e3o flangeada: 2~~24~para ANSIB16.5\uff3f<br \/>\n2~,26~~36~para MSS-SP-44;~para API605 mediante solicita\u00e7\u00e3o<br \/>\nExtremidade soldada: ANSIB16.25<br \/>\nTeste e inspe\u00e7\u00e3o: API598,API6D<\/p>\n<div id=\"attachment_4920\" style=\"width: 2348px\" class=\"wp-caption alignleft\"><img loading=\"lazy\" decoding=\"async\" aria-describedby=\"caption-attachment-4920\" class=\"size-full wp-image-4920\" src=\"https:\/\/www.stvvalves.com\/wp-content\/uploads\/2019\/06\/api-603-300lb-swing-check-valve-cf8-body-18-inch-flange-end-drawing.jpg\" alt=\"\" width=\"2338\" height=\"1653\" srcset=\"https:\/\/www.stvvalves.com\/wp-content\/uploads\/2019\/06\/api-603-300lb-swing-check-valve-cf8-body-18-inch-flange-end-drawing.jpg 2338w, https:\/\/www.stvvalves.com\/wp-content\/uploads\/2019\/06\/api-603-300lb-swing-check-valve-cf8-body-18-inch-flange-end-drawing-600x424.jpg 600w, https:\/\/www.stvvalves.com\/wp-content\/uploads\/2019\/06\/api-603-300lb-swing-check-valve-cf8-body-18-inch-flange-end-drawing-300x212.jpg 300w, https:\/\/www.stvvalves.com\/wp-content\/uploads\/2019\/06\/api-603-300lb-swing-check-valve-cf8-body-18-inch-flange-end-drawing-768x543.jpg 768w, https:\/\/www.stvvalves.com\/wp-content\/uploads\/2019\/06\/api-603-300lb-swing-check-valve-cf8-body-18-inch-flange-end-drawing-1030x728.jpg 1030w, https:\/\/www.stvvalves.com\/wp-content\/uploads\/2019\/06\/api-603-300lb-swing-check-valve-cf8-body-18-inch-flange-end-drawing-1500x1061.jpg 1500w, https:\/\/www.stvvalves.com\/wp-content\/uploads\/2019\/06\/api-603-300lb-swing-check-valve-cf8-body-18-inch-flange-end-drawing-260x185.jpg 260w, https:\/\/www.stvvalves.com\/wp-content\/uploads\/2019\/06\/api-603-300lb-swing-check-valve-cf8-body-18-inch-flange-end-drawing-705x498.jpg 705w\" sizes=\"auto, (max-width: 2338px) 100vw, 2338px\" \/><p id=\"caption-attachment-4920\" class=\"wp-caption-text\">V\u00e1lvula de reten\u00e7\u00e3o de a\u00e7o inoxid\u00e1vel, v\u00e1lvula de reten\u00e7\u00e3o oscilante API 603, v\u00e1lvula de reten\u00e7\u00e3o oscilante 300LB, v\u00e1lvula de reten\u00e7\u00e3o oscilante de flange de 18 polegadas, fabricante de v\u00e1lvula de reten\u00e7\u00e3o China 316<\/p><\/div>\n<\/div>","protected":false},"excerpt":{"rendered":"<div class=\"woocommerce-product-details__short-description\">\n<p>Modelo:STV-H44H-300LB-CF8-18\u2033<\/p>\n<p>As v\u00e1lvulas de reten\u00e7\u00e3o padr\u00e3o API 603 s\u00e3o usadas em tubula\u00e7\u00f5es Classe 150-300, PN2.0-5.0 MPa, com temperatura de trabalho de 29-500 C para cortar ou conectar o meio na tubula\u00e7\u00e3o. Diferentes materiais podem ser usados em \u00e1cido n\u00edtrico, \u00e1cido ac\u00e9tico, meio oxidante, ur\u00e9ia e outros meios corrosivos. Eles tamb\u00e9m podem ser usados em \u00e1gua, vapor, \u00f3leo e outros meios n\u00e3o corrosivos ou corrosivos fracos.<\/p>\n<p>STV Valve Technology Group Co., Ltd \u00e9 um l\u00edder profissional China V\u00e1lvula de reten\u00e7\u00e3o de a\u00e7o inoxid\u00e1vel, V\u00e1lvula de reten\u00e7\u00e3o oscilante API 603, V\u00e1lvula de reten\u00e7\u00e3o oscilante 300LB, V\u00e1lvula de reten\u00e7\u00e3o oscilante de flange de 18 polegadas, Fabricante de v\u00e1lvula de reten\u00e7\u00e3o China 316 com alta qualidade e pre\u00e7o competitivo.<\/p>\n<p>Entre em contato com nosso sales@stvvalve.com para outros materiais e detalhes.<\/p>\n<p>Folha de data:<a href=\"http:\/\/api-603-300lb-swing-check-valve-cf8-body-18-inch-flange-end-drawing\">V\u00e1lvula de reten\u00e7\u00e3o girat\u00f3ria API 603 300LB, corpo CF8, 18 polegadas, extremidade do flange<\/a><\/p>\n<\/div>","protected":false},"featured_media":4923,"template":"","meta":[],"product_brand":[],"product_cat":[46,67],"product_tag":[926,925,927,924,633],"class_list":{"0":"post-4919","1":"product","2":"type-product","3":"status-publish","4":"has-post-thumbnail","6":"product_cat-check-valves","7":"product_cat-stainless-steel-check-valve","8":"product_tag-18-inch-flange-swing-check-valve","9":"product_tag-300lb-swing-check-valve","10":"product_tag-316-check-valve-manufacturer","11":"product_tag-api-603-swing-check-valve","12":"product_tag-stainless-steel-check-valve","14":"first","15":"instock","16":"shipping-taxable","17":"product-type-simple"},"_links":{"self":[{"href":"https:\/\/www.stvvalves.com\/pt\/wp-json\/wp\/v2\/product\/4919","targetHints":{"allow":["GET"]}}],"collection":[{"href":"https:\/\/www.stvvalves.com\/pt\/wp-json\/wp\/v2\/product"}],"about":[{"href":"https:\/\/www.stvvalves.com\/pt\/wp-json\/wp\/v2\/types\/product"}],"wp:featuredmedia":[{"embeddable":true,"href":"https:\/\/www.stvvalves.com\/pt\/wp-json\/wp\/v2\/media\/4923"}],"wp:attachment":[{"href":"https:\/\/www.stvvalves.com\/pt\/wp-json\/wp\/v2\/media?parent=4919"}],"wp:term":[{"taxonomy":"product_brand","embeddable":true,"href":"https:\/\/www.stvvalves.com\/pt\/wp-json\/wp\/v2\/product_brand?post=4919"},{"taxonomy":"product_cat","embeddable":true,"href":"https:\/\/www.stvvalves.com\/pt\/wp-json\/wp\/v2\/product_cat?post=4919"},{"taxonomy":"product_tag","embeddable":true,"href":"https:\/\/www.stvvalves.com\/pt\/wp-json\/wp\/v2\/product_tag?post=4919"}],"curies":[{"name":"wp","href":"https:\/\/api.w.org\/{rel}","templated":true}]}}