{"id":4942,"date":"2019-06-10T07:38:56","date_gmt":"2019-06-10T07:38:56","guid":{"rendered":"https:\/\/www.stvvalves.com\/?post_type=product&#038;p=4942"},"modified":"2026-01-17T20:46:07","modified_gmt":"2026-01-17T12:46:07","slug":"single-check-valve-pn16-f316-body-316-ptfe-trim-wafer-type","status":"publish","type":"product","link":"https:\/\/www.stvvalves.com\/pt\/products\/single-check-valve-pn16-f316-body-316-ptfe-trim-wafer-type\/","title":{"rendered":"\u00danica v\u00e1lvula de verifica\u00e7\u00e3o PN16, corpo F316, 316, guarni\u00e7\u00e3o de PTFE, tipo bolacha"},"content":{"rendered":"<p>Projeto e fabrica\u00e7\u00e3o:API594,API 6D<br \/>\nCara a cara e de ponta a ponta: API594, API6D, DIN3202<br \/>\nClassifica\u00e7\u00e3o de press\u00e3o-temperatura: ASME B16.34, DIN2410<br \/>\nInspe\u00e7\u00e3o e teste: API598<br \/>\nFlange do tubo: ASME B16.5,DIN2543~2548,GB\/T13402,API605,ASME B16.47.<\/p>\n<p>Gama de Produtos<\/p>\n<p>Material do corpo: a\u00e7o carbono, a\u00e7o inoxid\u00e1vel, liga de a\u00e7o, bronze<\/p>\n<p>Di\u00e2metro nominal:1\/2\u2033~48\u2033(DN15~DN1200)<\/p>\n<p>Conex\u00e3o final: RF, RTJ<\/p>\n<p>Faixa de press\u00e3o: Classe150~900(PN16~PN150)<\/p>\n<p>Temperatura de trabalho:-196\u2103~+560\u2103<\/p>\n<p>Entre em contato com nossas vendas para outros materiais e detalhes.<\/p>\n<table>\n<tbody>\n<tr>\n<td width=\"200\"><strong>Nome do Produto<\/strong><\/td>\n<td width=\"481\">\u00danica v\u00e1lvula de verifica\u00e7\u00e3o PN16, corpo F316, 316, guarni\u00e7\u00e3o de PTFE, tipo bolacha<\/td>\n<\/tr>\n<tr>\n<td width=\"200\">1. Materiais<\/td>\n<td width=\"481\">F316<\/td>\n<\/tr>\n<tr>\n<td width=\"200\">2. Tamanho<\/td>\n<td width=\"481\">4\u201d<\/td>\n<\/tr>\n<tr>\n<td width=\"200\">4. Porto<\/td>\n<td width=\"481\">Porto completo<\/td>\n<\/tr>\n<tr>\n<td width=\"200\">5. Press\u00e3o de Trabalho<\/td>\n<td width=\"481\">PN16<\/td>\n<\/tr>\n<tr>\n<td width=\"200\">6. Fim da conex\u00e3o<\/td>\n<td width=\"481\">RF<\/td>\n<\/tr>\n<tr>\n<td width=\"200\">7. Temperatura de trabalho.<\/td>\n<td width=\"481\">-29~120\u00baC,<\/td>\n<\/tr>\n<tr>\n<td width=\"200\">8. Meio Adequado<\/td>\n<td width=\"481\">\u00c1gua, G\u00e1s Natural, Petr\u00f3leo e algum l\u00edquido corrosivo<\/td>\n<\/tr>\n<tr>\n<td width=\"200\">9. Operado<\/td>\n<td width=\"481\">\/<\/td>\n<\/tr>\n<tr>\n<td width=\"200\">10. Inspe\u00e7\u00e3o e Teste<\/td>\n<td width=\"481\">De acordo com API598<\/td>\n<\/tr>\n<tr>\n<td width=\"200\"><strong>envio<\/strong><\/td>\n<td width=\"481\"><\/td>\n<\/tr>\n<tr>\n<td width=\"200\">Prazo de entrega<\/td>\n<td width=\"481\">30 dias<\/td>\n<\/tr>\n<tr>\n<td width=\"200\">Pacote<\/td>\n<td width=\"481\">Caixa de madeira compensada de exporta\u00e7\u00e3o padr\u00e3o<\/td>\n<\/tr>\n<tr>\n<td width=\"200\">Porto de embarque<\/td>\n<td width=\"481\">Ningbo\/Xangai, China<\/td>\n<\/tr>\n<tr>\n<td width=\"200\">Termos de envio<\/td>\n<td width=\"481\">Exw, FOB, CFR, CIF, etc.<\/td>\n<\/tr>\n<tr>\n<td width=\"200\">Termos de pagamento<\/td>\n<td width=\"481\">T\/T, Western Union, PayPal, etc.<\/td>\n<\/tr>\n<tr>\n<td width=\"200\"><\/td>\n<td width=\"481\">Pr\u00e9-pagamento 30%, saldo 70% pago antes do envio<\/td>\n<\/tr>\n<tr>\n<td width=\"200\">Pa\u00eds de origem<\/td>\n<td width=\"481\">Cidade de Wenzhou, China<\/td>\n<\/tr>\n<tr>\n<td width=\"200\">Capacidade de produ\u00e7\u00e3o<\/td>\n<td width=\"481\">6.000 toneladas\/ano<\/td>\n<\/tr>\n<tr>\n<td width=\"200\">Quantidade m\u00ednima<\/td>\n<td width=\"481\">1 pe\u00e7a\/tamanho<\/td>\n<\/tr>\n<\/tbody>\n<\/table>","protected":false},"excerpt":{"rendered":"<h1 class=\"product_title entry-title\">Modelo:STV-H74S-PN16-F316-3\u2033<\/h1>\n<div class=\"woocommerce-product-details__short-description\">\n<p>Nossa v\u00e1lvula de reten\u00e7\u00e3o \u00fanica PN16 \u00e9 uma v\u00e1lvula de reten\u00e7\u00e3o ultrafina, que tem as vantagens de estrutura simples, apar\u00eancia bonita, peso leve e instala\u00e7\u00e3o conveniente. As v\u00e1lvulas de reten\u00e7\u00e3o finas s\u00e3o adequadas principalmente para sistemas de abastecimento de \u00e1gua, petr\u00f3leo, produtos qu\u00edmicos, metal\u00fargicos e outros setores industriais, onde o espa\u00e7o de instala\u00e7\u00e3o \u00e9 limitado.<\/p>\n<p>STV Valve Technology Group Co., Ltd \u00e9 um l\u00edder profissional China V\u00e1lvula de reten\u00e7\u00e3o \u00fanica fina, V\u00e1lvula de reten\u00e7\u00e3o oscilante de disco \u00fanico, V\u00e1lvula de reten\u00e7\u00e3o \u00fanica fina de a\u00e7o forjado, V\u00e1lvula de reten\u00e7\u00e3o wafer, V\u00e1lvula de reten\u00e7\u00e3o \u00fanica fina PN16, V\u00e1lvula de reten\u00e7\u00e3o de a\u00e7o inoxid\u00e1vel. com alta qualidade e pre\u00e7o competitivo.<\/p>\n<p>Entre em contato com nosso sales@stvvalve.com para outros materiais e detalhes.<\/p>\n<p>Folha de data:\u00a0<a href=\"https:\/\/www.stvvalves.com\/wp-content\/uploads\/2019\/06\/Single-Check-Valve-PN16-F316-Body-316-PTFE-Trim-Wafer-Type-Drawing.pdf\">\u00danica v\u00e1lvula de verifica\u00e7\u00e3o PN16, corpo F316, 316, guarni\u00e7\u00e3o de PTFE, tipo bolacha<\/a><\/p>\n<\/div>","protected":false},"featured_media":4943,"template":"","meta":[],"product_brand":[],"product_cat":[46,84],"product_tag":[226,932,933,330,931,633,225],"class_list":{"0":"post-4942","1":"product","2":"type-product","3":"status-publish","4":"has-post-thumbnail","6":"product_cat-check-valves","7":"product_cat-wafer-check-valve","8":"product_tag-dual-check-valve","9":"product_tag-forged-steel-single-thin-check-valve","10":"product_tag-pn16-single-thin-check-valve","11":"product_tag-single-disc-swing-check-valve","12":"product_tag-single-thin-check-valve","13":"product_tag-stainless-steel-check-valve","14":"product_tag-wafer-check-valve","16":"first","17":"instock","18":"shipping-taxable","19":"product-type-simple"},"_links":{"self":[{"href":"https:\/\/www.stvvalves.com\/pt\/wp-json\/wp\/v2\/product\/4942","targetHints":{"allow":["GET"]}}],"collection":[{"href":"https:\/\/www.stvvalves.com\/pt\/wp-json\/wp\/v2\/product"}],"about":[{"href":"https:\/\/www.stvvalves.com\/pt\/wp-json\/wp\/v2\/types\/product"}],"wp:featuredmedia":[{"embeddable":true,"href":"https:\/\/www.stvvalves.com\/pt\/wp-json\/wp\/v2\/media\/4943"}],"wp:attachment":[{"href":"https:\/\/www.stvvalves.com\/pt\/wp-json\/wp\/v2\/media?parent=4942"}],"wp:term":[{"taxonomy":"product_brand","embeddable":true,"href":"https:\/\/www.stvvalves.com\/pt\/wp-json\/wp\/v2\/product_brand?post=4942"},{"taxonomy":"product_cat","embeddable":true,"href":"https:\/\/www.stvvalves.com\/pt\/wp-json\/wp\/v2\/product_cat?post=4942"},{"taxonomy":"product_tag","embeddable":true,"href":"https:\/\/www.stvvalves.com\/pt\/wp-json\/wp\/v2\/product_tag?post=4942"}],"curies":[{"name":"wp","href":"https:\/\/api.w.org\/{rel}","templated":true}]}}