{"id":4959,"date":"2019-06-11T02:45:26","date_gmt":"2019-06-11T02:45:26","guid":{"rendered":"https:\/\/www.stvvalves.com\/?post_type=product&#038;p=4959"},"modified":"2025-02-17T18:31:48","modified_gmt":"2025-02-17T10:31:48","slug":"pn16-cast-iron-y-strainer-bs-en-1092-2-flanged-end","status":"publish","type":"product","link":"https:\/\/www.stvvalves.com\/pt\/products\/pn16-cast-iron-y-strainer-bs-en-1092-2-flanged-end\/","title":{"rendered":"Filtro em Y de ferro fundido PN16, BS EN 1092-2, extremidade flangeada"},"content":{"rendered":"<p>Filtro em Y de ferro fundido PN16, BS EN 1092-2, extremidade flangeada<br \/>\nTamanho: 1\/2 a 12 polegadas<br \/>\nPadr\u00e3o de teste: API 598<br \/>\nCorpo e cap\u00f4: ferro fundido<br \/>\nTela de malha: a\u00e7o inoxid\u00e1vel<br \/>\nPress\u00e3o nominal: PN1.0\/1,6mPa<br \/>\nDisco: ferro fundido, ferro d\u00factil e borracha<br \/>\n\u00c1gua, vapor e \u00f3leo como meio adequado<br \/>\nParafuso e porca: a\u00e7o carbono com zincagem<br \/>\nPadr\u00e3o: ANSI, DIN3202-F1 e BS2080<br \/>\nFiltro tipo Y de ferro fundido, filtros Y de ferro fundido<br \/>\nDimens\u00e3o: ANSI B16.1, DIN3202-F1 e BS2080<br \/>\nO flange perfurado est\u00e1 de acordo com ANSI B16.1, ANSI B16.5, DIN 2501 e BS4504<\/p>\n<table>\n<tbody>\n<tr>\n<td width=\"200\"><strong>Nome do Produto<\/strong><\/td>\n<td width=\"481\">Filtro em Y de ferro fundido PN16, BS EN 1092-2, extremidade flangeada<\/td>\n<\/tr>\n<tr>\n<td width=\"200\">1. Materiais<\/td>\n<td width=\"481\">IC<\/td>\n<\/tr>\n<tr>\n<td width=\"200\">2. Tamanho<\/td>\n<td width=\"481\">3\u201d<\/td>\n<\/tr>\n<tr>\n<td width=\"200\">4. Porto<\/td>\n<td width=\"481\">Porto completo<\/td>\n<\/tr>\n<tr>\n<td width=\"200\">5. Press\u00e3o de Trabalho<\/td>\n<td width=\"481\">PN16<\/td>\n<\/tr>\n<tr>\n<td width=\"200\">6. Fim da conex\u00e3o<\/td>\n<td width=\"481\">RF<\/td>\n<\/tr>\n<tr>\n<td width=\"200\">7. Temperatura de trabalho.<\/td>\n<td width=\"481\">-29~200\u00baC,<\/td>\n<\/tr>\n<tr>\n<td width=\"200\">8. Meio Adequado<\/td>\n<td width=\"481\">\u00c1gua, G\u00e1s Natural, Petr\u00f3leo e algum l\u00edquido corrosivo<\/td>\n<\/tr>\n<tr>\n<td width=\"200\">9. Operado<\/td>\n<td width=\"481\">\/<\/td>\n<\/tr>\n<tr>\n<td width=\"200\">10. Inspe\u00e7\u00e3o e Teste<\/td>\n<td width=\"481\">De acordo com API598<\/td>\n<\/tr>\n<tr>\n<td width=\"200\"><strong>envio<\/strong><\/td>\n<td width=\"481\"><\/td>\n<\/tr>\n<tr>\n<td width=\"200\">Prazo de entrega<\/td>\n<td width=\"481\">30 dias<\/td>\n<\/tr>\n<tr>\n<td width=\"200\">Pacote<\/td>\n<td width=\"481\">Caixa de madeira compensada de exporta\u00e7\u00e3o padr\u00e3o<\/td>\n<\/tr>\n<tr>\n<td width=\"200\">Porto de embarque<\/td>\n<td width=\"481\">Ningbo\/Xangai, China<\/td>\n<\/tr>\n<tr>\n<td width=\"200\">Termos de envio<\/td>\n<td width=\"481\">Exw, FOB, CFR, CIF, etc.<\/td>\n<\/tr>\n<tr>\n<td width=\"200\">Termos de pagamento<\/td>\n<td width=\"481\">T\/T, Western Union, PayPal, etc.<\/td>\n<\/tr>\n<tr>\n<td width=\"200\"><\/td>\n<td width=\"481\">Pr\u00e9-pagamento 30%, saldo 70% pago antes do envio<\/td>\n<\/tr>\n<tr>\n<td width=\"200\">Pa\u00eds de origem<\/td>\n<td width=\"481\">Cidade de Wenzhou, China<\/td>\n<\/tr>\n<tr>\n<td width=\"200\">Capacidade de produ\u00e7\u00e3o<\/td>\n<td width=\"481\">6.000 toneladas\/ano<\/td>\n<\/tr>\n<tr>\n<td width=\"200\">Quantidade m\u00ednima<\/td>\n<td width=\"481\">1 pe\u00e7a\/tamanho<\/td>\n<\/tr>\n<\/tbody>\n<\/table>","protected":false},"excerpt":{"rendered":"<p>Modelo:GL41H-PN16-DI-4\u2033<\/p>\n<p>Filtro Y de ferro fundido PN16, material do corpo do filtro tipo Y de ferro fundido \u00e9 ferro cinza, adequado para \u00e1gua, vapor, produtos petrol\u00edferos, tamanho nominal DN32-DN500, usado para tubula\u00e7\u00e3o de press\u00e3o de trabalho de 1,0 MPa, sujeira m\u00e9dia filtr\u00e1vel, ferrugem e outras impurezas. Quando o filtro de ferro fundido precisa de limpeza, desde que o cartucho filtrante remov\u00edvel seja retirado, as impurezas filtradas s\u00e3o removidas e recarregadas, o uso e a manuten\u00e7\u00e3o s\u00e3o muito convenientes. O filtro \u00e9 pequeno em tamanho, pequeno em tamanho, pequeno em resist\u00eancia, alto efeito, f\u00e1cil de instalar e reparar, baixo custo e curto tempo de drenagem. Leva apenas 5 a 10 minutos para filtros de tamanho pequeno. A rede geral de abastecimento de \u00e1gua \u00e9 de 18-30 mesh\/cm2, a rede de ventila\u00e7\u00e3o \u00e9 de 40-100 mesh\/cm2 e a rede de abastecimento de petr\u00f3leo \u00e9 de 100-300 mesh\/cm2.<\/p>\n<p>STV Valve Technology Group Co., Ltd \u00e9 um l\u00edder profissional China Filtro tipo Y de ferro fundido flangeado PN16, filtro tipo flange Y, filtro Y de ferro fundido, filtro DIN Y, fabricante de ferro fundido com flange Y-filtro com alta qualidade e pre\u00e7o competitivo.<\/p>\n<p>Entre em contato com nosso sales@stvvalve.com para outros materiais e mais detalhes.<\/p>\n<p>Folha de data:<a href=\"https:\/\/www.stvvalves.com\/wp-content\/uploads\/2019\/06\/pn16-cast-iron-y-strainer-bs-en-1092-2-flanged-end-drawing.pdf\">Filtro em Y de ferro fundido PN16, BS EN 1092-2, extremidade flangeada<\/a><\/p>","protected":false},"featured_media":4961,"template":"","meta":[],"product_brand":[],"product_cat":[72,48],"product_tag":[943,942,944,945],"class_list":{"0":"post-4959","1":"product","2":"type-product","3":"status-publish","4":"has-post-thumbnail","6":"product_cat-cast-steel-y-type-strainer","7":"product_cat-y-strainer","8":"product_tag-cast-iron-y-strainer","9":"product_tag-cast-iron-y-type-strainer-flanged-pn16","10":"product_tag-din-y-strainer","11":"product_tag-y-strainer-flange-cast-iron","13":"first","14":"instock","15":"shipping-taxable","16":"product-type-simple"},"_links":{"self":[{"href":"https:\/\/www.stvvalves.com\/pt\/wp-json\/wp\/v2\/product\/4959","targetHints":{"allow":["GET"]}}],"collection":[{"href":"https:\/\/www.stvvalves.com\/pt\/wp-json\/wp\/v2\/product"}],"about":[{"href":"https:\/\/www.stvvalves.com\/pt\/wp-json\/wp\/v2\/types\/product"}],"wp:featuredmedia":[{"embeddable":true,"href":"https:\/\/www.stvvalves.com\/pt\/wp-json\/wp\/v2\/media\/4961"}],"wp:attachment":[{"href":"https:\/\/www.stvvalves.com\/pt\/wp-json\/wp\/v2\/media?parent=4959"}],"wp:term":[{"taxonomy":"product_brand","embeddable":true,"href":"https:\/\/www.stvvalves.com\/pt\/wp-json\/wp\/v2\/product_brand?post=4959"},{"taxonomy":"product_cat","embeddable":true,"href":"https:\/\/www.stvvalves.com\/pt\/wp-json\/wp\/v2\/product_cat?post=4959"},{"taxonomy":"product_tag","embeddable":true,"href":"https:\/\/www.stvvalves.com\/pt\/wp-json\/wp\/v2\/product_tag?post=4959"}],"curies":[{"name":"wp","href":"https:\/\/api.w.org\/{rel}","templated":true}]}}