{"id":4976,"date":"2019-06-26T07:55:08","date_gmt":"2019-06-26T07:55:08","guid":{"rendered":"https:\/\/www.stvvalves.com\/?post_type=product&#038;p=4976"},"modified":"2025-02-17T18:31:38","modified_gmt":"2025-02-17T10:31:38","slug":"astm-a217-wc6-globe-valve-600lb-dn100-rtj-flange-end","status":"publish","type":"product","link":"https:\/\/www.stvvalves.com\/pt\/products\/astm-a217-wc6-globe-valve-600lb-dn100-rtj-flange-end\/","title":{"rendered":"V\u00e1lvula globo ASTM A217 WC6, 600LB, DN100, extremidade do flange RTJ"},"content":{"rendered":"<p>Projeto conforme ASME B16.34<br \/>\nPresencial\/ponta a ponta: ASME B16.10<br \/>\nDimens\u00f5es do flange: ASME B16.5<br \/>\nExtremidade da solda: ASME B.16.25<br \/>\nProjeto B\u00e1sico: BS 1873<br \/>\nTestando para API 598<\/p>\n<p>Tamanho: 2\u2033~60\u201d<\/p>\n<p>Classifica\u00e7\u00e3o de press\u00e3o: Classe 150-2500LB<\/p>\n<p>Material do corpo: ASTM A216 WCB, A217 WC6, A351 CF8, A351 CF8M,<\/p>\n<p>A351 CF3, A351 CF3M, A351 CN7M etc.<\/p>\n<p>Conex\u00e3o final: RF, RTJ, BW<\/p>\n<p>Temperatura de trabalho:-29\u00b0C~650\u00b0C<\/p>\n<p>Opera\u00e7\u00e3o: volante, caixa de engrenagens, el\u00e9trica, etc.<\/p>\n<div id=\"attachment_4977\" style=\"width: 2209px\" class=\"wp-caption alignleft\"><img loading=\"lazy\" decoding=\"async\" aria-describedby=\"caption-attachment-4977\" class=\"size-full wp-image-4977\" src=\"https:\/\/www.stvvalves.com\/wp-content\/uploads\/2019\/06\/ASTM-A217-WC6-Globe-Valve-600LB-DN100-RTJ-Flange-End-Drawing.jpg\" alt=\"\" width=\"2199\" height=\"1700\" srcset=\"https:\/\/www.stvvalves.com\/wp-content\/uploads\/2019\/06\/ASTM-A217-WC6-Globe-Valve-600LB-DN100-RTJ-Flange-End-Drawing.jpg 2199w, https:\/\/www.stvvalves.com\/wp-content\/uploads\/2019\/06\/ASTM-A217-WC6-Globe-Valve-600LB-DN100-RTJ-Flange-End-Drawing-600x464.jpg 600w, https:\/\/www.stvvalves.com\/wp-content\/uploads\/2019\/06\/ASTM-A217-WC6-Globe-Valve-600LB-DN100-RTJ-Flange-End-Drawing-300x232.jpg 300w, https:\/\/www.stvvalves.com\/wp-content\/uploads\/2019\/06\/ASTM-A217-WC6-Globe-Valve-600LB-DN100-RTJ-Flange-End-Drawing-768x594.jpg 768w, https:\/\/www.stvvalves.com\/wp-content\/uploads\/2019\/06\/ASTM-A217-WC6-Globe-Valve-600LB-DN100-RTJ-Flange-End-Drawing-1030x796.jpg 1030w, https:\/\/www.stvvalves.com\/wp-content\/uploads\/2019\/06\/ASTM-A217-WC6-Globe-Valve-600LB-DN100-RTJ-Flange-End-Drawing-1500x1160.jpg 1500w, https:\/\/www.stvvalves.com\/wp-content\/uploads\/2019\/06\/ASTM-A217-WC6-Globe-Valve-600LB-DN100-RTJ-Flange-End-Drawing-705x545.jpg 705w\" sizes=\"auto, (max-width: 2199px) 100vw, 2199px\" \/><p id=\"caption-attachment-4977\" class=\"wp-caption-text\">China V\u00e1lvulas globo Astm A217 Wc6, V\u00e1lvula globo de a\u00e7o fundido BS1873 API 600, V\u00e1lvula globo de extremidade de flange RTJ, V\u00e1lvula globo 600LB WC6, V\u00e1lvula globo flangeada Fabricante<\/p><\/div>","protected":false},"excerpt":{"rendered":"<p>Modelo:STV-J41H-600LB-4\u2033-WC6<br \/>\nA v\u00e1lvula globo ASTM A217 WC6 \u00e9 adequada para cortar ou conectar o meio na tubula\u00e7\u00e3o de v\u00e1rias condi\u00e7\u00f5es de trabalho, como ind\u00fastrias de petr\u00f3leo, qu\u00edmica, farmac\u00eautica, fertilizantes e energia el\u00e9trica com press\u00e3o nominal PN1.6 ~ 16,0 MPa e temperatura de trabalho -29 ~ 550 \u00b0 C. Meio aplic\u00e1vel: \u00e1gua, \u00f3leo, vapor, meio \u00e1cido, etc. Os modos de opera\u00e7\u00e3o s\u00e3o: manual, transmiss\u00e3o por engrenagem, el\u00e9trico, pneum\u00e1tico e assim por diante.<\/p>\n<p>STV Valve Technology Group Co., Ltd \u00e9 um l\u00edder profissional China V\u00e1lvulas globo Astm A217 Wc6, V\u00e1lvula globo de a\u00e7o fundido BS1873 API 600, V\u00e1lvula globo de extremidade de flange RTJ, V\u00e1lvula globo 600LB WC6, Fabricante de v\u00e1lvula globo flangeada com alta qualidade e pre\u00e7o competitivo.<\/p>\n<p>Entre em contato com nosso sales@stvvalve.com para outros materiais e detalhes.<\/p>\n<p>Folha de data:<a href=\"https:\/\/www.stvvalves.com\/wp-content\/uploads\/2019\/06\/ASTM-A217-WC6-Globe-Valve-600LB-DN100-RTJ-Flange-End-Drawing.pdf\">V\u00e1lvula globo ASTM A217 WC6, 600LB, DN100, extremidade do flange RTJ<\/a><\/p>","protected":false},"featured_media":4979,"template":"","meta":[],"product_brand":[],"product_cat":[48],"product_tag":[959,956,957,960,958],"class_list":{"0":"post-4976","1":"product","2":"type-product","3":"status-publish","4":"has-post-thumbnail","6":"product_cat-y-strainer","7":"product_tag-600lb-wc6-globe-valve","8":"product_tag-astm-a217-wc6-globe-valves","9":"product_tag-bs1873-api-600-cast-steel-globe-valve","10":"product_tag-flanged-globe-valve-manufacturer","11":"product_tag-rtj-flange-end-globe-valve","13":"first","14":"instock","15":"shipping-taxable","16":"product-type-simple"},"_links":{"self":[{"href":"https:\/\/www.stvvalves.com\/pt\/wp-json\/wp\/v2\/product\/4976","targetHints":{"allow":["GET"]}}],"collection":[{"href":"https:\/\/www.stvvalves.com\/pt\/wp-json\/wp\/v2\/product"}],"about":[{"href":"https:\/\/www.stvvalves.com\/pt\/wp-json\/wp\/v2\/types\/product"}],"wp:featuredmedia":[{"embeddable":true,"href":"https:\/\/www.stvvalves.com\/pt\/wp-json\/wp\/v2\/media\/4979"}],"wp:attachment":[{"href":"https:\/\/www.stvvalves.com\/pt\/wp-json\/wp\/v2\/media?parent=4976"}],"wp:term":[{"taxonomy":"product_brand","embeddable":true,"href":"https:\/\/www.stvvalves.com\/pt\/wp-json\/wp\/v2\/product_brand?post=4976"},{"taxonomy":"product_cat","embeddable":true,"href":"https:\/\/www.stvvalves.com\/pt\/wp-json\/wp\/v2\/product_cat?post=4976"},{"taxonomy":"product_tag","embeddable":true,"href":"https:\/\/www.stvvalves.com\/pt\/wp-json\/wp\/v2\/product_tag?post=4976"}],"curies":[{"name":"wp","href":"https:\/\/api.w.org\/{rel}","templated":true}]}}