{"id":5098,"date":"2019-07-15T06:39:02","date_gmt":"2019-07-15T06:39:02","guid":{"rendered":"https:\/\/www.stvvalves.com\/?post_type=product&#038;p=5098"},"modified":"2025-02-17T18:31:37","modified_gmt":"2025-02-17T10:31:37","slug":"astm-a192-seamless-steel-pipe","status":"publish","type":"product","link":"https:\/\/www.stvvalves.com\/pt\/products\/astm-a192-seamless-steel-pipe\/","title":{"rendered":"ASTM A192 Seamless Steel Pipe"},"content":{"rendered":"<p>Tubo sem costura, a\u00e7o carbono, comprimento fixo de 6 metros. OD60,3 mm x 3,4 mm x 12 m.<\/p>\n<p>Espessura:38 \u2013 38,1mm<\/p>\n<p>Formato da se\u00e7\u00e3o: redondo<\/p>\n<p>Di\u00e2metro externo (redondo): 228,5 \u2013 228,6 mm<\/p>\n<p>Lugar de Origem:China<\/p>\n<p>Aplica\u00e7\u00e3o: Tubo de \u00d3leo<\/p>\n<p>T\u00e9cnica: laminado a quente<\/p>\n<p>Certifica\u00e7\u00e3o: API<\/p>\n<p>Tratamento de Superf\u00edcie:Galvanizado<\/p>\n<p>Comprimento: 6m, 5,8 m, 11,8 m, 12 m ou conforme necess\u00e1rio<\/p>\n<p>Detalhes da embalagem: Pacote padr\u00e3o de exporta\u00e7\u00e3o em condi\u00e7\u00f5es de navegar ou conforme necess\u00e1rio.<\/p>\n<p>Espessura da parede: 1,5 polegadas<\/p>","protected":false},"excerpt":{"rendered":"<p>China\u00a0<a href=\"https:\/\/www.stvvalves.com\/pt\/wholesale\/carbon-steel-pipe-and-stainless-steel-pipe\/\">Tubo de a\u00e7o carbono<\/a> A v\u00e1lvula STV do fabricante fornece ASTM A192, tubo de a\u00e7o sem costura, extremidade PE, OD60,3 mm x 3,4 mm x 12 m.<\/p>","protected":false},"featured_media":5099,"template":"","meta":[],"product_brand":[],"product_cat":[42],"product_tag":[979,977,983,984,975,974,982,976,986,981,985,973,978,980],"class_list":{"0":"post-5098","1":"product","2":"type-product","3":"status-publish","4":"has-post-thumbnail","6":"product_cat-carbon-steel-pipe-and-stainless-steel-pipe","7":"product_tag-alloy-steel","8":"product_tag-carbon-steel","9":"product_tag-carbon-steel-pipes","10":"product_tag-cs-pipe","11":"product_tag-galvanized-pipe","12":"product_tag-iron-pipes","13":"product_tag-pipes","14":"product_tag-piping-system-in-ductile-iron","15":"product_tag-plain-end","16":"product_tag-seamless-pipe","17":"product_tag-seamless-steel-pipe","18":"product_tag-seamless-welded-steel-pipes","19":"product_tag-stainless-steel","20":"product_tag-steel-pipes","22":"first","23":"instock","24":"shipping-taxable","25":"product-type-simple"},"_links":{"self":[{"href":"https:\/\/www.stvvalves.com\/pt\/wp-json\/wp\/v2\/product\/5098","targetHints":{"allow":["GET"]}}],"collection":[{"href":"https:\/\/www.stvvalves.com\/pt\/wp-json\/wp\/v2\/product"}],"about":[{"href":"https:\/\/www.stvvalves.com\/pt\/wp-json\/wp\/v2\/types\/product"}],"wp:featuredmedia":[{"embeddable":true,"href":"https:\/\/www.stvvalves.com\/pt\/wp-json\/wp\/v2\/media\/5099"}],"wp:attachment":[{"href":"https:\/\/www.stvvalves.com\/pt\/wp-json\/wp\/v2\/media?parent=5098"}],"wp:term":[{"taxonomy":"product_brand","embeddable":true,"href":"https:\/\/www.stvvalves.com\/pt\/wp-json\/wp\/v2\/product_brand?post=5098"},{"taxonomy":"product_cat","embeddable":true,"href":"https:\/\/www.stvvalves.com\/pt\/wp-json\/wp\/v2\/product_cat?post=5098"},{"taxonomy":"product_tag","embeddable":true,"href":"https:\/\/www.stvvalves.com\/pt\/wp-json\/wp\/v2\/product_tag?post=5098"}],"curies":[{"name":"wp","href":"https:\/\/api.w.org\/{rel}","templated":true}]}}