{"id":5100,"date":"2019-07-15T06:51:28","date_gmt":"2019-07-15T06:51:28","guid":{"rendered":"https:\/\/www.stvvalves.com\/?post_type=product&#038;p=5100"},"modified":"2025-02-17T18:31:20","modified_gmt":"2025-02-17T10:31:20","slug":"astm-a106-a53-api-5l-gr-b-smls-steel-pipe","status":"publish","type":"product","link":"https:\/\/www.stvvalves.com\/pt\/products\/astm-a106-a53-api-5l-gr-b-smls-steel-pipe\/","title":{"rendered":"Tubo de a\u00e7o ASTM A106\/A53 API 5L GR.B SMLS"},"content":{"rendered":"<p>Tubo de a\u00e7o ASTM A106\/A53 API 5L GR.B SMLS<\/p>\n<p>Padr\u00e3o:ASTM, DIN, GB, JIS<\/p>\n<p>Grupo de classes: A53-A369, liga Cr-Mo<\/p>\n<p>Espessura: 1 \u2013 120 mm<\/p>\n<p>Formato da se\u00e7\u00e3o: redondo<\/p>\n<p>Di\u00e2metro externo (redondo): 6 \u2013 2500 mm<\/p>\n<p>Lugar de Origem:China<\/p>\n<p>Aplica\u00e7\u00e3o:Ind\u00fastria, ind\u00fastria qu\u00edmica<\/p>\n<p>T\u00e9cnica: laminado a quente<\/p>\n<p>Certifica\u00e7\u00e3o:BV,TUV<\/p>\n<p>Tratamento de superf\u00edcie: pintado, zinco<\/p>\n<p>Secund\u00e1rio ou n\u00e3o: n\u00e3o secund\u00e1rio<\/p>\n<p>Superf\u00edcie: pintado de preto, revestido de PE<\/p>\n<p>Comprimento: 6m, 5,8 m, 11,8 m, 12 m ou conforme necess\u00e1rio<\/p>\n<p>Detalhes da embalagem: Pacote padr\u00e3o de exporta\u00e7\u00e3o em condi\u00e7\u00f5es de navegar ou conforme necess\u00e1rio.<\/p>\n<p>Porto: porto de Tianjin<\/p>","protected":false},"excerpt":{"rendered":"<p>China\u00a0<a href=\"https:\/\/www.stvvalves.com\/pt\/wholesale\/carbon-steel-pipe-and-stainless-steel-pipe\/\">Tubo de a\u00e7o carbono<\/a> A v\u00e1lvula STV do fabricante fornece tubo de a\u00e7o sem costura de carbono, tubo de a\u00e7o sem costura, tubo de a\u00e7o sem costura de carbono ASTM A106 Gr.B de alta qualidade.<\/p>","protected":false},"featured_media":5101,"template":"","meta":[],"product_brand":[],"product_cat":[42],"product_tag":[988,987,985],"class_list":{"0":"post-5100","1":"product","2":"type-product","3":"status-publish","4":"has-post-thumbnail","6":"product_cat-carbon-steel-pipe-and-stainless-steel-pipe","7":"product_tag-astm-a106-gr-b-high-quality-carbon-seamless-steel-pipe","8":"product_tag-carbon-seamless-steel-pipe","9":"product_tag-seamless-steel-pipe","11":"first","12":"instock","13":"shipping-taxable","14":"product-type-simple"},"_links":{"self":[{"href":"https:\/\/www.stvvalves.com\/pt\/wp-json\/wp\/v2\/product\/5100","targetHints":{"allow":["GET"]}}],"collection":[{"href":"https:\/\/www.stvvalves.com\/pt\/wp-json\/wp\/v2\/product"}],"about":[{"href":"https:\/\/www.stvvalves.com\/pt\/wp-json\/wp\/v2\/types\/product"}],"wp:featuredmedia":[{"embeddable":true,"href":"https:\/\/www.stvvalves.com\/pt\/wp-json\/wp\/v2\/media\/5101"}],"wp:attachment":[{"href":"https:\/\/www.stvvalves.com\/pt\/wp-json\/wp\/v2\/media?parent=5100"}],"wp:term":[{"taxonomy":"product_brand","embeddable":true,"href":"https:\/\/www.stvvalves.com\/pt\/wp-json\/wp\/v2\/product_brand?post=5100"},{"taxonomy":"product_cat","embeddable":true,"href":"https:\/\/www.stvvalves.com\/pt\/wp-json\/wp\/v2\/product_cat?post=5100"},{"taxonomy":"product_tag","embeddable":true,"href":"https:\/\/www.stvvalves.com\/pt\/wp-json\/wp\/v2\/product_tag?post=5100"}],"curies":[{"name":"wp","href":"https:\/\/api.w.org\/{rel}","templated":true}]}}