{"id":5125,"date":"2019-07-17T06:11:42","date_gmt":"2019-07-17T06:11:42","guid":{"rendered":"https:\/\/www.stvvalves.com\/?post_type=product&#038;p=5125"},"modified":"2025-02-17T18:31:14","modified_gmt":"2025-02-17T10:31:14","slug":"600-lb-butt-welded-swing-check-valve-wcb-body-16-inch","status":"publish","type":"product","link":"https:\/\/www.stvvalves.com\/pt\/products\/600-lb-butt-welded-swing-check-valve-wcb-body-16-inch\/","title":{"rendered":"V\u00e1lvula de reten\u00e7\u00e3o oscilante soldada de topo de 600 LB, corpo WCB, 16 polegadas"},"content":{"rendered":"<p>Projeto e Fabrica\u00e7\u00e3o: BS 1868,ASME B16.34,API 6D<\/p>\n<p>Inspe\u00e7\u00e3o e Teste:API598,API600 ou API 6D<\/p>\n<p>Dimens\u00e3o do flange final: ASME B16.5 (para NPS\u226424, ASME B 16.47 s\u00e9rie B, API 605, ASME B16.47 S\u00e9rie A, MSS SP-44 (para NPS&gt; 24)<\/p>\n<p>Dimens\u00e3o final BW: ASME B16.25<\/p>\n<p>Cara a cara e de ponta a ponta: ASME B16.10<\/p>\n<p>Classifica\u00e7\u00f5es de press\u00e3o-temperatura: ASME B16.34<\/p>\n<p>Dimens\u00e3o da espessura da parede:API 600,BS 1868<\/p>\n<p>Gama de Produtos<\/p>\n<p>Material do corpo: a\u00e7o carbono, a\u00e7o inoxid\u00e1vel, liga de a\u00e7o, bronze<\/p>\n<p>Di\u00e2metro nominal:1\/2\u2033~48\u2033(DN15~DN1200)<\/p>\n<p>Conex\u00e3o final: RF, RTJ, BW<\/p>\n<p>Faixa de press\u00e3o: Classe150~2500(PN16~PN420)<\/p>\n<p>Temperatura de trabalho:-196\u2103~+560\u2103<\/p>\n<table>\n<tbody>\n<tr>\n<td width=\"200\"><strong>Nome do Produto<\/strong><\/td>\n<td width=\"481\">V\u00e1lvula de reten\u00e7\u00e3o oscilante soldada de topo de 600 LB, corpo WCB, 16 polegadas<\/td>\n<\/tr>\n<tr>\n<td width=\"200\">1. Materiais<\/td>\n<td width=\"481\">WCB<\/td>\n<\/tr>\n<tr>\n<td width=\"200\">2. Tamanho<\/td>\n<td width=\"481\">16\u201d<\/td>\n<\/tr>\n<tr>\n<td width=\"200\">4. Porto<\/td>\n<td width=\"481\">Porto completo<\/td>\n<\/tr>\n<tr>\n<td width=\"200\">5. Press\u00e3o de Trabalho<\/td>\n<td width=\"481\">600 libras<\/td>\n<\/tr>\n<tr>\n<td width=\"200\">6. Fim da conex\u00e3o<\/td>\n<td width=\"481\">Solda de topo<\/td>\n<\/tr>\n<tr>\n<td width=\"200\">7. Temperatura de trabalho.<\/td>\n<td width=\"481\">-29~425\u00baC,<\/td>\n<\/tr>\n<tr>\n<td width=\"200\">8. Meio Adequado<\/td>\n<td width=\"481\">\u00c1gua, G\u00e1s Natural, Petr\u00f3leo e algum l\u00edquido corrosivo<\/td>\n<\/tr>\n<tr>\n<td width=\"200\">9. Operado<\/td>\n<td width=\"481\">\/<\/td>\n<\/tr>\n<tr>\n<td width=\"200\">10. Inspe\u00e7\u00e3o e Teste<\/td>\n<td width=\"481\">De acordo comAPI 598<\/td>\n<\/tr>\n<tr>\n<td width=\"200\"><strong>envio<\/strong><\/td>\n<td width=\"481\"><\/td>\n<\/tr>\n<tr>\n<td width=\"200\">Prazo de entrega<\/td>\n<td width=\"481\">30 dias<\/td>\n<\/tr>\n<tr>\n<td width=\"200\">Pacote<\/td>\n<td width=\"481\">Caixa de madeira compensada de exporta\u00e7\u00e3o padr\u00e3o<\/td>\n<\/tr>\n<tr>\n<td width=\"200\">Porto de embarque<\/td>\n<td width=\"481\">Ningbo\/Xangai, China<\/td>\n<\/tr>\n<tr>\n<td width=\"200\">Termos de envio<\/td>\n<td width=\"481\">Exw, FOB, CFR, CIF, etc.<\/td>\n<\/tr>\n<tr>\n<td width=\"200\">Termos de pagamento<\/td>\n<td width=\"481\">T\/T, Western Union, PayPal, etc.<\/td>\n<\/tr>\n<tr>\n<td width=\"200\"><\/td>\n<td width=\"481\">Pr\u00e9-pagamento 30%, saldo 70% pago antes do envio<\/td>\n<\/tr>\n<tr>\n<td width=\"200\">Pa\u00eds de origem<\/td>\n<td width=\"481\">Cidade de Wenzhou, China<\/td>\n<\/tr>\n<tr>\n<td width=\"200\">Capacidade de produ\u00e7\u00e3o<\/td>\n<td width=\"481\">6.000 toneladas\/ano<\/td>\n<\/tr>\n<tr>\n<td width=\"200\">Quantidade m\u00ednima<\/td>\n<td width=\"481\">10 unidades\/tamanho<\/td>\n<\/tr>\n<\/tbody>\n<\/table>","protected":false},"excerpt":{"rendered":"<p>Modelo:H64Y-600LB-DN400-WCB<\/p>\n<p>STV Valve Technology Group Co., Ltd \u00e9 um l\u00edder profissional China V\u00e1lvula de reten\u00e7\u00e3o oscilante, V\u00e1lvula de reten\u00e7\u00e3o oscilante BS 1868, V\u00e1lvula de reten\u00e7\u00e3o oscilante API 6D, V\u00e1lvula de reten\u00e7\u00e3o oscilante 16 IN, V\u00e1lvula de reten\u00e7\u00e3o oscilante classe 600, V\u00e1lvula de reten\u00e7\u00e3o oscilante soldada de topo, API Swing Check Fabricante de v\u00e1lvulas com alta qualidade e pre\u00e7o competitivo.<\/p>\n<p>Para saber mais sobre essas v\u00e1lvulas, entre em contato com nosso sales@stvvalve.com<br \/>\nFolha de data:<a href=\"https:\/\/www.stvvalves.com\/wp-content\/uploads\/2019\/07\/600-lb-butt-welded-swing-check-valve-wcb-body-16-inch-drawing.pdf\">V\u00e1lvula de reten\u00e7\u00e3o oscilante soldada de topo de 600 LB, corpo WCB, 16 polegadas<\/a><\/p>","protected":false},"featured_media":5127,"template":"","meta":[],"product_brand":[],"product_cat":[83,46],"product_tag":[1046,1034,492,1033,1036,1047,152],"class_list":{"0":"post-5125","1":"product","2":"type-product","3":"status-publish","4":"has-post-thumbnail","6":"product_cat-cast-steel-check-valve","7":"product_cat-check-valves","8":"product_tag-16-in-swing-check-valve","9":"product_tag-api-6d-swing-check-valve","10":"product_tag-api-swing-check-valve","11":"product_tag-bs-1868-swing-check-valve","12":"product_tag-butt-welded-swing-check-valve","13":"product_tag-class-600-swing-check-valve","14":"product_tag-swing-check-valve","16":"first","17":"instock","18":"shipping-taxable","19":"product-type-simple"},"_links":{"self":[{"href":"https:\/\/www.stvvalves.com\/pt\/wp-json\/wp\/v2\/product\/5125","targetHints":{"allow":["GET"]}}],"collection":[{"href":"https:\/\/www.stvvalves.com\/pt\/wp-json\/wp\/v2\/product"}],"about":[{"href":"https:\/\/www.stvvalves.com\/pt\/wp-json\/wp\/v2\/types\/product"}],"wp:featuredmedia":[{"embeddable":true,"href":"https:\/\/www.stvvalves.com\/pt\/wp-json\/wp\/v2\/media\/5127"}],"wp:attachment":[{"href":"https:\/\/www.stvvalves.com\/pt\/wp-json\/wp\/v2\/media?parent=5125"}],"wp:term":[{"taxonomy":"product_brand","embeddable":true,"href":"https:\/\/www.stvvalves.com\/pt\/wp-json\/wp\/v2\/product_brand?post=5125"},{"taxonomy":"product_cat","embeddable":true,"href":"https:\/\/www.stvvalves.com\/pt\/wp-json\/wp\/v2\/product_cat?post=5125"},{"taxonomy":"product_tag","embeddable":true,"href":"https:\/\/www.stvvalves.com\/pt\/wp-json\/wp\/v2\/product_tag?post=5125"}],"curies":[{"name":"wp","href":"https:\/\/api.w.org\/{rel}","templated":true}]}}