{"id":5129,"date":"2019-07-17T06:44:20","date_gmt":"2019-07-17T06:44:20","guid":{"rendered":"https:\/\/www.stvvalves.com\/?post_type=product&#038;p=5129"},"modified":"2025-05-20T20:29:22","modified_gmt":"2025-05-20T12:29:22","slug":"wcb-din-lift-check-valve-dn250-pn100-flange-end","status":"publish","type":"product","link":"https:\/\/www.stvvalves.com\/pt\/products\/wcb-din-lift-check-valve-dn250-pn100-flange-end\/","title":{"rendered":"V\u00e1lvula de reten\u00e7\u00e3o de eleva\u00e7\u00e3o DIN WCB, DN250, PN100, extremidade do flange"},"content":{"rendered":"<p>Projeto e Fabrica\u00e7\u00e3o: DIN 3840 \/ BS EN 1868<br \/>\nCara a cara: DIN 3202\/BS EN558-1<br \/>\nExtremidades flangeadas: DIN 2543\/BS EN1092-1<br \/>\nInspe\u00e7\u00e3o e teste: DIN 3230\/BS EN12569<\/p>\n<p>Press\u00e3o: PN10~PN160<br \/>\nTamanho: DN40~DN900<br \/>\nMaterial:GS-C25,1.0619,1.4803,1.4408,WCB,LCB,CF8,CF8M,CF3,CF3M,CF8C,etc.<\/p>\n<table width=\"751\">\n<tbody>\n<tr>\n<td>Nome do Produto:<\/td>\n<td>V\u00e1lvula de reten\u00e7\u00e3o de eleva\u00e7\u00e3o DIN WCB, DN250, PN100, extremidade do flange<\/td>\n<\/tr>\n<tr>\n<td>1.Material:<\/td>\n<td>WCB<\/td>\n<\/tr>\n<tr>\n<td>2.Tamanho:<\/td>\n<td>4\u2033<\/td>\n<\/tr>\n<tr>\n<td>3.Porta:<\/td>\n<td>COMPLETO<\/td>\n<\/tr>\n<tr>\n<td>4. Temperatura de trabalho:<\/td>\n<td>-29 \u00b0C-425 \u00b0C<\/td>\n<\/tr>\n<tr>\n<td>5. Fim da conex\u00e3o:<\/td>\n<td>RF<\/td>\n<\/tr>\n<tr>\n<td>6.Press\u00e3o de trabalho:<\/td>\n<td>PN100<\/td>\n<\/tr>\n<tr>\n<td>7. Meio Adequado:<\/td>\n<td>\u00c1gua, G\u00e1s Natural, Petr\u00f3leo e algum l\u00edquido corrosivo<\/td>\n<\/tr>\n<tr>\n<td>8.Operado:<\/td>\n<td>\/<\/td>\n<\/tr>\n<tr>\n<td>9. Inspe\u00e7\u00e3o e Teste<\/td>\n<td>De acordo com DIN 3230<\/td>\n<\/tr>\n<tr>\n<td>Certificado:<\/td>\n<td>ISO, marca\u00e7\u00e3o\/API 6D<\/td>\n<\/tr>\n<tr>\n<td><strong>envio<\/strong><\/td>\n<td><\/td>\n<\/tr>\n<tr>\n<td>Prazo de entrega<\/td>\n<td>30 dias<\/td>\n<\/tr>\n<tr>\n<td>Pacote<\/td>\n<td>Caixa de madeira compensada de exporta\u00e7\u00e3o padr\u00e3o<\/td>\n<\/tr>\n<tr>\n<td>Porto de embarque<\/td>\n<td>Ningbo\/Xangai, China<\/td>\n<\/tr>\n<tr>\n<td>Termos de envio<\/td>\n<td>Exw, FOB, CFR, CIF, etc.<\/td>\n<\/tr>\n<tr>\n<td>Termos de pagamento<\/td>\n<td>T\/T, Western Union, PayPal, etc.<\/td>\n<\/tr>\n<tr>\n<td><\/td>\n<td>Pr\u00e9-pagamento 30%, saldo 70% pago antes do envio<\/td>\n<\/tr>\n<tr>\n<td>Pa\u00eds de origem<\/td>\n<td>Cidade de Wenzhou, China<\/td>\n<\/tr>\n<tr>\n<td>Capacidade de produ\u00e7\u00e3o<\/td>\n<td>6.000 toneladas\/ano<\/td>\n<\/tr>\n<tr>\n<td>Quantidade m\u00ednima<\/td>\n<td>10 unidades\/tamanho<\/td>\n<\/tr>\n<\/tbody>\n<\/table>\n<p>&nbsp;<\/p>","protected":false},"excerpt":{"rendered":"<div class=\"woocommerce-product-details__short-description\">\n<p>Modelo:H44Y-PN100-DN250-WCB<\/p>\n<p>STV Valve Technology Group Co., Ltd \u00e9 um l\u00edder profissional China V\u00e1lvula de reten\u00e7\u00e3o de eleva\u00e7\u00e3o de flange, V\u00e1lvula de reten\u00e7\u00e3o de eleva\u00e7\u00e3o DIN, V\u00e1lvula de reten\u00e7\u00e3o de eleva\u00e7\u00e3o EN, V\u00e1lvula de reten\u00e7\u00e3o DIN, V\u00e1lvula de reten\u00e7\u00e3o de eleva\u00e7\u00e3o WCB, V\u00e1lvula de reten\u00e7\u00e3o de eleva\u00e7\u00e3o PN 100, V\u00e1lvula de reten\u00e7\u00e3o de eleva\u00e7\u00e3o DN250, fabricante com alta qualidade e pre\u00e7o competitivo.<\/p>\n<p>Para saber mais sobre essas v\u00e1lvulas, entre em contato com nosso sales@stvvalve.com<br \/>\nFolha de data:<a href=\"https:\/\/www.stvvalves.com\/wp-content\/uploads\/2019\/07\/wcb-din-lift-check-valve-dn250-pn100-flange-end-drawing.pdf\">V\u00e1lvula de reten\u00e7\u00e3o de eleva\u00e7\u00e3o DIN WCB, DN250, PN100, extremidade do flange<\/a><\/p>\n<\/div>","protected":false},"featured_media":5132,"template":"","meta":[],"product_brand":[],"product_cat":[83,46],"product_tag":[1051,1049,1054,1050,1048,1053,1052],"class_list":{"0":"post-5129","1":"product","2":"type-product","3":"status-publish","4":"has-post-thumbnail","6":"product_cat-cast-steel-check-valve","7":"product_cat-check-valves","8":"product_tag-din-check-valve","9":"product_tag-din-lift-check-valve","10":"product_tag-dn250-lift-check-valve","11":"product_tag-en-lift-check-valve","12":"product_tag-flange-lift-check-valve","13":"product_tag-pn-100-lift-check-valve","14":"product_tag-wcb-lift-check-valve","16":"first","17":"instock","18":"shipping-taxable","19":"product-type-simple"},"_links":{"self":[{"href":"https:\/\/www.stvvalves.com\/pt\/wp-json\/wp\/v2\/product\/5129","targetHints":{"allow":["GET"]}}],"collection":[{"href":"https:\/\/www.stvvalves.com\/pt\/wp-json\/wp\/v2\/product"}],"about":[{"href":"https:\/\/www.stvvalves.com\/pt\/wp-json\/wp\/v2\/types\/product"}],"wp:featuredmedia":[{"embeddable":true,"href":"https:\/\/www.stvvalves.com\/pt\/wp-json\/wp\/v2\/media\/5132"}],"wp:attachment":[{"href":"https:\/\/www.stvvalves.com\/pt\/wp-json\/wp\/v2\/media?parent=5129"}],"wp:term":[{"taxonomy":"product_brand","embeddable":true,"href":"https:\/\/www.stvvalves.com\/pt\/wp-json\/wp\/v2\/product_brand?post=5129"},{"taxonomy":"product_cat","embeddable":true,"href":"https:\/\/www.stvvalves.com\/pt\/wp-json\/wp\/v2\/product_cat?post=5129"},{"taxonomy":"product_tag","embeddable":true,"href":"https:\/\/www.stvvalves.com\/pt\/wp-json\/wp\/v2\/product_tag?post=5129"}],"curies":[{"name":"wp","href":"https:\/\/api.w.org\/{rel}","templated":true}]}}