{"id":5133,"date":"2019-07-17T08:55:48","date_gmt":"2019-07-17T08:55:48","guid":{"rendered":"https:\/\/www.stvvalves.com\/?post_type=product&#038;p=5133"},"modified":"2024-12-24T22:47:20","modified_gmt":"2024-12-24T14:47:20","slug":"din-lift-check-valvedn125wcbpn250weld-end","status":"publish","type":"product","link":"https:\/\/www.stvvalves.com\/pt\/products\/din-lift-check-valvedn125wcbpn250weld-end\/","title":{"rendered":"V\u00e1lvula de reten\u00e7\u00e3o de eleva\u00e7\u00e3o DIN, DN125, WCB, PN250, extremidade soldada"},"content":{"rendered":"<p>Projeto e Fabrica\u00e7\u00e3o: DIN 3840 \/ BS EN 1868<br \/>\nCara a cara: DIN 3202\/BS EN558-1<br \/>\nExtremidades flangeadas: DIN 2543\/BS EN1092-1<br \/>\nInspe\u00e7\u00e3o e teste: DIN 3230\/BS EN12569<\/p>\n<p>Press\u00e3o: PN10~PN420<br \/>\nTamanho: DN40~DN900<br \/>\nMaterial:GS-C25,1.0619,1.4803,1.4408,WCB,LCB,CF8,CF8M,CF3,CF3M,CF8C,etc.<\/p>\n<table width=\"751\">\n<tbody>\n<tr>\n<td>Nome do Produto:<\/td>\n<td>V\u00e1lvula de reten\u00e7\u00e3o de eleva\u00e7\u00e3o DIN, DN125, WCB, PN250, extremidade soldada<\/td>\n<\/tr>\n<tr>\n<td>1.Material:<\/td>\n<td>WCB<\/td>\n<\/tr>\n<tr>\n<td>2.Tamanho:<\/td>\n<td>5\u2033<\/td>\n<\/tr>\n<tr>\n<td>3.Porta:<\/td>\n<td>COMPLETO<\/td>\n<\/tr>\n<tr>\n<td>4. Temperatura de trabalho:<\/td>\n<td>-29 \u00b0C-425 \u00b0C<\/td>\n<\/tr>\n<tr>\n<td>5. Fim da conex\u00e3o:<\/td>\n<td>PN<\/td>\n<\/tr>\n<tr>\n<td>6.Press\u00e3o de trabalho:<\/td>\n<td>PN250<\/td>\n<\/tr>\n<tr>\n<td>7. Meio Adequado:<\/td>\n<td>\u00c1gua, G\u00e1s Natural, Petr\u00f3leo e algum l\u00edquido corrosivo<\/td>\n<\/tr>\n<tr>\n<td>8.Operado:<\/td>\n<td>\/<\/td>\n<\/tr>\n<tr>\n<td>9. Inspe\u00e7\u00e3o e Teste<\/td>\n<td>De acordo com DIN 3230<\/td>\n<\/tr>\n<tr>\n<td>Certificado:<\/td>\n<td>ISO, marca\u00e7\u00e3o\/API 6D<\/td>\n<\/tr>\n<tr>\n<td><strong>envio<\/strong><\/td>\n<td><\/td>\n<\/tr>\n<tr>\n<td>Prazo de entrega<\/td>\n<td>30 dias<\/td>\n<\/tr>\n<tr>\n<td>Pacote<\/td>\n<td>Caixa de madeira compensada de exporta\u00e7\u00e3o padr\u00e3o<\/td>\n<\/tr>\n<tr>\n<td>Porto de embarque<\/td>\n<td>Ningbo\/Xangai, China<\/td>\n<\/tr>\n<tr>\n<td>Termos de envio<\/td>\n<td>Exw, FOB, CFR, CIF, etc.<\/td>\n<\/tr>\n<tr>\n<td>Termos de pagamento<\/td>\n<td>T\/T, Western Union, PayPal, etc.<\/td>\n<\/tr>\n<tr>\n<td><\/td>\n<td>Pr\u00e9-pagamento 30%, saldo 70% pago antes do envio<\/td>\n<\/tr>\n<tr>\n<td>Pa\u00eds de origem<\/td>\n<td>Cidade de Wenzhou, China<\/td>\n<\/tr>\n<tr>\n<td>Capacidade de produ\u00e7\u00e3o<\/td>\n<td>6.000 toneladas\/ano<\/td>\n<\/tr>\n<tr>\n<td>Quantidade m\u00ednima<\/td>\n<td>10 unidades\/tamanho<\/td>\n<\/tr>\n<\/tbody>\n<\/table>","protected":false},"excerpt":{"rendered":"<div class=\"woocommerce-product-details__short-description\">\n<div class=\"woocommerce-product-details__short-description\">\n<p>Modelo:H61Y-PN250-DN125-WCB<\/p>\n<p>STV Valve Technology Group Co., Ltd \u00e9 um l\u00edder profissional China V\u00e1lvula de reten\u00e7\u00e3o de eleva\u00e7\u00e3o tipo pist\u00e3o DIN, V\u00e1lvula de reten\u00e7\u00e3o de eleva\u00e7\u00e3o Din, V\u00e1lvula de reten\u00e7\u00e3o de eleva\u00e7\u00e3o DIN PN250, Verifica\u00e7\u00e3o de eleva\u00e7\u00e3o de a\u00e7o fundido, V\u00e1lvula de reten\u00e7\u00e3o de eleva\u00e7\u00e3o DIN 3845, V\u00e1lvula de reten\u00e7\u00e3o de eleva\u00e7\u00e3o BW, Verifica\u00e7\u00e3o de eleva\u00e7\u00e3o DN125 Fabricante de v\u00e1lvulas com alta qualidade e pre\u00e7o competitivo.<\/p>\n<p>Para saber mais sobre essas v\u00e1lvulas, entre em contato com nosso sales@stvvalve.com<br \/>\nFolha de data:<a href=\"https:\/\/www.stvvalves.com\/wp-content\/uploads\/2019\/07\/DIN-Lift-Check-Valve-DN125-WCB-PN250-Weld-End-Drawing.pdf\">V\u00e1lvula de reten\u00e7\u00e3o de eleva\u00e7\u00e3o DIN, DN125, WCB, PN250, extremidade soldada<\/a><\/p>\n<\/div>\n<\/div>\n<form class=\"cart\" action=\"https:\/\/www.stvvalves.com\/pt\/product\/wcb-din-lift-check-valve-dn250-pn100-flange-end\/\" enctype=\"multipart\/form-data\" method=\"post\" data-trp-original-action=\"https:\/\/www.stvvalves.com\/product\/wcb-din-lift-check-valve-dn250-pn100-flange-end\/\">\n<div class=\"wcpa_form_outer\"><\/div>\n<div class=\"quantity\"><\/div>\n<div class=\"addquotelistlink\">\n<div class=\"quotelistadd_prodpage\"><\/div>\n<\/div>\n<input type=\"hidden\" name=\"trp-form-language\" value=\"pt\"\/><\/form>","protected":false},"featured_media":5134,"template":"","meta":[],"product_brand":[],"product_cat":[83,46],"product_tag":[1059,1057,1058,1049,1055,1060,1056],"class_list":{"0":"post-5133","1":"product","2":"type-product","3":"status-publish","4":"has-post-thumbnail","6":"product_cat-cast-steel-check-valve","7":"product_cat-check-valves","8":"product_tag-bw-lift-check-valve","9":"product_tag-cast-steel-lift-check","10":"product_tag-din-3845-lift-check-valve","11":"product_tag-din-lift-check-valve","12":"product_tag-din-piston-type-lift-check-valve","13":"product_tag-dn125-lift-check-valve","14":"product_tag-lift-check-valve-din-pn250","16":"first","17":"instock","18":"shipping-taxable","19":"product-type-simple"},"_links":{"self":[{"href":"https:\/\/www.stvvalves.com\/pt\/wp-json\/wp\/v2\/product\/5133","targetHints":{"allow":["GET"]}}],"collection":[{"href":"https:\/\/www.stvvalves.com\/pt\/wp-json\/wp\/v2\/product"}],"about":[{"href":"https:\/\/www.stvvalves.com\/pt\/wp-json\/wp\/v2\/types\/product"}],"wp:featuredmedia":[{"embeddable":true,"href":"https:\/\/www.stvvalves.com\/pt\/wp-json\/wp\/v2\/media\/5134"}],"wp:attachment":[{"href":"https:\/\/www.stvvalves.com\/pt\/wp-json\/wp\/v2\/media?parent=5133"}],"wp:term":[{"taxonomy":"product_brand","embeddable":true,"href":"https:\/\/www.stvvalves.com\/pt\/wp-json\/wp\/v2\/product_brand?post=5133"},{"taxonomy":"product_cat","embeddable":true,"href":"https:\/\/www.stvvalves.com\/pt\/wp-json\/wp\/v2\/product_cat?post=5133"},{"taxonomy":"product_tag","embeddable":true,"href":"https:\/\/www.stvvalves.com\/pt\/wp-json\/wp\/v2\/product_tag?post=5133"}],"curies":[{"name":"wp","href":"https:\/\/api.w.org\/{rel}","templated":true}]}}