{"id":5155,"date":"2019-07-18T06:45:13","date_gmt":"2019-07-18T06:45:13","guid":{"rendered":"https:\/\/www.stvvalves.com\/?post_type=product&#038;p=5155"},"modified":"2024-12-25T15:01:17","modified_gmt":"2024-12-25T07:01:17","slug":"stainless-steel-globe-valve-150lb-dn65-flange-end","status":"publish","type":"product","link":"https:\/\/www.stvvalves.com\/pt\/products\/stainless-steel-globe-valve-150lb-dn65-flange-end\/","title":{"rendered":"V\u00e1lvula globo de a\u00e7o inoxid\u00e1vel, 150LB, DN65, extremidade do flange"},"content":{"rendered":"<p>Projeto e fabrica\u00e7\u00e3o: API 603\u3001ASME B16.34<br \/>\nCara a cara (ponta a ponta): ANSI B16.10, API 6D, etc.<br \/>\nConex\u00e3o flangeada: ANSI B16.5, ASME B16.47 etc.<br \/>\nExtremidade soldada de topo: ANSI B16.25, etc.<br \/>\nTeste e inspe\u00e7\u00e3o: API 598, API 6D, etc.<\/p>\n<p>Tamanho: 1\/2\u2033-30\u2033<br \/>\nPress\u00e3o: 150LB ~ 1500LB<br \/>\nMaterial do corpo: A\u00e7o carbono A216 WCB WCC, LCB, LCC, WC6, WC9, C5, C12, A351 CF8, CF8M, CF3, CF3M, CF8C, a\u00e7o duplex A890 GR.4A GR.5A, etc.<\/p>\n<p>Material de acabamento: 13Cr,SS304,SS316, SS304L, SS316L, F11, F22 etc.<br \/>\nTipo: Haste ascendente, BB, FB, OS&amp;Y<br \/>\nOpera\u00e7\u00e3o: Volante. Dispositivos de engrenagem, eletricidade, etc.<br \/>\nExtremidade: RF flangeado\/ RTJ\/ FM\/ FF, soldagem de topo (BW)<\/p>\n<p>&nbsp;<\/p>\n<table>\n<tbody>\n<tr>\n<td width=\"200\"><strong>Nome do Produto<\/strong><\/td>\n<td width=\"481\">V\u00e1lvula globo de a\u00e7o inoxid\u00e1vel, 150LB, DN65, extremidade do flange<\/td>\n<\/tr>\n<tr>\n<td width=\"200\">1. Materiais<\/td>\n<td width=\"481\">316<\/td>\n<\/tr>\n<tr>\n<td width=\"200\">2. Tamanho<\/td>\n<td width=\"481\">21\/2\u201d<\/td>\n<\/tr>\n<tr>\n<td width=\"200\">4. Porto<\/td>\n<td width=\"481\">Porto completo<\/td>\n<\/tr>\n<tr>\n<td width=\"200\">5. Press\u00e3o de Trabalho<\/td>\n<td width=\"481\">150 libras<\/td>\n<\/tr>\n<tr>\n<td width=\"200\">6. Fim da conex\u00e3o<\/td>\n<td width=\"481\">RF<\/td>\n<\/tr>\n<tr>\n<td width=\"200\">7. Temperatura de trabalho.<\/td>\n<td width=\"481\">-29~425\u00baC,<\/td>\n<\/tr>\n<tr>\n<td width=\"200\">8. Meio Adequado<\/td>\n<td width=\"481\">\u00c1gua, G\u00e1s Natural, Petr\u00f3leo e algum l\u00edquido corrosivo<\/td>\n<\/tr>\n<tr>\n<td width=\"200\">9. Operado<\/td>\n<td width=\"481\">Volante<\/td>\n<\/tr>\n<tr>\n<td width=\"200\">10. Inspe\u00e7\u00e3o e Teste<\/td>\n<td width=\"481\">De acordo com API598<\/td>\n<\/tr>\n<tr>\n<td width=\"200\"><strong>envio<\/strong><\/td>\n<td width=\"481\"><\/td>\n<\/tr>\n<tr>\n<td width=\"200\">Prazo de entrega<\/td>\n<td width=\"481\">30 dias<\/td>\n<\/tr>\n<tr>\n<td width=\"200\">Pacote<\/td>\n<td width=\"481\">Caixa de madeira compensada de exporta\u00e7\u00e3o padr\u00e3o<\/td>\n<\/tr>\n<tr>\n<td width=\"200\">Porto de embarque<\/td>\n<td width=\"481\">Ningbo\/Xangai, China<\/td>\n<\/tr>\n<tr>\n<td width=\"200\">Termos de envio<\/td>\n<td width=\"481\">Exw, FOB, CFR, CIF, etc.<\/td>\n<\/tr>\n<tr>\n<td width=\"200\">Termos de pagamento<\/td>\n<td width=\"481\">T\/T, Western Union, PayPal, etc.<\/td>\n<\/tr>\n<tr>\n<td width=\"200\"><\/td>\n<td width=\"481\">Pr\u00e9-pagamento 30%, saldo 70% pago antes do envio<\/td>\n<\/tr>\n<tr>\n<td width=\"200\">Pa\u00eds de origem<\/td>\n<td width=\"481\">Cidade de Wenzhou, China<\/td>\n<\/tr>\n<tr>\n<td width=\"200\">Capacidade de produ\u00e7\u00e3o<\/td>\n<td width=\"481\">6.000 toneladas\/ano<\/td>\n<\/tr>\n<tr>\n<td width=\"200\">Quantidade m\u00ednima<\/td>\n<td width=\"481\">1 pe\u00e7a\/tamanho<\/td>\n<\/tr>\n<\/tbody>\n<\/table>\n<p>&nbsp;<\/p>","protected":false},"excerpt":{"rendered":"<p>Modelo:STV-J41Y-150LB-CF8M-21\/2\u2033<\/p>\n<p>STV Valve Technology Group Co., Ltd \u00e9 um l\u00edder profissional China V\u00e1lvula globo de a\u00e7o inoxid\u00e1vel A351 CF8M, V\u00e1lvula globo BS 1873, V\u00e1lvula globo ASME B16.34, V\u00e1lvulas globo A351 CF3M, V\u00e1lvulas globo de a\u00e7o inoxid\u00e1vel. Fabricante de v\u00e1lvula globo de a\u00e7o inoxid\u00e1vel DN65 com alta qualidade e pre\u00e7o competitivo.<\/p>\n<p>Entre em contato com nosso sales@stvvalve.com para outros materiais e detalhes.<\/p>\n<p>Folha de data:<br \/>\n<a href=\"https:\/\/www.stvvalves.com\/wp-content\/uploads\/2019\/07\/stainless-steel-globe-valve-150lb-dn65-flange-end-drawing.pdf\">V\u00e1lvula globo de a\u00e7o inoxid\u00e1vel, 150LB, DN65, extremidade do flange<\/a><\/p>","protected":false},"featured_media":5158,"template":"","meta":[],"product_brand":[],"product_cat":[45,189],"product_tag":[1085,1084,1075,1014,1086],"class_list":{"0":"post-5155","1":"product","2":"type-product","3":"status-publish","4":"has-post-thumbnail","6":"product_cat-globe-valve","7":"product_cat-stainless-steel-globe-valve","8":"product_tag-a351-cf3m-globe-valves","9":"product_tag-a351-cf8m-stainless-steel-globe-valve","10":"product_tag-asme-b16-34-globe-valve","11":"product_tag-bs-1873-globe-valve","12":"product_tag-stainless-steel-globe-valves-dn65-stainless-steel-globe-valve","14":"first","15":"instock","16":"shipping-taxable","17":"product-type-simple"},"_links":{"self":[{"href":"https:\/\/www.stvvalves.com\/pt\/wp-json\/wp\/v2\/product\/5155","targetHints":{"allow":["GET"]}}],"collection":[{"href":"https:\/\/www.stvvalves.com\/pt\/wp-json\/wp\/v2\/product"}],"about":[{"href":"https:\/\/www.stvvalves.com\/pt\/wp-json\/wp\/v2\/types\/product"}],"wp:featuredmedia":[{"embeddable":true,"href":"https:\/\/www.stvvalves.com\/pt\/wp-json\/wp\/v2\/media\/5158"}],"wp:attachment":[{"href":"https:\/\/www.stvvalves.com\/pt\/wp-json\/wp\/v2\/media?parent=5155"}],"wp:term":[{"taxonomy":"product_brand","embeddable":true,"href":"https:\/\/www.stvvalves.com\/pt\/wp-json\/wp\/v2\/product_brand?post=5155"},{"taxonomy":"product_cat","embeddable":true,"href":"https:\/\/www.stvvalves.com\/pt\/wp-json\/wp\/v2\/product_cat?post=5155"},{"taxonomy":"product_tag","embeddable":true,"href":"https:\/\/www.stvvalves.com\/pt\/wp-json\/wp\/v2\/product_tag?post=5155"}],"curies":[{"name":"wp","href":"https:\/\/api.w.org\/{rel}","templated":true}]}}