{"id":5161,"date":"2019-07-18T07:04:43","date_gmt":"2019-07-18T07:04:43","guid":{"rendered":"https:\/\/www.stvvalves.com\/?post_type=product&#038;p=5161"},"modified":"2025-02-17T18:32:50","modified_gmt":"2025-02-17T10:32:50","slug":"300lb-cast-steel-globe-valve-dn400-316-trim-flange-end","status":"publish","type":"product","link":"https:\/\/www.stvvalves.com\/pt\/products\/300lb-cast-steel-globe-valve-dn400-316-trim-flange-end\/","title":{"rendered":"V\u00e1lvula globo de a\u00e7o fundido 300LB, guarni\u00e7\u00e3o DN400.316, extremidade do flange"},"content":{"rendered":"<div><\/div>\n<p>&nbsp;<\/p>\n<p><img loading=\"lazy\" decoding=\"async\" class=\"alignleft size-full wp-image-6135\" src=\"https:\/\/www.stvvalves.com\/wp-content\/uploads\/2019\/07\/GLOBE-CATALOG.jpg\" alt=\"\" width=\"517\" height=\"644\" srcset=\"https:\/\/www.stvvalves.com\/wp-content\/uploads\/2019\/07\/GLOBE-CATALOG.jpg 517w, https:\/\/www.stvvalves.com\/wp-content\/uploads\/2019\/07\/GLOBE-CATALOG-241x300.jpg 241w\" sizes=\"auto, (max-width: 517px) 100vw, 517px\" \/><\/p>\n<p>&nbsp;<\/p>\n<p>&nbsp;<\/p>\n<p>&nbsp;<\/p>\n<p>&nbsp;<\/p>\n<p>&nbsp;<\/p>\n<p>&nbsp;<\/p>\n<p>&nbsp;<\/p>\n<p>&nbsp;<\/p>\n<p>&nbsp;<\/p>\n<p>&nbsp;<\/p>\n<p>&nbsp;<\/p>\n<p>&nbsp;<\/p>\n<p>&nbsp;<\/p>\n<p>&nbsp;<\/p>\n<p>&nbsp;<\/p>\n<p>&nbsp;<\/p>\n<p>&nbsp;<\/p>\n<p>Principais pe\u00e7as e materiais:<\/p>\n<table style=\"height: 1207px;\" width=\"1056\">\n<tbody>\n<tr>\n<td>N\u00c3O.<\/td>\n<td>Nome da pe\u00e7a<\/td>\n<td>Material<\/td>\n<\/tr>\n<tr>\n<td>1<\/td>\n<td>Corpo<\/td>\n<td>A216 WCB<\/td>\n<\/tr>\n<tr>\n<td>2<\/td>\n<td>Disco<\/td>\n<td>A105+13Cr<\/td>\n<\/tr>\n<tr>\n<td>3<\/td>\n<td>Assento<\/td>\n<td>A182 F6<\/td>\n<\/tr>\n<tr>\n<td>4<\/td>\n<td>Tronco<\/td>\n<td>A182 F6<\/td>\n<\/tr>\n<tr>\n<td>5<\/td>\n<td>Porca de disco<\/td>\n<td>A182 F6<\/td>\n<\/tr>\n<tr>\n<td>6<\/td>\n<td>Junta<\/td>\n<td>304+grafite<\/td>\n<\/tr>\n<tr>\n<td>7<\/td>\n<td>Banco de tr\u00e1s<\/td>\n<td>A182 F6<\/td>\n<\/tr>\n<tr>\n<td>8<\/td>\n<td>Parafuso do cap\u00f4<\/td>\n<td>A193 B7<\/td>\n<\/tr>\n<tr>\n<td>9<\/td>\n<td>Porca do cap\u00f4<\/td>\n<td>A194 2H<\/td>\n<\/tr>\n<tr>\n<td>10<\/td>\n<td>Gorro<\/td>\n<td>A216 W<\/td>\n<\/tr>\n<tr>\n<td>11<\/td>\n<td>Embalagem de haste<\/td>\n<td>Grafite flex\u00edvel<\/td>\n<\/tr>\n<tr>\n<td>12<\/td>\n<td>Gl\u00e2ndula<\/td>\n<td>A182 F6<\/td>\n<\/tr>\n<tr>\n<td>13<\/td>\n<td>Flange da gl\u00e2ndula<\/td>\n<td>A216 WCB<\/td>\n<\/tr>\n<tr>\n<td>14<\/td>\n<td>Alfinete<\/td>\n<td>A\u00e7o carbono ou liga de a\u00e7o<\/td>\n<\/tr>\n<tr>\n<td>15<\/td>\n<td>Porca de gl\u00e2ndula<\/td>\n<td>A193 B7<\/td>\n<\/tr>\n<tr>\n<td>16<\/td>\n<td>Olhal da gl\u00e2ndula<\/td>\n<td>A194 2H<\/td>\n<\/tr>\n<tr>\n<td>17<\/td>\n<td>Porca de haste<\/td>\n<td>ZCuAi10Fe3<\/td>\n<\/tr>\n<tr>\n<td>18<\/td>\n<td>Volante<\/td>\n<td>KTH300-06<\/td>\n<\/tr>\n<\/tbody>\n<\/table>\n<p>Dimens\u00e3o e Peso:<\/p>\n<table>\n<tbody>\n<tr>\n<td width=\"78\">Tamanho<\/td>\n<td width=\"44\">d<\/td>\n<td width=\"55\">eu<\/td>\n<td width=\"51\">H<\/td>\n<td width=\"57\">C<\/td>\n<td width=\"61\">\u00d3<\/td>\n<td width=\"77\">C<\/td>\n<td width=\"55\">g<\/td>\n<td width=\"51\">t<\/td>\n<td width=\"108\">z-d1<\/td>\n<td width=\"149\">Peso (KG)<\/td>\n<\/tr>\n<tr>\n<td colspan=\"11\" width=\"788\"><strong><b>300 libras<\/b><\/strong><\/td>\n<\/tr>\n<tr>\n<td width=\"78\">2\u2033<\/td>\n<td width=\"44\">51<\/td>\n<td width=\"55\">267<\/td>\n<td width=\"51\">390<\/td>\n<td width=\"57\">200<\/td>\n<td width=\"61\">165<\/td>\n<td width=\"77\">127<\/td>\n<td width=\"55\">92<\/td>\n<td width=\"51\">23<\/td>\n<td width=\"108\">8-\u03c619<\/td>\n<td width=\"149\">31<\/td>\n<\/tr>\n<tr>\n<td width=\"78\">2 1\/2\u2033<\/td>\n<td width=\"44\">64<\/td>\n<td width=\"55\">292<\/td>\n<td width=\"51\">425<\/td>\n<td width=\"57\">250<\/td>\n<td width=\"61\">190<\/td>\n<td width=\"77\">1479<\/td>\n<td width=\"55\">105<\/td>\n<td width=\"51\">26<\/td>\n<td width=\"108\">8-\u03c622<\/td>\n<td width=\"149\">43<\/td>\n<\/tr>\n<tr>\n<td width=\"78\">3\u2033<\/td>\n<td width=\"44\">76<\/td>\n<td width=\"55\">318<\/td>\n<td width=\"51\">450<\/td>\n<td width=\"57\">250<\/td>\n<td width=\"61\">210<\/td>\n<td width=\"77\">168.5<\/td>\n<td width=\"55\">127<\/td>\n<td width=\"51\">29<\/td>\n<td width=\"108\">8-\u03c622<\/td>\n<td width=\"149\">57<\/td>\n<\/tr>\n<tr>\n<td width=\"78\">4\u2033<\/td>\n<td width=\"44\">102<\/td>\n<td width=\"55\">356<\/td>\n<td width=\"51\">565<\/td>\n<td width=\"57\">350<\/td>\n<td width=\"61\">254<\/td>\n<td width=\"77\">200<\/td>\n<td width=\"55\">157<\/td>\n<td width=\"51\">32<\/td>\n<td width=\"108\">8-\u03c622<\/td>\n<td width=\"149\">86<\/td>\n<\/tr>\n<tr>\n<td width=\"78\">5\u2033<\/td>\n<td width=\"44\">127<\/td>\n<td width=\"55\">400<\/td>\n<td width=\"51\">673<\/td>\n<td width=\"57\">450<\/td>\n<td width=\"61\">279<\/td>\n<td width=\"77\">235<\/td>\n<td width=\"55\">186<\/td>\n<td width=\"51\">35<\/td>\n<td width=\"108\">8-\u03c622<\/td>\n<td width=\"149\">130<\/td>\n<\/tr>\n<tr>\n<td width=\"78\">6\u2033<\/td>\n<td width=\"44\">152<\/td>\n<td width=\"55\">444<\/td>\n<td width=\"51\">710<\/td>\n<td width=\"57\">450<\/td>\n<td width=\"61\">318<\/td>\n<td width=\"77\">270<\/td>\n<td width=\"55\">216<\/td>\n<td width=\"51\">37<\/td>\n<td width=\"108\">12-\u03c622<\/td>\n<td width=\"149\">168<\/td>\n<\/tr>\n<tr>\n<td width=\"78\">8\u2033<\/td>\n<td width=\"44\">203<\/td>\n<td width=\"55\">559<\/td>\n<td width=\"51\">860<\/td>\n<td width=\"57\">550<\/td>\n<td width=\"61\">381<\/td>\n<td width=\"77\">330<\/td>\n<td width=\"55\">270<\/td>\n<td width=\"51\">42<\/td>\n<td width=\"108\">12-\u03c625<\/td>\n<td width=\"149\">280<\/td>\n<\/tr>\n<tr>\n<td width=\"78\">10\u2033<\/td>\n<td width=\"44\">254<\/td>\n<td width=\"55\">622<\/td>\n<td width=\"51\">1100<\/td>\n<td width=\"57\">640<\/td>\n<td width=\"61\">445<\/td>\n<td width=\"77\">387.5<\/td>\n<td width=\"55\">324<\/td>\n<td width=\"51\">48<\/td>\n<td width=\"108\">16-\u03c629<\/td>\n<td width=\"149\">385<\/td>\n<\/tr>\n<tr>\n<td width=\"78\">12\u2033<\/td>\n<td width=\"44\">305<\/td>\n<td width=\"55\">711<\/td>\n<td width=\"51\">1320<\/td>\n<td width=\"57\">640<\/td>\n<td width=\"61\">521<\/td>\n<td width=\"77\">451<\/td>\n<td width=\"55\">381<\/td>\n<td width=\"51\">51<\/td>\n<td width=\"108\">16-\u03c632<\/td>\n<td width=\"149\">724<\/td>\n<\/tr>\n<tr>\n<td width=\"78\">10\u2033<\/td>\n<td width=\"44\">248<\/td>\n<td width=\"55\">787<\/td>\n<td width=\"51\">1340<\/td>\n<td width=\"57\"><\/td>\n<td width=\"61\">508<\/td>\n<td width=\"77\">432<\/td>\n<td width=\"55\">324<\/td>\n<td width=\"51\">64<\/td>\n<td width=\"108\">16-\u03c635<\/td>\n<td width=\"149\">700<\/td>\n<\/tr>\n<tr>\n<td width=\"78\">12\u2033<\/td>\n<td width=\"44\">298<\/td>\n<td width=\"55\">838<\/td>\n<td width=\"51\">1520<\/td>\n<td width=\"57\"><\/td>\n<td width=\"61\">559<\/td>\n<td width=\"77\">489<\/td>\n<td width=\"55\">381<\/td>\n<td width=\"51\">67<\/td>\n<td width=\"108\">20-\u03c635<\/td>\n<td width=\"149\">900<\/td>\n<\/tr>\n<\/tbody>\n<\/table>","protected":false},"excerpt":{"rendered":"<p>Modelo:STV-J541H-300LB-16\u2033-WCB<\/p>\n<p>STV Valve Technology Group Co., Ltd \u00e9 um l\u00edder profissional China V\u00e1lvulas globo com tampa aparafusada, V\u00e1lvulas globo de 16 polegadas, V\u00e1lvulas globo com extremidades RF flangeadas, V\u00e1lvula globo WCB, V\u00e1lvulas globo 1873, V\u00e1lvulas globo 150 LB, V\u00e1lvulas globo API 598, API 600 Globe V\u00e1lvulas, v\u00e1lvula globo de a\u00e7o fundido, fabricante de v\u00e1lvula globo de a\u00e7o carbono com alta qualidade e pre\u00e7o competitivo.<\/p>\n<p>Entre em contato com nosso sales@stvvalve.com para outros materiais e detalhes.<\/p>\n<p><strong><b>V\u00e1lvula globo com extremidade flangeada em a\u00e7o fundido<\/b><\/strong><\/p>\n<p>As v\u00e1lvulas globo flangeadas s\u00e3o v\u00e1lvulas seladas \u00e0 for\u00e7a. Portanto, ao fechar a v\u00e1lvula, deve-se exercer press\u00e3o sobre o disco para garantir que a face de veda\u00e7\u00e3o n\u00e3o vaze. Quando o meio entra na v\u00e1lvula por baixo da v\u00e1lvula, a for\u00e7a operacional necess\u00e1ria para superar a resist\u00eancia, que \u00e9 a for\u00e7a criada pelo atrito da haste e da gaxeta e pela press\u00e3o do meio. Ao fechar a v\u00e1lvula, a for\u00e7a \u00e9 maior do que a de abrir a v\u00e1lvula, portanto o di\u00e2metro da haste da v\u00e1lvula deve ser grande, caso contr\u00e1rio ocorrer\u00e3o dobras da haste.<\/p>\n<p>Recurso de design +<\/p>\n<ul>\n<li>Haste anti-explos\u00e3o<\/li>\n<li>Disco girat\u00f3rio<\/li>\n<li>Tipo de plugue<\/li>\n<li>Cap\u00f4 aparafusado<\/li>\n<li>Haste ascendente<\/li>\n<li>Parafusado no banco traseiro<\/li>\n<li>Vazamento zero<\/li>\n<\/ul>\n<p>Padr\u00e3o de Projeto+<\/p>\n<ul>\n<li>Projeto: BS1873\/ASME B16.34<\/li>\n<li>Cara a cara: ASME16.10<\/li>\n<li>Conex\u00e3o final: ASME:16.5\/ASME B16.25<\/li>\n<li>Teste: API598<\/li>\n<li>Seguran\u00e7a contra inc\u00eandio: API607<\/li>\n<\/ul>\n<p>Especifica\u00e7\u00e3o T\u00e9cnica+<\/p>\n<ul>\n<li>Tamanho: 2\u2033~40\u2033<\/li>\n<li>Classe: 150# ~ 2500#<\/li>\n<li>Conex\u00e3o: Flange duplo \/ Solda de topo<\/li>\n<li>Opera\u00e7\u00e3o: Volante \/ Caixa de engrenagens c\u00f4nicas \/ Atuador el\u00e9trico<\/li>\n<li>Temperatura: -60\u00b0C a +550\u00b0C<\/li>\n<li>Aplica\u00e7\u00e3o: Oleoduto\/petr\u00f3leo offshore\/produto qu\u00edmico\/\u00e1gua\/usina\/<br \/>\nInd\u00fastria de ferro e a\u00e7o<\/li>\n<li>Corpo: A\u00e7o carbono (WCB, LCB, WC6, WC9, C5) \/ A\u00e7o inoxid\u00e1vel (CF8, CF8M, CF3, CF3M) \/<br \/>\nA\u00e7o inoxid\u00e1vel duplex (4A,5A,6A) \/<br \/>\nLiga Hastelloy (N-12MV,CW-12MW,CW-2M) \/<br \/>\nLiga Inconel (CY-40, CW-6MC) \/<br \/>\nLiga Monel(M35-1) \/<br \/>\nLiga de bronze de alum\u00ednio (C95400, C95500, C95800, AB2C)<\/li>\n<li>Disco: A\u00e7o carbono (WCB+13Cr,WCB+STL,LCB+STL,WC6+STL,WC9+STL,C5+STL) A\u00e7o inoxid\u00e1vel(CF8,CF8M,CF3,CF3M) \/<br \/>\nA\u00e7o inoxid\u00e1vel duplex (4A,5A,6A) \/<br \/>\nLiga Hastelloy (N-12MV,CW-12MW,CW-2M) \/<br \/>\nLiga Inconel (CY-40, CW-6MC) \/<br \/>\nLiga Monel(M35-1) \/<br \/>\nLiga de bronze de alum\u00ednio (C95400, C95500, C95800, AB2C)<\/li>\n<li>Haste: SS420 \/ 17-4PH \/ F53 \/ XM-19 \/ Monel-K500 \/ Inconel-625 \/<br \/>\nHastelloy-276<\/li>\n<\/ul>\n<p>&nbsp;<\/p>\n<p>Folha de data:<a href=\"https:\/\/www.stvvalves.com\/wp-content\/uploads\/2019\/07\/300LB-Cast-Steel-Globe-Valve-DN400-316-Trim-Flange-End-DRAWING.pdf\">V\u00e1lvula globo de a\u00e7o fundido 300LB, guarni\u00e7\u00e3o DN400.316, extremidade do flange<\/a><\/p>","protected":false},"featured_media":5164,"template":"","meta":[],"product_brand":[],"product_cat":[63,45],"product_tag":[1089,1087,1090,1091,946,1083,1015,323,1088,367],"class_list":{"0":"post-5161","1":"product","2":"type-product","3":"status-publish","4":"has-post-thumbnail","6":"product_cat-cast-steel-globe-valve","7":"product_cat-globe-valve","8":"product_tag-150-lb-globe-valves","9":"product_tag-16-inch-globe-valves","10":"product_tag-api-598-globe-valves","11":"product_tag-api-600-globe-valves","12":"product_tag-bolted-bonnet-globe-valves","13":"product_tag-bs-1873-globe-valves","14":"product_tag-carbon-steel-globe-valve","15":"product_tag-cast-steel-globe-valve","16":"product_tag-flanged-rf-ends-globe-valves","17":"product_tag-wcb-globe-valve","19":"first","20":"instock","21":"shipping-taxable","22":"product-type-simple"},"_links":{"self":[{"href":"https:\/\/www.stvvalves.com\/pt\/wp-json\/wp\/v2\/product\/5161","targetHints":{"allow":["GET"]}}],"collection":[{"href":"https:\/\/www.stvvalves.com\/pt\/wp-json\/wp\/v2\/product"}],"about":[{"href":"https:\/\/www.stvvalves.com\/pt\/wp-json\/wp\/v2\/types\/product"}],"wp:featuredmedia":[{"embeddable":true,"href":"https:\/\/www.stvvalves.com\/pt\/wp-json\/wp\/v2\/media\/5164"}],"wp:attachment":[{"href":"https:\/\/www.stvvalves.com\/pt\/wp-json\/wp\/v2\/media?parent=5161"}],"wp:term":[{"taxonomy":"product_brand","embeddable":true,"href":"https:\/\/www.stvvalves.com\/pt\/wp-json\/wp\/v2\/product_brand?post=5161"},{"taxonomy":"product_cat","embeddable":true,"href":"https:\/\/www.stvvalves.com\/pt\/wp-json\/wp\/v2\/product_cat?post=5161"},{"taxonomy":"product_tag","embeddable":true,"href":"https:\/\/www.stvvalves.com\/pt\/wp-json\/wp\/v2\/product_tag?post=5161"}],"curies":[{"name":"wp","href":"https:\/\/api.w.org\/{rel}","templated":true}]}}