{"id":5175,"date":"2019-07-18T09:47:14","date_gmt":"2019-07-18T09:47:14","guid":{"rendered":"https:\/\/www.stvvalves.com\/?post_type=product&#038;p=5175"},"modified":"2025-02-17T18:32:48","modified_gmt":"2025-02-17T10:32:48","slug":"gate-valve-jis-40k-a105n-body-13cr-seat-stellite-trim-weld-flange","status":"publish","type":"product","link":"https:\/\/www.stvvalves.com\/pt\/products\/gate-valve-jis-40k-a105n-body-13cr-seat-stellite-trim-weld-flange\/","title":{"rendered":"V\u00e1lvula gaveta JIS 40K, corpo A105N, guarni\u00e7\u00e3o Stellite de assento 13cr, flange de solda"},"content":{"rendered":"<p>. Projeto e Fabrica\u00e7\u00e3o: API 602<br \/>\n2. Constru\u00e7\u00f5es: OS&amp;Y, Castelo Aparafusado, Castelo Soldado e Castelo Selado por Press\u00e3o;<br \/>\n3. Tipo de furo: Porta completa<br \/>\n4. Faixa de tamanho: 1\/2\u2033 a 2\u2033.<br \/>\n5. Classifica\u00e7\u00f5es de press\u00e3o: ANSI 150, 300, 600, 900, 1500 e 2500LBS<br \/>\n6. Conex\u00f5es finais: Flangeadas (RF, RTJ)<br \/>\nOutras extremidades tamb\u00e9m dispon\u00edveis: roscada (parafusada, NPT), solda de topo (BW), solda de soquete (SW).<br \/>\n7. Materiais dispon\u00edveis em: A105 (N), LF2, F5, F11, F22, F304, F316, F51, F53 ou equivalente;<br \/>\n8. V\u00e1rios materiais de acabamento est\u00e3o dispon\u00edveis para atender a diferentes condi\u00e7\u00f5es de servi\u00e7o<br \/>\n9. NACE MR 0175 mediante solicita\u00e7\u00e3o<br \/>\n10.Teste e Inspe\u00e7\u00e3o: API598<\/p>\n<table>\n<tbody>\n<tr>\n<td width=\"200\"><strong><b>Nome do Produto<\/b><\/strong><\/td>\n<td width=\"481\">V\u00e1lvula gaveta JIS 40K, corpo A105N, guarni\u00e7\u00e3o Stellite de assento 13cr, flange de solda<\/td>\n<\/tr>\n<tr>\n<td width=\"200\">1. Materiais<\/td>\n<td width=\"481\">A105 (N), LF2, F5, F11, F22, F304, F316, F51, F53 ou Equivalente;<\/td>\n<\/tr>\n<tr>\n<td width=\"200\">2. Tamanho<\/td>\n<td width=\"481\">1\/2&#8243;~2&#8243; &#8216; (\u00a015~50)<\/td>\n<\/tr>\n<tr>\n<td width=\"200\">4. Porto<\/td>\n<td width=\"481\">Porta Redutora ou Porta Completa<\/td>\n<\/tr>\n<tr>\n<td width=\"200\">5. Press\u00e3o de Trabalho<\/td>\n<td width=\"481\">JIS10K-JIS40K<\/td>\n<\/tr>\n<tr>\n<td width=\"200\">6. Fim da conex\u00e3o<\/td>\n<td width=\"481\">FF,RF.RTJ<\/td>\n<\/tr>\n<tr>\n<td width=\"200\">7. Temperatura de trabalho.<\/td>\n<td width=\"481\">-29~600\u00baC,<\/td>\n<\/tr>\n<tr>\n<td width=\"200\">8. Meio Adequado<\/td>\n<td width=\"481\">\u00c1gua, G\u00e1s Natural, Petr\u00f3leo e algum l\u00edquido corrosivo<\/td>\n<\/tr>\n<tr>\n<td width=\"200\">9. Operado<\/td>\n<td width=\"481\">Volante<\/td>\n<\/tr>\n<tr>\n<td width=\"200\">10. Inspe\u00e7\u00e3o e Teste<\/td>\n<td width=\"481\">De acordo com JIS B2003<\/td>\n<\/tr>\n<tr>\n<td width=\"200\"><strong><b>envio<\/b><\/strong><\/td>\n<td width=\"481\">&nbsp;<\/td>\n<\/tr>\n<tr>\n<td width=\"200\">Prazo de entrega<\/td>\n<td width=\"481\">30 dias<\/td>\n<\/tr>\n<tr>\n<td width=\"200\">Pacote<\/td>\n<td width=\"481\">Caixa de madeira compensada de exporta\u00e7\u00e3o padr\u00e3o<\/td>\n<\/tr>\n<tr>\n<td width=\"200\">Porto de embarque<\/td>\n<td width=\"481\">Ningbo\/Xangai, China<\/td>\n<\/tr>\n<tr>\n<td width=\"200\">Termos de envio<\/td>\n<td width=\"481\">Exw, FOB, CFR, CIF, etc.<\/td>\n<\/tr>\n<tr>\n<td width=\"200\">Termos de pagamento<\/td>\n<td width=\"481\">T\/T, Western Union, PayPal, etc.<\/td>\n<\/tr>\n<tr>\n<td width=\"200\">&nbsp;<\/td>\n<td width=\"481\">Pr\u00e9-pagamento 30%, saldo 70% pago antes do envio<\/td>\n<\/tr>\n<tr>\n<td width=\"200\">Pa\u00eds de origem<\/td>\n<td width=\"481\">Cidade de Wenzhou, China<\/td>\n<\/tr>\n<tr>\n<td width=\"200\">Capacidade de produ\u00e7\u00e3o<\/td>\n<td width=\"481\">6.000 toneladas\/ano<\/td>\n<\/tr>\n<tr>\n<td width=\"200\">Quantidade m\u00ednima<\/td>\n<td width=\"481\">10 unidades\/tamanho<\/td>\n<\/tr>\n<\/tbody>\n<\/table>","protected":false},"excerpt":{"rendered":"<div class=\"woocommerce-product-details__short-description\">\n<p>Modelo:STV-Z41H-600LB-A105N-DN20<\/p>\n<p>STV Valve Technology Group Co., Ltd \u00e9 um l\u00edder profissional China Gate Valve JIS 40K, A105N Body Gate Valve, 13cr Gate Valve, assento Stellite Trim Gate Valve, Weld Flange Gate Valve, Forged Steel Gate Valve, 25A Gate Valve Fabricante com alta qualidade e pre\u00e7o competitivo.<\/p>\n<p>Entre em contato com nosso sales@stvvalve.com para outros materiais e detalhes.<\/p>\n<p>Folha de data:<a href=\"https:\/\/www.stvvalves.com\/wp-content\/uploads\/2019\/07\/gate-valve-jis-40k-a105n-body-13cr-seat-stellite-trim-weld-flange-drawing.pdf\">V\u00e1lvula gaveta JIS 40K, corpo A105N, acabamento em Stellite 13cr\/seat, flange de solda<\/a><\/p>\n<\/div>\n<form class=\"cart\" action=\"https:\/\/www.stvvalves.com\/pt\/product\/api-602-integral-flange-gate-valve-600lb-a105n-body-dn-20-rtj-end\/\" enctype=\"multipart\/form-data\" method=\"post\" data-trp-original-action=\"https:\/\/www.stvvalves.com\/product\/api-602-integral-flange-gate-valve-600lb-a105n-body-dn-20-rtj-end\/\">\n<div class=\"wcpa_form_outer\"><\/div>\n<div class=\"quantity\"><\/div>\n<div class=\"addquotelistlink\">\n<div class=\"quotelistadd_prodpage\"><\/div>\n<\/div>\n<input type=\"hidden\" name=\"trp-form-language\" value=\"pt\"\/><\/form>","protected":false},"featured_media":5179,"template":"","meta":[],"product_brand":[],"product_cat":[59,44],"product_tag":[1106,1102,194,1101,1104,1105],"class_list":{"0":"post-5175","1":"product","2":"type-product","3":"status-publish","4":"has-post-thumbnail","6":"product_cat-forged-steel-gate-valve","7":"product_cat-gate-valve","8":"product_tag-25a-gate-valve","9":"product_tag-a105n-body-gate-valve","10":"product_tag-forged-steel-gate-valve","11":"product_tag-gate-valve-jis-40k","12":"product_tag-seat-stellite-trim-gate-valve","13":"product_tag-weld-flange-gate-valve","15":"first","16":"instock","17":"shipping-taxable","18":"product-type-simple"},"_links":{"self":[{"href":"https:\/\/www.stvvalves.com\/pt\/wp-json\/wp\/v2\/product\/5175","targetHints":{"allow":["GET"]}}],"collection":[{"href":"https:\/\/www.stvvalves.com\/pt\/wp-json\/wp\/v2\/product"}],"about":[{"href":"https:\/\/www.stvvalves.com\/pt\/wp-json\/wp\/v2\/types\/product"}],"wp:featuredmedia":[{"embeddable":true,"href":"https:\/\/www.stvvalves.com\/pt\/wp-json\/wp\/v2\/media\/5179"}],"wp:attachment":[{"href":"https:\/\/www.stvvalves.com\/pt\/wp-json\/wp\/v2\/media?parent=5175"}],"wp:term":[{"taxonomy":"product_brand","embeddable":true,"href":"https:\/\/www.stvvalves.com\/pt\/wp-json\/wp\/v2\/product_brand?post=5175"},{"taxonomy":"product_cat","embeddable":true,"href":"https:\/\/www.stvvalves.com\/pt\/wp-json\/wp\/v2\/product_cat?post=5175"},{"taxonomy":"product_tag","embeddable":true,"href":"https:\/\/www.stvvalves.com\/pt\/wp-json\/wp\/v2\/product_tag?post=5175"}],"curies":[{"name":"wp","href":"https:\/\/api.w.org\/{rel}","templated":true}]}}