{"id":5182,"date":"2019-07-18T13:07:22","date_gmt":"2019-07-18T13:07:22","guid":{"rendered":"https:\/\/www.stvvalves.com\/?post_type=product&#038;p=5182"},"modified":"2025-02-17T18:32:41","modified_gmt":"2025-02-17T10:32:41","slug":"forged-steel-globe-valve1500-lb-dn40-butt-weld-end","status":"publish","type":"product","link":"https:\/\/www.stvvalves.com\/pt\/products\/forged-steel-globe-valve1500-lb-dn40-butt-weld-end\/","title":{"rendered":"V\u00e1lvula globo de a\u00e7o forjado, 1500 LB, DN40, extremidade de solda de topo"},"content":{"rendered":"<p>Projeto e fabrica\u00e7\u00e3o em conformidade com BS 5352,ANSI B16.34<\/p>\n<p>As extremidades da conex\u00e3o est\u00e3o em conformidade com:<\/p>\n<p>1. As extremidades soldadas do soquete est\u00e3o em conformidade com ANSI B16.11<\/p>\n<p>2. As extremidades dos parafusos est\u00e3o em conformidade com ANSI B1.20.1<\/p>\n<p>3..Extremidades soldadas de topo em conformidade com ANSI B16.25<\/p>\n<p>Teste e inspe\u00e7\u00e3o em conformidade com: API 598<\/p>\n<p>Caracter\u00edsticas da estrutura: Castelo aparafusado, Castelo soldado, Castelo de veda\u00e7\u00e3o de press\u00e3o, parafuso externo e garfo<\/p>\n<p>Gama de Produtos<\/p>\n<p>Material do corpo: a\u00e7o carbono, a\u00e7o inoxid\u00e1vel, liga de a\u00e7o<\/p>\n<p>Di\u00e2metro nominal:1\/2\u2033~2\u2033(DN15~DN50\uff09<\/p>\n<p>Conex\u00e3o final: BW,RF,RTJ<\/p>\n<p>Faixa de press\u00e3o: Classe150 ~ 2500 (PN16 ~ PN420)<\/p>\n<p>Temperatura de trabalho: -196\u2103~+560\u2103<\/p>\n<p>Opera\u00e7\u00e3o: volante<\/p>\n<table>\n<tbody>\n<tr>\n<td width=\"200\"><strong>Nome do Produto<\/strong><\/td>\n<td width=\"481\">V\u00e1lvula globo de a\u00e7o forjado, 1500 LB, DN40, extremidade de solda de topo<\/td>\n<\/tr>\n<tr>\n<td width=\"200\">1. Materiais<\/td>\n<td width=\"481\">A105N<\/td>\n<\/tr>\n<tr>\n<td width=\"200\">2. Tamanho<\/td>\n<td width=\"481\">11\/2\u201d<\/td>\n<\/tr>\n<tr>\n<td width=\"200\">4. Porto<\/td>\n<td width=\"481\">Porta Redutora<\/td>\n<\/tr>\n<tr>\n<td width=\"200\">5. Press\u00e3o de Trabalho<\/td>\n<td width=\"481\">1.500 libras<\/td>\n<\/tr>\n<tr>\n<td width=\"200\">6. Fim da conex\u00e3o<\/td>\n<td width=\"481\">PN<\/td>\n<\/tr>\n<tr>\n<td width=\"200\">7. Temperatura de trabalho.<\/td>\n<td width=\"481\">-29~425\u00baC,<\/td>\n<\/tr>\n<tr>\n<td width=\"200\">8. Meio Adequado<\/td>\n<td width=\"481\">\u00c1gua, G\u00e1s Natural, Petr\u00f3leo e algum l\u00edquido corrosivo<\/td>\n<\/tr>\n<tr>\n<td width=\"200\">9. Operado<\/td>\n<td width=\"481\">Volante<\/td>\n<\/tr>\n<tr>\n<td width=\"200\">10. Inspe\u00e7\u00e3o e Teste<\/td>\n<td width=\"481\">De acordo com API598<\/td>\n<\/tr>\n<tr>\n<td width=\"200\"><strong>envio<\/strong><\/td>\n<td width=\"481\"><\/td>\n<\/tr>\n<tr>\n<td width=\"200\">Prazo de entrega<\/td>\n<td width=\"481\">30 dias<\/td>\n<\/tr>\n<tr>\n<td width=\"200\">Pacote<\/td>\n<td width=\"481\">Caixa de madeira compensada de exporta\u00e7\u00e3o padr\u00e3o<\/td>\n<\/tr>\n<tr>\n<td width=\"200\">Porto de embarque<\/td>\n<td width=\"481\">Ningbo\/Xangai, China<\/td>\n<\/tr>\n<tr>\n<td width=\"200\">Termos de envio<\/td>\n<td width=\"481\">Exw, FOB, CFR, CIF, etc.<\/td>\n<\/tr>\n<tr>\n<td width=\"200\">Termos de pagamento<\/td>\n<td width=\"481\">T\/T, Western Union, PayPal, etc.<\/td>\n<\/tr>\n<tr>\n<td width=\"200\"><\/td>\n<td width=\"481\">Pr\u00e9-pagamento 30%, saldo 70% pago antes do envio<\/td>\n<\/tr>\n<tr>\n<td width=\"200\">Pa\u00eds de origem<\/td>\n<td width=\"481\">Cidade de Wenzhou, China<\/td>\n<\/tr>\n<tr>\n<td width=\"200\">Capacidade de produ\u00e7\u00e3o<\/td>\n<td width=\"481\">6.000 toneladas\/ano<\/td>\n<\/tr>\n<tr>\n<td width=\"200\">Quantidade m\u00ednima<\/td>\n<td width=\"481\">1 pe\u00e7a\/tamanho<\/td>\n<\/tr>\n<\/tbody>\n<\/table>","protected":false},"excerpt":{"rendered":"<p>Modelo:STV-J61Y-2500LB-F316-1\u2033<\/p>\n<p>STV Valve Technology Group Co., Ltd \u00e9 um l\u00edder profissional China V\u00e1lvula globo de a\u00e7o forjado, V\u00e1lvula globo de 1500 LB, V\u00e1lvula globo DN40, V\u00e1lvula globo de extremidade de solda de topo, V\u00e1lvula globo A105N, V\u00e1lvula globo com tampa de parafuso, V\u00e1lvula globo API 602 fabricante com alta qualidade e pre\u00e7o competitivo.<\/p>\n<p>Entre em contato com nosso sales@stvvalve.com para outros materiais e detalhes.<\/p>\n<p>Folha de data:<a href=\"https:\/\/www.stvvalves.com\/wp-content\/uploads\/2019\/07\/forged-steel-globe-valve1500-lb-dn40-butt-weld-end-drawing.pdf\">V\u00e1lvula globo de a\u00e7o forjado, 1500 LB, DN40, extremidade de solda de topo<\/a><\/p>","protected":false},"featured_media":5184,"template":"","meta":[],"product_brand":[],"product_cat":[64,45],"product_tag":[1107,1018,212,1110,1109,1108,197],"class_list":{"0":"post-5182","1":"product","2":"type-product","3":"status-publish","4":"has-post-thumbnail","6":"product_cat-foreged-steel-globe-valve","7":"product_cat-globe-valve","8":"product_tag-1500-lb-globe-valve","9":"product_tag-a105n-globe-valve","10":"product_tag-api-602-globe-valve","11":"product_tag-bolt-bonnet-globe-valve","12":"product_tag-butt-weld-end-globe-valve","13":"product_tag-dn40-globe-valve","14":"product_tag-forged-steel-globe-valve","16":"first","17":"instock","18":"shipping-taxable","19":"product-type-simple"},"_links":{"self":[{"href":"https:\/\/www.stvvalves.com\/pt\/wp-json\/wp\/v2\/product\/5182","targetHints":{"allow":["GET"]}}],"collection":[{"href":"https:\/\/www.stvvalves.com\/pt\/wp-json\/wp\/v2\/product"}],"about":[{"href":"https:\/\/www.stvvalves.com\/pt\/wp-json\/wp\/v2\/types\/product"}],"wp:featuredmedia":[{"embeddable":true,"href":"https:\/\/www.stvvalves.com\/pt\/wp-json\/wp\/v2\/media\/5184"}],"wp:attachment":[{"href":"https:\/\/www.stvvalves.com\/pt\/wp-json\/wp\/v2\/media?parent=5182"}],"wp:term":[{"taxonomy":"product_brand","embeddable":true,"href":"https:\/\/www.stvvalves.com\/pt\/wp-json\/wp\/v2\/product_brand?post=5182"},{"taxonomy":"product_cat","embeddable":true,"href":"https:\/\/www.stvvalves.com\/pt\/wp-json\/wp\/v2\/product_cat?post=5182"},{"taxonomy":"product_tag","embeddable":true,"href":"https:\/\/www.stvvalves.com\/pt\/wp-json\/wp\/v2\/product_tag?post=5182"}],"curies":[{"name":"wp","href":"https:\/\/api.w.org\/{rel}","templated":true}]}}