{"id":5204,"date":"2019-07-22T14:48:55","date_gmt":"2019-07-22T14:48:55","guid":{"rendered":"https:\/\/www.stvvalves.com\/?post_type=product&#038;p=5204"},"modified":"2025-02-17T18:32:39","modified_gmt":"2025-02-17T10:32:39","slug":"api-609-lug-type-butterfly-valve-150lb-10-inch-cf8m","status":"publish","type":"product","link":"https:\/\/www.stvvalves.com\/pt\/products\/api-609-lug-type-butterfly-valve-150lb-10-inch-cf8m\/","title":{"rendered":"V\u00e1lvula borboleta tipo lug API 609, 150LB, 10 polegadas, CF8M"},"content":{"rendered":"<p>Projeto e Fabrica\u00e7\u00e3o: API 609<\/p>\n<p>Dimens\u00e3o face a face: API609, ISO5752, ASME B16.10<\/p>\n<p>Dimens\u00e3o da conex\u00e3o do flange: ASME B16.5, ASME B16.47<\/p>\n<p>Teste e inspe\u00e7\u00e3o: API 598<\/p>\n<p>Classifica\u00e7\u00e3o de temperatura de press\u00e3o: API 609, ASME B16.34<br \/>\nGama de Produtos<\/p>\n<p>Material do corpo:A\u00e7o Fundido,A\u00e7o Inoxid\u00e1vel,Monel<\/p>\n<p>Di\u00e2metro nominal: 2\u2033~120\u2033(DN50~DN3000\uff09<\/p>\n<p>Conex\u00e3o final: Flange Duplo, Wafer, Lug, etc.<\/p>\n<p>Faixa de press\u00e3o: Classe150 ~ 600\uff08PN16~PN100\uff09<\/p>\n<p>Temperatura de trabalho:-46\u2103 ~ +550\u2103<\/p>\n<p>Opera\u00e7\u00e3o: Al\u00e7a, Engrenagem, Atuador El\u00e9trico, etc.<\/p>\n<p>Estrutura de veda\u00e7\u00e3o, veda\u00e7\u00e3o suave,<br \/>\nMotorista de rolha<br \/>\nALMOFADA DE MONTAGEM ISO 5211<br \/>\nConex\u00e3o,Flange,Wafer Lug-wafer<br \/>\nOpera\u00e7\u00e3o, tipo, manual, engrenagem helicoidal, el\u00e9trica,<br \/>\nPneum\u00e1tico, Hidr\u00e1ulico<br \/>\nEstrutura Exc\u00eantrica, Centrada<\/p>","protected":false},"excerpt":{"rendered":"<p>Modelo:STV-LD373F-150LB-CF8M-10\u2033<\/p>\n<p>STV Valve Technology Group Co., Ltd \u00e9 um l\u00edder profissional China v\u00e1lvula borboleta de a\u00e7o inoxid\u00e1vel, v\u00e1lvula borboleta exc\u00eantrica dupla, v\u00e1lvula borboleta flangeada, v\u00e1lvula borboleta flangeada, v\u00e1lvula borboleta pneum\u00e1tica, v\u00e1lvula borboleta wafer, v\u00e1lvula borboleta lug, v\u00e1lvula borboleta de deslocamento triplo, 4 polegadas v\u00e1lvula borboleta, v\u00e1lvula borboleta de 6 polegadas, v\u00e1lvula borboleta de 3 polegadas, v\u00e1lvula borboleta de 8 polegadas, v\u00e1lvula borboleta de 2 polegadas Fabrica\u00e7\u00e3o com alta qualidade e pre\u00e7o competitivo.<\/p>\n<p>Entre em contato com nosso sales@stvvalve.com para outros materiais e detalhes.<\/p>\n<p>Folha de data:<a href=\"https:\/\/www.stvvalves.com\/wp-content\/uploads\/2019\/07\/API-609-Lug-Type-Butterfly-Valve-150LB-10-Inch-CF8M-drawing.pdf\">V\u00e1lvula borboleta tipo lug API 609, 150LB, 10 polegadas, CF8M<\/a><\/p>","protected":false},"featured_media":5207,"template":"","meta":[],"product_brand":[],"product_cat":[965,971],"product_tag":[1132,1130,1128,1129,1131,1124,1126,1125,1123,1127,731],"class_list":{"0":"post-5204","1":"product","2":"type-product","3":"status-publish","4":"has-post-thumbnail","6":"product_cat-butterfly-valve","7":"product_cat-wafer-butterfly-valve","8":"product_tag-2-inch-butterfly-valve","9":"product_tag-3-inch-butterfly-valve","10":"product_tag-4-inch-butterfly-valve","11":"product_tag-6-inch-butterfly-valve","12":"product_tag-8-inch-butterfly-valve","13":"product_tag-double-eccentric-butterfly-valve8141c64f649aa10a30e48bdb99fa3eccf7af065b4b625c7c4d110ee570dfa2a6ef8141c64f649aa10a30e48bdb99fa3eccf7af065b4b625c7c4d110ee570dfa2a6bc8141c64f649aa10a30e48bdb99fa3ec","14":"product_tag-lug-butterfly-valve","15":"product_tag-pneumatic-butterfly-valve","16":"product_tag-stainless-steel-butterfly-valve","17":"product_tag-triple-offset-butterfly-valve","18":"product_tag-wafer-butterfly-valve","20":"first","21":"instock","22":"shipping-taxable","23":"product-type-simple"},"_links":{"self":[{"href":"https:\/\/www.stvvalves.com\/pt\/wp-json\/wp\/v2\/product\/5204","targetHints":{"allow":["GET"]}}],"collection":[{"href":"https:\/\/www.stvvalves.com\/pt\/wp-json\/wp\/v2\/product"}],"about":[{"href":"https:\/\/www.stvvalves.com\/pt\/wp-json\/wp\/v2\/types\/product"}],"wp:featuredmedia":[{"embeddable":true,"href":"https:\/\/www.stvvalves.com\/pt\/wp-json\/wp\/v2\/media\/5207"}],"wp:attachment":[{"href":"https:\/\/www.stvvalves.com\/pt\/wp-json\/wp\/v2\/media?parent=5204"}],"wp:term":[{"taxonomy":"product_brand","embeddable":true,"href":"https:\/\/www.stvvalves.com\/pt\/wp-json\/wp\/v2\/product_brand?post=5204"},{"taxonomy":"product_cat","embeddable":true,"href":"https:\/\/www.stvvalves.com\/pt\/wp-json\/wp\/v2\/product_cat?post=5204"},{"taxonomy":"product_tag","embeddable":true,"href":"https:\/\/www.stvvalves.com\/pt\/wp-json\/wp\/v2\/product_tag?post=5204"}],"curies":[{"name":"wp","href":"https:\/\/api.w.org\/{rel}","templated":true}]}}