{"id":5336,"date":"2019-10-17T02:45:45","date_gmt":"2019-10-17T02:45:45","guid":{"rendered":"https:\/\/www.stvvalves.com\/?post_type=product&#038;p=5336"},"modified":"2025-02-17T18:32:34","modified_gmt":"2025-02-17T10:32:34","slug":"weld-end-forged-steel-piston-check-valve","status":"publish","type":"product","link":"https:\/\/www.stvvalves.com\/pt\/products\/weld-end-forged-steel-piston-check-valve\/","title":{"rendered":"V\u00e1lvula de reten\u00e7\u00e3o de pist\u00e3o de a\u00e7o forjado com extremidade soldada"},"content":{"rendered":"<p>Especifica\u00e7\u00f5es:<br \/>\n1) Tamanho: 1\/4\u2033 a 2\u2033<br \/>\n2) Classe: 150LB a 2500LB<br \/>\n3) Tipo: Castelo aparafusado, castelo soldado ou castelo selado sob press\u00e3o, furo redutor ou furo completo, extremidade parafusada (NPT) ou extremidade soldada por soquete.<br \/>\n4) Material: A105, LF2, F304, F316, F304L, F316L, F11, F22, F51, F53, F5, F9, MONEL, LIGA 20 etc.<\/p>\n<p>Especifica\u00e7\u00e3o de material padr\u00e3o<\/p>\n<p>Especifica\u00e7\u00e3o de material padr\u00e3o<\/p>\n<table width=\"100{8141c64f649aa10a30e48bdb99fa3eccf7af065b4b625c7c4d110ee570dfa2a6}\" cellspacing=\"1\" cellpadding=\"0\" bgcolor=\"#999999\">\n<tbody>\n<tr bgcolor=\"#ffffff\">\n<td rowspan=\"2\" width=\"7{8141c64f649aa10a30e48bdb99fa3eccf7af065b4b625c7c4d110ee570dfa2a6}\">N\u00c3O.<\/td>\n<td rowspan=\"2\" width=\"18{8141c64f649aa10a30e48bdb99fa3eccf7af065b4b625c7c4d110ee570dfa2a6}\">Nome da pe\u00e7a<\/td>\n<td width=\"20{8141c64f649aa10a30e48bdb99fa3eccf7af065b4b625c7c4d110ee570dfa2a6}\">CS para ASTM<\/td>\n<td width=\"19{8141c64f649aa10a30e48bdb99fa3eccf7af065b4b625c7c4d110ee570dfa2a6}\">AS para ASTM<\/td>\n<td colspan=\"2\">SS para ASTM<\/td>\n<\/tr>\n<tr>\n<td align=\"middle\" bgcolor=\"#ffffff\">Tipo A105<\/td>\n<td align=\"middle\" bgcolor=\"#ffffff\">Tipo F22<\/td>\n<td align=\"middle\" bgcolor=\"#ffffff\" width=\"18{8141c64f649aa10a30e48bdb99fa3eccf7af065b4b625c7c4d110ee570dfa2a6}\">Tipo F304(L)<\/td>\n<td align=\"middle\" bgcolor=\"#ffffff\" width=\"18{8141c64f649aa10a30e48bdb99fa3eccf7af065b4b625c7c4d110ee570dfa2a6}\">Tipo F316(L)<\/td>\n<\/tr>\n<tr bgcolor=\"#ffffff\">\n<td>1<\/td>\n<td>Corpo<\/td>\n<td>A105<\/td>\n<td>A182 F22<\/td>\n<td>A182 F304(L)<\/td>\n<td>A182 F316(L)<\/td>\n<\/tr>\n<tr bgcolor=\"#ffffff\">\n<td align=\"middle\">2<\/td>\n<td align=\"middle\">Disco de pist\u00e3o<\/td>\n<td align=\"middle\">A276 410<\/td>\n<td align=\"middle\">A276 304<\/td>\n<td align=\"middle\">A276 304(L)<\/td>\n<td align=\"middle\">A276 316(L)<\/td>\n<\/tr>\n<tr bgcolor=\"#ffffff\">\n<td align=\"middle\">3<\/td>\n<td align=\"middle\">Junta<\/td>\n<td colspan=\"2\" align=\"middle\">SS ondulado + grafite<\/td>\n<td colspan=\"2\" align=\"middle\">SS+PTFE<\/td>\n<\/tr>\n<tr bgcolor=\"#ffffff\">\n<td align=\"middle\">4<\/td>\n<td align=\"middle\">Gorro<\/td>\n<td align=\"middle\">A105<\/td>\n<td align=\"middle\">A182 F22<\/td>\n<td colspan=\"2\" align=\"middle\">A182 F304(L) A182 F316(L)<\/td>\n<\/tr>\n<tr bgcolor=\"#ffffff\">\n<td align=\"middle\">5<\/td>\n<td align=\"middle\">Placa de identifica\u00e7\u00e3o<\/td>\n<td colspan=\"4\" align=\"middle\">SS<\/td>\n<\/tr>\n<tr bgcolor=\"#ffffff\">\n<td align=\"middle\">6<\/td>\n<td align=\"middle\">Parafuso<\/td>\n<td align=\"middle\">A193 B7<\/td>\n<td align=\"middle\">A193 B16<\/td>\n<td align=\"middle\">A193 B8M<\/td>\n<td align=\"middle\">A193 B8M<\/td>\n<\/tr>\n<tr bgcolor=\"#ffffff\">\n<td align=\"middle\">7<\/td>\n<td align=\"middle\">Bola<\/td>\n<td align=\"middle\">A182 F304<\/td>\n<td align=\"middle\">A182 F304<\/td>\n<td align=\"middle\">A182 F304<\/td>\n<td align=\"middle\">A182 F304<\/td>\n<\/tr>\n<tr bgcolor=\"#ffffff\">\n<td colspan=\"2\">Meio Adequado<\/td>\n<td colspan=\"2\">WOGetc<\/td>\n<td>WOGetc<\/td>\n<td>HNO 3 ,CH 3 OOH etc.<\/td>\n<\/tr>\n<tr bgcolor=\"#ffffff\">\n<td colspan=\"2\">Temperatura adequada<\/td>\n<td colspan=\"2\">-29-425\u00baC<\/td>\n<td>-29-550\u00baC<\/td>\n<td>-29-180\u00baC<\/td>\n<\/tr>\n<\/tbody>\n<\/table>\n<p>Nota: Outros materiais est\u00e3o dispon\u00edveis mediante solicita\u00e7\u00e3o.<br \/>\nCS=A\u00e7o Carbono;AS=A\u00e7o Liga;SS=A\u00e7o Inoxid\u00e1vel;<\/p>\n<p>Dimens\u00e3o (mm) e Peso (Kg)<\/p>\n<table width=\"100{8141c64f649aa10a30e48bdb99fa3eccf7af065b4b625c7c4d110ee570dfa2a6}\" cellspacing=\"1\" cellpadding=\"0\" bgcolor=\"#999999\">\n<tbody>\n<tr bgcolor=\"#ffffff\">\n<td rowspan=\"2\">NPS<\/td>\n<td>Conv.<\/td>\n<td>3\/8&#8243;<\/td>\n<td>1\/2&#8243;<\/td>\n<td>3\/4&#8243;<\/td>\n<td>1&#8243;<\/td>\n<td>11\/4&#8243;<\/td>\n<td>11\/2&#8243;<\/td>\n<td>2&#8243;<\/td>\n<td><\/td>\n<\/tr>\n<tr>\n<td align=\"middle\" bgcolor=\"#ffffff\">Completo<\/td>\n<td bgcolor=\"#ffffff\"><\/td>\n<td align=\"middle\" bgcolor=\"#ffffff\">3\/8&#8243;<\/td>\n<td align=\"middle\" bgcolor=\"#ffffff\">1\/2&#8243;<\/td>\n<td align=\"middle\" bgcolor=\"#ffffff\">3\/4&#8243;<\/td>\n<td align=\"middle\" bgcolor=\"#ffffff\">1&#8243;<\/td>\n<td align=\"middle\" bgcolor=\"#ffffff\">11\/4&#8243;<\/td>\n<td align=\"middle\" bgcolor=\"#ffffff\">11\/2&#8243;<\/td>\n<td align=\"middle\" bgcolor=\"#ffffff\">2&#8243;<\/td>\n<\/tr>\n<tr bgcolor=\"#ffffff\">\n<td colspan=\"2\" align=\"middle\">eu<\/td>\n<td align=\"middle\">79<\/td>\n<td align=\"middle\">79<\/td>\n<td align=\"middle\">92<\/td>\n<td align=\"middle\">111<\/td>\n<td align=\"middle\">120<\/td>\n<td align=\"middle\">152<\/td>\n<td align=\"middle\">172<\/td>\n<td align=\"middle\">200<\/td>\n<\/tr>\n<tr bgcolor=\"#ffffff\">\n<td colspan=\"2\" align=\"middle\">H<\/td>\n<td align=\"middle\">61<\/td>\n<td align=\"middle\">61<\/td>\n<td align=\"middle\">65<\/td>\n<td align=\"middle\">79<\/td>\n<td align=\"middle\">95<\/td>\n<td align=\"middle\">103<\/td>\n<td align=\"middle\">118<\/td>\n<td align=\"middle\">132<\/td>\n<\/tr>\n<tr bgcolor=\"#ffffff\">\n<td rowspan=\"2\" align=\"middle\">Peso<\/td>\n<td align=\"middle\">Aparafusado<\/td>\n<td align=\"middle\">1.4<\/td>\n<td align=\"middle\">1.2<\/td>\n<td align=\"middle\">1.5<\/td>\n<td align=\"middle\">3.1<\/td>\n<td align=\"middle\">3.9<\/td>\n<td align=\"middle\">5.6<\/td>\n<td align=\"middle\">8.9<\/td>\n<td align=\"middle\">12.5<\/td>\n<\/tr>\n<tr>\n<td align=\"middle\" bgcolor=\"#ffffff\">Soldado<\/td>\n<td align=\"middle\" bgcolor=\"#ffffff\">1.1<\/td>\n<td align=\"middle\" bgcolor=\"#ffffff\">1.0<\/td>\n<td align=\"middle\" bgcolor=\"#ffffff\">1.2<\/td>\n<td align=\"middle\" bgcolor=\"#ffffff\">2.9<\/td>\n<td align=\"middle\" bgcolor=\"#ffffff\">3.3<\/td>\n<td align=\"middle\" bgcolor=\"#ffffff\">4.9<\/td>\n<td align=\"middle\" bgcolor=\"#ffffff\">8.1<\/td>\n<td align=\"middle\" bgcolor=\"#ffffff\">10.9<\/td>\n<\/tr>\n<\/tbody>\n<\/table>","protected":false},"excerpt":{"rendered":"<p>Projeto e fabrica\u00e7\u00e3o: API602, BS5352<br \/>\n2) Teste e inspe\u00e7\u00e3o: API598<br \/>\n3) Extremidade de solda de soquete (SW): ANSI B16.11<br \/>\n4) Extremidade parafusada (NPT): ANSI B1.20.1<\/p>\n<p>STV Valve Technology Group Co., Ltd \u00e9 um l\u00edder profissional na China  <span class=\"tagged_as\"> Fabricante de v\u00e1lvula de reten\u00e7\u00e3o de eleva\u00e7\u00e3o de a\u00e7o forjado, v\u00e1lvulas de reten\u00e7\u00e3o de pist\u00e3o de a\u00e7o forjado, v\u00e1lvulas de reten\u00e7\u00e3o de pist\u00e3o de a\u00e7o forjado 800 lb, v\u00e1lvula de reten\u00e7\u00e3o de pist\u00e3o de a\u00e7o forjado com extremidade de solda<\/span>\u00a0com alta qualidade e pre\u00e7o competitivo.<\/p>","protected":false},"featured_media":5337,"template":"","meta":[],"product_brand":[],"product_cat":[46,66],"product_tag":[506,469,1272,1273],"class_list":{"0":"post-5336","1":"product","2":"type-product","3":"status-publish","4":"has-post-thumbnail","6":"product_cat-check-valves","7":"product_cat-swing-check-valve","8":"product_tag-forged-steel-lift-check-valve-manufacturer","9":"product_tag-forged-steel-piston-check-valves","10":"product_tag-forged-steel-piston-check-valves-800lb","11":"product_tag-weld-end-forged-steel-piston-check-valve","13":"first","14":"instock","15":"shipping-taxable","16":"product-type-simple"},"_links":{"self":[{"href":"https:\/\/www.stvvalves.com\/pt\/wp-json\/wp\/v2\/product\/5336","targetHints":{"allow":["GET"]}}],"collection":[{"href":"https:\/\/www.stvvalves.com\/pt\/wp-json\/wp\/v2\/product"}],"about":[{"href":"https:\/\/www.stvvalves.com\/pt\/wp-json\/wp\/v2\/types\/product"}],"wp:featuredmedia":[{"embeddable":true,"href":"https:\/\/www.stvvalves.com\/pt\/wp-json\/wp\/v2\/media\/5337"}],"wp:attachment":[{"href":"https:\/\/www.stvvalves.com\/pt\/wp-json\/wp\/v2\/media?parent=5336"}],"wp:term":[{"taxonomy":"product_brand","embeddable":true,"href":"https:\/\/www.stvvalves.com\/pt\/wp-json\/wp\/v2\/product_brand?post=5336"},{"taxonomy":"product_cat","embeddable":true,"href":"https:\/\/www.stvvalves.com\/pt\/wp-json\/wp\/v2\/product_cat?post=5336"},{"taxonomy":"product_tag","embeddable":true,"href":"https:\/\/www.stvvalves.com\/pt\/wp-json\/wp\/v2\/product_tag?post=5336"}],"curies":[{"name":"wp","href":"https:\/\/api.w.org\/{rel}","templated":true}]}}