{"id":5506,"date":"2019-12-07T01:56:37","date_gmt":"2019-12-07T01:56:37","guid":{"rendered":"https:\/\/www.stvvalves.com\/?post_type=product&#038;p=5506"},"modified":"2025-02-17T18:32:33","modified_gmt":"2025-02-17T10:32:33","slug":"sanitary-stainless-steel-welding-2-way-ball-valve","status":"publish","type":"product","link":"https:\/\/www.stvvalves.com\/pt\/products\/sanitary-stainless-steel-welding-2-way-ball-valve\/","title":{"rendered":"V\u00e1lvula de esfera de 2 vias para soldagem de a\u00e7o inoxid\u00e1vel sanit\u00e1rio"},"content":{"rendered":"<p>V\u00e1lvula de esfera de 2 vias para soldagem de a\u00e7o inoxid\u00e1vel sanit\u00e1rio<\/p>\n<p>Refer\u00eancia: STV-1047<br \/>\nTamanhos dispon\u00edveis: 1\/2\u2033 a 4\u2033 (DN15-DN100)<br \/>\nConex\u00e3o final: tri-clamp\/tri-clamp<br \/>\nCorpo e disco: AISI 304 ou 316L, (EN1.4301\/EN1.4404)<br \/>\nAssento: Teflon preenchido com cavidade (PTFE) + juntas EPDM\/VMQ (silicone)\/Viton (FPM), FDA.<br \/>\nM\u00e1x. press\u00e3o de trabalho: 145psi (10bar)<br \/>\nFaixa de temperatura: 14\u00b0F ~ 248\u00b0F (-10\u00b0C ~ 120\u00b0C) como padr\u00e3o, maior dispon\u00edvel mediante solicita\u00e7\u00e3o.<br \/>\nOpera\u00e7\u00e3o: Al\u00e7a Manual<br \/>\nTratamento de superf\u00edcie: Ra 32\u03bcin (0,8\u03bcm) como padr\u00e3o, Ra 16\u03bcin (0,4\u03bcm) como melhor.<\/p>\n<p><img loading=\"lazy\" decoding=\"async\" class=\"alignleft size-full wp-image-5520\" src=\"https:\/\/www.stvvalves.com\/wp-content\/uploads\/2019\/12\/QQ\u622a\u56fe20191207110731.jpg\" alt=\"\" width=\"722\" height=\"641\" srcset=\"https:\/\/www.stvvalves.com\/wp-content\/uploads\/2019\/12\/QQ\u622a\u56fe20191207110731.jpg 722w, https:\/\/www.stvvalves.com\/wp-content\/uploads\/2019\/12\/QQ\u622a\u56fe20191207110731-600x533.jpg 600w, https:\/\/www.stvvalves.com\/wp-content\/uploads\/2019\/12\/QQ\u622a\u56fe20191207110731-300x266.jpg 300w, https:\/\/www.stvvalves.com\/wp-content\/uploads\/2019\/12\/QQ\u622a\u56fe20191207110731-705x626.jpg 705w\" sizes=\"auto, (max-width: 722px) 100vw, 722px\" \/><\/p>\n<p>&nbsp;<\/p>\n<p>&nbsp;<\/p>","protected":false},"excerpt":{"rendered":"<p>V\u00e1lvula de esfera de 2 vias para soldagem de a\u00e7o inoxid\u00e1vel sanit\u00e1rio<br \/>\nAs v\u00e1lvulas esf\u00e9ricas higi\u00eanicas de 2 vias operadas manualmente e automaticamente s\u00e3o usadas principalmente no processamento de bebidas, vinho, refino de petr\u00f3leo, cosm\u00e9ticos e ind\u00fastrias qu\u00edmicas.<\/p>\n<p>A v\u00e1lvula de esfera sanit\u00e1ria com tr\u00eas bra\u00e7adeiras \u00e9 uma v\u00e1lvula de esfera sanit\u00e1ria do tipo manual com extremidades com tr\u00eas bra\u00e7adeiras \/ tr\u00eas bra\u00e7adeiras, que \u00e9 amplamente utilizada no processamento de alimentos e bebidas, cervejaria, refinaria de petr\u00f3leo, ind\u00fastrias cosm\u00e9ticas, farmac\u00eauticas e qu\u00edmicas para controlar o fluxo m\u00e9dio. O design de porta completa torna-a uma escolha ideal para l\u00edquidos viscosos e particulados. A v\u00e1lvula de esfera STV-2MMC opera manualmente por meio de manopla rotativa de 180\u00b0<\/p>\n<p>STV Valve Technology Group Co., Ltd \u00e9 um l\u00edder profissional China V\u00e1lvula de esfera de 2 vias, V\u00e1lvula de esfera sanit\u00e1ria, V\u00e1lvula de esfera de a\u00e7o inoxid\u00e1vel sanit\u00e1rio, V\u00e1lvula de esfera de a\u00e7o inoxid\u00e1vel, Fabricante de v\u00e1lvula de esfera de soldagem sanit\u00e1ria com alta qualidade e pre\u00e7o competitivo\u3002<\/p>","protected":false},"featured_media":5510,"template":"","meta":[],"product_brand":[],"product_cat":[966,969],"product_tag":[1332,1333,1334,1335,686],"class_list":{"0":"post-5506","1":"product","2":"type-product","3":"status-publish","4":"has-post-thumbnail","6":"product_cat-pipe-fitting","7":"product_cat-sanitary-pipe-fitting-and-valves","8":"product_tag-china-2-way-ball-valve","9":"product_tag-sanitary-ball-valve","10":"product_tag-sanitary-stainless-steel-ball-valve","11":"product_tag-sanitary-welding-ball-valve-manufacturer","12":"product_tag-stainless-steel-ball-valve","14":"first","15":"instock","16":"shipping-taxable","17":"product-type-simple"},"_links":{"self":[{"href":"https:\/\/www.stvvalves.com\/pt\/wp-json\/wp\/v2\/product\/5506","targetHints":{"allow":["GET"]}}],"collection":[{"href":"https:\/\/www.stvvalves.com\/pt\/wp-json\/wp\/v2\/product"}],"about":[{"href":"https:\/\/www.stvvalves.com\/pt\/wp-json\/wp\/v2\/types\/product"}],"wp:featuredmedia":[{"embeddable":true,"href":"https:\/\/www.stvvalves.com\/pt\/wp-json\/wp\/v2\/media\/5510"}],"wp:attachment":[{"href":"https:\/\/www.stvvalves.com\/pt\/wp-json\/wp\/v2\/media?parent=5506"}],"wp:term":[{"taxonomy":"product_brand","embeddable":true,"href":"https:\/\/www.stvvalves.com\/pt\/wp-json\/wp\/v2\/product_brand?post=5506"},{"taxonomy":"product_cat","embeddable":true,"href":"https:\/\/www.stvvalves.com\/pt\/wp-json\/wp\/v2\/product_cat?post=5506"},{"taxonomy":"product_tag","embeddable":true,"href":"https:\/\/www.stvvalves.com\/pt\/wp-json\/wp\/v2\/product_tag?post=5506"}],"curies":[{"name":"wp","href":"https:\/\/api.w.org\/{rel}","templated":true}]}}