{"id":5515,"date":"2019-12-07T03:04:10","date_gmt":"2019-12-07T03:04:10","guid":{"rendered":"https:\/\/www.stvvalves.com\/?post_type=product&#038;p=5515"},"modified":"2025-02-17T18:32:32","modified_gmt":"2025-02-17T10:32:32","slug":"3-way-sanitary-ball-valve-with-tri-clamp-ends-manual-type","status":"publish","type":"product","link":"https:\/\/www.stvvalves.com\/pt\/products\/3-way-sanitary-ball-valve-with-tri-clamp-ends-manual-type\/","title":{"rendered":"V\u00e1lvula de esfera sanit\u00e1ria de 3 vias com extremidades de tr\u00eas bra\u00e7adeiras, tipo manual"},"content":{"rendered":"<p>Refer\u00eancia: STV-1054<br \/>\nTamanhos dispon\u00edveis: 1\u2033 a 4\u2033, DN25 a DN100<br \/>\nConex\u00e3o final: tri-clamp\/tri-clamp<br \/>\nCorpo e disco: AISI 304 ou 316L, (EN1.4301\/EN1.4404)<br \/>\nAssento: Teflon (PTFE)<br \/>\nPlano de fluxo de 3 vias: tipo T ou tipo L dispon\u00edvel para escolha<br \/>\nM\u00e1x. press\u00e3o de trabalho: 145psi (10bar)<br \/>\nFaixa de temperatura: 14\u00b0F ~ 248\u00b0F (-10\u00b0C ~ 120\u00b0C) como padr\u00e3o, maior dispon\u00edvel mediante solicita\u00e7\u00e3o.<br \/>\nOpera\u00e7\u00e3o: Al\u00e7a Manual<br \/>\nTratamento de superf\u00edcie: Ra 32\u03bcin (0,8\u03bcm) como padr\u00e3o, Ra 16\u03bcin (0,4\u03bcm) como melhor.<\/p>\n<p><img loading=\"lazy\" decoding=\"async\" class=\"alignleft size-full wp-image-5516\" src=\"https:\/\/www.stvvalves.com\/wp-content\/uploads\/2019\/12\/3-Way-Sanitary-Ball-Valve-with-Tri-clamp-Ends-Manual-Type-CATALOG.jpg\" alt=\"\" width=\"775\" height=\"515\" srcset=\"https:\/\/www.stvvalves.com\/wp-content\/uploads\/2019\/12\/3-Way-Sanitary-Ball-Valve-with-Tri-clamp-Ends-Manual-Type-CATALOG.jpg 775w, https:\/\/www.stvvalves.com\/wp-content\/uploads\/2019\/12\/3-Way-Sanitary-Ball-Valve-with-Tri-clamp-Ends-Manual-Type-CATALOG-600x399.jpg 600w, https:\/\/www.stvvalves.com\/wp-content\/uploads\/2019\/12\/3-Way-Sanitary-Ball-Valve-with-Tri-clamp-Ends-Manual-Type-CATALOG-300x199.jpg 300w, https:\/\/www.stvvalves.com\/wp-content\/uploads\/2019\/12\/3-Way-Sanitary-Ball-Valve-with-Tri-clamp-Ends-Manual-Type-CATALOG-768x510.jpg 768w, https:\/\/www.stvvalves.com\/wp-content\/uploads\/2019\/12\/3-Way-Sanitary-Ball-Valve-with-Tri-clamp-Ends-Manual-Type-CATALOG-705x468.jpg 705w\" sizes=\"auto, (max-width: 775px) 100vw, 775px\" \/><\/p>\n<p>&nbsp;<\/p>","protected":false},"excerpt":{"rendered":"<p>As v\u00e1lvulas de esfera higi\u00eanicas de 3 vias operadas manualmente e automaticamente s\u00e3o usadas principalmente no processamento de bebidas, vinho, refino de petr\u00f3leo, cosm\u00e9ticos e ind\u00fastrias qu\u00edmicas.<br \/>\nA v\u00e1lvula de esfera sanit\u00e1ria de 3 vias \u00e9 uma v\u00e1lvula de esfera sanit\u00e1ria de 3 vias do tipo manual com extremidades tri-clamp\/tri-clamp, que \u00e9 amplamente utilizada no processamento de alimentos e bebidas, cervejaria, refinaria de petr\u00f3leo, ind\u00fastrias cosm\u00e9ticas, farmac\u00eauticas e qu\u00edmicas para controlar fluxo m\u00e9dio. O design de porta completa com restri\u00e7\u00e3o zero a torna uma escolha ideal para l\u00edquidos viscosos e particulados. A v\u00e1lvula esf\u00e9rica SV-2MFC-3W opera manualmente por meio de manopla rotativa de 180\u00b0.<\/p>\n<p>STV Valve Technology Group Co., Ltd \u00e9 um l\u00edder profissional China V\u00e1lvula de esfera de 3 vias, V\u00e1lvula de esfera sanit\u00e1ria de 3 vias, V\u00e1lvula de esfera de 3 vias de a\u00e7o inoxid\u00e1vel, V\u00e1lvula de esfera sanit\u00e1ria, Fabricante de v\u00e1lvula de esfera de 3 vias com bra\u00e7adeira T com alta qualidade e pre\u00e7o competitivo\u3002<\/p>","protected":false},"featured_media":5517,"template":"","meta":[],"product_brand":[],"product_cat":[966,969],"product_tag":[171,391,1333,1336,1337],"class_list":{"0":"post-5515","1":"product","2":"type-product","3":"status-publish","4":"has-post-thumbnail","6":"product_cat-pipe-fitting","7":"product_cat-sanitary-pipe-fitting-and-valves","8":"product_tag-3-way-ball-valve","9":"product_tag-sanitary-3-way-ball-valve","10":"product_tag-sanitary-ball-valve","11":"product_tag-stainless-steel-3-way-ball-valve","12":"product_tag-t-clamp-3-way-ball-valve","14":"first","15":"instock","16":"shipping-taxable","17":"product-type-simple"},"_links":{"self":[{"href":"https:\/\/www.stvvalves.com\/pt\/wp-json\/wp\/v2\/product\/5515","targetHints":{"allow":["GET"]}}],"collection":[{"href":"https:\/\/www.stvvalves.com\/pt\/wp-json\/wp\/v2\/product"}],"about":[{"href":"https:\/\/www.stvvalves.com\/pt\/wp-json\/wp\/v2\/types\/product"}],"wp:featuredmedia":[{"embeddable":true,"href":"https:\/\/www.stvvalves.com\/pt\/wp-json\/wp\/v2\/media\/5517"}],"wp:attachment":[{"href":"https:\/\/www.stvvalves.com\/pt\/wp-json\/wp\/v2\/media?parent=5515"}],"wp:term":[{"taxonomy":"product_brand","embeddable":true,"href":"https:\/\/www.stvvalves.com\/pt\/wp-json\/wp\/v2\/product_brand?post=5515"},{"taxonomy":"product_cat","embeddable":true,"href":"https:\/\/www.stvvalves.com\/pt\/wp-json\/wp\/v2\/product_cat?post=5515"},{"taxonomy":"product_tag","embeddable":true,"href":"https:\/\/www.stvvalves.com\/pt\/wp-json\/wp\/v2\/product_tag?post=5515"}],"curies":[{"name":"wp","href":"https:\/\/api.w.org\/{rel}","templated":true}]}}