{"id":5521,"date":"2019-12-09T01:49:28","date_gmt":"2019-12-09T01:49:28","guid":{"rendered":"https:\/\/www.stvvalves.com\/?post_type=product&#038;p=5521"},"modified":"2025-02-17T18:32:31","modified_gmt":"2025-02-17T10:32:31","slug":"sanitary-3-way-valve-3-port-ball-valve-with-pneumatic-actuator","status":"publish","type":"product","link":"https:\/\/www.stvvalves.com\/pt\/products\/sanitary-3-way-valve-3-port-ball-valve-with-pneumatic-actuator\/","title":{"rendered":"V\u00e1lvula sanit\u00e1ria de 3 vias, v\u00e1lvula de esfera de 3 portas, com atuador pneum\u00e1tico"},"content":{"rendered":"<p>Refer\u00eancia: ST-V1053-ST-V1054<br \/>\nTamanhos dispon\u00edveis: 1\u2033 a 4\u2033, DN25 a DN100<br \/>\nConex\u00e3o final: tri-clamp\/tri-clamp<br \/>\nCorpo e disco: AISI 304 ou 316L, (EN1.4301\/EN1.4404)<br \/>\nAssento: Teflon (PTFE)<br \/>\nPlano de fluxo de 3 vias: tipo T ou tipo L dispon\u00edvel para escolha<br \/>\nM\u00e1x. press\u00e3o de trabalho: 145psi (10bar)<br \/>\nOpera\u00e7\u00e3o: atuador vertical, material 304, NC\/NO\/AA<br \/>\nPress\u00e3o de ar do atuador: 58 ~ 102psi (4 ~7bar)<br \/>\nFaixa de temperatura: 14\u00b0F ~ 248\u00b0F (-10\u00b0C ~ 120\u00b0C) como padr\u00e3o, maior dispon\u00edvel mediante solicita\u00e7\u00e3o.<br \/>\nTratamento de superf\u00edcie: Ra 32\u03bcin (0,8\u03bcm) como padr\u00e3o, Ra 16\u03bcin (0,4\u03bcm) como melhor.<\/p>\n<p><img loading=\"lazy\" decoding=\"async\" class=\"alignleft size-full wp-image-5527\" src=\"https:\/\/www.stvvalves.com\/wp-content\/uploads\/2019\/12\/Sanitary-3-Way-Valve-3-Port-Ball-Valve-With-Pneumatic-Actuator-catalog.jpg\" alt=\"\" width=\"675\" height=\"817\" srcset=\"https:\/\/www.stvvalves.com\/wp-content\/uploads\/2019\/12\/Sanitary-3-Way-Valve-3-Port-Ball-Valve-With-Pneumatic-Actuator-catalog.jpg 675w, https:\/\/www.stvvalves.com\/wp-content\/uploads\/2019\/12\/Sanitary-3-Way-Valve-3-Port-Ball-Valve-With-Pneumatic-Actuator-catalog-600x726.jpg 600w, https:\/\/www.stvvalves.com\/wp-content\/uploads\/2019\/12\/Sanitary-3-Way-Valve-3-Port-Ball-Valve-With-Pneumatic-Actuator-catalog-248x300.jpg 248w, https:\/\/www.stvvalves.com\/wp-content\/uploads\/2019\/12\/Sanitary-3-Way-Valve-3-Port-Ball-Valve-With-Pneumatic-Actuator-catalog-582x705.jpg 582w\" sizes=\"auto, (max-width: 675px) 100vw, 675px\" \/><\/p>","protected":false},"excerpt":{"rendered":"<p>A s\u00e9rie ST-V1053 \u00e9 uma v\u00e1lvula de esfera sanit\u00e1ria de 3 vias do tipo pneum\u00e1tico com extremidades tri-clamp \/ tri-clamp e atuador vertical, que \u00e9 amplamente utilizada nas ind\u00fastrias de processamento de alimentos e bebidas, cervejaria, refinaria de petr\u00f3leo, cosm\u00e9tica, farmac\u00eautica e qu\u00edmica para controlar o fluxo m\u00e9dio. O design de porta completa com restri\u00e7\u00e3o zero a torna uma escolha ideal para l\u00edquidos viscosos e particulados. A v\u00e1lvula esfera ST-V1053 opera automaticamente por atuadores verticais.<\/p>\n<p>STV Valve Technology Group Co., Ltd \u00e9 um l\u00edder profissional China V\u00e1lvula de esfera pneum\u00e1tica quadrada, V\u00e1lvula de esfera de a\u00e7o inoxid\u00e1vel sanit\u00e1ria, V\u00e1lvula de esfera sanit\u00e1ria de 3 vias, V\u00e1lvula de esfera pneum\u00e1tica de 3 vias, V\u00e1lvula de esfera de 3 vias, Fabricante de v\u00e1lvula de esfera pneum\u00e1tica sanit\u00e1ria de 3 vias com alta qualidade e pre\u00e7o competitivo<\/p>","protected":false},"featured_media":5522,"template":"","meta":[],"product_brand":[],"product_cat":[966,969],"product_tag":[171,1338,1339,391,1340,1334],"class_list":{"0":"post-5521","1":"product","2":"type-product","3":"status-publish","4":"has-post-thumbnail","6":"product_cat-pipe-fitting","7":"product_cat-sanitary-pipe-fitting-and-valves","8":"product_tag-3-way-ball-valve","9":"product_tag-china-square-pneumatic-ball-valve","10":"product_tag-pneumatic-3-way-ball-valve","11":"product_tag-sanitary-3-way-ball-valve","12":"product_tag-sanitary-pneumatic-3-way-ball-valve-manufacturer","13":"product_tag-sanitary-stainless-steel-ball-valve","15":"first","16":"instock","17":"shipping-taxable","18":"product-type-simple"},"_links":{"self":[{"href":"https:\/\/www.stvvalves.com\/pt\/wp-json\/wp\/v2\/product\/5521","targetHints":{"allow":["GET"]}}],"collection":[{"href":"https:\/\/www.stvvalves.com\/pt\/wp-json\/wp\/v2\/product"}],"about":[{"href":"https:\/\/www.stvvalves.com\/pt\/wp-json\/wp\/v2\/types\/product"}],"wp:featuredmedia":[{"embeddable":true,"href":"https:\/\/www.stvvalves.com\/pt\/wp-json\/wp\/v2\/media\/5522"}],"wp:attachment":[{"href":"https:\/\/www.stvvalves.com\/pt\/wp-json\/wp\/v2\/media?parent=5521"}],"wp:term":[{"taxonomy":"product_brand","embeddable":true,"href":"https:\/\/www.stvvalves.com\/pt\/wp-json\/wp\/v2\/product_brand?post=5521"},{"taxonomy":"product_cat","embeddable":true,"href":"https:\/\/www.stvvalves.com\/pt\/wp-json\/wp\/v2\/product_cat?post=5521"},{"taxonomy":"product_tag","embeddable":true,"href":"https:\/\/www.stvvalves.com\/pt\/wp-json\/wp\/v2\/product_tag?post=5521"}],"curies":[{"name":"wp","href":"https:\/\/api.w.org\/{rel}","templated":true}]}}