{"id":5528,"date":"2019-12-09T02:15:23","date_gmt":"2019-12-09T02:15:23","guid":{"rendered":"https:\/\/www.stvvalves.com\/?post_type=product&#038;p=5528"},"modified":"2025-08-01T14:37:17","modified_gmt":"2025-08-01T06:37:17","slug":"pneumatic-sanitary-316-ball-valvetri-clamp-end","status":"publish","type":"product","link":"https:\/\/www.stvvalves.com\/pt\/products\/pneumatic-sanitary-316-ball-valvetri-clamp-end\/","title":{"rendered":"V\u00e1lvula de esfera sanit\u00e1ria pneum\u00e1tica 316, extremidade com tr\u00eas bra\u00e7adeiras"},"content":{"rendered":"<p>Refer\u00eancia: ST-V1047<br \/>\nTamanhos dispon\u00edveis: 1\/2\u2033 a 4\u2033, DN15 a DN100<br \/>\nConex\u00e3o final: tri-clamp\/tri-clamp<br \/>\nCorpo e disco: AISI 304 ou 316L, (EN1.4301\/EN1.4404)<br \/>\nAssento: Teflon (PTFE)<br \/>\nM\u00e1x. press\u00e3o de trabalho: 145psi (10bar)<br \/>\nOpera\u00e7\u00e3o: atuador horizontal, material de alum\u00ednio, NC\/NO\/AA<br \/>\nPress\u00e3o de ar do atuador: 58 ~ 102psi (4 ~7bar)<br \/>\nFaixa de temperatura: 14\u00b0F ~ 248\u00b0F (-10\u00b0C ~ 120\u00b0C) como padr\u00e3o, maior dispon\u00edvel mediante solicita\u00e7\u00e3o.<br \/>\nTratamento de superf\u00edcie: Ra 32\u03bcin (0,8\u03bcm) como padr\u00e3o, Ra 16\u03bcin (0,4\u03bcm) como melhor.<\/p>\n<div id=\"attachment_8225\" style=\"width: 732px\" class=\"wp-caption alignnone\"><img loading=\"lazy\" decoding=\"async\" aria-describedby=\"caption-attachment-8225\" class=\"wp-image-8225 size-full\" src=\"https:\/\/www.stvvalves.com\/wp-content\/uploads\/2019\/12\/sanitary-stainless-steel-welding-2-way-ball-valve-catalog.jpg\" alt=\"sanitary stainless steel welding 2 way ball valve catalog\" width=\"722\" height=\"641\" srcset=\"https:\/\/www.stvvalves.com\/wp-content\/uploads\/2019\/12\/sanitary-stainless-steel-welding-2-way-ball-valve-catalog.jpg 722w, https:\/\/www.stvvalves.com\/wp-content\/uploads\/2019\/12\/sanitary-stainless-steel-welding-2-way-ball-valve-catalog-300x266.jpg 300w, https:\/\/www.stvvalves.com\/wp-content\/uploads\/2019\/12\/sanitary-stainless-steel-welding-2-way-ball-valve-catalog-14x12.jpg 14w, https:\/\/www.stvvalves.com\/wp-content\/uploads\/2019\/12\/sanitary-stainless-steel-welding-2-way-ball-valve-catalog-705x626.jpg 705w, https:\/\/www.stvvalves.com\/wp-content\/uploads\/2019\/12\/sanitary-stainless-steel-welding-2-way-ball-valve-catalog-450x400.jpg 450w, https:\/\/www.stvvalves.com\/wp-content\/uploads\/2019\/12\/sanitary-stainless-steel-welding-2-way-ball-valve-catalog-600x533.jpg 600w\" sizes=\"auto, (max-width: 722px) 100vw, 722px\" \/><p id=\"caption-attachment-8225\" class=\"wp-caption-text\">sanitary stainless steel welding 2 way ball valve catalog<\/p><\/div>","protected":false},"excerpt":{"rendered":"<p>A v\u00e1lvula de esfera sanit\u00e1ria pneum\u00e1tica 316 ST-V1047, extremidade com bra\u00e7adeira tripla \u00e9 uma v\u00e1lvula de esfera sanit\u00e1ria do tipo pneum\u00e1tico com extremidades de bra\u00e7adeira tripla \/ bra\u00e7adeira tripla e atuador horizontal, que \u00e9 amplamente utilizado no processamento de alimentos e bebidas, fabrica\u00e7\u00e3o de cerveja, refinaria de petr\u00f3leo, cosm\u00e9ticos, produtos farmac\u00eauticos e ind\u00fastrias qu\u00edmicas para controlar o fluxo m\u00e9dio. O design de porta completa com restri\u00e7\u00e3o zero a torna uma escolha ideal para l\u00edquidos viscosos e particulados. A v\u00e1lvula esfera ST-V1047 opera automaticamente por atuadores horizontais de alum\u00ednio.<\/p>\n<p>STV Valve Technology Group Co., Ltd \u00e9 um l\u00edder profissional China V\u00e1lvula de esfera de 2 vias, V\u00e1lvula de esfera sanit\u00e1ria, V\u00e1lvula de esfera de a\u00e7o inoxid\u00e1vel sanit\u00e1rio, V\u00e1lvula de esfera de a\u00e7o inoxid\u00e1vel, V\u00e1lvula de esfera sanit\u00e1ria, V\u00e1lvula de esfera pneum\u00e1tica, V\u00e1lvula de esfera de a\u00e7o inoxid\u00e1vel, V\u00e1lvula de esfera de via direta Fabricante com alta qualidade e pre\u00e7o competitivo\u3002<\/p>","protected":false},"featured_media":5529,"template":"","meta":[],"product_brand":[],"product_cat":[966,969],"product_tag":[1332,1342,1341,1333,1334,686],"class_list":{"0":"post-5528","1":"product","2":"type-product","3":"status-publish","4":"has-post-thumbnail","6":"product_cat-pipe-fitting","7":"product_cat-sanitary-pipe-fitting-and-valves","8":"product_tag-china-2-way-ball-valve","9":"product_tag-direct-way-ball-valve-manufacturer","10":"product_tag-pneumatic-ball-valve","11":"product_tag-sanitary-ball-valve","12":"product_tag-sanitary-stainless-steel-ball-valve","13":"product_tag-stainless-steel-ball-valve","15":"first","16":"instock","17":"shipping-taxable","18":"product-type-simple"},"_links":{"self":[{"href":"https:\/\/www.stvvalves.com\/pt\/wp-json\/wp\/v2\/product\/5528","targetHints":{"allow":["GET"]}}],"collection":[{"href":"https:\/\/www.stvvalves.com\/pt\/wp-json\/wp\/v2\/product"}],"about":[{"href":"https:\/\/www.stvvalves.com\/pt\/wp-json\/wp\/v2\/types\/product"}],"wp:featuredmedia":[{"embeddable":true,"href":"https:\/\/www.stvvalves.com\/pt\/wp-json\/wp\/v2\/media\/5529"}],"wp:attachment":[{"href":"https:\/\/www.stvvalves.com\/pt\/wp-json\/wp\/v2\/media?parent=5528"}],"wp:term":[{"taxonomy":"product_brand","embeddable":true,"href":"https:\/\/www.stvvalves.com\/pt\/wp-json\/wp\/v2\/product_brand?post=5528"},{"taxonomy":"product_cat","embeddable":true,"href":"https:\/\/www.stvvalves.com\/pt\/wp-json\/wp\/v2\/product_cat?post=5528"},{"taxonomy":"product_tag","embeddable":true,"href":"https:\/\/www.stvvalves.com\/pt\/wp-json\/wp\/v2\/product_tag?post=5528"}],"curies":[{"name":"wp","href":"https:\/\/api.w.org\/{rel}","templated":true}]}}