{"id":5540,"date":"2019-12-09T03:10:10","date_gmt":"2019-12-09T03:10:10","guid":{"rendered":"https:\/\/www.stvvalves.com\/?post_type=product&#038;p=5540"},"modified":"2025-02-18T13:59:50","modified_gmt":"2025-02-18T05:59:50","slug":"sanitary-butterfly-valve-with-pneumatic-operated-actuatorbutt-weld-ends","status":"publish","type":"product","link":"https:\/\/www.stvvalves.com\/pt\/products\/sanitary-butterfly-valve-with-pneumatic-operated-actuatorbutt-weld-ends\/","title":{"rendered":"V\u00e1lvula borboleta sanit\u00e1ria com atuador pneum\u00e1tico, extremidades soldadas"},"content":{"rendered":"<p>Refer\u00eancia: ST-V1001<br \/>\nTamanhos dispon\u00edveis: 1\/2\u2033 a 12\u2033 (DN10 \u2013 DN300)<br \/>\nConex\u00e3o final: soldada a topo\/soldada a topo<br \/>\nCorpo e disco: AISI 304 ou 316L, (EN1.4301\/EN1.4404)<br \/>\nAssento: EPDM, VMQ (Silicone) ou Viton (FPM), aprovado pela FDA.<br \/>\nM\u00e1x. press\u00e3o de trabalho: 145psi (10bar)<br \/>\nFaixa de temperatura: 14\u00b0F ~ 248\u00b0F (-10\u00b0C ~ 120\u00b0C) como padr\u00e3o, maior dispon\u00edvel mediante solicita\u00e7\u00e3o.<br \/>\nFuncionamento: atuador pneum\u00e1tico, 304SS, tipo vertical, NC\/NO\/AA.<br \/>\nPress\u00e3o de ar do atuador: 58 ~ 102psi (4 ~7bar)<br \/>\nTratamento de superf\u00edcie: Ra 32\u03bcin (0,8\u03bcm) como padr\u00e3o, Ra 16\u03bcin (0,4\u03bcm) como melhor.<\/p>\n<p><img loading=\"lazy\" decoding=\"async\" class=\"alignleft size-full wp-image-5541\" src=\"https:\/\/www.stvvalves.com\/wp-content\/uploads\/2019\/12\/Sanitary-Butterfly-Valve-with-Pneumatic-Operated-Actuator-Butt-weld-Ends-catalog.jpg\" alt=\"\" width=\"730\" height=\"773\" srcset=\"https:\/\/www.stvvalves.com\/wp-content\/uploads\/2019\/12\/Sanitary-Butterfly-Valve-with-Pneumatic-Operated-Actuator-Butt-weld-Ends-catalog.jpg 730w, https:\/\/www.stvvalves.com\/wp-content\/uploads\/2019\/12\/Sanitary-Butterfly-Valve-with-Pneumatic-Operated-Actuator-Butt-weld-Ends-catalog-600x635.jpg 600w, https:\/\/www.stvvalves.com\/wp-content\/uploads\/2019\/12\/Sanitary-Butterfly-Valve-with-Pneumatic-Operated-Actuator-Butt-weld-Ends-catalog-283x300.jpg 283w, https:\/\/www.stvvalves.com\/wp-content\/uploads\/2019\/12\/Sanitary-Butterfly-Valve-with-Pneumatic-Operated-Actuator-Butt-weld-Ends-catalog-666x705.jpg 666w\" sizes=\"auto, (max-width: 730px) 100vw, 730px\" \/><\/p>\n<p>&nbsp;<\/p>","protected":false},"excerpt":{"rendered":"<p>A s\u00e9rie ST-V1001 \u00e9 uma v\u00e1lvula borboleta sanit\u00e1ria do tipo pneum\u00e1tico com extremidades soldadas \/ soldadas, que \u00e9 amplamente utilizada em sistemas de tubula\u00e7\u00e3o de processo para isolamento e controle. A v\u00e1lvula borboleta ST-V1001 opera automaticamente.<\/p>\n<p>A V\u00e1lvula Borboleta Sanit\u00e1ria pode ser acionada manualmente ou pneumaticamente. Existe uma ampla gama de controles manuais para atender aos diferentes requisitos do sistema. Os controles pneum\u00e1ticos podem ser horizontais e verticais, simples, duplo efeito e modulantes. Eles podem ser equipados com topos de controle e proximidade. \u00c9 amplamente aplicado em muitos campos, como cerveja, bebidas, latic\u00ednios, sucos de frutas, farm\u00e1cias, produtos biol\u00f3gicos, etc.<\/p>\n<p>STV Valve Technology Group Co., Ltd \u00e9 um l\u00edder profissional China V\u00e1lvula Borboleta Higi\u00eanica, V\u00e1lvula Borboleta Sanit\u00e1ria de A\u00e7o Inoxid\u00e1vel, V\u00e1lvula Borboleta Sanit\u00e1ria com Atuador, V\u00e1lvulas Borboleta Sanit\u00e1rias, Atuador de Alum\u00ednio V\u00e1lvula Borboleta Higi\u00eanica com Atuador Fabricantes com alta qualidade e pre\u00e7o competitivo<\/p>","protected":false},"featured_media":5542,"template":"","meta":[],"product_brand":[],"product_cat":[966,969],"product_tag":[1349,1345,1347,1348,1346],"class_list":{"0":"post-5540","1":"product","2":"type-product","3":"status-publish","4":"has-post-thumbnail","6":"product_cat-pipe-fitting","7":"product_cat-sanitary-pipe-fitting-and-valves","8":"product_tag-aluminum-actuator-hygienic-butterfly-valve-with-actuator-manufacturers","9":"product_tag-china-hygienic-butterfly-valve","10":"product_tag-sanitary-butterfly-valve-with-actuator","11":"product_tag-sanitary-butterfly-valves","12":"product_tag-sanitary-stainless-steel-butterfly-valve","14":"first","15":"instock","16":"shipping-taxable","17":"product-type-simple"},"_links":{"self":[{"href":"https:\/\/www.stvvalves.com\/pt\/wp-json\/wp\/v2\/product\/5540","targetHints":{"allow":["GET"]}}],"collection":[{"href":"https:\/\/www.stvvalves.com\/pt\/wp-json\/wp\/v2\/product"}],"about":[{"href":"https:\/\/www.stvvalves.com\/pt\/wp-json\/wp\/v2\/types\/product"}],"wp:featuredmedia":[{"embeddable":true,"href":"https:\/\/www.stvvalves.com\/pt\/wp-json\/wp\/v2\/media\/5542"}],"wp:attachment":[{"href":"https:\/\/www.stvvalves.com\/pt\/wp-json\/wp\/v2\/media?parent=5540"}],"wp:term":[{"taxonomy":"product_brand","embeddable":true,"href":"https:\/\/www.stvvalves.com\/pt\/wp-json\/wp\/v2\/product_brand?post=5540"},{"taxonomy":"product_cat","embeddable":true,"href":"https:\/\/www.stvvalves.com\/pt\/wp-json\/wp\/v2\/product_cat?post=5540"},{"taxonomy":"product_tag","embeddable":true,"href":"https:\/\/www.stvvalves.com\/pt\/wp-json\/wp\/v2\/product_tag?post=5540"}],"curies":[{"name":"wp","href":"https:\/\/api.w.org\/{rel}","templated":true}]}}