{"id":5546,"date":"2019-12-09T06:54:04","date_gmt":"2019-12-09T06:54:04","guid":{"rendered":"https:\/\/www.stvvalves.com\/?post_type=product&#038;p=5546"},"modified":"2025-02-18T13:59:49","modified_gmt":"2025-02-18T05:59:49","slug":"sanitary-304-y-type-strainerdn50clamp-end","status":"publish","type":"product","link":"https:\/\/www.stvvalves.com\/pt\/products\/sanitary-304-y-type-strainerdn50clamp-end\/","title":{"rendered":"Filtro sanit\u00e1rio tipo 304 Y, DN50, extremidade da bra\u00e7adeira"},"content":{"rendered":"<p>Refer\u00eancia: ST-V1087<br \/>\nTamanhos dispon\u00edveis: 1\u2033-6\u2033 (DN25-DN150)<br \/>\nMaterial da carca\u00e7a: AISI 304 ou AISI 316L<br \/>\nMaterial da junta: EPDM, Silicone, Viton (FPM)<br \/>\nConex\u00f5es finais: solda de topo, tri-clamp, roscada<br \/>\nTamanhos de malha: de 0,5 mm a 2,0 mm<br \/>\nTela: de malha 30 a malha 300<br \/>\nM\u00e1x. press\u00e3o de trabalho: 145psi (10bar)<br \/>\nFaixa de temperatura: 14\u00b0F ~ 248\u00b0F (-10\u00b0C ~ 120\u00b0C)<br \/>\nTratamento de superf\u00edcie: Ra 16 ~ 32 \u00b5in (0,4 ~ 0,8 \u00b5m), Ra 32 \u00b5in como padr\u00e3o<br \/>\nFiltro tipo Y: n\u00e3o h\u00e1 necessidade de desmontar da tubula\u00e7\u00e3o, basta soltar a bra\u00e7adeira ou porca e a malha pode ser retirada facilmente.<\/p>\n<p><img loading=\"lazy\" decoding=\"async\" class=\"alignleft size-full wp-image-5547\" src=\"https:\/\/www.stvvalves.com\/wp-content\/uploads\/2019\/12\/Sanitary-304-Y-Type-Strainer-DN50-Clamp-End-Catalog.jpg\" alt=\"\" width=\"701\" height=\"613\" srcset=\"https:\/\/www.stvvalves.com\/wp-content\/uploads\/2019\/12\/Sanitary-304-Y-Type-Strainer-DN50-Clamp-End-Catalog.jpg 701w, https:\/\/www.stvvalves.com\/wp-content\/uploads\/2019\/12\/Sanitary-304-Y-Type-Strainer-DN50-Clamp-End-Catalog-600x525.jpg 600w, https:\/\/www.stvvalves.com\/wp-content\/uploads\/2019\/12\/Sanitary-304-Y-Type-Strainer-DN50-Clamp-End-Catalog-300x262.jpg 300w\" sizes=\"auto, (max-width: 701px) 100vw, 701px\" \/><\/p>\n<p>&nbsp;<\/p>","protected":false},"excerpt":{"rendered":"<p>O Filtro Sanit\u00e1rio Y ST-V1087 \u00e9 utilizado para eliminar pequenas part\u00edculas de compressores, bombas, medidores e alguns outros equipamentos. Quando os l\u00edquidos fluem pela tela, as impurezas podem ser retidas e os l\u00edquidos puros saem pela sa\u00edda. Caso seja necess\u00e1ria limpeza, basta retirar o cartucho e coloc\u00e1-lo de volta ap\u00f3s a limpeza, \u00e9 muito pr\u00e1tico para uso e manuten\u00e7\u00e3o.<\/p>\n<p>Os filtros possuem design compacto, forte poder de filtro, pequenos danos e pre\u00e7os favor\u00e1veis, s\u00e3o amplamente utilizados nas ind\u00fastrias de alimentos, bebidas, latic\u00ednios e farmac\u00eautica.<\/p>\n<p>STV Valve Technology Group Co., Ltd \u00e9 um l\u00edder profissional China Filtro Sanit\u00e1rio, Filtro de Bra\u00e7adeira Sanit\u00e1ria, Filtro de A\u00e7o Inoxid\u00e1vel, Filtro Sanit\u00e1rio Tipo Y, Filtro Tipo Y de Bra\u00e7adeira Fabricantes com alta qualidade e pre\u00e7o competitivo.<\/p>","protected":false},"featured_media":5548,"template":"","meta":[],"product_brand":[],"product_cat":[966,969],"product_tag":[1350,1353,1351,1352,255],"class_list":{"0":"post-5546","1":"product","2":"type-product","3":"status-publish","4":"has-post-thumbnail","6":"product_cat-pipe-fitting","7":"product_cat-sanitary-pipe-fitting-and-valves","8":"product_tag-china-sanitary-strainer","9":"product_tag-clamp-y-type-strainer-manufacturers","10":"product_tag-sanitary-clamp-strainer","11":"product_tag-sanitary-y-type-strainer","12":"product_tag-stainless-steel-strainer","14":"first","15":"instock","16":"shipping-taxable","17":"product-type-simple"},"_links":{"self":[{"href":"https:\/\/www.stvvalves.com\/pt\/wp-json\/wp\/v2\/product\/5546","targetHints":{"allow":["GET"]}}],"collection":[{"href":"https:\/\/www.stvvalves.com\/pt\/wp-json\/wp\/v2\/product"}],"about":[{"href":"https:\/\/www.stvvalves.com\/pt\/wp-json\/wp\/v2\/types\/product"}],"wp:featuredmedia":[{"embeddable":true,"href":"https:\/\/www.stvvalves.com\/pt\/wp-json\/wp\/v2\/media\/5548"}],"wp:attachment":[{"href":"https:\/\/www.stvvalves.com\/pt\/wp-json\/wp\/v2\/media?parent=5546"}],"wp:term":[{"taxonomy":"product_brand","embeddable":true,"href":"https:\/\/www.stvvalves.com\/pt\/wp-json\/wp\/v2\/product_brand?post=5546"},{"taxonomy":"product_cat","embeddable":true,"href":"https:\/\/www.stvvalves.com\/pt\/wp-json\/wp\/v2\/product_cat?post=5546"},{"taxonomy":"product_tag","embeddable":true,"href":"https:\/\/www.stvvalves.com\/pt\/wp-json\/wp\/v2\/product_tag?post=5546"}],"curies":[{"name":"wp","href":"https:\/\/api.w.org\/{rel}","templated":true}]}}