{"id":5560,"date":"2020-03-05T02:58:31","date_gmt":"2020-03-05T02:58:31","guid":{"rendered":"https:\/\/www.stvvalves.com\/?post_type=product&#038;p=5560"},"modified":"2024-12-25T14:58:28","modified_gmt":"2024-12-25T06:58:28","slug":"pneumatic-angle-seat-valve-cf8m-bspt-end","status":"publish","type":"product","link":"https:\/\/www.stvvalves.com\/pt\/products\/pneumatic-angle-seat-valve-cf8m-bspt-end\/","title":{"rendered":"V\u00e1lvula pneum\u00e1tica de assento angular, CF8M, extremidade Bspt"},"content":{"rendered":"<p>V\u00e1lvula pneum\u00e1tica de assento angular<\/p>\n<p>Dados t\u00e9cnicos:<br \/>\nPress\u00e3o do fluido: M\u00e1x. \u00d7 1,6 MPa (232 psi)<br \/>\nPress\u00e3o de controle: 0,3-0,8 MPa (43,5-116 psi)<br \/>\nFluido de controle: g\u00e1s neutro, ar<br \/>\nTamanho do atuador: 27 mm, 32 mm, 40 mm, 50 mm, 63 mm, 80 mm, 100 mm, 125 mm<br \/>\nFluido aplic\u00e1vel:\u00c1gua, \u00e1lcool, \u00f3leo, corante, vapor, g\u00e1s neutro ou l\u00edquido, solvente org\u00e2nico, \u00e1cido e soda c\u00e1ustica<br \/>\nTemperatura do fluido:-10\u00b0C-+180\u00b0C,25\u00b0C-+220\u00b0C<br \/>\nTemperatura ambiente:-10\u00b0C-+80\u00b0C<br \/>\nTipo de controle: Normalmente fechado, Normalmente aberto, Dupla a\u00e7\u00e3o<br \/>\nConex\u00e3o: Rosqueada (BSP.BSPT,NPT),Soldada, Flangeada, Tri-clamp<\/p>\n<p>Materiais principais:<br \/>\nMaterial do corpo: CF8M (SS316), CF8 (SS304)<br \/>\nMaterial de veda\u00e7\u00e3o:PTFE<br \/>\nMaterial do atuador: CF8 (SS304)<\/p>\n<p>Formul\u00e1rios:<br \/>\nM\u00e1quinas de enchimento de cerveja e bebidas<br \/>\nImpress\u00e3o e tingimento t\u00eaxtil<br \/>\nInd\u00fastria de g\u00e1s<br \/>\nFarm\u00e1cia e equipamentos m\u00e9dicos<br \/>\nInd\u00fastria qu\u00edmica<br \/>\nDesinfec\u00e7\u00e3o<br \/>\nEquipamento de espuma\u00e7\u00e3o<br \/>\nElimina\u00e7\u00e3o de \u00e1gua\/esgoto<\/p>\n<p>Vantagens:<br \/>\n1. Fluxo grande, baixa resist\u00eancia, sem formato tipo Y de martelo de ar\u00edete ampliado a se\u00e7\u00e3o de fluxo, o que pode aumentar o fluxo em 30% e tornar o fluxo mais suave<br \/>\n2.Super Longa Vida.<br \/>\n3.O que ajuda a haste a se ajustar e lubrificar automaticamente.<br \/>\n4. O material do cilindro \u00e9 de a\u00e7o inoxid\u00e1vel. Lubrifica\u00e7\u00e3o autom\u00e1tica, 360 rolando livremente. V\u00e1lvula de assento angular pneum\u00e1tica rosqueada da China, V\u00e1lvula de assento angular pneum\u00e1tica soldada, V\u00e1lvula de assento angular pneum\u00e1tica de a\u00e7o inoxid\u00e1vel, V\u00e1lvula de assento angular pneum\u00e1tica de extremidade flangeada, V\u00e1lvula de assento angular pneum\u00e1tica de tr\u00eas bra\u00e7adeiras<\/p>\n<table>\n<tbody>\n<tr>\n<td width=\"200\"><strong>Nome do Produto<\/strong><\/td>\n<td width=\"481\">V\u00e1lvula pneum\u00e1tica de assento angular, CF8M, extremidade Bspt<\/td>\n<\/tr>\n<tr>\n<td width=\"200\">1. Materiais<\/td>\n<td width=\"481\">CF8M<\/td>\n<\/tr>\n<tr>\n<td width=\"200\">2. Tamanho<\/td>\n<td width=\"481\">2\u201d<\/td>\n<\/tr>\n<tr>\n<td width=\"200\">4. Porto<\/td>\n<td width=\"481\">Porto completo<\/td>\n<\/tr>\n<tr>\n<td width=\"200\">5. Press\u00e3o de Trabalho<\/td>\n<td width=\"481\">800 gramas<\/td>\n<\/tr>\n<tr>\n<td width=\"200\">6. Fim da conex\u00e3o<\/td>\n<td width=\"481\">TNP<\/td>\n<\/tr>\n<tr>\n<td width=\"200\">7. Temperatura de trabalho.<\/td>\n<td width=\"481\">-29~120\u00baC,<\/td>\n<\/tr>\n<tr>\n<td width=\"200\">8. Meio Adequado<\/td>\n<td width=\"481\">\u00c1gua, G\u00e1s Natural, Petr\u00f3leo e algum l\u00edquido corrosivo<\/td>\n<\/tr>\n<tr>\n<td width=\"200\">9. Operado<\/td>\n<td width=\"481\">\/<\/td>\n<\/tr>\n<tr>\n<td width=\"200\">10. Inspe\u00e7\u00e3o e Teste<\/td>\n<td width=\"481\">De acordo com API598<\/td>\n<\/tr>\n<tr>\n<td width=\"200\"><strong>envio<\/strong><\/td>\n<td width=\"481\"><\/td>\n<\/tr>\n<tr>\n<td width=\"200\">Prazo de entrega<\/td>\n<td width=\"481\">30 dias<\/td>\n<\/tr>\n<tr>\n<td width=\"200\">Pacote<\/td>\n<td width=\"481\">Caixa de madeira compensada de exporta\u00e7\u00e3o padr\u00e3o<\/td>\n<\/tr>\n<tr>\n<td width=\"200\">Porto de embarque<\/td>\n<td width=\"481\">Ningbo\/Xangai, China<\/td>\n<\/tr>\n<tr>\n<td width=\"200\">Termos de envio<\/td>\n<td width=\"481\">Exw, FOB, CFR, CIF, etc.<\/td>\n<\/tr>\n<tr>\n<td width=\"200\">Termos de pagamento<\/td>\n<td width=\"481\">T\/T, Western Union, PayPal, etc.<\/td>\n<\/tr>\n<tr>\n<td width=\"200\"><\/td>\n<td width=\"481\">Pr\u00e9-pagamento 30%, saldo 70% pago antes do envio<\/td>\n<\/tr>\n<tr>\n<td width=\"200\">Pa\u00eds de origem<\/td>\n<td width=\"481\">Cidade de Wenzhou, China<\/td>\n<\/tr>\n<tr>\n<td width=\"200\">Capacidade de produ\u00e7\u00e3o<\/td>\n<td width=\"481\">6.000 toneladas\/ano<\/td>\n<\/tr>\n<tr>\n<td width=\"200\">Quantidade m\u00ednima<\/td>\n<td width=\"481\">1 pe\u00e7a\/tamanho<\/td>\n<\/tr>\n<\/tbody>\n<\/table>","protected":false},"excerpt":{"rendered":"<p>A v\u00e1lvula de assento angular pode economizar espa\u00e7o mantendo a taxa de fluxo. Deve estar frequentemente aberto ou fechado quando usado.<br \/>\nA v\u00e1lvula de sede angular \u00e9 amplamente utilizada em partidas frequentes de curto prazo, que possui as caracter\u00edsticas de rea\u00e7\u00e3o sens\u00edvel e a\u00e7\u00e3o precisa.<br \/>\nCom o uso da v\u00e1lvula solen\u00f3ide, o fluxo de g\u00e1s e l\u00edquido pode ser controlado com precis\u00e3o por controle pneum\u00e1tico. Ele pode atender \u00e0 necessidade de controle preciso de temperatura, queda de l\u00edquido e assim por diante.<\/p>\n<p>STV Valve Technology Group Co., Limited \u00e9 um l\u00edder profissional China V\u00e1lvula pneum\u00e1tica de assento angular rosqueada, V\u00e1lvula pneum\u00e1tica de assento angular soldada, V\u00e1lvula pneum\u00e1tica de assento angular de a\u00e7o inoxid\u00e1vel, V\u00e1lvula pneum\u00e1tica de assento angular de extremidade flangeada, Fabricante de v\u00e1lvula pneum\u00e1tica de assento angular Tri-clamp com alta qualidade e pre\u00e7o competitivo.<\/p>\n<p>Entre em contato com nosso sales@stvvalve.com para outros materiais e detalhes.<\/p>\n<p>Folha de data:<br \/>\nV\u00e1lvula pneum\u00e1tica de assento angular, CF8M, extremidade Bspt<\/p>","protected":false},"featured_media":5566,"template":"","meta":[],"product_brand":[],"product_cat":[45,189],"product_tag":[1359,1358,1356,1360,1357],"class_list":{"0":"post-5560","1":"product","2":"type-product","3":"status-publish","4":"has-post-thumbnail","6":"product_cat-globe-valve","7":"product_cat-stainless-steel-globe-valve","8":"product_tag-flanged-end-pneumatic-angle-seat-valve","9":"product_tag-stainless-steel-pneumatic-angle-seat-valve","10":"product_tag-threaded-pneumatic-angle-seat-valve","11":"product_tag-tri-clamp-pneumatic-angle-seat-valve","12":"product_tag-welded-pneumatic-angle-seat-valve","14":"first","15":"instock","16":"shipping-taxable","17":"product-type-simple"},"_links":{"self":[{"href":"https:\/\/www.stvvalves.com\/pt\/wp-json\/wp\/v2\/product\/5560","targetHints":{"allow":["GET"]}}],"collection":[{"href":"https:\/\/www.stvvalves.com\/pt\/wp-json\/wp\/v2\/product"}],"about":[{"href":"https:\/\/www.stvvalves.com\/pt\/wp-json\/wp\/v2\/types\/product"}],"wp:featuredmedia":[{"embeddable":true,"href":"https:\/\/www.stvvalves.com\/pt\/wp-json\/wp\/v2\/media\/5566"}],"wp:attachment":[{"href":"https:\/\/www.stvvalves.com\/pt\/wp-json\/wp\/v2\/media?parent=5560"}],"wp:term":[{"taxonomy":"product_brand","embeddable":true,"href":"https:\/\/www.stvvalves.com\/pt\/wp-json\/wp\/v2\/product_brand?post=5560"},{"taxonomy":"product_cat","embeddable":true,"href":"https:\/\/www.stvvalves.com\/pt\/wp-json\/wp\/v2\/product_cat?post=5560"},{"taxonomy":"product_tag","embeddable":true,"href":"https:\/\/www.stvvalves.com\/pt\/wp-json\/wp\/v2\/product_tag?post=5560"}],"curies":[{"name":"wp","href":"https:\/\/api.w.org\/{rel}","templated":true}]}}