{"id":5618,"date":"2020-10-07T02:23:09","date_gmt":"2020-10-07T02:23:09","guid":{"rendered":"https:\/\/www.stvvalves.com\/?post_type=product&#038;p=5618"},"modified":"2025-02-19T19:47:50","modified_gmt":"2025-02-19T11:47:50","slug":"2205-threaded-ball-valve-pn16-dn15-npt-end","status":"publish","type":"product","link":"https:\/\/www.stvvalves.com\/pt\/products\/2205-threaded-ball-valve-pn16-dn15-npt-end\/","title":{"rendered":"V\u00e1lvula de esfera roscada 2205, PN16, DN15, extremidade NPT"},"content":{"rendered":"<p>Caracter\u00edsticas principais:<br \/>\nConex\u00f5es finais parafusadas BSP ou NPT<br \/>\n2205<br \/>\nAssento PTFE<br \/>\nTamanhos: 1\/4\u2033 a 4\u2033<br \/>\nFaixa de temperatura: -20 \u00b0C a +180 \u00b0C<br \/>\nPress\u00e3o operacional: 1000 WOG<br \/>\nMovimento: giro de 90\u00b0<\/p>\n<table>\n<tbody>\n<tr>\n<td width=\"200\"><strong>Nome do Produto<\/strong><\/td>\n<td width=\"481\">V\u00e1lvula de esfera roscada 2205, PN16, DN15, extremidade NPT<\/td>\n<\/tr>\n<tr>\n<td width=\"200\">1. Materiais<\/td>\n<td width=\"481\">2205<\/td>\n<\/tr>\n<tr>\n<td width=\"200\">2. Tamanho<\/td>\n<td width=\"481\">1\/2\u201d<\/td>\n<\/tr>\n<tr>\n<td width=\"200\">4. Porto<\/td>\n<td width=\"481\">Porto completo<\/td>\n<\/tr>\n<tr>\n<td width=\"200\">5. Press\u00e3o de Trabalho<\/td>\n<td width=\"481\">1000 WOG<\/td>\n<\/tr>\n<tr>\n<td width=\"200\">6. Fim da conex\u00e3o<\/td>\n<td width=\"481\">TNP<\/td>\n<\/tr>\n<tr>\n<td width=\"200\">7. Temperatura de trabalho.<\/td>\n<td width=\"481\">-29~120\u00baC,<\/td>\n<\/tr>\n<tr>\n<td width=\"200\">8. Meio Adequado<\/td>\n<td width=\"481\">\u00c1gua, G\u00e1s Natural, Petr\u00f3leo e algum l\u00edquido corrosivo<\/td>\n<\/tr>\n<tr>\n<td width=\"200\">9. Operado<\/td>\n<td width=\"481\">Volante<\/td>\n<\/tr>\n<tr>\n<td width=\"200\">10. Inspe\u00e7\u00e3o e Teste<\/td>\n<td width=\"481\">De acordo com API598<\/td>\n<\/tr>\n<tr>\n<td width=\"200\"><strong>envio<\/strong><\/td>\n<td width=\"481\"><\/td>\n<\/tr>\n<tr>\n<td width=\"200\">Prazo de entrega<\/td>\n<td width=\"481\">30 dias<\/td>\n<\/tr>\n<tr>\n<td width=\"200\">Pacote<\/td>\n<td width=\"481\">Caixa de madeira compensada de exporta\u00e7\u00e3o padr\u00e3o<\/td>\n<\/tr>\n<tr>\n<td width=\"200\">Porto de embarque<\/td>\n<td width=\"481\">Ningbo\/Xangai, China<\/td>\n<\/tr>\n<tr>\n<td width=\"200\">Termos de envio<\/td>\n<td width=\"481\">Exw, FOB, CFR, CIF, etc.<\/td>\n<\/tr>\n<tr>\n<td width=\"200\">Termos de pagamento<\/td>\n<td width=\"481\">T\/T, Western Union, PayPal, etc.<\/td>\n<\/tr>\n<tr>\n<td width=\"200\"><\/td>\n<td width=\"481\">Pr\u00e9-pagamento 30%, saldo 70% pago antes do envio<\/td>\n<\/tr>\n<tr>\n<td width=\"200\">Pa\u00eds de origem<\/td>\n<td width=\"481\">Cidade de Wenzhou, China<\/td>\n<\/tr>\n<tr>\n<td width=\"200\">Capacidade de produ\u00e7\u00e3o<\/td>\n<td width=\"481\">6.000 toneladas\/ano<\/td>\n<\/tr>\n<tr>\n<td width=\"200\">Quantidade m\u00ednima<\/td>\n<td width=\"481\">1 pe\u00e7a\/tamanho<\/td>\n<\/tr>\n<\/tbody>\n<\/table>","protected":false},"excerpt":{"rendered":"<p>Modelo:Q11F-1-1000WOG-1\/2\u2033<\/p>\n<p>A v\u00e1lvula esfera roscada STV 2205 pode ser feita de estrutura de uma pe\u00e7a, estrutura de duas pe\u00e7as e estrutura de tr\u00eas pe\u00e7as. Ele \u00e9 projetado por tecnologia da empresa euroel\u00e9trica. \u00c9 um produto com interruptor de luz, estrutura simples e acess\u00edvel. Pode ser corro\u00eddo por meio oxidante forte, \u00e1gua do mar, cloreto, tioato de am\u00f4nio e outros meios.<br \/>\nA v\u00e1lvula esf\u00e9rica roscada \u00e9 um tipo de v\u00e1lvula em que a esfera gira em torno da linha central do corpo da v\u00e1lvula para alcan\u00e7ar a abertura ou fechamento. \u00c9 usado principalmente em tubula\u00e7\u00f5es para cortar, distribuir e alterar a dire\u00e7\u00e3o do fluxo do meio. A v\u00e1lvula de esfera de parafuso interno 2205 \u00e9 um tipo de v\u00e1lvula que tem sido amplamente utilizada nos \u00faltimos anos. A v\u00e1lvula \u00e9 geralmente instalada horizontalmente<\/p>\n<p>Apresenta uma haste \u00e0 prova de explos\u00e3o e punho isolado, al\u00e7a de alavanca com trava.<\/p>\n<p>&nbsp;<\/p>\n<p>STV Valve Technology Group Co., Ltd \u00e9 um l\u00edder profissional China 2205 Ball Valve, 2205 Ball Valve, NPT 2205 Ball Valve, Supper 2205 Ball Vave Fabricante com alta qualidade e pre\u00e7o competitivo.<\/p>","protected":false},"featured_media":5623,"template":"","meta":[],"product_brand":[],"product_cat":[43,79],"product_tag":[1396,1395,1397,1399],"class_list":{"0":"post-5618","1":"product","2":"type-product","3":"status-publish","4":"has-post-thumbnail","6":"product_cat-ball-valve","7":"product_cat-threaded-ball-valve","8":"product_tag-2205-threaded-ball-valve","9":"product_tag-china-2205-ball-valve","10":"product_tag-npt-2205-ball-valve","11":"product_tag-supper-2205-ball-vave-manufacturer","13":"first","14":"instock","15":"shipping-taxable","16":"product-type-simple"},"_links":{"self":[{"href":"https:\/\/www.stvvalves.com\/pt\/wp-json\/wp\/v2\/product\/5618","targetHints":{"allow":["GET"]}}],"collection":[{"href":"https:\/\/www.stvvalves.com\/pt\/wp-json\/wp\/v2\/product"}],"about":[{"href":"https:\/\/www.stvvalves.com\/pt\/wp-json\/wp\/v2\/types\/product"}],"wp:featuredmedia":[{"embeddable":true,"href":"https:\/\/www.stvvalves.com\/pt\/wp-json\/wp\/v2\/media\/5623"}],"wp:attachment":[{"href":"https:\/\/www.stvvalves.com\/pt\/wp-json\/wp\/v2\/media?parent=5618"}],"wp:term":[{"taxonomy":"product_brand","embeddable":true,"href":"https:\/\/www.stvvalves.com\/pt\/wp-json\/wp\/v2\/product_brand?post=5618"},{"taxonomy":"product_cat","embeddable":true,"href":"https:\/\/www.stvvalves.com\/pt\/wp-json\/wp\/v2\/product_cat?post=5618"},{"taxonomy":"product_tag","embeddable":true,"href":"https:\/\/www.stvvalves.com\/pt\/wp-json\/wp\/v2\/product_tag?post=5618"}],"curies":[{"name":"wp","href":"https:\/\/api.w.org\/{rel}","templated":true}]}}