{"id":5624,"date":"2020-10-07T12:47:37","date_gmt":"2020-10-07T12:47:37","guid":{"rendered":"https:\/\/www.stvvalves.com\/?post_type=product&#038;p=5624"},"modified":"2025-02-18T13:59:00","modified_gmt":"2025-02-18T05:59:00","slug":"s31803-flanged-y-strainer-150lb-dn100","status":"publish","type":"product","link":"https:\/\/www.stvvalves.com\/pt\/products\/s31803-flanged-y-strainer-150lb-dn100\/","title":{"rendered":"Filtro Y flangeado S31803, 150LB, DN100"},"content":{"rendered":"<p>Padr\u00f5es de filtro tipo Y flangeado<\/p>\n<p>Projeto e Fabrica\u00e7\u00e3o: ASME B16.34<br \/>\nInspe\u00e7\u00e3o e Teste: API 598<br \/>\nDimens\u00e3o do flange final: ASME B16.5, ASME B16.47 A<br \/>\nDimens\u00e3o final BW: ASME B16.25<br \/>\nCara a cara e de ponta a ponta: ASME B16.10<br \/>\n(V\u00e1lvula de reten\u00e7\u00e3o\/v\u00e1lvula globo)<br \/>\nClassifica\u00e7\u00f5es de press\u00e3o-temperatura: ASME B16.34<\/p>\n<p>Padr\u00e3o: API, ANSI, ISO, BS, DIN, NF, JIS. ECT<br \/>\nManeira de conex\u00e3o: Flanges, Rosca, Soldagem de soquete, BW<br \/>\nClassifica\u00e7\u00e3o de press\u00e3o: PN 1,0 ~ 25Mpa; Classe 150~600<br \/>\nTamanho: DN6~500mm, NPS1\/4\u2033~20\u2033<br \/>\nTemperatura. -198c~+450c<br \/>\nMaterial:<br \/>\nTianium: TA1, TA2, TA10, TC4, GR2, GR3, GR5<br \/>\nLiga de n\u00edquel: N6, N201, N200, CZ-100<br \/>\nLiga Hastelloy: Hastello B (N-12MV, N-7M), Hastello C (CW-12MW)<br \/>\nHastelloy C276 (CW-6MC), Hastelloy C4, Hastelloy G30<br \/>\nLiga Monel: M-30C, M35-1, Monel 400, Monel 600, Monel K500<br \/>\nInconel: Inconel 600, Inconel 800, Inconel 690<br \/>\nA\u00e7o Duplex: S31803(SAF2205, F51), S32750(SAF2507, F53)<br \/>\nZirc\u00f4nio: Zirc\u00f4nio 702, Zirc\u00f4nio 705<br \/>\nA\u00e7o inoxid\u00e1vel austen\u00edtico: 904L, 254SMO. 654SMO<br \/>\nOutros: NS143\/Liga20, C4<\/p>\n<table>\n<tbody>\n<tr>\n<td width=\"200\"><strong>Nome do Produto<\/strong><\/td>\n<td width=\"481\">Filtro Y flangeado S31803, 150LB, DN100<\/td>\n<\/tr>\n<tr>\n<td width=\"200\">1. Materiais<\/td>\n<td width=\"481\">S31806<\/td>\n<\/tr>\n<tr>\n<td width=\"200\">2. Tamanho<\/td>\n<td width=\"481\">4\u201d<\/td>\n<\/tr>\n<tr>\n<td width=\"200\">4. Porto<\/td>\n<td width=\"481\">Porto completo<\/td>\n<\/tr>\n<tr>\n<td width=\"200\">5. Press\u00e3o de Trabalho<\/td>\n<td width=\"481\">150 libras<\/td>\n<\/tr>\n<tr>\n<td width=\"200\">6. Fim da conex\u00e3o<\/td>\n<td width=\"481\">RF<\/td>\n<\/tr>\n<tr>\n<td width=\"200\">7. Temperatura de trabalho.<\/td>\n<td width=\"481\">-29~425\u00baC,<\/td>\n<\/tr>\n<tr>\n<td width=\"200\">8. Meio Adequado<\/td>\n<td width=\"481\">\u00c1gua, G\u00e1s Natural, Petr\u00f3leo e algum l\u00edquido corrosivo<\/td>\n<\/tr>\n<tr>\n<td width=\"200\">9. Operado<\/td>\n<td width=\"481\">\/<\/td>\n<\/tr>\n<tr>\n<td width=\"200\">10. Inspe\u00e7\u00e3o e Teste<\/td>\n<td width=\"481\">De acordo com API598<\/td>\n<\/tr>\n<tr>\n<td width=\"200\"><strong>envio<\/strong><\/td>\n<td width=\"481\"><\/td>\n<\/tr>\n<tr>\n<td width=\"200\">Prazo de entrega<\/td>\n<td width=\"481\">30 dias<\/td>\n<\/tr>\n<tr>\n<td width=\"200\">Pacote<\/td>\n<td width=\"481\">Caixa de madeira compensada de exporta\u00e7\u00e3o padr\u00e3o<\/td>\n<\/tr>\n<tr>\n<td width=\"200\">Porto de embarque<\/td>\n<td width=\"481\">Ningbo\/Xangai, China<\/td>\n<\/tr>\n<tr>\n<td width=\"200\">Termos de envio<\/td>\n<td width=\"481\">Exw, FOB, CFR, CIF, etc.<\/td>\n<\/tr>\n<tr>\n<td width=\"200\">Termos de pagamento<\/td>\n<td width=\"481\">T\/T, Western Union, PayPal, etc.<\/td>\n<\/tr>\n<tr>\n<td width=\"200\"><\/td>\n<td width=\"481\">Pr\u00e9-pagamento 30%, saldo 70% pago antes do envio<\/td>\n<\/tr>\n<tr>\n<td width=\"200\">Pa\u00eds de origem<\/td>\n<td width=\"481\">Cidade de Wenzhou, China<\/td>\n<\/tr>\n<tr>\n<td width=\"200\">Capacidade de produ\u00e7\u00e3o<\/td>\n<td width=\"481\">6.000 toneladas\/ano<\/td>\n<\/tr>\n<tr>\n<td width=\"200\">Quantidade m\u00ednima<\/td>\n<td width=\"481\">1 pe\u00e7a\/tamanho<\/td>\n<\/tr>\n<\/tbody>\n<\/table>","protected":false},"excerpt":{"rendered":"<p>STV-GL41Y-DN100<\/p>\n<p>O filtro Y flangeado S31803 \u00e9 composto principalmente de bico, tubo principal, tela de filtro, flange, tampa do flange e fixador. O filtro s31803y tem as vantagens de estrutura avan\u00e7ada, pequena resist\u00eancia e purga conveniente. Quando o l\u00edquido entra na cesta do filtro atrav\u00e9s do tubo principal, as part\u00edculas s\u00f3lidas de impureza s\u00e3o bloqueadas na cesta do filtro e o fluido limpo \u00e9 descarregado da sa\u00edda do filtro atrav\u00e9s da cesta do filtro.<br \/>\nQual material \u00e9 o filtro Flangeado em Y S31803: \u00e9 do tipo liga m\u00e9dia F51 e 1.4462 - a marca representativa \u00e9 UNS S31803 (22cr-5ni-3mo-0.15n). Possui alta resist\u00eancia, boa tenacidade ao impacto e boa resist\u00eancia \u00e0 corros\u00e3o sob tens\u00e3o geral e local.<br \/>\nA raz\u00e3o pela qual a tela do filtro do filtro Flangeado em Y S31803 \u00e9 transformada em uma cesta com superf\u00edcie cil\u00edndrica, e a tampa do flange na extremidade inferior da interface em forma de Y pode ser desparafusada para aumentar sua resist\u00eancia e ser mais robusta do que o \u00fanico -camada de rede e remova regularmente as part\u00edculas e impurezas depositadas na cesta do filtro.<\/p>\n<p>STV Valve Technology Group Co., Ltd \u00e9 um l\u00edder profissional China Filtro Y flangeado S31803, Filtro Y flangeado DN100 S31803, Fabricante de filtro Y flangeado 150LB S31803 com alta qualidade e pre\u00e7o competitivo.<\/p>","protected":false},"featured_media":5669,"template":"","meta":[],"product_brand":[],"product_cat":[85,48],"product_tag":[1402,1400,1401],"class_list":{"0":"post-5624","1":"product","2":"type-product","3":"status-publish","4":"has-post-thumbnail","6":"product_cat-stainless-steel-y-type-strainer","7":"product_cat-y-strainer","8":"product_tag-150lb-s31803-flanged-y-strainer-manufacturer","9":"product_tag-china-s31803-flanged-y-strainer","10":"product_tag-dn100-s31803-flanged-y-strainer","12":"first","13":"instock","14":"shipping-taxable","15":"product-type-simple"},"_links":{"self":[{"href":"https:\/\/www.stvvalves.com\/pt\/wp-json\/wp\/v2\/product\/5624","targetHints":{"allow":["GET"]}}],"collection":[{"href":"https:\/\/www.stvvalves.com\/pt\/wp-json\/wp\/v2\/product"}],"about":[{"href":"https:\/\/www.stvvalves.com\/pt\/wp-json\/wp\/v2\/types\/product"}],"wp:featuredmedia":[{"embeddable":true,"href":"https:\/\/www.stvvalves.com\/pt\/wp-json\/wp\/v2\/media\/5669"}],"wp:attachment":[{"href":"https:\/\/www.stvvalves.com\/pt\/wp-json\/wp\/v2\/media?parent=5624"}],"wp:term":[{"taxonomy":"product_brand","embeddable":true,"href":"https:\/\/www.stvvalves.com\/pt\/wp-json\/wp\/v2\/product_brand?post=5624"},{"taxonomy":"product_cat","embeddable":true,"href":"https:\/\/www.stvvalves.com\/pt\/wp-json\/wp\/v2\/product_cat?post=5624"},{"taxonomy":"product_tag","embeddable":true,"href":"https:\/\/www.stvvalves.com\/pt\/wp-json\/wp\/v2\/product_tag?post=5624"}],"curies":[{"name":"wp","href":"https:\/\/api.w.org\/{rel}","templated":true}]}}