{"id":5626,"date":"2020-11-03T02:10:26","date_gmt":"2020-11-03T02:10:26","guid":{"rendered":"https:\/\/www.stvvalves.com\/?post_type=product&#038;p=5626"},"modified":"2025-02-18T13:58:59","modified_gmt":"2025-02-18T05:58:59","slug":"din-bellow-seal-gate-valve-gs-25-body-pn16-dn50","status":"publish","type":"product","link":"https:\/\/www.stvvalves.com\/pt\/products\/din-bellow-seal-gate-valve-gs-25-body-pn16-dn50\/","title":{"rendered":"V\u00e1lvula de veda\u00e7\u00e3o de fole Din, corpo GS-25, PN16, DN50"},"content":{"rendered":"<p>Aplica\u00e7\u00e3o: Sistema de \u00f3leo quente, sistema de vapor, sistema de \u00e1gua quente e fria, etc.<\/p>\n<p>M\u00e9dio:Vapor, gases, \u00e1gua quente, \u00f3leo t\u00e9rmico, am\u00f4nia etc.<br \/>\nMateriais: GG25(EN-GJL-250),GGG40,1.0619+N(GS-C25),1.4308(CF8), 1.4408(CF8M)<br \/>\nMateriais de fole: SS304, SS316, SS316L, SS 310S, Hastelly C<br \/>\nFaixa de tamanho: DN15-DN400<br \/>\nPress\u00e3o: PN16-PN40<br \/>\nTemperatura: \u2264600 \u2103<\/p>\n<p>Especifica\u00e7\u00e3o t\u00e9cnica<br \/>\nPadr\u00e3o de projeto: DIN 3356<br \/>\nDimens\u00e3o face a face: DIN 3202<br \/>\nExtremidades flangeadas: DIN 2543-2545<br \/>\nTeste e inspe\u00e7\u00e3o: DIN 3230<\/p>\n<div>\n<div class=\"rich-text-table\">\n<table>\n<tbody>\n<tr>\n<td width=\"200\"><strong>Nome do Produto<\/strong><\/td>\n<td width=\"481\">V\u00e1lvula de veda\u00e7\u00e3o de fole Din, corpo GS-25, PN16, DN50<\/td>\n<\/tr>\n<tr>\n<td width=\"200\">1. Materiais<\/td>\n<td width=\"481\">WCB<\/td>\n<\/tr>\n<tr>\n<td width=\"200\">2. Tamanho<\/td>\n<td width=\"481\">2\u201d<\/td>\n<\/tr>\n<tr>\n<td width=\"200\">4. Porto<\/td>\n<td width=\"481\">Porto completo<\/td>\n<\/tr>\n<tr>\n<td width=\"200\">5. Press\u00e3o de Trabalho<\/td>\n<td width=\"481\">PN16<\/td>\n<\/tr>\n<tr>\n<td width=\"200\">6. Fim da conex\u00e3o<\/td>\n<td width=\"481\">RF<\/td>\n<\/tr>\n<tr>\n<td width=\"200\">7. Temperatura de trabalho.<\/td>\n<td width=\"481\">-29~425\u00baC,<\/td>\n<\/tr>\n<tr>\n<td width=\"200\">8. Meio Adequado<\/td>\n<td width=\"481\">\u00c1gua, G\u00e1s Natural, Petr\u00f3leo e algum l\u00edquido corrosivo<\/td>\n<\/tr>\n<tr>\n<td width=\"200\">9. Operado<\/td>\n<td width=\"481\">Volante<\/td>\n<\/tr>\n<tr>\n<td width=\"200\">10. Inspe\u00e7\u00e3o e Teste<\/td>\n<td width=\"481\">De acordo com DIN 3230<\/td>\n<\/tr>\n<tr>\n<td width=\"200\"><strong>envio<\/strong><\/td>\n<td width=\"481\"><\/td>\n<\/tr>\n<tr>\n<td width=\"200\">Prazo de entrega<\/td>\n<td width=\"481\">30 dias<\/td>\n<\/tr>\n<tr>\n<td width=\"200\">Pacote<\/td>\n<td width=\"481\">Caixa de madeira compensada de exporta\u00e7\u00e3o padr\u00e3o<\/td>\n<\/tr>\n<tr>\n<td width=\"200\">Porto de embarque<\/td>\n<td width=\"481\">Ningbo\/Xangai, China<\/td>\n<\/tr>\n<tr>\n<td width=\"200\">Termos de envio<\/td>\n<td width=\"481\">Exw, FOB, CFR, CIF, etc.<\/td>\n<\/tr>\n<tr>\n<td width=\"200\">Termos de pagamento<\/td>\n<td width=\"481\">T\/T, Western Union, PayPal, etc.<\/td>\n<\/tr>\n<tr>\n<td width=\"200\"><\/td>\n<td width=\"481\">Pr\u00e9-pagamento 30%, saldo 70% pago antes do envio<\/td>\n<\/tr>\n<tr>\n<td width=\"200\">Pa\u00eds de origem<\/td>\n<td width=\"481\">Cidade de Wenzhou, China<\/td>\n<\/tr>\n<tr>\n<td width=\"200\">Capacidade de produ\u00e7\u00e3o<\/td>\n<td width=\"481\">6.000 toneladas\/ano<\/td>\n<\/tr>\n<tr>\n<td width=\"200\">Quantidade m\u00ednima<\/td>\n<td width=\"481\">1 pe\u00e7a\/tamanho<\/td>\n<\/tr>\n<\/tbody>\n<\/table>\n<\/div>\n<\/div>\n<div>\n<div>\n<div><\/div>\n<\/div>\n<\/div>","protected":false},"excerpt":{"rendered":"<p class=\"p0\"><strong>Caracter\u00edsticas das v\u00e1lvulas de veda\u00e7\u00e3o de fole:<\/strong><\/p>\n<p class=\"p0\">\u25cfSelo de fole de parede dupla como padr\u00e3o.<br \/>\n\u25cfSelo de fole soldado ao castelo<br \/>\n\u25cfAssento soldado<br \/>\n\u25cf O fole veda 10.000 ciclos de carga<br \/>\n\u25cf Rosca externa da haste<br \/>\n\u25cfVeda\u00e7\u00e3o secund\u00e1ria: gaxeta (com ponte)<br \/>\n\u25cf Veda\u00e7\u00e3o traseira da haste<br \/>\n\u25cf Junta do garfo, c\u00e2mara dupla<br \/>\n\u25cf Haste com rosca endurecida por rolo<\/p>\n<p>STV Valve Technology Group Co., Ltd \u00e9 um l\u00edder profissional ChinaDin V\u00e1lvula de veda\u00e7\u00e3o de fole, V\u00e1lvula de veda\u00e7\u00e3o de fole GS-25, V\u00e1lvula de veda\u00e7\u00e3o de fole PN16, Fabricante de V\u00e1lvula de veda\u00e7\u00e3o de fole DN50 com alta qualidade e pre\u00e7o competitivo.<\/p>\n<p>Entre em contato com nosso sales@stvvalve.com para outros materiais e detalhes.<\/p>","protected":false},"featured_media":5627,"template":"","meta":[],"product_brand":[],"product_cat":[82,44],"product_tag":[1403,1406,1404,1405],"class_list":{"0":"post-5626","1":"product","2":"type-product","3":"status-publish","4":"has-post-thumbnail","6":"product_cat-bellow-seal-gate-valve","7":"product_cat-gate-valve","8":"product_tag-din-bellow-seal-gate-valve","9":"product_tag-dn50-bellow-seal-gate-valve","10":"product_tag-gs-25-body-gate-valve","11":"product_tag-pn16-bellow-seal-gate-valve","13":"first","14":"instock","15":"shipping-taxable","16":"product-type-simple"},"_links":{"self":[{"href":"https:\/\/www.stvvalves.com\/pt\/wp-json\/wp\/v2\/product\/5626","targetHints":{"allow":["GET"]}}],"collection":[{"href":"https:\/\/www.stvvalves.com\/pt\/wp-json\/wp\/v2\/product"}],"about":[{"href":"https:\/\/www.stvvalves.com\/pt\/wp-json\/wp\/v2\/types\/product"}],"wp:featuredmedia":[{"embeddable":true,"href":"https:\/\/www.stvvalves.com\/pt\/wp-json\/wp\/v2\/media\/5627"}],"wp:attachment":[{"href":"https:\/\/www.stvvalves.com\/pt\/wp-json\/wp\/v2\/media?parent=5626"}],"wp:term":[{"taxonomy":"product_brand","embeddable":true,"href":"https:\/\/www.stvvalves.com\/pt\/wp-json\/wp\/v2\/product_brand?post=5626"},{"taxonomy":"product_cat","embeddable":true,"href":"https:\/\/www.stvvalves.com\/pt\/wp-json\/wp\/v2\/product_cat?post=5626"},{"taxonomy":"product_tag","embeddable":true,"href":"https:\/\/www.stvvalves.com\/pt\/wp-json\/wp\/v2\/product_tag?post=5626"}],"curies":[{"name":"wp","href":"https:\/\/api.w.org\/{rel}","templated":true}]}}