{"id":5630,"date":"2020-11-03T02:32:47","date_gmt":"2020-11-03T02:32:47","guid":{"rendered":"https:\/\/www.stvvalves.com\/?post_type=product&#038;p=5630"},"modified":"2024-12-24T22:48:25","modified_gmt":"2024-12-24T14:48:25","slug":"din-swing-check-valve-gs-c25-body-dn100-pn40","status":"publish","type":"product","link":"https:\/\/www.stvvalves.com\/pt\/products\/din-swing-check-valve-gs-c25-body-dn100-pn40\/","title":{"rendered":"V\u00e1lvula de reten\u00e7\u00e3o oscilante DIN, corpo GS-C25, DN100, PN40"},"content":{"rendered":"<p><!--StartFragment --><\/p>\n<div>Aplica\u00e7\u00e3o:Ind\u00fastria, centrais el\u00e9tricas, planta de purifica\u00e7\u00e3o de gases de combust\u00e3o, tecnologia de processamento, fornecimento de g\u00e1s, instala\u00e7\u00f5es de vapor, instala\u00e7\u00f5es de reciclagem, instala\u00e7\u00f5es de v\u00e1cuo, \u00e1gua quente, aplica\u00e7\u00f5es de \u00f3leo t\u00e9rmico, fabrica\u00e7\u00e3o de plantas em geral, etc. Meio:Vapor, gases, \u00e1gua quente, \u00f3leo t\u00e9rmico , am\u00f4nia etc.Materiais: GG25 (EN-GJL-250), GGG40, 1.0619 + N (GS-C25), 1.4308 (CF8), 1.4408 (CF8M) Faixa de tamanho: DN15-DN400 Press\u00e3o: PN16-PN40 Temperatura: \u2264425 \u2103 Figura n\u00ba: STV-BD44H<br \/>\nEspecifica\u00e7\u00e3o t\u00e9cnica<br \/>\n\u25cfPadr\u00e3o de Projeto: DIN 3356<br \/>\n\u25cfCara a Cara: DIN3202<br \/>\n\u25cfExtremidades do flange: DIN2543-2545<br \/>\n\u25cfTeste e Inspe\u00e7\u00e3o: DIN 3230<\/div>\n<div>\n<table class=\"ke-zeroborder\" border=\"0\" cellspacing=\"0\" cellpadding=\"0\">\n<tbody>\n<tr>\n<td valign=\"top\">N\u00c3O.<\/td>\n<td valign=\"top\">Nome da pe\u00e7a<\/td>\n<td valign=\"top\">Material<\/td>\n<\/tr>\n<tr>\n<td>\n<p align=\"center\">1<\/p>\n<\/td>\n<td>\n<p align=\"center\">Corpo<\/p>\n<\/td>\n<td>\n<p align=\"center\">GS-C25\u30011.4301\u30011.4401<\/p>\n<\/td>\n<\/tr>\n<tr>\n<td>\n<p align=\"center\">2<\/p>\n<\/td>\n<td>\n<p align=\"center\">Assento<\/p>\n<\/td>\n<td>\n<p align=\"center\">1.4301\u3001Estelite<\/p>\n<\/td>\n<\/tr>\n<tr>\n<td>\n<p align=\"center\">3<\/p>\n<\/td>\n<td>\n<p align=\"center\">Disco<\/p>\n<\/td>\n<td>\n<p align=\"center\">1.4021\u30011.4301+St\u00e9lite<\/p>\n<\/td>\n<\/tr>\n<tr>\n<td>\n<p align=\"center\">4<\/p>\n<\/td>\n<td>\n<p align=\"center\">Primavera<\/p>\n<\/td>\n<td>\n<p align=\"center\">1.4301\u30011.4401<\/p>\n<\/td>\n<\/tr>\n<tr>\n<td>\n<p align=\"center\">5<\/p>\n<\/td>\n<td>\n<p align=\"center\">Manga guia de cobre<\/p>\n<\/td>\n<td>\n<p align=\"center\">Liga de cobre\u3001D2\u3001BL2<\/p>\n<\/td>\n<\/tr>\n<tr>\n<td>\n<p align=\"center\">6<\/p>\n<\/td>\n<td>\n<p align=\"center\">Junta met\u00e1lica<\/p>\n<\/td>\n<td>\n<p align=\"center\">A\u00e7o inoxid\u00e1vel<\/p>\n<\/td>\n<\/tr>\n<tr>\n<td>\n<p align=\"center\">7<\/p>\n<\/td>\n<td>\n<p align=\"center\">Cobrir<\/p>\n<\/td>\n<td>\n<p align=\"center\">GS-25\u30011.4301\u30011.4401<\/p>\n<\/td>\n<\/tr>\n<tr>\n<td>\n<p align=\"center\">8<\/p>\n<\/td>\n<td>\n<p align=\"center\">Noz<\/p>\n<\/td>\n<td>\n<p align=\"center\">ASTM 194-2H\u3001A194-8<\/p>\n<\/td>\n<\/tr>\n<tr>\n<td>\n<p align=\"center\">9<\/p>\n<\/td>\n<td>\n<p align=\"center\">Parafuso de cabe\u00e7a dupla<\/p>\n<\/td>\n<td>\n<p align=\"center\">ASTM 193-B7\u3001A193-B8<\/p>\n<\/td>\n<\/tr>\n<\/tbody>\n<\/table>\n<\/div>","protected":false},"excerpt":{"rendered":"<p>Vantagem<br \/>\nAs principais caracter\u00edsticas de nossas v\u00e1lvulas de reten\u00e7\u00e3o podem ser:<br \/>\n\u25cfCap\u00f4 aparafusado<br \/>\n\u25cfCapota de veda\u00e7\u00e3o de press\u00e3o<br \/>\n\u25cfCapot rosqueado ou soldado<br \/>\n\u25cf Fundido ou forjado<br \/>\n\u25cf Verifica\u00e7\u00e3o de oscila\u00e7\u00e3o, verifica\u00e7\u00e3o de pist\u00e3o, verifica\u00e7\u00e3o de esfera<br \/>\n\u25cfAssentos soldados ou substitu\u00edveis<\/p>\n<p>STV Valve Technology Group Co., Ltd \u00e9 um l\u00edder profissional China V\u00e1lvula de reten\u00e7\u00e3o oscilante DIN, V\u00e1lvula de reten\u00e7\u00e3o oscilante GS-C25, V\u00e1lvula de reten\u00e7\u00e3o oscilante DN100, V\u00e1lvula de reten\u00e7\u00e3o oscilante PN40 Fabricante com alta qualidade e pre\u00e7o competitivo.<\/p>\n<p>Entre em contato com nosso sales@stvvalve.com para outros materiais e detalhes.<\/p>\n<p>&nbsp;<\/p>","protected":false},"featured_media":5631,"template":"","meta":[],"product_brand":[],"product_cat":[83,46],"product_tag":[1407,1409,1408,1410],"class_list":{"0":"post-5630","1":"product","2":"type-product","3":"status-publish","4":"has-post-thumbnail","6":"product_cat-cast-steel-check-valve","7":"product_cat-check-valves","8":"product_tag-din-swing-check-valve","9":"product_tag-dn100-swing-check-valve","10":"product_tag-gs-c25-swing-check-valve","11":"product_tag-pn40-swing-check-valve","13":"first","14":"instock","15":"shipping-taxable","16":"product-type-simple"},"_links":{"self":[{"href":"https:\/\/www.stvvalves.com\/pt\/wp-json\/wp\/v2\/product\/5630","targetHints":{"allow":["GET"]}}],"collection":[{"href":"https:\/\/www.stvvalves.com\/pt\/wp-json\/wp\/v2\/product"}],"about":[{"href":"https:\/\/www.stvvalves.com\/pt\/wp-json\/wp\/v2\/types\/product"}],"wp:featuredmedia":[{"embeddable":true,"href":"https:\/\/www.stvvalves.com\/pt\/wp-json\/wp\/v2\/media\/5631"}],"wp:attachment":[{"href":"https:\/\/www.stvvalves.com\/pt\/wp-json\/wp\/v2\/media?parent=5630"}],"wp:term":[{"taxonomy":"product_brand","embeddable":true,"href":"https:\/\/www.stvvalves.com\/pt\/wp-json\/wp\/v2\/product_brand?post=5630"},{"taxonomy":"product_cat","embeddable":true,"href":"https:\/\/www.stvvalves.com\/pt\/wp-json\/wp\/v2\/product_cat?post=5630"},{"taxonomy":"product_tag","embeddable":true,"href":"https:\/\/www.stvvalves.com\/pt\/wp-json\/wp\/v2\/product_tag?post=5630"}],"curies":[{"name":"wp","href":"https:\/\/api.w.org\/{rel}","templated":true}]}}