{"id":5638,"date":"2020-11-03T06:20:35","date_gmt":"2020-11-03T06:20:35","guid":{"rendered":"https:\/\/www.stvvalves.com\/?post_type=product&#038;p=5638"},"modified":"2025-02-17T18:34:13","modified_gmt":"2025-02-17T10:34:13","slug":"cf8c-swing-check-valve-12-inch-cl600-flange-end","status":"publish","type":"product","link":"https:\/\/www.stvvalves.com\/pt\/products\/cf8c-swing-check-valve-12-inch-cl600-flange-end\/","title":{"rendered":"V\u00e1lvula de reten\u00e7\u00e3o oscilante CF8C, 12 polegadas, CL600, extremidade do flange"},"content":{"rendered":"<p>Caracter\u00edsticas de design:<br \/>\nPadr\u00e3o de design conforme: BS1868,ASME B16.34,API 600<\/p>\n<p>Estrutura de produto compacta e razo\u00e1vel, estanqueidade confi\u00e1vel e bom desempenho;<\/p>\n<p>Passagem suave de fluidos e pequena resist\u00eancia a fluidos;<\/p>\n<p>Disco tipo swing.<\/p>\n<p>Pode ser projetado com Cilindro Amortizador ou disco balanceado.<\/p>\n<p>Passagem fluida lisa e pequena resist\u00eancia fluida.<\/p>\n<p>Gama de Produtos<br \/>\nMaterial do corpo: WCB, A105, LCB, LC3, CF8, CF8M, CF3, CF3M, CF8C, CF10M, CG8M, WC1, WC6, WC9, F11 e etc.<\/p>\n<p>Di\u00e2metro nominal: 1\/2\u2033~60\u2033\uff08DN15~DN1500\uff09<\/p>\n<p>Faixa de press\u00e3o:Classe150~2500(PN10~PN420)<\/p>\n<p>Conex\u00e3o final: RF, RTJ, BW<\/p>\n<p>Temperatura de trabalho:-196\u00b0C~+560\u00b0C<\/p>\n<div>\n<p>Teste de press\u00e3o: API598<\/p>\n<table>\n<tbody>\n<tr>\n<td width=\"200\"><strong><b>Nome do Produto<\/b><\/strong><\/td>\n<td width=\"481\">V\u00e1lvula de reten\u00e7\u00e3o oscilante CF8C, 12 polegadas, CL600, extremidade do flange<\/td>\n<\/tr>\n<tr>\n<td width=\"200\">1. Materiais<\/td>\n<td width=\"481\">CF8C<\/td>\n<\/tr>\n<tr>\n<td width=\"200\">2. Tamanho<\/td>\n<td width=\"481\">12\u201d<\/td>\n<\/tr>\n<tr>\n<td width=\"200\">4. Porto<\/td>\n<td width=\"481\">Porto completo<\/td>\n<\/tr>\n<tr>\n<td width=\"200\">5. Press\u00e3o de Trabalho<\/td>\n<td width=\"481\">600 libras<\/td>\n<\/tr>\n<tr>\n<td width=\"200\">6. Fim da conex\u00e3o<\/td>\n<td width=\"481\">RF<\/td>\n<\/tr>\n<tr>\n<td width=\"200\">7. Temperatura de trabalho.<\/td>\n<td width=\"481\">-29~250\u00baC,<\/td>\n<\/tr>\n<tr>\n<td width=\"200\">8. Meio Adequado<\/td>\n<td width=\"481\">\u00c1gua, G\u00e1s Natural, Petr\u00f3leo e algum l\u00edquido corrosivo<\/td>\n<\/tr>\n<tr>\n<td width=\"200\">9. Operado<\/td>\n<td width=\"481\">\/<\/td>\n<\/tr>\n<tr>\n<td width=\"200\">10. Inspe\u00e7\u00e3o e Teste<\/td>\n<td width=\"481\">De acordo comAPI 598<\/td>\n<\/tr>\n<tr>\n<td width=\"200\"><strong><b>envio<\/b><\/strong><\/td>\n<td width=\"481\"><\/td>\n<\/tr>\n<tr>\n<td width=\"200\">Prazo de entrega<\/td>\n<td width=\"481\">30 dias<\/td>\n<\/tr>\n<tr>\n<td width=\"200\">Pacote<\/td>\n<td width=\"481\">Caixa de madeira compensada de exporta\u00e7\u00e3o padr\u00e3o<\/td>\n<\/tr>\n<tr>\n<td width=\"200\">Porto de embarque<\/td>\n<td width=\"481\">Ningbo\/Xangai, China<\/td>\n<\/tr>\n<tr>\n<td width=\"200\">Termos de envio<\/td>\n<td width=\"481\">Exw, FOB, CFR, CIF, etc.<\/td>\n<\/tr>\n<tr>\n<td width=\"200\">Termos de pagamento<\/td>\n<td width=\"481\">T\/T, Western Union, PayPal, etc.<\/td>\n<\/tr>\n<tr>\n<td width=\"200\"><\/td>\n<td width=\"481\">Pr\u00e9-pagamento 30%, saldo 70% pago antes do envio<\/td>\n<\/tr>\n<tr>\n<td width=\"200\">Pa\u00eds de origem<\/td>\n<td width=\"481\">Cidade de Wenzhou, China<\/td>\n<\/tr>\n<tr>\n<td width=\"200\">Capacidade de produ\u00e7\u00e3o<\/td>\n<td width=\"481\">6.000 toneladas\/ano<\/td>\n<\/tr>\n<tr>\n<td width=\"200\">Quantidade m\u00ednima<\/td>\n<td width=\"481\">10 unidades\/tamanho<\/td>\n<\/tr>\n<\/tbody>\n<\/table>\n<\/div>","protected":false},"excerpt":{"rendered":"<p>Caracter\u00edsticas<\/p>\n<p>1. Geralmente<\/p>\n<p>Cap\u00f4 aparafusado<\/p>\n<p>Disco de balan\u00e7o;<\/p>\n<p>Superf\u00edcies de assento met\u00e1licas<\/p>\n<p>2. Conex\u00e3o Corpo e Cap\u00f4<\/p>\n<p>As v\u00e1lvulas de reten\u00e7\u00e3o Classe 1500LB s\u00e3o para castelo aparafusado e castelo com veda\u00e7\u00e3o de press\u00e3o.<\/p>\n<p>3. Estilo de junta de tampa<\/p>\n<p>Junta de anel met\u00e1lico<\/p>\n<p>Design de tampa\/cap\u00f4 de veda\u00e7\u00e3o de press\u00e3o.<\/p>\n<p>4. Assento<\/p>\n<p>Para v\u00e1lvula de reten\u00e7\u00e3o de a\u00e7o carbono, a sede geralmente \u00e9 de a\u00e7o forjado. A superf\u00edcie de veda\u00e7\u00e3o da sede pode ser soldada por spray com liga dura, se especificado pelo cliente. Para v\u00e1lvula de reten\u00e7\u00e3o de a\u00e7o inoxid\u00e1vel, geralmente \u00e9 adotada sede integrada ou pode ser usinada integralmente ap\u00f3s a liga dura ser soldada. A sede tipo rosqueada ou soldada tamb\u00e9m \u00e9 opcional para v\u00e1lvula de reten\u00e7\u00e3o em a\u00e7o inoxid\u00e1vel, caso seja solicitado pelo cliente.<\/p>\n<p>STV Valve Technology Group Co., Ltd \u00e9 um l\u00edder profissional China V\u00e1lvula de reten\u00e7\u00e3o oscilante CF8C, V\u00e1lvula de reten\u00e7\u00e3o oscilante de 12 polegadas, V\u00e1lvula de reten\u00e7\u00e3o oscilante CL600, Fabricante de v\u00e1lvula de reten\u00e7\u00e3o oscilante de extremidade de flange com alta qualidade e pre\u00e7o competitivo.<\/p>\n<p>Entre em contato com nosso sales@stvvalve.com para outros materiais e detalhes.<\/p>","protected":false},"featured_media":5639,"template":"","meta":[],"product_brand":[],"product_cat":[46,67],"product_tag":[1416,1415,1417,339],"class_list":{"0":"post-5638","1":"product","2":"type-product","3":"status-publish","4":"has-post-thumbnail","6":"product_cat-check-valves","7":"product_cat-stainless-steel-check-valve","8":"product_tag-12-inch-swing-check-valve","9":"product_tag-cf8c-swing-check-valve","10":"product_tag-cl600-swing-check-valve","11":"product_tag-flange-end-swing-check-valve","13":"first","14":"instock","15":"shipping-taxable","16":"product-type-simple"},"_links":{"self":[{"href":"https:\/\/www.stvvalves.com\/pt\/wp-json\/wp\/v2\/product\/5638","targetHints":{"allow":["GET"]}}],"collection":[{"href":"https:\/\/www.stvvalves.com\/pt\/wp-json\/wp\/v2\/product"}],"about":[{"href":"https:\/\/www.stvvalves.com\/pt\/wp-json\/wp\/v2\/types\/product"}],"wp:featuredmedia":[{"embeddable":true,"href":"https:\/\/www.stvvalves.com\/pt\/wp-json\/wp\/v2\/media\/5639"}],"wp:attachment":[{"href":"https:\/\/www.stvvalves.com\/pt\/wp-json\/wp\/v2\/media?parent=5638"}],"wp:term":[{"taxonomy":"product_brand","embeddable":true,"href":"https:\/\/www.stvvalves.com\/pt\/wp-json\/wp\/v2\/product_brand?post=5638"},{"taxonomy":"product_cat","embeddable":true,"href":"https:\/\/www.stvvalves.com\/pt\/wp-json\/wp\/v2\/product_cat?post=5638"},{"taxonomy":"product_tag","embeddable":true,"href":"https:\/\/www.stvvalves.com\/pt\/wp-json\/wp\/v2\/product_tag?post=5638"}],"curies":[{"name":"wp","href":"https:\/\/api.w.org\/{rel}","templated":true}]}}