{"id":5660,"date":"2020-12-29T02:52:53","date_gmt":"2020-12-29T02:52:53","guid":{"rendered":"https:\/\/www.stvvalves.com\/?post_type=product&#038;p=5660"},"modified":"2025-02-18T13:58:56","modified_gmt":"2025-02-18T05:58:56","slug":"2205-dual-plate-check-valve-150lb-4-inch-wafer-type","status":"publish","type":"product","link":"https:\/\/www.stvvalves.com\/pt\/products\/2205-dual-plate-check-valve-150lb-4-inch-wafer-type\/","title":{"rendered":"V\u00e1lvula de reten\u00e7\u00e3o de placa dupla 2205, 150LB, 4 polegadas, tipo wafer"},"content":{"rendered":"<p>Tamanho: de 2\u2033 a 48\u2033<br \/>\nPress\u00e3o: 150 \u2013 1500LB<br \/>\nMaterial: podemos oferecer v\u00e1lvulas realizadas em Duplex S31803\u3001Super Duplex S32750\u3001Super Duplex S32760<br \/>\n1A,\u30012A,3A,4A,5A,6A,1B,1C<br \/>\nCD4MCu, CD4MCuN, CD3MCuN, CE8MN, CD6MN, CD3MN, CE3MN, CD3MWCuN<br \/>\nF51\u3001F53\u3001F55\u3001F60<br \/>\nPadr\u00e3o de design e produ\u00e7\u00e3o: API 594 ou DIN<br \/>\nDist\u00e2ncia entre flanges: ASME B16.10, EN558, DIN3202<br \/>\nConectado de acordo com o padr\u00e3o: ANSI, API, DIN<br \/>\nPadr\u00e3o de teste: API598, API 600, ISO5208<br \/>\nMeio: A v\u00e1lvula \u00e9 adequada para v\u00e1rios meios, incluindo \u00e1gua, vapor, \u00f3leo, g\u00e1s, produtos petrol\u00edferos, \u00e1cido n\u00edtrico, \u00e1cido ac\u00e9tico, etc.<br \/>\nTemperatura de trabalho: de -46\u00baC ou -50\u00baC (constru\u00e7\u00f5es em a\u00e7o inoxid\u00e1vel) e -29\u00baC ou -46\u00baC (constru\u00e7\u00f5es em a\u00e7o carbono) at\u00e9 600\u2103<\/p>\n<table>\n<tbody>\n<tr>\n<td width=\"200\"><strong>Nome do Produto<\/strong><\/td>\n<td width=\"481\">V\u00e1lvula de reten\u00e7\u00e3o de placa dupla 2205, 150LB, 4 polegadas, tipo wafer<\/td>\n<\/tr>\n<tr>\n<td width=\"200\">1. Materiais<\/td>\n<td width=\"481\">2205<\/td>\n<\/tr>\n<tr>\n<td width=\"200\">2. Tamanho<\/td>\n<td width=\"481\">4\u201d<\/td>\n<\/tr>\n<tr>\n<td width=\"200\">4. Porto<\/td>\n<td width=\"481\">Porto completo<\/td>\n<\/tr>\n<tr>\n<td width=\"200\">5. Press\u00e3o de Trabalho<\/td>\n<td width=\"481\">150 libras<\/td>\n<\/tr>\n<tr>\n<td width=\"200\">6. Fim da conex\u00e3o<\/td>\n<td width=\"481\">RF<\/td>\n<\/tr>\n<tr>\n<td width=\"200\">7. Temperatura de trabalho.<\/td>\n<td width=\"481\">-29~300\u00baC,<\/td>\n<\/tr>\n<tr>\n<td width=\"200\">8. Meio Adequado<\/td>\n<td width=\"481\">\u00c1gua, G\u00e1s Natural, Petr\u00f3leo e algum l\u00edquido corrosivo<\/td>\n<\/tr>\n<tr>\n<td width=\"200\">9. Operado<\/td>\n<td width=\"481\">\/<\/td>\n<\/tr>\n<tr>\n<td width=\"200\">10. Inspe\u00e7\u00e3o e Teste<\/td>\n<td width=\"481\">De acordo com API598<\/td>\n<\/tr>\n<tr>\n<td width=\"200\"><strong>envio<\/strong><\/td>\n<td width=\"481\"><\/td>\n<\/tr>\n<tr>\n<td width=\"200\">Prazo de entrega<\/td>\n<td width=\"481\">30 dias<\/td>\n<\/tr>\n<tr>\n<td width=\"200\">Pacote<\/td>\n<td width=\"481\">Caixa de madeira compensada de exporta\u00e7\u00e3o padr\u00e3o<\/td>\n<\/tr>\n<tr>\n<td width=\"200\">Porto de embarque<\/td>\n<td width=\"481\">Ningbo\/Xangai, China<\/td>\n<\/tr>\n<tr>\n<td width=\"200\">Termos de envio<\/td>\n<td width=\"481\">Exw, FOB, CFR, CIF, etc.<\/td>\n<\/tr>\n<tr>\n<td width=\"200\">Termos de pagamento<\/td>\n<td width=\"481\">T\/T, Western Union, PayPal, etc.<\/td>\n<\/tr>\n<tr>\n<td width=\"200\"><\/td>\n<td width=\"481\">Pr\u00e9-pagamento 30%, saldo 70% pago antes do envio<\/td>\n<\/tr>\n<tr>\n<td width=\"200\">Pa\u00eds de origem<\/td>\n<td width=\"481\">Cidade de Wenzhou, China<\/td>\n<\/tr>\n<tr>\n<td width=\"200\">Capacidade de produ\u00e7\u00e3o<\/td>\n<td width=\"481\">6.000 toneladas\/ano<\/td>\n<\/tr>\n<tr>\n<td width=\"200\">Quantidade m\u00ednima<\/td>\n<td width=\"481\">1 pe\u00e7a\/tamanho<\/td>\n<\/tr>\n<\/tbody>\n<\/table>","protected":false},"excerpt":{"rendered":"<p>A v\u00e1lvula de reten\u00e7\u00e3o de placa dupla 2205 possui caracter\u00edsticas de comprimento curto, volume pequeno e peso leve. O disco pode ser desligado em muito pouco tempo, a press\u00e3o do golpe de ar\u00edete \u00e9 pequena. A v\u00e1lvula de reten\u00e7\u00e3o do tipo pode ser instalada verticalmente ou horizontalmente.<\/p>\n<p>1. Design de disco leve<br \/>\n2. Boa efici\u00eancia de fluxo<br \/>\n3. Fecho met\u00e1lico do assento superior<br \/>\n4. Para conex\u00e3o Wafer, LUG ou BW<br \/>\n5. Molas em Inconel X750 ou outros materiais sob consulta<\/p>\n<p>STV Valve Technology Group Co., Ltd \u00e9 um l\u00edder profissional, China V\u00e1lvula de reten\u00e7\u00e3o de material especial de alta qualidade e mais confi\u00e1vel, V\u00e1lvula de reten\u00e7\u00e3o de placa dupla 2205, V\u00e1lvula de reten\u00e7\u00e3o de placa dupla duplex, v\u00e1lvulas de reten\u00e7\u00e3o com entrega r\u00e1pida, Nossos produtos econ\u00f4micos podem reduzir o tempo de inatividade e aumentar o tempo de vida.<\/p>","protected":false},"featured_media":5661,"template":"","meta":[],"product_brand":[],"product_cat":[46,84],"product_tag":[1419,1418,1420,1421],"class_list":{"0":"post-5660","1":"product","2":"type-product","3":"status-publish","4":"has-post-thumbnail","6":"product_cat-check-valves","7":"product_cat-wafer-check-valve","8":"product_tag-150lb-dual-plate-check-valve","9":"product_tag-2205-dual-plate-check-valve","10":"product_tag-4-inch-dual-plate-check-valve","11":"product_tag-wafer-dual-plate-check-valve","13":"first","14":"instock","15":"shipping-taxable","16":"product-type-simple"},"_links":{"self":[{"href":"https:\/\/www.stvvalves.com\/pt\/wp-json\/wp\/v2\/product\/5660","targetHints":{"allow":["GET"]}}],"collection":[{"href":"https:\/\/www.stvvalves.com\/pt\/wp-json\/wp\/v2\/product"}],"about":[{"href":"https:\/\/www.stvvalves.com\/pt\/wp-json\/wp\/v2\/types\/product"}],"wp:featuredmedia":[{"embeddable":true,"href":"https:\/\/www.stvvalves.com\/pt\/wp-json\/wp\/v2\/media\/5661"}],"wp:attachment":[{"href":"https:\/\/www.stvvalves.com\/pt\/wp-json\/wp\/v2\/media?parent=5660"}],"wp:term":[{"taxonomy":"product_brand","embeddable":true,"href":"https:\/\/www.stvvalves.com\/pt\/wp-json\/wp\/v2\/product_brand?post=5660"},{"taxonomy":"product_cat","embeddable":true,"href":"https:\/\/www.stvvalves.com\/pt\/wp-json\/wp\/v2\/product_cat?post=5660"},{"taxonomy":"product_tag","embeddable":true,"href":"https:\/\/www.stvvalves.com\/pt\/wp-json\/wp\/v2\/product_tag?post=5660"}],"curies":[{"name":"wp","href":"https:\/\/api.w.org\/{rel}","templated":true}]}}