{"id":5665,"date":"2020-12-29T03:16:32","date_gmt":"2020-12-29T03:16:32","guid":{"rendered":"https:\/\/www.stvvalves.com\/?post_type=product&#038;p=5665"},"modified":"2024-12-24T23:08:53","modified_gmt":"2024-12-24T15:08:53","slug":"cd3mn-swing-check-valve-dn100-150lb","status":"publish","type":"product","link":"https:\/\/www.stvvalves.com\/pt\/products\/cd3mn-swing-check-valve-dn100-150lb\/","title":{"rendered":"V\u00e1lvula de reten\u00e7\u00e3o oscilante CD3MN, DN100,150LB"},"content":{"rendered":"<p>Tamanho: de 2\u2033 a 36\u2033<br \/>\nPress\u00e3o: 150 \u2013 2500LB<br \/>\nMaterial: Duplex S31803, Super Duplex S32750, Super Duplex S32760<br \/>\n1A,\u30012A,3A,4A,5A,6A,1B,1C<br \/>\nCD4MCu, CD4MCuN, CD3MCuN, CE8MN, CD6MN, CD3MN, CE3MN, CD3MWCuN<br \/>\nF51\u3001F53\u3001F55\u3001F6Padr\u00e3o de design e produ\u00e7\u00e3o: API 600, API6D e ASME B16.34<br \/>\nDist\u00e2ncia entre flanges: API 6D, ASME B16.10<br \/>\nConectado de acordo com o padr\u00e3o: ANSI B16.5, ASME B16.47, ANSI B16.25<br \/>\nPadr\u00e3o de teste: API598<br \/>\nMeio: a v\u00e1lvula \u00e9 adequada para v\u00e1rios meios, incluindo \u00e1gua, vapor, \u00f3leo, g\u00e1s, produtos petrol\u00edferos, \u00e1cido n\u00edtrico, \u00e1cido ac\u00e9tico, etc.<br \/>\nTemperatura de trabalho: de -46\u00baC ou -50\u00baC (constru\u00e7\u00f5es em a\u00e7o inoxid\u00e1vel) e -29\u00baC ou -46\u00baC (constru\u00e7\u00f5es em a\u00e7o carbono) at\u00e9 600\u2103<\/p>","protected":false},"excerpt":{"rendered":"<p>A v\u00e1lvula de reten\u00e7\u00e3o de giro CD3MN \u00e9 uma v\u00e1lvula fundida de passagem total, tipo reten\u00e7\u00e3o de giro, montagem horizontal, fabricada de acordo com o padr\u00e3o API.<\/p>\n<p>V\u00e1lvula anti-retorno totalmente aberta<br \/>\n\u00e9 uma v\u00e1lvula autom\u00e1tica quando \u00e9 aberta ou fechada automaticamente pela for\u00e7a gerada pelo meio que flui dentro da tubula\u00e7\u00e3o.<br \/>\nSua principal fun\u00e7\u00e3o \u00e9 evitar o refluxo do meio na tubula\u00e7\u00e3o,<br \/>\nrota\u00e7\u00e3o reversa da bomba e seu motor de acionamento e descarga do meio no recipiente.<\/p>\n<p>STV Valve Technology Group Co., Ltd \u00e9 um l\u00edder profissional, China V\u00e1lvula de reten\u00e7\u00e3o de material especial de alta qualidade e mais confi\u00e1vel, V\u00e1lvula de reten\u00e7\u00e3o oscilante CD3MN, V\u00e1lvula de reten\u00e7\u00e3o oscilante duplex, v\u00e1lvulas de reten\u00e7\u00e3o com entrega r\u00e1pida, Nossos produtos econ\u00f4micos podem reduzir o tempo de inatividade e aumentar o tempo de vida.<\/p>","protected":false},"featured_media":5666,"template":"","meta":[],"product_brand":[],"product_cat":[46,67],"product_tag":[1426,1425,1427,152],"class_list":{"0":"post-5665","1":"product","2":"type-product","3":"status-publish","4":"has-post-thumbnail","6":"product_cat-check-valves","7":"product_cat-stainless-steel-check-valve","8":"product_tag-cd3mn-swing-check-valve","9":"product_tag-duplex-swing-check-valve","10":"product_tag-special-material-check-valve","11":"product_tag-swing-check-valve","13":"first","14":"instock","15":"shipping-taxable","16":"product-type-simple"},"_links":{"self":[{"href":"https:\/\/www.stvvalves.com\/pt\/wp-json\/wp\/v2\/product\/5665","targetHints":{"allow":["GET"]}}],"collection":[{"href":"https:\/\/www.stvvalves.com\/pt\/wp-json\/wp\/v2\/product"}],"about":[{"href":"https:\/\/www.stvvalves.com\/pt\/wp-json\/wp\/v2\/types\/product"}],"wp:featuredmedia":[{"embeddable":true,"href":"https:\/\/www.stvvalves.com\/pt\/wp-json\/wp\/v2\/media\/5666"}],"wp:attachment":[{"href":"https:\/\/www.stvvalves.com\/pt\/wp-json\/wp\/v2\/media?parent=5665"}],"wp:term":[{"taxonomy":"product_brand","embeddable":true,"href":"https:\/\/www.stvvalves.com\/pt\/wp-json\/wp\/v2\/product_brand?post=5665"},{"taxonomy":"product_cat","embeddable":true,"href":"https:\/\/www.stvvalves.com\/pt\/wp-json\/wp\/v2\/product_cat?post=5665"},{"taxonomy":"product_tag","embeddable":true,"href":"https:\/\/www.stvvalves.com\/pt\/wp-json\/wp\/v2\/product_tag?post=5665"}],"curies":[{"name":"wp","href":"https:\/\/api.w.org\/{rel}","templated":true}]}}