{"id":5670,"date":"2020-12-30T06:08:09","date_gmt":"2020-12-30T06:08:09","guid":{"rendered":"https:\/\/www.stvvalves.com\/?post_type=product&#038;p=5670"},"modified":"2025-02-17T18:33:11","modified_gmt":"2025-02-17T10:33:11","slug":"ck20-gate-valve-ansi-300lb-4-inch-flange-end","status":"publish","type":"product","link":"https:\/\/www.stvvalves.com\/pt\/products\/ck20-gate-valve-ansi-300lb-4-inch-flange-end\/","title":{"rendered":"V\u00e1lvula gaveta CK20, Ansi 300LB, 4 polegadas, extremidade do flange"},"content":{"rendered":"<p>Tamanho: de 2\u2033 a 48\u2033<br \/>\nPress\u00e3o: 150 \u2013 2500LB<br \/>\nMaterial: CF8,CF3,CF8M,CF3M,CG8M,CG3M,CF8C,CK20<br \/>\n304,304L,316,316L,316Ti,317,317L,310,310S,<br \/>\nF304,F304,F316,F316L,F316Ti,F317,F317L,F310,F310S<br \/>\nPadr\u00e3o de design e produ\u00e7\u00e3o: API 600, API6D e ASME B16.34<br \/>\nDist\u00e2ncia padr\u00e3o entre flanges: API 6D, ASME B16.10<br \/>\nConectado de acordo com o padr\u00e3o: ANSI B16.5, ASME B16.47, ANSI B16.25<br \/>\nPadr\u00e3o de teste: API598<br \/>\nAtua\u00e7\u00e3o: pode operar por alavanca, caixa de c\u00e2mbio, atuador pneum\u00e1tico ou el\u00e9trico com volante para emerg\u00eancias.<br \/>\nMeio: A v\u00e1lvula \u00e9 adequada para v\u00e1rios meios, incluindo \u00e1gua, vapor, \u00f3leo, g\u00e1s, produtos petrol\u00edferos, \u00e1cido n\u00edtrico, \u00e1cido ac\u00e9tico, etc.<br \/>\nTemperatura de trabalho: de -46\u00baC ou -50\u00baC (constru\u00e7\u00f5es em a\u00e7o inoxid\u00e1vel) e -29\u00baC (constru\u00e7\u00f5es em a\u00e7o carbono) at\u00e9 600\u2103<\/p>","protected":false},"excerpt":{"rendered":"<p>As v\u00e1lvulas gaveta CK20 s\u00e3o amplamente utilizadas nas ind\u00fastrias de petr\u00f3leo, produtos qu\u00edmicos, medicamentos, fertilizantes, energia el\u00e9trica, etc. como v\u00e1lvulas de controle liga \/ desliga para passagem ou corte do meio. A comporta \u00e9 projetada como uma comporta flex\u00edvel em cunha de f\u00e1cil veda\u00e7\u00e3o e compensa\u00e7\u00e3o de desgaste, a superf\u00edcie da veda\u00e7\u00e3o \u00e9 revestida com liga endurecida resistente ao desgaste; a superf\u00edcie de veda\u00e7\u00e3o da sede revestida com liga endurecida resistente ao desgaste para combinar com a superf\u00edcie de veda\u00e7\u00e3o da comporta; a haste \u00e9 especialmente tratada para garantir sua resist\u00eancia, rigidez, resist\u00eancia \u00e0 corros\u00e3o e resist\u00eancia \u00e0 abras\u00e3o. Nossa v\u00e1lvula gaveta possui veda\u00e7\u00e3o confi\u00e1vel, uso seguro e f\u00e1cil opera\u00e7\u00e3o. As v\u00e1lvulas est\u00e3o dispon\u00edveis em uma gama completa de materiais de corpo\/tampa e internos, que s\u00e3o usados para o meio de \u00e1gua, vapor, derivados de petr\u00f3leo, \u00e1cido n\u00edtrico, \u00e1cido ac\u00e9tico, etc.<\/p>\n<p>Modelo:Z41H-150LB-3-G1\u2033<\/p>\n<p>Caracter\u00edsticas de design<br \/>\nDesign de porta completo<br \/>\nOS&amp;Y, fora e parafuso<br \/>\nCastelo aparafusado, estrutura de veda\u00e7\u00e3o traseira<br \/>\nCunha flex\u00edvel, totalmente guiada<br \/>\nEscolha de cunha s\u00f3lida ou dividida<br \/>\nAssento renov\u00e1vel ou soldado<br \/>\nDesign de haste estendida para baixas temperaturas<br \/>\nExtremidades flangeadas ou soldadas<\/p>\n<p>STV Valve Technology Group Co., Ltd \u00e9 um l\u00edder profissional China V\u00e1lvula de gaveta CK20, V\u00e1lvula de gaveta Ansi 300LB CK20, V\u00e1lvula de gaveta CK20 de 4 polegadas, Fabricante de V\u00e1lvula de gaveta CK20 de extremidade de flange com alta qualidade e pre\u00e7o competitivo.<\/p>","protected":false},"featured_media":5671,"template":"","meta":[],"product_brand":[],"product_cat":[44,60],"product_tag":[1432,1433,1431,1434],"class_list":{"0":"post-5670","1":"product","2":"type-product","3":"status-publish","4":"has-post-thumbnail","6":"product_cat-gate-valve","7":"product_cat-stainless-steel-gate-valve","8":"product_tag-300lb-ck20-gate-valve","9":"product_tag-4-inch-ck20-gate-valve","10":"product_tag-ck20-gate-valve","11":"product_tag-flange-end-ck20-gate-valve","13":"first","14":"instock","15":"shipping-taxable","16":"product-type-simple"},"_links":{"self":[{"href":"https:\/\/www.stvvalves.com\/pt\/wp-json\/wp\/v2\/product\/5670","targetHints":{"allow":["GET"]}}],"collection":[{"href":"https:\/\/www.stvvalves.com\/pt\/wp-json\/wp\/v2\/product"}],"about":[{"href":"https:\/\/www.stvvalves.com\/pt\/wp-json\/wp\/v2\/types\/product"}],"wp:featuredmedia":[{"embeddable":true,"href":"https:\/\/www.stvvalves.com\/pt\/wp-json\/wp\/v2\/media\/5671"}],"wp:attachment":[{"href":"https:\/\/www.stvvalves.com\/pt\/wp-json\/wp\/v2\/media?parent=5670"}],"wp:term":[{"taxonomy":"product_brand","embeddable":true,"href":"https:\/\/www.stvvalves.com\/pt\/wp-json\/wp\/v2\/product_brand?post=5670"},{"taxonomy":"product_cat","embeddable":true,"href":"https:\/\/www.stvvalves.com\/pt\/wp-json\/wp\/v2\/product_cat?post=5670"},{"taxonomy":"product_tag","embeddable":true,"href":"https:\/\/www.stvvalves.com\/pt\/wp-json\/wp\/v2\/product_tag?post=5670"}],"curies":[{"name":"wp","href":"https:\/\/api.w.org\/{rel}","templated":true}]}}