{"id":5684,"date":"2021-01-07T02:55:29","date_gmt":"2021-01-07T02:55:29","guid":{"rendered":"https:\/\/www.stvvalves.com\/?post_type=product&#038;p=5684"},"modified":"2024-12-24T23:08:52","modified_gmt":"2024-12-24T15:08:52","slug":"310s-swing-check-valve-pn16-dn32-flange-end","status":"publish","type":"product","link":"https:\/\/www.stvvalves.com\/pt\/products\/310s-swing-check-valve-pn16-dn32-flange-end\/","title":{"rendered":"V\u00e1lvula de reten\u00e7\u00e3o oscilante 310S, PN16, DN32, extremidade do flange"},"content":{"rendered":"<p>Tamanho: de DN50 a DN600<br \/>\nPress\u00e3o: PN6 \u2013 PN160<br \/>\nMaterial: CF8,CF3,CF8M,CF3M,CG8M,CG3M,CF8C,CK20<br \/>\n304,304L,316,316L,316Ti,317,317L,310,310S,<br \/>\nF304,F304,F316,F316L,F316Ti,F317,F317L,F310,F310S<br \/>\nPadr\u00e3o de design e produ\u00e7\u00e3o: DIN3352, EN558<br \/>\nDist\u00e2ncia entre flanges: DIN3202-F5\/F7<br \/>\nConectado de acordo com o padr\u00e3o: DIN2543-2547, EN1092<br \/>\nPadr\u00e3o de teste: API598, ISO5208<br \/>\nMeio: a v\u00e1lvula \u00e9 adequada para v\u00e1rios meios, incluindo \u00e1gua, vapor, \u00f3leo, g\u00e1s, produtos petrol\u00edferos, \u00e1cido n\u00edtrico, \u00e1cido ac\u00e9tico, etc.<br \/>\nTemperatura de trabalho: de -46\u00baC ou -50\u00baC (constru\u00e7\u00f5es em a\u00e7o inoxid\u00e1vel) e -29\u00baC ou -46\u00baC (constru\u00e7\u00f5es em a\u00e7o carbono) at\u00e9 600\u2103<\/p>","protected":false},"excerpt":{"rendered":"<p>Caracter\u00edsticas:<br \/>\nTipo de balan\u00e7o<br \/>\nCap\u00f4 aparafusado<br \/>\nDisco anti-rota\u00e7\u00e3o<br \/>\nAnel de assento renov\u00e1vel<br \/>\nEixo de disco n\u00e3o penetrante<br \/>\nInstala\u00e7\u00f5es horizontais e verticais<\/p>\n<div class=\"woocommerce-product-details__short-description\">\n<p>STV Valve Technology Group Co., Ltd \u00e9 um l\u00edder profissional China V\u00e1lvula de reten\u00e7\u00e3o oscilante 310S, V\u00e1lvula de reten\u00e7\u00e3o oscilante PN16 310S, V\u00e1lvula de reten\u00e7\u00e3o oscilante DN32 310S, V\u00e1lvula de reten\u00e7\u00e3o oscilante de extremidade de flange, Fabricante de v\u00e1lvula de reten\u00e7\u00e3o oscilante de a\u00e7o especial com alta qualidade e pre\u00e7o competitivo.<\/p>\n<\/div>\n<form class=\"cart\" action=\"https:\/\/www.stvvalves.com\/pt\/product\/ck20-gate-valve-ansi-300lb-4-inch-flange-end\/\" enctype=\"multipart\/form-data\" method=\"post\" data-trp-original-action=\"https:\/\/www.stvvalves.com\/product\/ck20-gate-valve-ansi-300lb-4-inch-flange-end\/\">\n<div class=\"quantity\"><\/div>\n<div class=\"addquotelistlink\">\n<div class=\"quotelistadd_prodpage\"><\/div>\n<\/div>\n<input type=\"hidden\" name=\"trp-form-language\" value=\"pt\"\/><\/form>","protected":false},"featured_media":5685,"template":"","meta":[],"product_brand":[],"product_cat":[46,67],"product_tag":[1439,1441,339,1440,1442],"class_list":{"0":"post-5684","1":"product","2":"type-product","3":"status-publish","4":"has-post-thumbnail","6":"product_cat-check-valves","7":"product_cat-stainless-steel-check-valve","8":"product_tag-china-310s-swing-check-valve","9":"product_tag-dn32-310s-swing-check-valve","10":"product_tag-flange-end-swing-check-valve","11":"product_tag-pn16-310s-swing-check-valve","12":"product_tag-special-steel-swing-check-valve-manufacturer","14":"first","15":"instock","16":"shipping-taxable","17":"product-type-simple"},"_links":{"self":[{"href":"https:\/\/www.stvvalves.com\/pt\/wp-json\/wp\/v2\/product\/5684","targetHints":{"allow":["GET"]}}],"collection":[{"href":"https:\/\/www.stvvalves.com\/pt\/wp-json\/wp\/v2\/product"}],"about":[{"href":"https:\/\/www.stvvalves.com\/pt\/wp-json\/wp\/v2\/types\/product"}],"wp:featuredmedia":[{"embeddable":true,"href":"https:\/\/www.stvvalves.com\/pt\/wp-json\/wp\/v2\/media\/5685"}],"wp:attachment":[{"href":"https:\/\/www.stvvalves.com\/pt\/wp-json\/wp\/v2\/media?parent=5684"}],"wp:term":[{"taxonomy":"product_brand","embeddable":true,"href":"https:\/\/www.stvvalves.com\/pt\/wp-json\/wp\/v2\/product_brand?post=5684"},{"taxonomy":"product_cat","embeddable":true,"href":"https:\/\/www.stvvalves.com\/pt\/wp-json\/wp\/v2\/product_cat?post=5684"},{"taxonomy":"product_tag","embeddable":true,"href":"https:\/\/www.stvvalves.com\/pt\/wp-json\/wp\/v2\/product_tag?post=5684"}],"curies":[{"name":"wp","href":"https:\/\/api.w.org\/{rel}","templated":true}]}}