{"id":5784,"date":"2021-03-22T13:09:09","date_gmt":"2021-03-22T13:09:09","guid":{"rendered":"https:\/\/www.stvvalves.com\/?post_type=product&#038;p=5784"},"modified":"2024-12-25T09:30:21","modified_gmt":"2024-12-25T01:30:21","slug":"single-seat-ball-float-type-steam-trap","status":"publish","type":"product","link":"https:\/\/www.stvvalves.com\/pt\/products\/single-seat-ball-float-type-steam-trap\/","title":{"rendered":"Purgador de vapor tipo flutuador esf\u00e9rico de assento \u00fanico"},"content":{"rendered":"<p>1. Purgador de vapor em a\u00e7o carbono 1.0619 (WCB).<br \/>\n2. Pe\u00e7as internas de a\u00e7o inoxid\u00e1vel.<br \/>\n3. Ventila\u00e7\u00e3o de ar autom\u00e1tica integral.<br \/>\n4. Alta durabilidade e f\u00e1cil manuten\u00e7\u00e3o.<br \/>\n5. Aplica\u00e7\u00e3o: Drenagem de tubula\u00e7\u00f5es de vapor.<br \/>\n6. Extremidades flangeadas de acordo com EN 1092-1 PN16.<br \/>\n7. DN25: Assento \u00danico<br \/>\nDN40-50: Assento Duplo<br \/>\nCondi\u00e7\u00f5es de trabalho:<br \/>\nInstala\u00e7\u00e3o horizontal (ver seta indicadora).<br \/>\nVeja a seta da dire\u00e7\u00e3o do fluxo.<br \/>\nCondi\u00e7\u00f5es de projeto da carroceria: PN16.<br \/>\nPress\u00e3o m\u00e1xima permitida (PMA): 16 bar a 120\u00baC.<br \/>\nTemperatura m\u00e1xima permitida (TMA): 250\u00baC.<br \/>\nPress\u00e3o diferencial m\u00e1xima:<br \/>\nModelo 045: \u0394P m\u00e1x. 4,5 bar<br \/>\nModelo 100: \u0394P m\u00e1x. 10 bar<\/p>\n<p>Amplamente aplicado em petr\u00f3leo, metalurgia, ind\u00fastria qu\u00edmica, fabrica\u00e7\u00e3o de papel, alimentos e equipamentos de vapor, secadores e grandes trocadores de calor, especialmente para trabalhar<br \/>\nlocais com grande quantidade de \u00e1gua condensada a ser descarregada.<br \/>\nVantagem<br \/>\n1. Duas bases de v\u00e1lvula balanceadas aumentam a \u00e1rea de fluxo e adquirem grande quantidade de \u00e1gua descarregada.<br \/>\n2. A mistura de descarga autom\u00e1tica de g\u00e1s no interior pode descarregar o g\u00e1s a tempo enquanto abre rapidamente o equipamento.<br \/>\n3. Estruturas de a\u00e7o inoxid\u00e1vel proporcionam desempenho perfeito de anticorrup\u00e7\u00e3o.<\/p>\n<p><img loading=\"lazy\" decoding=\"async\" class=\"alignleft size-full wp-image-5785\" src=\"https:\/\/www.stvvalves.com\/wp-content\/uploads\/2021\/03\/single-seat-ball-float-stem-trap.jpg\" alt=\"\" width=\"1259\" height=\"794\" srcset=\"https:\/\/www.stvvalves.com\/wp-content\/uploads\/2021\/03\/single-seat-ball-float-stem-trap.jpg 1259w, https:\/\/www.stvvalves.com\/wp-content\/uploads\/2021\/03\/single-seat-ball-float-stem-trap-600x378.jpg 600w, https:\/\/www.stvvalves.com\/wp-content\/uploads\/2021\/03\/single-seat-ball-float-stem-trap-300x189.jpg 300w, https:\/\/www.stvvalves.com\/wp-content\/uploads\/2021\/03\/single-seat-ball-float-stem-trap-1030x650.jpg 1030w, https:\/\/www.stvvalves.com\/wp-content\/uploads\/2021\/03\/single-seat-ball-float-stem-trap-768x484.jpg 768w, https:\/\/www.stvvalves.com\/wp-content\/uploads\/2021\/03\/single-seat-ball-float-stem-trap-705x445.jpg 705w\" sizes=\"auto, (max-width: 1259px) 100vw, 1259px\" \/><\/p>","protected":false},"excerpt":{"rendered":"<p>Purgador de vapor tipo flutuador esf\u00e9rico de assento \u00fanico<\/p>\n<p>1. Este tipo de purgador de vapor \u00e9 aplicado com assento \u00fanico balanceado com fechamento confi\u00e1vel e longa vida \u00fatil.<br \/>\n2. Sempre houve condensa\u00e7\u00e3o de alta temperatura com \u00e1gua a montante, o que formar\u00e1 uma veda\u00e7\u00e3o de \u00e1gua confi\u00e1vel sem qualquer vazamento de vapor<br \/>\n3. Seu funcionamento n\u00e3o causar\u00e1 nenhum ru\u00eddo. Portanto, \u00e9 prefer\u00edvel ao meio ambiente.<br \/>\n4. A v\u00e1lvula est\u00e1 completamente aberta quando o vapor sai pela primeira vez. A \u00e1gua e o ar de condensa\u00e7\u00e3o de baixa temperatura podem ser descarregados rapidamente, o que reduz bastante o tempo de inicializa\u00e7\u00e3o do equipamento.<br \/>\n5. Todas as pe\u00e7as internas s\u00e3o feitas de a\u00e7o inoxid\u00e1vel, que \u00e9 resistente \u00e0 corros\u00e3o e eros\u00e3o por cavia\u00e7\u00e3o.<\/p>","protected":false},"featured_media":5786,"template":"","meta":[],"product_brand":[],"product_cat":[83,46],"product_tag":[1474],"class_list":{"0":"post-5784","1":"product","2":"type-product","3":"status-publish","4":"has-post-thumbnail","6":"product_cat-cast-steel-check-valve","7":"product_cat-check-valves","8":"product_tag-single-seat-ball-float-type-steam-trap","10":"first","11":"instock","12":"shipping-taxable","13":"product-type-simple"},"_links":{"self":[{"href":"https:\/\/www.stvvalves.com\/pt\/wp-json\/wp\/v2\/product\/5784","targetHints":{"allow":["GET"]}}],"collection":[{"href":"https:\/\/www.stvvalves.com\/pt\/wp-json\/wp\/v2\/product"}],"about":[{"href":"https:\/\/www.stvvalves.com\/pt\/wp-json\/wp\/v2\/types\/product"}],"wp:featuredmedia":[{"embeddable":true,"href":"https:\/\/www.stvvalves.com\/pt\/wp-json\/wp\/v2\/media\/5786"}],"wp:attachment":[{"href":"https:\/\/www.stvvalves.com\/pt\/wp-json\/wp\/v2\/media?parent=5784"}],"wp:term":[{"taxonomy":"product_brand","embeddable":true,"href":"https:\/\/www.stvvalves.com\/pt\/wp-json\/wp\/v2\/product_brand?post=5784"},{"taxonomy":"product_cat","embeddable":true,"href":"https:\/\/www.stvvalves.com\/pt\/wp-json\/wp\/v2\/product_cat?post=5784"},{"taxonomy":"product_tag","embeddable":true,"href":"https:\/\/www.stvvalves.com\/pt\/wp-json\/wp\/v2\/product_tag?post=5784"}],"curies":[{"name":"wp","href":"https:\/\/api.w.org\/{rel}","templated":true}]}}