{"id":6400,"date":"2022-05-20T10:31:47","date_gmt":"2022-05-20T02:31:47","guid":{"rendered":"https:\/\/www.stvvalves.com\/?post_type=product&#038;p=6400"},"modified":"2025-02-17T18:33:08","modified_gmt":"2025-02-17T10:33:08","slug":"forged-y-type-strainer-1-2-inch-800lb-sw","status":"publish","type":"product","link":"https:\/\/www.stvvalves.com\/pt\/products\/forged-y-type-strainer-1-2-inch-800lb-sw\/","title":{"rendered":"Filtro tipo Y forjado 1\/2 polegada 800LB SW"},"content":{"rendered":"<p>O filtro tipo Y de a\u00e7o forjado classe 800 \u00e9 usado para proteger equipamentos caros instalados em uma tubula\u00e7\u00e3o contra sujeira, detritos e part\u00edculas. Fornecido com uma tela fina padr\u00e3o para filtra\u00e7\u00e3o eficaz at\u00e9 malha 20 (920 \u03bcm ou 0,037&quot;). O plugue parafusado permite f\u00e1cil remo\u00e7\u00e3o e limpeza da cesta. Dispon\u00edvel em a\u00e7o forjado e em conformidade com API 602 e ASME B16.34. Oferecido em diversas conex\u00f5es finais para uso em uma ampla gama de aplica\u00e7\u00f5es, incluindo: \u2013 Vapor, \u00f3leo t\u00e9rmico, ar, g\u00e1s e \u00e1gua. Pode ser montado em posi\u00e7\u00f5es horizontais e verticais a jusante.<\/p>\n<h2>Descri\u00e7\u00e3o<\/h2>\n<p>Projetar para API602, BS5352<br \/>\nPresencial\/ponta a ponta: Fabrica\u00e7\u00e3o, ASME B16.10<br \/>\nDimens\u00f5es do flange: ASME B16.5<br \/>\nExtremidade da solda: ASME B.16.25<br \/>\nFim do NPT: ANSI 1.20.1<br \/>\nTestando para API 598<\/p>\n<p>Tamanho: 1\/4\u2033~2\u201d<\/p>\n<p>Classifica\u00e7\u00e3o de press\u00e3o: Classe 150-2500LB<\/p>\n<p>Material do corpo: A105N, LF2, F304, F316, F11, F22, F5, F91, Liga de A\u00e7o Ect. etc.<\/p>\n<p>Conex\u00e3o final: NPT, BW, SW, RF, RTJ.<\/p>\n<p>Temperatura de trabalho:-29\u00b0C~650\u00b0C<\/p>\n<table>\n<tbody>\n<tr>\n<td width=\"200\"><strong>Nome do Produto<\/strong><\/td>\n<td width=\"481\">Filtro tipo Y forjado<\/td>\n<\/tr>\n<tr>\n<td width=\"200\">1. Materiais<\/td>\n<td width=\"481\">F304<\/td>\n<\/tr>\n<tr>\n<td width=\"200\">2. Tamanho<\/td>\n<td width=\"481\">1\/2\u201d<\/td>\n<\/tr>\n<tr>\n<td width=\"200\">4. Porto<\/td>\n<td width=\"481\">\u00a0Porta Redutora<\/td>\n<\/tr>\n<tr>\n<td width=\"200\">5. Press\u00e3o de Trabalho<\/td>\n<td width=\"481\">800 libras<\/td>\n<\/tr>\n<tr>\n<td width=\"200\">6. Fim da conex\u00e3o<\/td>\n<td width=\"481\">SO<\/td>\n<\/tr>\n<tr>\n<td width=\"200\">7. Temperatura de trabalho.<\/td>\n<td width=\"481\">-29~425\u00baC,<\/td>\n<\/tr>\n<tr>\n<td width=\"200\">8. Meio Adequado<\/td>\n<td width=\"481\">\u00c1gua, G\u00e1s Natural, Petr\u00f3leo e algum l\u00edquido corrosivo<\/td>\n<\/tr>\n<tr>\n<td width=\"200\">9. Operado<\/td>\n<td width=\"481\"><\/td>\n<\/tr>\n<tr>\n<td width=\"200\">10. Inspe\u00e7\u00e3o e Teste<\/td>\n<td width=\"481\">De acordo com API598<\/td>\n<\/tr>\n<tr>\n<td width=\"200\"><strong>envio<\/strong><\/td>\n<td width=\"481\"><\/td>\n<\/tr>\n<tr>\n<td width=\"200\">Prazo de entrega<\/td>\n<td width=\"481\">30 dias<\/td>\n<\/tr>\n<tr>\n<td width=\"200\">Pacote<\/td>\n<td width=\"481\">Caixa de madeira compensada de exporta\u00e7\u00e3o padr\u00e3o<\/td>\n<\/tr>\n<tr>\n<td width=\"200\">Porto de embarque<\/td>\n<td width=\"481\">Ningbo\/Xangai, China<\/td>\n<\/tr>\n<tr>\n<td width=\"200\">Termos de envio<\/td>\n<td width=\"481\">Exw, FOB, CFR, CIF, etc.<\/td>\n<\/tr>\n<tr>\n<td width=\"200\">Termos de pagamento<\/td>\n<td width=\"481\">T\/T, Western Union, PayPal, etc.<\/td>\n<\/tr>\n<tr>\n<td width=\"200\"><\/td>\n<td width=\"481\">Pr\u00e9-pagamento 30%, saldo 70% pago antes do envio<\/td>\n<\/tr>\n<tr>\n<td width=\"200\">Pa\u00eds de origem<\/td>\n<td width=\"481\">Cidade de Wenzhou, China<\/td>\n<\/tr>\n<tr>\n<td width=\"200\">Capacidade de produ\u00e7\u00e3o<\/td>\n<td width=\"481\">6.000 toneladas\/ano<\/td>\n<\/tr>\n<tr>\n<td width=\"200\">Quantidade m\u00ednima<\/td>\n<td width=\"481\">1 pe\u00e7a\/tamanho<\/td>\n<\/tr>\n<\/tbody>\n<\/table>","protected":false},"excerpt":{"rendered":"<p>Filtro tipo Y forjado na China. Filtro ASTM A182 F304 Y, filtro Y A f\u00e1brica oferece filtro tipo Y de tamanho pequeno, ASTM A182 F304, 1\/2 polegada, classe 800, extremidade SW X SW, inspe\u00e7\u00e3o de teste API 598.<\/p>","protected":false},"featured_media":6402,"template":"","meta":[],"product_brand":[],"product_cat":[964,48],"product_tag":[288,283,284,280,282,281,286,285,287,236],"class_list":{"0":"post-6400","1":"product","2":"type-product","3":"status-publish","4":"has-post-thumbnail","6":"product_cat-forged-steel-y-type-strainer","7":"product_cat-y-strainer","8":"product_tag-forged-stainless-steel-y-strainer","9":"product_tag-forged-steel-class-2500-y-type-welded-cover-strainer","10":"product_tag-forged-steel-y-type-strainer","11":"product_tag-forged-steel-y-type-strainer-class-800","12":"product_tag-forged-steel-y-type-strainers","13":"product_tag-forged-steel-y-pattern-strainer","14":"product_tag-npt-or-bw-end","15":"product_tag-sw","16":"product_tag-y-type-strainers-and-filters","17":"product_tag-y-type-strainer","19":"first","20":"instock","21":"shipping-taxable","22":"product-type-simple"},"_links":{"self":[{"href":"https:\/\/www.stvvalves.com\/pt\/wp-json\/wp\/v2\/product\/6400","targetHints":{"allow":["GET"]}}],"collection":[{"href":"https:\/\/www.stvvalves.com\/pt\/wp-json\/wp\/v2\/product"}],"about":[{"href":"https:\/\/www.stvvalves.com\/pt\/wp-json\/wp\/v2\/types\/product"}],"wp:featuredmedia":[{"embeddable":true,"href":"https:\/\/www.stvvalves.com\/pt\/wp-json\/wp\/v2\/media\/6402"}],"wp:attachment":[{"href":"https:\/\/www.stvvalves.com\/pt\/wp-json\/wp\/v2\/media?parent=6400"}],"wp:term":[{"taxonomy":"product_brand","embeddable":true,"href":"https:\/\/www.stvvalves.com\/pt\/wp-json\/wp\/v2\/product_brand?post=6400"},{"taxonomy":"product_cat","embeddable":true,"href":"https:\/\/www.stvvalves.com\/pt\/wp-json\/wp\/v2\/product_cat?post=6400"},{"taxonomy":"product_tag","embeddable":true,"href":"https:\/\/www.stvvalves.com\/pt\/wp-json\/wp\/v2\/product_tag?post=6400"}],"curies":[{"name":"wp","href":"https:\/\/api.w.org\/{rel}","templated":true}]}}