{"id":6422,"date":"2022-08-05T10:42:48","date_gmt":"2022-08-05T02:42:48","guid":{"rendered":"https:\/\/www.stvvalves.com\/?post_type=product&#038;p=6422"},"modified":"2025-08-16T21:54:20","modified_gmt":"2025-08-16T13:54:20","slug":"24-inch-c95800-wafer-check-valve-300lb-rf-flange","status":"publish","type":"product","link":"https:\/\/www.stvvalves.com\/pt\/products\/24-inch-c95800-wafer-check-valve-300lb-rf-flange\/","title":{"rendered":"24 v\u00e1lvula de verifica\u00e7\u00e3o da bolacha da polegada C95800, 300LB, flange do RF"},"content":{"rendered":"<p>Fornecedor de v\u00e1lvula de reten\u00e7\u00e3o China API 594 C95800 oferece v\u00e1lvula de reten\u00e7\u00e3o de 24 polegadas, assento EPDM, 24 polegadas, 300 LB, face elevada flangeada.Tamanho: de 2 \u2033 a 48 \u2033<br \/>\nPress\u00e3o: 150 \u2013 1500LB<br \/>\nMaterial: podemos oferecer v\u00e1lvulas realizadas em C95800,C95400,C92200,C90500<br \/>\nPadr\u00e3o de design e produ\u00e7\u00e3o: API 594 ou DIN<br \/>\nDist\u00e2ncia entre flanges: ASME B16.10, EN558, DIN3202<br \/>\nConectado de acordo com o padr\u00e3o: ANSI, API, DIN<br \/>\nPadr\u00e3o de teste: API598, API 600, ISO5208<br \/>\nMeio: A v\u00e1lvula \u00e9 adequada para v\u00e1rios meios, incluindo \u00e1gua, vapor, \u00f3leo, g\u00e1s, produtos petrol\u00edferos, \u00e1cido n\u00edtrico, \u00e1cido ac\u00e9tico, etc.<br \/>\nTemperatura de trabalho: de -46\u00baC ou -50\u00baC (constru\u00e7\u00f5es em a\u00e7o inoxid\u00e1vel) e -29\u00baC ou -46\u00baC (constru\u00e7\u00f5es em a\u00e7o carbono) at\u00e9 600\u2103<\/p>\n<table>\n<tbody>\n<tr>\n<td width=\"200\"><strong>Nome do Produto<\/strong><\/td>\n<td width=\"481\">\u00a024 v\u00e1lvula de verifica\u00e7\u00e3o da bolacha da polegada C95800, 300LB, flange do RF<\/td>\n<\/tr>\n<tr>\n<td width=\"200\">1. Materiais<\/td>\n<td width=\"481\">C95800<\/td>\n<\/tr>\n<tr>\n<td width=\"200\">2. Tamanho<\/td>\n<td width=\"481\">24\u201d<\/td>\n<\/tr>\n<tr>\n<td width=\"200\">4. Porto<\/td>\n<td width=\"481\">Porto completo<\/td>\n<\/tr>\n<tr>\n<td width=\"200\">5. Press\u00e3o de Trabalho<\/td>\n<td width=\"481\">300 libras<\/td>\n<\/tr>\n<tr>\n<td width=\"200\">6. Fim da conex\u00e3o<\/td>\n<td width=\"481\">RF<\/td>\n<\/tr>\n<tr>\n<td width=\"200\">7. Temperatura de trabalho.<\/td>\n<td width=\"481\">-29~200\u00baC,<\/td>\n<\/tr>\n<tr>\n<td width=\"200\">8. Meio Adequado<\/td>\n<td width=\"481\">\u00c1gua, G\u00e1s Natural, Petr\u00f3leo e algum l\u00edquido corrosivo<\/td>\n<\/tr>\n<tr>\n<td width=\"200\">9. Operado<\/td>\n<td width=\"481\">\/<\/td>\n<\/tr>\n<tr>\n<td width=\"200\">10. Inspe\u00e7\u00e3o e Teste<\/td>\n<td width=\"481\">De acordo com API598<\/td>\n<\/tr>\n<tr>\n<td width=\"200\"><strong>envio<\/strong><\/td>\n<td width=\"481\"><\/td>\n<\/tr>\n<tr>\n<td width=\"200\">Prazo de entrega<\/td>\n<td width=\"481\">30 dias<\/td>\n<\/tr>\n<tr>\n<td width=\"200\">Pacote<\/td>\n<td width=\"481\">Caixa de madeira compensada de exporta\u00e7\u00e3o padr\u00e3o<\/td>\n<\/tr>\n<tr>\n<td width=\"200\">Porto de embarque<\/td>\n<td width=\"481\">Ningbo\/Xangai, China<\/td>\n<\/tr>\n<tr>\n<td width=\"200\">Termos de envio<\/td>\n<td width=\"481\">Exw, FOB, CFR, CIF, etc.<\/td>\n<\/tr>\n<tr>\n<td width=\"200\">Termos de pagamento<\/td>\n<td width=\"481\">T\/T, Western Union, PayPal, etc.<\/td>\n<\/tr>\n<tr>\n<td width=\"200\"><\/td>\n<td width=\"481\">Pr\u00e9-pagamento 30%, saldo 70% pago antes do envio<\/td>\n<\/tr>\n<tr>\n<td width=\"200\">Pa\u00eds de origem<\/td>\n<td width=\"481\">Cidade de Wenzhou, China<\/td>\n<\/tr>\n<tr>\n<td width=\"200\">Capacidade de produ\u00e7\u00e3o<\/td>\n<td width=\"481\">6.000 toneladas\/ano<\/td>\n<\/tr>\n<tr>\n<td width=\"200\">Quantidade m\u00ednima<\/td>\n<td width=\"481\">1 pe\u00e7a\/tamanho<\/td>\n<\/tr>\n<\/tbody>\n<\/table>\n<p>O par de veda\u00e7\u00e3o da v\u00e1lvula de bronze \u00e9 razoavelmente compat\u00edvel, e o disco da v\u00e1lvula e a superf\u00edcie de veda\u00e7\u00e3o da sede da v\u00e1lvula s\u00e3o feitos de superf\u00edcie de liga \u00e0 base de ferro, que tem boa resist\u00eancia ao desgaste, resist\u00eancia \u00e0 temperatura, resist\u00eancia \u00e0 corros\u00e3o, resist\u00eancia a arranh\u00f5es e longa vida \u00fatil. Os produtos de v\u00e1lvula de reten\u00e7\u00e3o de bronze s\u00e3o projetados e fabricados de acordo com o padr\u00e3o API594. V\u00e1rios padr\u00f5es de flange de tubula\u00e7\u00e3o e tipos de veda\u00e7\u00e3o de flange podem ser usados para atender a diversas necessidades de engenharia e requisitos do usu\u00e1rio. O corpo da v\u00e1lvula possui v\u00e1rios materiais, e a junta do flange pode ser razoavelmente selecionada de acordo com as condi\u00e7\u00f5es reais de trabalho ou requisitos do usu\u00e1rio, e pode ser adequada para v\u00e1rias press\u00f5es, temperaturas e condi\u00e7\u00f5es m\u00e9dias de trabalho.<\/p>","protected":false},"excerpt":{"rendered":"<p>A v\u00e1lvula de reten\u00e7\u00e3o wafer C95800 de 24 polegadas \u00e9 amplamente utilizada devido \u00e0s boas propriedades mec\u00e2nicas abrangentes e resist\u00eancia \u00e0 corros\u00e3o do bronze, especialmente na engenharia naval, como a dessaliniza\u00e7\u00e3o da \u00e1gua do mar.<\/p>","protected":false},"featured_media":6424,"template":"","meta":[],"product_brand":[],"product_cat":[46,84],"product_tag":[1508,1507,1506,1511,1510,1509],"class_list":{"0":"post-6422","1":"product","2":"type-product","3":"status-publish","4":"has-post-thumbnail","6":"product_cat-check-valves","7":"product_cat-wafer-check-valve","8":"product_tag-24-inch-check-valve","9":"product_tag-al-bronze-c95800-check-valve","10":"product_tag-api-594-c95800-check-valve","11":"product_tag-api-598-c95800-check-valve","12":"product_tag-class-300-lb-check-valve","13":"product_tag-wafer-check-valve-lug-check-valve","15":"first","16":"instock","17":"shipping-taxable","18":"product-type-simple"},"_links":{"self":[{"href":"https:\/\/www.stvvalves.com\/pt\/wp-json\/wp\/v2\/product\/6422","targetHints":{"allow":["GET"]}}],"collection":[{"href":"https:\/\/www.stvvalves.com\/pt\/wp-json\/wp\/v2\/product"}],"about":[{"href":"https:\/\/www.stvvalves.com\/pt\/wp-json\/wp\/v2\/types\/product"}],"wp:featuredmedia":[{"embeddable":true,"href":"https:\/\/www.stvvalves.com\/pt\/wp-json\/wp\/v2\/media\/6424"}],"wp:attachment":[{"href":"https:\/\/www.stvvalves.com\/pt\/wp-json\/wp\/v2\/media?parent=6422"}],"wp:term":[{"taxonomy":"product_brand","embeddable":true,"href":"https:\/\/www.stvvalves.com\/pt\/wp-json\/wp\/v2\/product_brand?post=6422"},{"taxonomy":"product_cat","embeddable":true,"href":"https:\/\/www.stvvalves.com\/pt\/wp-json\/wp\/v2\/product_cat?post=6422"},{"taxonomy":"product_tag","embeddable":true,"href":"https:\/\/www.stvvalves.com\/pt\/wp-json\/wp\/v2\/product_tag?post=6422"}],"curies":[{"name":"wp","href":"https:\/\/api.w.org\/{rel}","templated":true}]}}