{"id":6477,"date":"2022-08-08T13:03:17","date_gmt":"2022-08-08T05:03:17","guid":{"rendered":"https:\/\/www.stvvalves.com\/?post_type=product&#038;p=6477"},"modified":"2025-02-18T13:57:38","modified_gmt":"2025-02-18T05:57:38","slug":"class-900-y-strainer-astm-a216-wcb-6-inch-asme-b16-34-rtj-end","status":"publish","type":"product","link":"https:\/\/www.stvvalves.com\/pt\/products\/class-900-y-strainer-astm-a216-wcb-6-inch-asme-b16-34-rtj-end\/","title":{"rendered":"Filtro classe 900 Y, ASTM A216 WCB, 6 polegadas, ASME B16.34, extremidade RTJ"},"content":{"rendered":"<p>Nome do produto: Filtro classe 900 Y, ASTM A216 WCB, 6 polegadas, ASME B16.34, extremidade RTJ<br \/>\nProjeto: ASME B16.34.<br \/>\nMaterial: ASTM A216 WCB.<br \/>\nTamanho nominal: 6 polegadas.<br \/>\nPress\u00e3o nominal: Classe900 LB.<br \/>\nConex\u00e3o final: RF.<br \/>\nPresencial: ASME B16.10.<br \/>\nTeste e inspe\u00e7\u00e3o: API 598.<\/p>\n<p>Gama de Produtos:<br \/>\nMaterial do corpo: A\u00e7o Carbono, A\u00e7o Inoxid\u00e1vel, A\u00e7o Liga.<br \/>\nDi\u00e2metro normal: 1\/2 \u2013 48 polegadas (DN15 \u2013 DN1200).<br \/>\nConex\u00e3o final: BW, flangeada.<br \/>\nFaixa de press\u00e3o: 150 \u2013 2.500 lb (PN16 \u2013 PN420).<br \/>\nTemperatura de trabalho: -196\u00b0C \u2013 +573\u00b0C.<\/p>\n<table>\n<tbody>\n<tr>\n<td width=\"200\"><strong>Nome do Produto<\/strong><\/td>\n<td width=\"481\">Filtro classe 900 Y, ASTM A216 WCB, 6 polegadas, ASME B16.34, extremidade RTJ<\/td>\n<\/tr>\n<tr>\n<td width=\"200\">1. Materiais<\/td>\n<td width=\"481\">WCB<\/td>\n<\/tr>\n<tr>\n<td width=\"200\">2. Tamanho<\/td>\n<td width=\"481\">6\u201d<\/td>\n<\/tr>\n<tr>\n<td width=\"200\">4. Porto<\/td>\n<td width=\"481\">Porto completo<\/td>\n<\/tr>\n<tr>\n<td width=\"200\">5. Press\u00e3o de Trabalho<\/td>\n<td width=\"481\">900 libras<\/td>\n<\/tr>\n<tr>\n<td width=\"200\">6. Fim da conex\u00e3o<\/td>\n<td width=\"481\">RF<\/td>\n<\/tr>\n<tr>\n<td width=\"200\">7. Temperatura de trabalho.<\/td>\n<td width=\"481\">-29~425\u00baC,<\/td>\n<\/tr>\n<tr>\n<td width=\"200\">8. Meio Adequado<\/td>\n<td width=\"481\">\u00c1gua, G\u00e1s Natural, Petr\u00f3leo e algum l\u00edquido corrosivo<\/td>\n<\/tr>\n<tr>\n<td width=\"200\">9. Operado<\/td>\n<td width=\"481\">\/<\/td>\n<\/tr>\n<tr>\n<td width=\"200\">10. Inspe\u00e7\u00e3o e Teste<\/td>\n<td width=\"481\">API 598<\/td>\n<\/tr>\n<tr>\n<td width=\"200\"><strong>envio<\/strong><\/td>\n<td width=\"481\"><\/td>\n<\/tr>\n<tr>\n<td width=\"200\">Prazo de entrega<\/td>\n<td width=\"481\">30 dias<\/td>\n<\/tr>\n<tr>\n<td width=\"200\">Pacote<\/td>\n<td width=\"481\">Caixa de madeira compensada de exporta\u00e7\u00e3o padr\u00e3o<\/td>\n<\/tr>\n<tr>\n<td width=\"200\">Porto de embarque<\/td>\n<td width=\"481\">Ningbo\/Xangai, China<\/td>\n<\/tr>\n<tr>\n<td width=\"200\">Termos de envio<\/td>\n<td width=\"481\">Exw, FOB, CFR, CIF, etc.<\/td>\n<\/tr>\n<tr>\n<td width=\"200\">Termos de pagamento<\/td>\n<td width=\"481\">T\/T, Western Union, PayPal, etc.<\/td>\n<\/tr>\n<tr>\n<td width=\"200\"><\/td>\n<td width=\"481\">Pr\u00e9-pagamento 30%, saldo 70% pago antes do envio<\/td>\n<\/tr>\n<tr>\n<td width=\"200\">Pa\u00eds de origem<\/td>\n<td width=\"481\">Cidade de Wenzhou, China<\/td>\n<\/tr>\n<tr>\n<td width=\"200\">Capacidade de produ\u00e7\u00e3o<\/td>\n<td width=\"481\">6.000 toneladas\/ano<\/td>\n<\/tr>\n<tr>\n<td width=\"200\">Quantidade m\u00ednima<\/td>\n<td width=\"481\">1 pe\u00e7a\/tamanho<\/td>\n<\/tr>\n<\/tbody>\n<\/table>","protected":false},"excerpt":{"rendered":"<p>STV Valve Technology Group C o., Ltd \u00e9 um l\u00edder profissional China 900LB Filtro tipo Y, Filtro tipo Flange Y, Filtro Y de extremidade flangeada ASTM A216 WCB, Filtro tipo Y ASME B16.34, Filtro tipo Y de 6 polegadas. Filtro tipo Y de malha 40, filtro tipo Y de tela SS304, fabricante de filtro tipo Y com extremidade flangeada RTJ com alta qualidade e pre\u00e7o competitivo.<\/p>","protected":false},"featured_media":6479,"template":"","meta":[],"product_brand":[],"product_cat":[72,48],"product_tag":[1552,1551,1545,1550,940,1553,1548],"class_list":{"0":"post-6477","1":"product","2":"type-product","3":"status-publish","4":"has-post-thumbnail","6":"product_cat-cast-steel-y-type-strainer","7":"product_cat-y-strainer","8":"product_tag-6-inch-y-type-strainer-40-mesh-y-type-strainer","9":"product_tag-asme-b16-34-y-type-strainer","10":"product_tag-astm-a216-wcb-flanged-end-y-strainer","11":"product_tag-china-900lb-y-type-strainer","12":"product_tag-flange-y-type-strainer","13":"product_tag-rtj-flanged-end-y-type-strainer-manufacturer","14":"product_tag-ss304-screen-y-type-strainer","16":"first","17":"instock","18":"shipping-taxable","19":"product-type-simple"},"_links":{"self":[{"href":"https:\/\/www.stvvalves.com\/pt\/wp-json\/wp\/v2\/product\/6477","targetHints":{"allow":["GET"]}}],"collection":[{"href":"https:\/\/www.stvvalves.com\/pt\/wp-json\/wp\/v2\/product"}],"about":[{"href":"https:\/\/www.stvvalves.com\/pt\/wp-json\/wp\/v2\/types\/product"}],"wp:featuredmedia":[{"embeddable":true,"href":"https:\/\/www.stvvalves.com\/pt\/wp-json\/wp\/v2\/media\/6479"}],"wp:attachment":[{"href":"https:\/\/www.stvvalves.com\/pt\/wp-json\/wp\/v2\/media?parent=6477"}],"wp:term":[{"taxonomy":"product_brand","embeddable":true,"href":"https:\/\/www.stvvalves.com\/pt\/wp-json\/wp\/v2\/product_brand?post=6477"},{"taxonomy":"product_cat","embeddable":true,"href":"https:\/\/www.stvvalves.com\/pt\/wp-json\/wp\/v2\/product_cat?post=6477"},{"taxonomy":"product_tag","embeddable":true,"href":"https:\/\/www.stvvalves.com\/pt\/wp-json\/wp\/v2\/product_tag?post=6477"}],"curies":[{"name":"wp","href":"https:\/\/api.w.org\/{rel}","templated":true}]}}