{"id":6482,"date":"2022-08-08T13:38:33","date_gmt":"2022-08-08T05:38:33","guid":{"rendered":"https:\/\/www.stvvalves.com\/?post_type=product&#038;p=6482"},"modified":"2025-02-18T13:57:36","modified_gmt":"2025-02-18T05:57:36","slug":"din-3352-y-type-strainer-wcb-dn50-pn64-rf-ends","status":"publish","type":"product","link":"https:\/\/www.stvvalves.com\/pt\/products\/din-3352-y-type-strainer-wcb-dn50-pn64-rf-ends\/","title":{"rendered":"Filtro tipo Y DIN 3352, WCB, DN50, PN64, extremidades RF"},"content":{"rendered":"<p>Nome do produto: Filtro tipo Y DIN 3352, WCB, DN50, PN40, extremidades RF<br \/>\nProjeto: DIN 3352.<br \/>\nMaterial: ASTM A216 WCB.<br \/>\nTamanho nominal: 2 polegadas.<br \/>\nPress\u00e3o nominal: PN64.<br \/>\nConex\u00e3o final: RF.<br \/>\nCara a cara: EN558-1\/linha 1.<br \/>\nTeste e inspe\u00e7\u00e3o: EN12266-1.<\/p>\n<p>Gama de Produtos:<br \/>\nMaterial do corpo: A\u00e7o Carbono, A\u00e7o Inoxid\u00e1vel, A\u00e7o Liga.<br \/>\nDi\u00e2metro normal: 1\/2 \u2013 48 polegadas (DN15 \u2013 DN1200).<br \/>\nConex\u00e3o final: BW, flangeada.<br \/>\nFaixa de press\u00e3o: 150 \u2013 2.500 lb (PN16 \u2013 PN420).<br \/>\nTemperatura de trabalho: -196\u00b0C \u2013 +573\u00b0C.<\/p>\n<table>\n<tbody>\n<tr>\n<td width=\"200\"><strong>Nome do Produto<\/strong><\/td>\n<td width=\"481\">Filtro tipo Y DIN 3352, WCB, DN50, PN64, extremidades RF<\/td>\n<\/tr>\n<tr>\n<td width=\"200\">1. Materiais<\/td>\n<td width=\"481\">WCB<\/td>\n<\/tr>\n<tr>\n<td width=\"200\">2. Tamanho<\/td>\n<td width=\"481\">2\u201d<\/td>\n<\/tr>\n<tr>\n<td width=\"200\">4. Porto<\/td>\n<td width=\"481\">Porto completo<\/td>\n<\/tr>\n<tr>\n<td width=\"200\">5. Press\u00e3o de Trabalho<\/td>\n<td width=\"481\">PN64<\/td>\n<\/tr>\n<tr>\n<td width=\"200\">6. Fim da conex\u00e3o<\/td>\n<td width=\"481\">RF<\/td>\n<\/tr>\n<tr>\n<td width=\"200\">7. Temperatura de trabalho.<\/td>\n<td width=\"481\">-29~425\u00baC,<\/td>\n<\/tr>\n<tr>\n<td width=\"200\">8. Meio Adequado<\/td>\n<td width=\"481\">\u00c1gua, G\u00e1s Natural, Petr\u00f3leo e algum l\u00edquido corrosivo<\/td>\n<\/tr>\n<tr>\n<td width=\"200\">9. Operado<\/td>\n<td width=\"481\">\/<\/td>\n<\/tr>\n<tr>\n<td width=\"200\">10. Inspe\u00e7\u00e3o e Teste<\/td>\n<td width=\"481\">API 598<\/td>\n<\/tr>\n<tr>\n<td width=\"200\"><strong>envio<\/strong><\/td>\n<td width=\"481\"><\/td>\n<\/tr>\n<tr>\n<td width=\"200\">Prazo de entrega<\/td>\n<td width=\"481\">30 dias<\/td>\n<\/tr>\n<tr>\n<td width=\"200\">Pacote<\/td>\n<td width=\"481\">Caixa de madeira compensada de exporta\u00e7\u00e3o padr\u00e3o<\/td>\n<\/tr>\n<tr>\n<td width=\"200\">Porto de embarque<\/td>\n<td width=\"481\">Ningbo\/Xangai, China<\/td>\n<\/tr>\n<tr>\n<td width=\"200\">Termos de envio<\/td>\n<td width=\"481\">Exw, FOB, CFR, CIF, etc.<\/td>\n<\/tr>\n<tr>\n<td width=\"200\">Termos de pagamento<\/td>\n<td width=\"481\">T\/T, Western Union, PayPal, etc.<\/td>\n<\/tr>\n<tr>\n<td width=\"200\"><\/td>\n<td width=\"481\">Pr\u00e9-pagamento 30%, saldo 70% pago antes do envio<\/td>\n<\/tr>\n<tr>\n<td width=\"200\">Pa\u00eds de origem<\/td>\n<td width=\"481\">Cidade de Wenzhou, China<\/td>\n<\/tr>\n<tr>\n<td width=\"200\">Capacidade de produ\u00e7\u00e3o<\/td>\n<td width=\"481\">6.000 toneladas\/ano<\/td>\n<\/tr>\n<tr>\n<td width=\"200\">Quantidade m\u00ednima<\/td>\n<td width=\"481\">1 pe\u00e7a\/tamanho<\/td>\n<\/tr>\n<\/tbody>\n<\/table>\n<p>&nbsp;<\/p>\n<p>&nbsp;<\/p>","protected":false},"excerpt":{"rendered":"<p>STV Valve Technology Group C o., Ltd \u00e9 um l\u00edder profissional China DIN 3352 Filtro tipo Y, Filtro tipo Flange Y, Filtro ASTM A216 WCB com extremidade flangeada em Y, Filtro tipo Y de 2 polegadas. Filtro tipo Y de malha 40, filtro tipo Y de tela SS304, fabricante de filtro tipo Y com extremidades RF com alta qualidade e pre\u00e7o competitivo.<\/p>","protected":false},"featured_media":6483,"template":"","meta":[],"product_brand":[],"product_cat":[72,48],"product_tag":[1557,1545,1556,940,1558,1548],"class_list":{"0":"post-6482","1":"product","2":"type-product","3":"status-publish","4":"has-post-thumbnail","6":"product_cat-cast-steel-y-type-strainer","7":"product_cat-y-strainer","8":"product_tag-2inch-y-type-strainer-40-mesh-y-type-strainer","9":"product_tag-astm-a216-wcb-flanged-end-y-strainer","10":"product_tag-china-din-3352-y-type-strainer","11":"product_tag-flange-y-type-strainer","12":"product_tag-rf-ends-y-type-strainer-manufacturer","13":"product_tag-ss304-screen-y-type-strainer","15":"first","16":"instock","17":"shipping-taxable","18":"product-type-simple"},"_links":{"self":[{"href":"https:\/\/www.stvvalves.com\/pt\/wp-json\/wp\/v2\/product\/6482","targetHints":{"allow":["GET"]}}],"collection":[{"href":"https:\/\/www.stvvalves.com\/pt\/wp-json\/wp\/v2\/product"}],"about":[{"href":"https:\/\/www.stvvalves.com\/pt\/wp-json\/wp\/v2\/types\/product"}],"wp:featuredmedia":[{"embeddable":true,"href":"https:\/\/www.stvvalves.com\/pt\/wp-json\/wp\/v2\/media\/6483"}],"wp:attachment":[{"href":"https:\/\/www.stvvalves.com\/pt\/wp-json\/wp\/v2\/media?parent=6482"}],"wp:term":[{"taxonomy":"product_brand","embeddable":true,"href":"https:\/\/www.stvvalves.com\/pt\/wp-json\/wp\/v2\/product_brand?post=6482"},{"taxonomy":"product_cat","embeddable":true,"href":"https:\/\/www.stvvalves.com\/pt\/wp-json\/wp\/v2\/product_cat?post=6482"},{"taxonomy":"product_tag","embeddable":true,"href":"https:\/\/www.stvvalves.com\/pt\/wp-json\/wp\/v2\/product_tag?post=6482"}],"curies":[{"name":"wp","href":"https:\/\/api.w.org\/{rel}","templated":true}]}}