{"id":6491,"date":"2022-08-08T20:27:16","date_gmt":"2022-08-08T12:27:16","guid":{"rendered":"https:\/\/www.stvvalves.com\/?post_type=product&#038;p=6491"},"modified":"2024-12-24T23:08:51","modified_gmt":"2024-12-24T15:08:51","slug":"astm-b367-gr-c2-titanium-swing-check-valve-2-inch-150-lb-rf","status":"publish","type":"product","link":"https:\/\/www.stvvalves.com\/pt\/products\/astm-b367-gr-c2-titanium-swing-check-valve-2-inch-150-lb-rf\/","title":{"rendered":"V\u00e1lvula de reten\u00e7\u00e3o oscilante de tit\u00e2nio ASTM B367 GR.C2, 2 polegadas, 150 LB, RF"},"content":{"rendered":"<p>Nome dos produtos: V\u00e1lvula de reten\u00e7\u00e3o oscilante de tit\u00e2nio ASTM B367 GR.C2, 2 polegadas, 150 LB, RF<\/p>\n<div class=\"row\">\n<div class=\"col-md-12\">Projeto: API 6D<br \/>\nCorpo: ASTM B367 GR.C2<br \/>\nTamanho nominal: 2 polegadas<br \/>\nClasse Nominal: 150 LB<br \/>\nConex\u00e3o final: extremidades RF<br \/>\nCara a Cara: ASME B16.10<br \/>\nTeste e Inspe\u00e7\u00e3o: API 598<\/div>\n<\/div>\n<p>Material do corpo:Tit\u00e2nio,Duplex, Hastelloy C276\/B3, Monel, Alloys20, 4A, 5A, C95800, C95500,Monel, Alloy 20, F347,Super Duplex,Inconel ect.<br \/>\nPadr\u00f5es de fabrica\u00e7\u00e3o:API, ANSI, BS, DIN, JIS.<br \/>\nPress\u00e3o da v\u00e1lvula: 150LB a 2500LB (PN1.6-42MPa).<br \/>\nFaixa de tamanho da v\u00e1lvula de verifica\u00e7\u00e3o: 1\/2 a 32 polegadas (DN15 a DN800).<br \/>\nTemperatura operacional: de -196 graus Celsius a 593 graus Celsius.<br \/>\nConex\u00e3o:Flangeada, soldada a topo.<br \/>\nDimens\u00f5es face a face:ANSI B16.10.<br \/>\nDimens\u00e3o da extremidade do flange: ANSI B16.5<br \/>\nDimens\u00f5es soldadas de topo: ANSI B16.25<br \/>\nProjeto e Fabrica\u00e7\u00e3o:BS1868<br \/>\nTeste de press\u00e3o: API598<\/p>\n<table>\n<tbody>\n<tr>\n<td width=\"200\"><strong><b>Nome do Produto<\/b><\/strong><\/td>\n<td width=\"481\">V\u00e1lvula de reten\u00e7\u00e3o oscilante de tit\u00e2nio ASTM B367 GR.C2, 2 polegadas, 150 LB, RF<\/td>\n<\/tr>\n<tr>\n<td width=\"200\">1. Materiais<\/td>\n<td width=\"481\">ASTM B367 GR.C2 Tit\u00e2nio<\/td>\n<\/tr>\n<tr>\n<td width=\"200\">2. Tamanho<\/td>\n<td width=\"481\">2\u201d<\/td>\n<\/tr>\n<tr>\n<td width=\"200\">4. Porto<\/td>\n<td width=\"481\">Porto completo<\/td>\n<\/tr>\n<tr>\n<td width=\"200\">5. Press\u00e3o de Trabalho<\/td>\n<td width=\"481\">150 libras<\/td>\n<\/tr>\n<tr>\n<td width=\"200\">6. Fim da conex\u00e3o<\/td>\n<td width=\"481\">RF<\/td>\n<\/tr>\n<tr>\n<td width=\"200\">7. Temperatura de trabalho.<\/td>\n<td width=\"481\">-29~250\u00baC,<\/td>\n<\/tr>\n<tr>\n<td width=\"200\">8. Meio Adequado<\/td>\n<td width=\"481\">\u00c1gua, G\u00e1s Natural, Petr\u00f3leo e algum l\u00edquido corrosivo<\/td>\n<\/tr>\n<tr>\n<td width=\"200\">9. Operado<\/td>\n<td width=\"481\">Volante<\/td>\n<\/tr>\n<tr>\n<td width=\"200\">10. Inspe\u00e7\u00e3o e Teste<\/td>\n<td width=\"481\">De acordo comAPI 598<\/td>\n<\/tr>\n<tr>\n<td width=\"200\"><strong><b>envio<\/b><\/strong><\/td>\n<td width=\"481\"><\/td>\n<\/tr>\n<tr>\n<td width=\"200\">Prazo de entrega<\/td>\n<td width=\"481\">30 dias<\/td>\n<\/tr>\n<tr>\n<td width=\"200\">Pacote<\/td>\n<td width=\"481\">Caixa de madeira compensada de exporta\u00e7\u00e3o padr\u00e3o<\/td>\n<\/tr>\n<tr>\n<td width=\"200\">Porto de embarque<\/td>\n<td width=\"481\">Ningbo\/Xangai, China<\/td>\n<\/tr>\n<tr>\n<td width=\"200\">Termos de envio<\/td>\n<td width=\"481\">Exw, FOB, CFR, CIF, etc.<\/td>\n<\/tr>\n<tr>\n<td width=\"200\">Termos de pagamento<\/td>\n<td width=\"481\">T\/T, Western Union, PayPal, etc.<\/td>\n<\/tr>\n<tr>\n<td width=\"200\"><\/td>\n<td width=\"481\">Pr\u00e9-pagamento 30%, saldo 70% pago antes do envio<\/td>\n<\/tr>\n<tr>\n<td width=\"200\">Pa\u00eds de origem<\/td>\n<td width=\"481\">Cidade de Wenzhou, China<\/td>\n<\/tr>\n<tr>\n<td width=\"200\">Capacidade de produ\u00e7\u00e3o<\/td>\n<td width=\"481\">6.000 toneladas\/ano<\/td>\n<\/tr>\n<tr>\n<td width=\"200\">Quantidade m\u00ednima<\/td>\n<td width=\"481\">10 unidades\/tamanho<\/td>\n<\/tr>\n<\/tbody>\n<\/table>","protected":false},"excerpt":{"rendered":"<p>STV Valve Technology Group Co., Ltd \u00e9 um l\u00edder profissional China V\u00e1lvula de reten\u00e7\u00e3o oscilante de tit\u00e2nio, F\u00e1brica de v\u00e1lvula de reten\u00e7\u00e3o oscilante de tit\u00e2nio na China, V\u00e1lvula de reten\u00e7\u00e3o oscilante de tit\u00e2nio, V\u00e1lvula de reten\u00e7\u00e3o ASTM B367 GR, V\u00e1lvula gaveta API 602, V\u00e1lvula de reten\u00e7\u00e3o classe 150 LB, Extremidade RF V\u00e1lvula de reten\u00e7\u00e3o, v\u00e1lvula de reten\u00e7\u00e3o oscilante com cap\u00f4 aparafusado, fabricante de v\u00e1lvula de reten\u00e7\u00e3o oscilante API 6D com alta qualidade e pre\u00e7o competitivo<\/p>\n<p>&nbsp;<\/p>","protected":false},"featured_media":6492,"template":"","meta":[],"product_brand":[],"product_cat":[46,67],"product_tag":[223,1577,1573,1576,1570,1574,1575,1572,1571],"class_list":{"0":"post-6491","1":"product","2":"type-product","3":"status-publish","4":"has-post-thumbnail","6":"product_cat-check-valves","7":"product_cat-stainless-steel-check-valve","8":"product_tag-api-602-gate-valve","9":"product_tag-api-6d-swing-check-valve-manufacturer","10":"product_tag-astm-b367-gr-check-valve","11":"product_tag-bolted-bonnet-swing-check-valve","12":"product_tag-china-titanium-swing-check-valve","13":"product_tag-class-150-lb-check-valve","14":"product_tag-rf-end-check-valve","15":"product_tag-titanium-swing-check-valve","16":"product_tag-titanium-swing-check-valve-factory-in-china","18":"first","19":"instock","20":"shipping-taxable","21":"product-type-simple"},"_links":{"self":[{"href":"https:\/\/www.stvvalves.com\/pt\/wp-json\/wp\/v2\/product\/6491","targetHints":{"allow":["GET"]}}],"collection":[{"href":"https:\/\/www.stvvalves.com\/pt\/wp-json\/wp\/v2\/product"}],"about":[{"href":"https:\/\/www.stvvalves.com\/pt\/wp-json\/wp\/v2\/types\/product"}],"wp:featuredmedia":[{"embeddable":true,"href":"https:\/\/www.stvvalves.com\/pt\/wp-json\/wp\/v2\/media\/6492"}],"wp:attachment":[{"href":"https:\/\/www.stvvalves.com\/pt\/wp-json\/wp\/v2\/media?parent=6491"}],"wp:term":[{"taxonomy":"product_brand","embeddable":true,"href":"https:\/\/www.stvvalves.com\/pt\/wp-json\/wp\/v2\/product_brand?post=6491"},{"taxonomy":"product_cat","embeddable":true,"href":"https:\/\/www.stvvalves.com\/pt\/wp-json\/wp\/v2\/product_cat?post=6491"},{"taxonomy":"product_tag","embeddable":true,"href":"https:\/\/www.stvvalves.com\/pt\/wp-json\/wp\/v2\/product_tag?post=6491"}],"curies":[{"name":"wp","href":"https:\/\/api.w.org\/{rel}","templated":true}]}}