{"id":6499,"date":"2022-08-09T16:18:56","date_gmt":"2022-08-09T08:18:56","guid":{"rendered":"https:\/\/www.stvvalves.com\/?post_type=product&#038;p=6499"},"modified":"2024-12-24T23:08:50","modified_gmt":"2024-12-24T15:08:50","slug":"a494-cw12mw-swing-check-valve-300lb-8-inch-flange-end","status":"publish","type":"product","link":"https:\/\/www.stvvalves.com\/pt\/products\/a494-cw12mw-swing-check-valve-300lb-8-inch-flange-end\/","title":{"rendered":"V\u00e1lvula de reten\u00e7\u00e3o girat\u00f3ria A494 CW12MW, 300LB, 8 polegadas, extremidade do flange"},"content":{"rendered":"<p>Nome do produto: V\u00e1lvula de reten\u00e7\u00e3o oscilante A494 CW12MW, 300LB, 8 polegadas, extremidade do flange<\/p>\n<div class=\"row\">\n<div class=\"col-md-12\">Projeto: API 6D<br \/>\nCorpo: A494 CW12MW<br \/>\nTamanho nominal: 8 polegadas<br \/>\nClasse Nominal: 300 LB<br \/>\nConex\u00e3o final: extremidades RF<br \/>\nCara a Cara: ASME B16.10<\/div>\n<\/div>\n<p>Tamanho: de 2\u2033 a 36\u2033<br \/>\nPress\u00e3o: 150 \u2013 2500LB<br \/>\nMaterial: Duplex S31803, Super Duplex S32750, Super Duplex S32760<br \/>\n1A,\u30012A,3A,4A,5A,6A,1B,1C<br \/>\nCD4MCu, CD4MCuN, CD3MCuN, CE8MN, CD6MN, CD3MN, CE3MN, CD3MWCuN<br \/>\nF51\u3001F53\u3001F55\u3001F6Padr\u00e3o de design e produ\u00e7\u00e3o: API 600, API6D e ASME B16.34<br \/>\nDist\u00e2ncia entre flanges: API 6D, ASME B16.10<br \/>\nConectado de acordo com o padr\u00e3o: ANSI B16.5, ASME B16.47, ANSI B16.25<br \/>\nPadr\u00e3o de teste: API598<br \/>\nMeio: a v\u00e1lvula \u00e9 adequada para v\u00e1rios meios, incluindo \u00e1gua, vapor, \u00f3leo, g\u00e1s, produtos petrol\u00edferos, \u00e1cido n\u00edtrico, \u00e1cido ac\u00e9tico, etc.<br \/>\nTemperatura de trabalho: de -46\u00baC ou -50\u00baC (constru\u00e7\u00f5es em a\u00e7o inoxid\u00e1vel) e -29\u00baC ou -46\u00baC (constru\u00e7\u00f5es em a\u00e7o carbono) at\u00e9 600\u2103<\/p>\n<table>\n<tbody>\n<tr>\n<td width=\"200\"><strong><b>Nome do Produto<\/b><\/strong><\/td>\n<td width=\"481\">\u00a0V\u00e1lvula de reten\u00e7\u00e3o girat\u00f3ria A494 CW12MW, 300LB, 8 polegadas, extremidade do flange<\/td>\n<\/tr>\n<tr>\n<td width=\"200\">1. Materiais<\/td>\n<td width=\"481\">A494 CW12MW<\/td>\n<\/tr>\n<tr>\n<td width=\"200\">2. Tamanho<\/td>\n<td width=\"481\">8\u201d<\/td>\n<\/tr>\n<tr>\n<td width=\"200\">4. Porto<\/td>\n<td width=\"481\">Porto completo<\/td>\n<\/tr>\n<tr>\n<td width=\"200\">5. Press\u00e3o de Trabalho<\/td>\n<td width=\"481\">300 libras<\/td>\n<\/tr>\n<tr>\n<td width=\"200\">6. Fim da conex\u00e3o<\/td>\n<td width=\"481\">RF<\/td>\n<\/tr>\n<tr>\n<td width=\"200\">7. Temperatura de trabalho.<\/td>\n<td width=\"481\">-29~250\u00baC,<\/td>\n<\/tr>\n<tr>\n<td width=\"200\">8. Meio Adequado<\/td>\n<td width=\"481\">\u00c1gua, G\u00e1s Natural, Petr\u00f3leo e algum l\u00edquido corrosivo<\/td>\n<\/tr>\n<tr>\n<td width=\"200\">9. Operado<\/td>\n<td width=\"481\">X<\/td>\n<\/tr>\n<tr>\n<td width=\"200\">10. Inspe\u00e7\u00e3o e Teste<\/td>\n<td width=\"481\">De acordo comAPI 598<\/td>\n<\/tr>\n<tr>\n<td width=\"200\"><strong><b>envio<\/b><\/strong><\/td>\n<td width=\"481\"><\/td>\n<\/tr>\n<tr>\n<td width=\"200\">Prazo de entrega<\/td>\n<td width=\"481\">30 dias<\/td>\n<\/tr>\n<tr>\n<td width=\"200\">Pacote<\/td>\n<td width=\"481\">Caixa de madeira compensada de exporta\u00e7\u00e3o padr\u00e3o<\/td>\n<\/tr>\n<tr>\n<td width=\"200\">Porto de embarque<\/td>\n<td width=\"481\">Ningbo\/Xangai, China<\/td>\n<\/tr>\n<tr>\n<td width=\"200\">Termos de envio<\/td>\n<td width=\"481\">Exw, FOB, CFR, CIF, etc.<\/td>\n<\/tr>\n<tr>\n<td width=\"200\">Termos de pagamento<\/td>\n<td width=\"481\">T\/T, Western Union, PayPal, etc.<\/td>\n<\/tr>\n<tr>\n<td width=\"200\"><\/td>\n<td width=\"481\">Pr\u00e9-pagamento 30%, saldo 70% pago antes do envio<\/td>\n<\/tr>\n<tr>\n<td width=\"200\">Pa\u00eds de origem<\/td>\n<td width=\"481\">Cidade de Wenzhou, China<\/td>\n<\/tr>\n<tr>\n<td width=\"200\">Capacidade de produ\u00e7\u00e3o<\/td>\n<td width=\"481\">6.000 toneladas\/ano<\/td>\n<\/tr>\n<tr>\n<td width=\"200\">Quantidade m\u00ednima<\/td>\n<td width=\"481\">10 unidades\/tamanho<\/td>\n<\/tr>\n<\/tbody>\n<\/table>","protected":false},"excerpt":{"rendered":"<p>STV Valve Technology Group Co., Ltd \u00e9 um l\u00edder profissional V\u00e1lvula de reten\u00e7\u00e3o oscilante A494 CW12MW, fornecedor de v\u00e1lvula de reten\u00e7\u00e3o oscilante A494 CW12MW na China, v\u00e1lvula de reten\u00e7\u00e3o oscilante 300LB, v\u00e1lvula de reten\u00e7\u00e3o oscilante duplex, v\u00e1lvula de reten\u00e7\u00e3o oscilante de 8 polegadas, v\u00e1lvula de reten\u00e7\u00e3o oscilante de extremidade de flange.<\/p>\n<p>&nbsp;<\/p>","protected":false},"featured_media":6500,"template":"","meta":[],"product_brand":[],"product_cat":[46,67],"product_tag":[925,1594,1592,1593,1425,339],"class_list":{"0":"post-6499","1":"product","2":"type-product","3":"status-publish","4":"has-post-thumbnail","6":"product_cat-check-valves","7":"product_cat-stainless-steel-check-valve","8":"product_tag-300lb-swing-check-valve","9":"product_tag-8-inch-swing-check-valve","10":"product_tag-a494-cw12mw-swing-check-valve","11":"product_tag-a494-cw12mw-swing-check-valve-supplier-in-china","12":"product_tag-duplex-swing-check-valve","13":"product_tag-flange-end-swing-check-valve","15":"first","16":"instock","17":"shipping-taxable","18":"product-type-simple"},"_links":{"self":[{"href":"https:\/\/www.stvvalves.com\/pt\/wp-json\/wp\/v2\/product\/6499","targetHints":{"allow":["GET"]}}],"collection":[{"href":"https:\/\/www.stvvalves.com\/pt\/wp-json\/wp\/v2\/product"}],"about":[{"href":"https:\/\/www.stvvalves.com\/pt\/wp-json\/wp\/v2\/types\/product"}],"wp:featuredmedia":[{"embeddable":true,"href":"https:\/\/www.stvvalves.com\/pt\/wp-json\/wp\/v2\/media\/6500"}],"wp:attachment":[{"href":"https:\/\/www.stvvalves.com\/pt\/wp-json\/wp\/v2\/media?parent=6499"}],"wp:term":[{"taxonomy":"product_brand","embeddable":true,"href":"https:\/\/www.stvvalves.com\/pt\/wp-json\/wp\/v2\/product_brand?post=6499"},{"taxonomy":"product_cat","embeddable":true,"href":"https:\/\/www.stvvalves.com\/pt\/wp-json\/wp\/v2\/product_cat?post=6499"},{"taxonomy":"product_tag","embeddable":true,"href":"https:\/\/www.stvvalves.com\/pt\/wp-json\/wp\/v2\/product_tag?post=6499"}],"curies":[{"name":"wp","href":"https:\/\/api.w.org\/{rel}","templated":true}]}}