{"id":6529,"date":"2022-08-12T15:50:58","date_gmt":"2022-08-12T07:50:58","guid":{"rendered":"https:\/\/www.stvvalves.com\/?post_type=product&#038;p=6529"},"modified":"2025-02-18T13:57:09","modified_gmt":"2025-02-18T05:57:09","slug":"titanium-dual-plate-wafer-check-valve-150lb-18-inch-rf-end","status":"publish","type":"product","link":"https:\/\/www.stvvalves.com\/pt\/products\/titanium-dual-plate-wafer-check-valve-150lb-18-inch-rf-end\/","title":{"rendered":"V\u00e1lvula de reten\u00e7\u00e3o wafer de placa dupla de tit\u00e2nio, 150LB, 18 polegadas, extremidade RF"},"content":{"rendered":"<p>Nome do produto: V\u00e1lvula de reten\u00e7\u00e3o de wafer de placa dupla de tit\u00e2nio, 150LB, 18 polegadas, extremidade RF<br \/>\nProjeto: API 594.<br \/>\nMaterial: Tit\u00e2nio<br \/>\nTamanho nominal: 18 polegadas.<br \/>\nPress\u00e3o nominal: Classe150 LB.<br \/>\nConex\u00e3o final: RF.<br \/>\nPresencial: ASME B16.10.<br \/>\nTeste e inspe\u00e7\u00e3o: API 598.<\/p>\n<p>&nbsp;<\/p>\n<p>Tamanho: de 2\u2033 a 48\u2033<br \/>\nPress\u00e3o: 150 \u2013 1500LB<br \/>\nMaterial: podemos oferecer v\u00e1lvulas realizadas em Duplex S31803\u3001Super Duplex S32750\u3001Super Duplex S32760<br \/>\n1A,\u30012A,3A,4A,5A,6A,1B,1C<br \/>\nCD4MCu, CD4MCuN, CD3MCuN, CE8MN, CD6MN, CD3MN, CE3MN, CD3MWCuN<br \/>\nF51\u3001F53\u3001F55\u3001F60<br \/>\nPadr\u00e3o de design e produ\u00e7\u00e3o: API 594 ou DIN<br \/>\nDist\u00e2ncia entre flanges: ASME B16.10, EN558, DIN3202<br \/>\nConectado de acordo com o padr\u00e3o: ANSI, API, DIN<br \/>\nPadr\u00e3o de teste: API598, API 600, ISO5208<br \/>\nMeio: A v\u00e1lvula \u00e9 adequada para v\u00e1rios meios, incluindo \u00e1gua, vapor, \u00f3leo, g\u00e1s, produtos petrol\u00edferos, \u00e1cido n\u00edtrico, \u00e1cido ac\u00e9tico, etc.<br \/>\nTemperatura de trabalho: de -46\u00baC ou -50\u00baC (constru\u00e7\u00f5es em a\u00e7o inoxid\u00e1vel) e -29\u00baC ou -46\u00baC (constru\u00e7\u00f5es em a\u00e7o carbono) at\u00e9 600\u2103<\/p>\n<table>\n<tbody>\n<tr>\n<td width=\"200\"><strong>Nome do Produto<\/strong><\/td>\n<td width=\"481\">V\u00e1lvula de reten\u00e7\u00e3o wafer de placa dupla de tit\u00e2nio, 150LB, 18 polegadas, extremidade RF<\/td>\n<\/tr>\n<tr>\n<td width=\"200\">1. Materiais<\/td>\n<td width=\"481\">TA2<\/td>\n<\/tr>\n<tr>\n<td width=\"200\">2. Tamanho<\/td>\n<td width=\"481\">18\u201d<\/td>\n<\/tr>\n<tr>\n<td width=\"200\">4. Porto<\/td>\n<td width=\"481\">Porto completo<\/td>\n<\/tr>\n<tr>\n<td width=\"200\">5. Press\u00e3o de Trabalho<\/td>\n<td width=\"481\">150 libras<\/td>\n<\/tr>\n<tr>\n<td width=\"200\">6. Fim da conex\u00e3o<\/td>\n<td width=\"481\">RF<\/td>\n<\/tr>\n<tr>\n<td width=\"200\">7. Temperatura de trabalho.<\/td>\n<td width=\"481\">-29~300\u00baC,<\/td>\n<\/tr>\n<tr>\n<td width=\"200\">8. Meio Adequado<\/td>\n<td width=\"481\">\u00c1gua, G\u00e1s Natural, Petr\u00f3leo e algum l\u00edquido corrosivo<\/td>\n<\/tr>\n<tr>\n<td width=\"200\">9. Operado<\/td>\n<td width=\"481\">\/<\/td>\n<\/tr>\n<tr>\n<td width=\"200\">10. Inspe\u00e7\u00e3o e Teste<\/td>\n<td width=\"481\">De acordo com API598<\/td>\n<\/tr>\n<tr>\n<td width=\"200\"><strong>envio<\/strong><\/td>\n<td width=\"481\"><\/td>\n<\/tr>\n<tr>\n<td width=\"200\">Prazo de entrega<\/td>\n<td width=\"481\">30 dias<\/td>\n<\/tr>\n<tr>\n<td width=\"200\">Pacote<\/td>\n<td width=\"481\">Caixa de madeira compensada de exporta\u00e7\u00e3o padr\u00e3o<\/td>\n<\/tr>\n<tr>\n<td width=\"200\">Porto de embarque<\/td>\n<td width=\"481\">Ningbo\/Xangai, China<\/td>\n<\/tr>\n<tr>\n<td width=\"200\">Termos de envio<\/td>\n<td width=\"481\">Exw, FOB, CFR, CIF, etc.<\/td>\n<\/tr>\n<tr>\n<td width=\"200\">Termos de pagamento<\/td>\n<td width=\"481\">T\/T, Western Union, PayPal, etc.<\/td>\n<\/tr>\n<tr>\n<td width=\"200\"><\/td>\n<td width=\"481\">Pr\u00e9-pagamento 30%, saldo 70% pago antes do envio<\/td>\n<\/tr>\n<tr>\n<td width=\"200\">Pa\u00eds de origem<\/td>\n<td width=\"481\">Cidade de Wenzhou, China<\/td>\n<\/tr>\n<tr>\n<td width=\"200\">Capacidade de produ\u00e7\u00e3o<\/td>\n<td width=\"481\">6.000 toneladas\/ano<\/td>\n<\/tr>\n<tr>\n<td width=\"200\">Quantidade m\u00ednima<\/td>\n<td width=\"481\">1 pe\u00e7a\/tamanho<\/td>\n<\/tr>\n<\/tbody>\n<\/table>","protected":false},"excerpt":{"rendered":"<p>Fornecedor de v\u00e1lvula de reten\u00e7\u00e3o de wafer de placa dupla de tit\u00e2nio API 594 da China oferece v\u00e1lvula de reten\u00e7\u00e3o de 18 polegadas, fornecedor de v\u00e1lvula de reten\u00e7\u00e3o de wafer de placa dupla de tit\u00e2nio na China, v\u00e1lvula de reten\u00e7\u00e3o de wafer de placa dupla de tit\u00e2nio 150LB, v\u00e1lvula de reten\u00e7\u00e3o de wafer de placa dupla flangeada de face elevada, fabrica\u00e7\u00e3o de v\u00e1lvula de reten\u00e7\u00e3o de wafer de placa dupla de tit\u00e2nio .<\/p>","protected":false},"featured_media":6530,"template":"","meta":[],"product_brand":[],"product_cat":[46,84],"product_tag":[1647,1645,1648,1649,1646],"class_list":{"0":"post-6529","1":"product","2":"type-product","3":"status-publish","4":"has-post-thumbnail","6":"product_cat-check-valves","7":"product_cat-wafer-check-valve","8":"product_tag-150lb-titanium-dual-plate-wafer-check-valve","9":"product_tag-18-inch-check-valve","10":"product_tag-rised-face-flanged-dual-plate-wafer-check-valve","11":"product_tag-titanium-dual-plate-wafer-check-valve-manufacture","12":"product_tag-titanium-dual-plate-wafer-check-valve-supplier-in-china","14":"first","15":"instock","16":"shipping-taxable","17":"product-type-simple"},"_links":{"self":[{"href":"https:\/\/www.stvvalves.com\/pt\/wp-json\/wp\/v2\/product\/6529","targetHints":{"allow":["GET"]}}],"collection":[{"href":"https:\/\/www.stvvalves.com\/pt\/wp-json\/wp\/v2\/product"}],"about":[{"href":"https:\/\/www.stvvalves.com\/pt\/wp-json\/wp\/v2\/types\/product"}],"wp:featuredmedia":[{"embeddable":true,"href":"https:\/\/www.stvvalves.com\/pt\/wp-json\/wp\/v2\/media\/6530"}],"wp:attachment":[{"href":"https:\/\/www.stvvalves.com\/pt\/wp-json\/wp\/v2\/media?parent=6529"}],"wp:term":[{"taxonomy":"product_brand","embeddable":true,"href":"https:\/\/www.stvvalves.com\/pt\/wp-json\/wp\/v2\/product_brand?post=6529"},{"taxonomy":"product_cat","embeddable":true,"href":"https:\/\/www.stvvalves.com\/pt\/wp-json\/wp\/v2\/product_cat?post=6529"},{"taxonomy":"product_tag","embeddable":true,"href":"https:\/\/www.stvvalves.com\/pt\/wp-json\/wp\/v2\/product_tag?post=6529"}],"curies":[{"name":"wp","href":"https:\/\/api.w.org\/{rel}","templated":true}]}}